{"id":172,"date":"2025-02-11T08:31:01","date_gmt":"2025-02-11T01:31:01","guid":{"rendered":"https:\/\/phongchay-10860c7.ingress-earth.ewp.live\/?page_id=172"},"modified":"2025-03-03T09:07:59","modified_gmt":"2025-03-03T02:07:59","slug":"chinh-sach-doi-tra-hang","status":"publish","type":"page","link":"https:\/\/mebinhminh.fastviet.vn\/?page_id=172","title":{"rendered":"Ch\u00ednh s\u00e1ch \u0111\u1ed5i tr\u1ea3 h\u00e0ng"},"content":{"rendered":"\n\n<h2>CH\u00cdNH S\u00c1CH \u0110\u1ed4I TR\u1ea2 H\u00c0NG<\/h2>\nT\u1ea1i <strong>M&#038;E BINH MINH<\/strong>, ch\u00fang t\u00f4i cam k\u1ebft cung c\u1ea5p c\u00e1c s\u1ea3n ph\u1ea9m ph\u00f2ng ch\u00e1y ch\u1eefa ch\u00e1y ch\u1ea5t l\u01b0\u1ee3ng cao, \u0111\u1ea1t ti\u00eau chu\u1ea9n an to\u00e0n. Tuy nhi\u00ean, n\u1ebfu qu\u00fd kh\u00e1ch g\u1eb7p b\u1ea5t k\u1ef3 v\u1ea5n \u0111\u1ec1 n\u00e0o v\u1ec1 s\u1ea3n ph\u1ea9m \u0111\u00e3 mua, ch\u00fang t\u00f4i s\u1eb5n s\u00e0ng h\u1ed7 tr\u1ee3 \u0111\u1ed5i tr\u1ea3 theo c\u00e1c \u0111i\u1ec1u ki\u1ec7n d\u01b0\u1edbi \u0111\u00e2y:\n<h3>1. \u0110i\u1ec1u Ki\u1ec7n \u0110\u1ed5i Tr\u1ea3<\/h3>\n\u2013 S\u1ea3n ph\u1ea9m \u0111\u01b0\u1ee3c \u0111\u1ed5i tr\u1ea3 trong v\u00f2ng <strong>3 ng\u00e0y<\/strong> k\u1ec3 t\u1eeb ng\u00e0y nh\u1eadn h\u00e0ng.\n\n\u2013 S\u1ea3n ph\u1ea9m ph\u1ea3i c\u00f2n <strong>nguy\u00ean tem, m\u00e1c, \u0111\u1ea7y \u0111\u1ee7 ph\u1ee5 ki\u1ec7n<\/strong> v\u00e0 kh\u00f4ng c\u00f3 d\u1ea5u hi\u1ec7u \u0111\u00e3 qua s\u1eed d\u1ee5ng.\n\n\u2013 H\u00f3a \u0111\u01a1n mua h\u00e0ng ho\u1eb7c phi\u1ebfu giao h\u00e0ng ph\u1ea3i \u0111\u01b0\u1ee3c cung c\u1ea5p khi y\u00eau c\u1ea7u \u0111\u1ed5i tr\u1ea3.\n\n\u2013 Ch\u1ec9 \u00e1p d\u1ee5ng \u0111\u1ed5i tr\u1ea3 \u0111\u1ed1i v\u1edbi c\u00e1c s\u1ea3n ph\u1ea9m <strong>l\u1ed7i k\u1ef9 thu\u1eadt t\u1eeb nh\u00e0 s\u1ea3n xu\u1ea5t<\/strong> ho\u1eb7c <strong>h\u01b0 h\u1ecfng trong qu\u00e1 tr\u00ecnh v\u1eadn chuy\u1ec3n<\/strong>.\n<h3>2. Quy Tr\u00ecnh \u0110\u1ed5i Tr\u1ea3<\/h3>\n\u2013 Li\u00ean h\u1ec7 b\u1ed9 ph\u1eadn ch\u0103m s\u00f3c kh\u00e1ch h\u00e0ng qua <strong>Hotline: 0982.247.114<\/strong> ho\u1eb7c email <strong>mailbox.bme@gmail.com<\/strong> \u0111\u1ec3 th\u00f4ng b\u00e1o v\u1ea5n \u0111\u1ec1 s\u1ea3n ph\u1ea9m.\n\n\u2013 Sau khi x\u00e1c nh\u1eadn \u0111i\u1ec1u ki\u1ec7n \u0111\u1ed5i tr\u1ea3, ch\u00fang t\u00f4i s\u1ebd h\u01b0\u1edbng d\u1eabn qu\u00fd kh\u00e1ch g\u1eedi l\u1ea1i s\u1ea3n ph\u1ea9m v\u1ec1 \u0111\u1ecba ch\u1ec9 kho h\u00e0ng.\n\n\u2013 S\u1ea3n ph\u1ea9m s\u1ebd \u0111\u01b0\u1ee3c ki\u1ec3m tra trong <strong>3-5 ng\u00e0y l\u00e0m vi\u1ec7c<\/strong>, sau \u0111\u00f3 qu\u00fd kh\u00e1ch c\u00f3 th\u1ec3 ch\u1ecdn <strong>\u0111\u1ed5i s\u1ea3n ph\u1ea9m m\u1edbi<\/strong> ho\u1eb7c <strong>ho\u00e0n ti\u1ec1n<\/strong>.\n<h3>3. Ph\u00ed \u0110\u1ed5i Tr\u1ea3<\/h3>\n\u2013 <strong>Mi\u1ec5n ph\u00ed \u0111\u1ed5i tr\u1ea3<\/strong> cho c\u00e1c tr\u01b0\u1eddng h\u1ee3p l\u1ed7i k\u1ef9 thu\u1eadt ho\u1eb7c h\u01b0 h\u1ecfng do v\u1eadn chuy\u1ec3n.\n\n\u2013 N\u1ebfu qu\u00fd kh\u00e1ch mu\u1ed1n \u0111\u1ed5i s\u1ea3n ph\u1ea9m do l\u00fd do c\u00e1 nh\u00e2n, <strong>ph\u00ed v\u1eadn chuy\u1ec3n<\/strong> s\u1ebd do kh\u00e1ch h\u00e0ng chi tr\u1ea3.\n<h3>4. Th\u1eddi Gian Ho\u00e0n Ti\u1ec1n<\/h3>\nQu\u00e1 tr\u00ecnh ho\u00e0n ti\u1ec1n s\u1ebd di\u1ec5n ra trong <strong>7 ng\u00e0y l\u00e0m vi\u1ec7c<\/strong> k\u1ec3 t\u1eeb khi s\u1ea3n ph\u1ea9m \u0111\u01b0\u1ee3c ch\u1ea5p nh\u1eadn ho\u00e0n l\u1ea1i.\n\nCh\u00fang t\u00f4i lu\u00f4n n\u1ed7 l\u1ef1c mang \u0111\u1ebfn s\u1ef1 h\u00e0i l\u00f2ng cho kh\u00e1ch h\u00e0ng b\u1eb1ng c\u00e1c ch\u00ednh s\u00e1ch b\u1ea3o v\u1ec7 quy\u1ec1n l\u1ee3i t\u1ed1t nh\u1ea5t. N\u1ebfu c\u00f3 b\u1ea5t k\u1ef3 th\u1eafc m\u1eafc n\u00e0o, vui l\u00f2ng li\u00ean h\u1ec7 v\u1edbi ch\u00fang t\u00f4i \u0111\u1ec3 \u0111\u01b0\u1ee3c h\u1ed7 tr\u1ee3 k\u1ecbp th\u1eddi.\n","protected":false},"excerpt":{"rendered":"","protected":false},"author":1,"featured_media":0,"parent":0,"menu_order":0,"comment_status":"closed","ping_status":"closed","template":"","meta":{"footnotes":""},"class_list":["post-172","page","type-page","status-publish","hentry"],"yoast_head":"<!-- This site is optimized with the Yoast SEO plugin v24.3 - https:\/\/yoast.com\/wordpress\/plugins\/seo\/ -->\n<title>Ch\u00ednh s\u00e1ch \u0111\u1ed5i tr\u1ea3 h\u00e0ng - M&amp;E B\u00ccNH MINH<\/title>\n<meta name=\"robots\" content=\"index, follow, max-snippet:-1, max-image-preview:large, max-video-preview:-1\" \/>\n<link rel=\"canonical\" href=\"https:\/\/mebinhminh.fastviet.vn\/?page_id=172\" \/>\n<meta property=\"og:locale\" content=\"vi_VN\" \/>\n<meta property=\"og:type\" content=\"article\" \/>\n<meta property=\"og:title\" content=\"Ch\u00ednh s\u00e1ch \u0111\u1ed5i tr\u1ea3 h\u00e0ng - M&amp;E B\u00ccNH MINH\" \/>\n<meta property=\"og:url\" content=\"https:\/\/mebinhminh.fastviet.vn\/?page_id=172\" \/>\n<meta property=\"og:site_name\" content=\"M&amp;E B\u00ccNH MINH\" \/>\n<meta property=\"article:modified_time\" content=\"2025-03-03T02:07:59+00:00\" \/>\n<meta name=\"twitter:card\" content=\"summary_large_image\" \/>\n<meta name=\"twitter:label1\" content=\"\u01af\u1edbc t\u00ednh th\u1eddi gian \u0111\u1ecdc\" \/>\n\t<meta name=\"twitter:data1\" content=\"2 ph\u00fat\" \/>\n<script type=\"application\/ld+json\" class=\"yoast-schema-graph\">{\"@context\":\"https:\/\/schema.org\",\"@graph\":[{\"@type\":\"WebPage\",\"@id\":\"https:\/\/mebinhminh.fastviet.vn\/?page_id=172\",\"url\":\"https:\/\/mebinhminh.fastviet.vn\/?page_id=172\",\"name\":\"Ch\u00ednh s\u00e1ch \u0111\u1ed5i tr\u1ea3 h\u00e0ng - M&amp;E B\u00ccNH MINH\",\"isPartOf\":{\"@id\":\"https:\/\/mebinhminh.fastviet.vn\/#website\"},\"datePublished\":\"2025-02-11T01:31:01+00:00\",\"dateModified\":\"2025-03-03T02:07:59+00:00\",\"breadcrumb\":{\"@id\":\"https:\/\/mebinhminh.fastviet.vn\/?page_id=172#breadcrumb\"},\"inLanguage\":\"vi\",\"potentialAction\":[{\"@type\":\"ReadAction\",\"target\":[\"https:\/\/mebinhminh.fastviet.vn\/?page_id=172\"]}]},{\"@type\":\"BreadcrumbList\",\"@id\":\"https:\/\/mebinhminh.fastviet.vn\/?page_id=172#breadcrumb\",\"itemListElement\":[{\"@type\":\"ListItem\",\"position\":1,\"name\":\"Home\",\"item\":\"https:\/\/mebinhminh.fastviet.vn\/\"},{\"@type\":\"ListItem\",\"position\":2,\"name\":\"Ch\u00ednh s\u00e1ch \u0111\u1ed5i tr\u1ea3 h\u00e0ng\"}]},{\"@type\":\"WebSite\",\"@id\":\"https:\/\/mebinhminh.fastviet.vn\/#website\",\"url\":\"https:\/\/mebinhminh.fastviet.vn\/\",\"name\":\"M&amp;E B\u00ccNH MINH\",\"description\":\"\",\"potentialAction\":[{\"@type\":\"SearchAction\",\"target\":{\"@type\":\"EntryPoint\",\"urlTemplate\":\"https:\/\/mebinhminh.fastviet.vn\/?s={search_term_string}\"},\"query-input\":{\"@type\":\"PropertyValueSpecification\",\"valueRequired\":true,\"valueName\":\"search_term_string\"}}],\"inLanguage\":\"vi\"}]}<\/script>\n<!-- \/ Yoast SEO plugin. -->","yoast_head_json":{"title":"Ch\u00ednh s\u00e1ch \u0111\u1ed5i tr\u1ea3 h\u00e0ng - M&amp;E B\u00ccNH MINH","robots":{"index":"index","follow":"follow","max-snippet":"max-snippet:-1","max-image-preview":"max-image-preview:large","max-video-preview":"max-video-preview:-1"},"canonical":"https:\/\/mebinhminh.fastviet.vn\/?page_id=172","og_locale":"vi_VN","og_type":"article","og_title":"Ch\u00ednh s\u00e1ch \u0111\u1ed5i tr\u1ea3 h\u00e0ng - M&amp;E B\u00ccNH MINH","og_url":"https:\/\/mebinhminh.fastviet.vn\/?page_id=172","og_site_name":"M&amp;E B\u00ccNH MINH","article_modified_time":"2025-03-03T02:07:59+00:00","twitter_card":"summary_large_image","twitter_misc":{"\u01af\u1edbc t\u00ednh th\u1eddi gian \u0111\u1ecdc":"2 ph\u00fat"},"schema":{"@context":"https:\/\/schema.org","@graph":[{"@type":"WebPage","@id":"https:\/\/mebinhminh.fastviet.vn\/?page_id=172","url":"https:\/\/mebinhminh.fastviet.vn\/?page_id=172","name":"Ch\u00ednh s\u00e1ch \u0111\u1ed5i tr\u1ea3 h\u00e0ng - M&amp;E B\u00ccNH MINH","isPartOf":{"@id":"https:\/\/mebinhminh.fastviet.vn\/#website"},"datePublished":"2025-02-11T01:31:01+00:00","dateModified":"2025-03-03T02:07:59+00:00","breadcrumb":{"@id":"https:\/\/mebinhminh.fastviet.vn\/?page_id=172#breadcrumb"},"inLanguage":"vi","potentialAction":[{"@type":"ReadAction","target":["https:\/\/mebinhminh.fastviet.vn\/?page_id=172"]}]},{"@type":"BreadcrumbList","@id":"https:\/\/mebinhminh.fastviet.vn\/?page_id=172#breadcrumb","itemListElement":[{"@type":"ListItem","position":1,"name":"Home","item":"https:\/\/mebinhminh.fastviet.vn\/"},{"@type":"ListItem","position":2,"name":"Ch\u00ednh s\u00e1ch \u0111\u1ed5i tr\u1ea3 h\u00e0ng"}]},{"@type":"WebSite","@id":"https:\/\/mebinhminh.fastviet.vn\/#website","url":"https:\/\/mebinhminh.fastviet.vn\/","name":"M&amp;E B\u00ccNH MINH","description":"","potentialAction":[{"@type":"SearchAction","target":{"@type":"EntryPoint","urlTemplate":"https:\/\/mebinhminh.fastviet.vn\/?s={search_term_string}"},"query-input":{"@type":"PropertyValueSpecification","valueRequired":true,"valueName":"search_term_string"}}],"inLanguage":"vi"}]}},"jetpack_sharing_enabled":true,"_links":{"self":[{"href":"https:\/\/mebinhminh.fastviet.vn\/index.php?rest_route=\/wp\/v2\/pages\/172","targetHints":{"allow":["GET"]}}],"collection":[{"href":"https:\/\/mebinhminh.fastviet.vn\/index.php?rest_route=\/wp\/v2\/pages"}],"about":[{"href":"https:\/\/mebinhminh.fastviet.vn\/index.php?rest_route=\/wp\/v2\/types\/page"}],"author":[{"embeddable":true,"href":"https:\/\/mebinhminh.fastviet.vn\/index.php?rest_route=\/wp\/v2\/users\/1"}],"replies":[{"embeddable":true,"href":"https:\/\/mebinhminh.fastviet.vn\/index.php?rest_route=%2Fwp%2Fv2%2Fcomments&post=172"}],"version-history":[{"count":5,"href":"https:\/\/mebinhminh.fastviet.vn\/index.php?rest_route=\/wp\/v2\/pages\/172\/revisions"}],"predecessor-version":[{"id":662,"href":"https:\/\/mebinhminh.fastviet.vn\/index.php?rest_route=\/wp\/v2\/pages\/172\/revisions\/662"}],"wp:attachment":[{"href":"https:\/\/mebinhminh.fastviet.vn\/index.php?rest_route=%2Fwp%2Fv2%2Fmedia&parent=172"}],"curies":[{"name":"wp","href":"https:\/\/api.w.org\/{rel}","templated":true}]}}