{"id":236,"date":"2025-02-11T14:44:46","date_gmt":"2025-02-11T07:44:46","guid":{"rendered":"https:\/\/phongchay-10860c7.ingress-earth.ewp.live\/?page_id=236"},"modified":"2025-03-10T15:43:37","modified_gmt":"2025-03-10T08:43:37","slug":"lien-he","status":"publish","type":"page","link":"https:\/\/mebinhminh.fastviet.vn\/?page_id=236","title":{"rendered":"Li\u00ean h\u1ec7"},"content":{"rendered":"\t\t<div data-elementor-type=\"wp-page\" data-elementor-id=\"236\" class=\"elementor elementor-236\">\n\t\t\t\t<div class=\"elementor-element elementor-element-a7aeb0a e-flex e-con-boxed e-con e-parent\" data-id=\"a7aeb0a\" data-element_type=\"container\">\n\t\t\t\t\t<div class=\"e-con-inner\">\n\t\t<div class=\"elementor-element elementor-element-b28fbbb e-con-full e-flex e-con e-child\" data-id=\"b28fbbb\" data-element_type=\"container\">\n\t\t\t\t<div class=\"elementor-element elementor-element-ede6967 elementor-widget__width-initial elementor-widget-tablet__width-initial elementor-widget elementor-widget-html\" data-id=\"ede6967\" data-element_type=\"widget\" data-widget_type=\"html.default\">\n\t\t\t\t<div class=\"elementor-widget-container\">\n\t\t\t\t\t<div style=\"font-family: Arial, sans-serif; background: #fffff; padding: 20px; border-radius: 10px; box-shadow: 0 0 10px rgba(0, 0, 0, 0.1); max-width: full; margin: auto;\">\r\n    <h2 style=\"color: #d9534f; text-align: center; font-size: 28px; font-weight: bold;\">C\u00d4NG TY C\u1ed4 PH\u1ea6N M&E B\u00ccNH MINH<\/h2>\r\n<br\/>\r\n    <p style=\"margin: 8px 0; font-size: 20px;\"><b>\ud83c\udfe2 Tr\u1ee5 s\u1edf:<\/b> S\u1ed1 25, ng\u00f5 75, ph\u1ed1 H\u1ed3ng Mai, ph\u01b0\u1eddng B\u1ea1ch Mai, qu\u1eadn Hai B\u00e0 Tr\u01b0ng, TP. H\u00e0 N\u1ed9i<\/p>\r\n    <p style=\"margin: 8px 0; font-size: 20px;\"><b>\ud83c\udfec V\u0103n ph\u00f2ng giao d\u1ecbch:<\/b> S\u1ed1 20A Ng\u00f5 109 Tr\u01b0\u1eddng Chinh, P. Ph\u01b0\u01a1ng Li\u1ec7t, Qu\u1eadn Thanh Xu\u00e2n, TP. H\u00e0 N\u1ed9i<\/p>\r\n    <p style=\"margin: 8px 0; font-size: 20px;\"><b>\ud83d\udccc Chi nh\u00e1nh kho:<\/b> S\u1ed1 201 Li\u00ean Ninh, Thanh Tr\u00ec, TP. H\u00e0 N\u1ed9i<\/p>\r\n  <p style=\"margin: 8px 0; font-size: 20px;\"><b>\ud83d\udccc Ho\u1ea1t \u0111\u1ed9ng:<\/b> C\u00f4ng ty ch\u00fang t\u00f4i chuy\u00ean cung c\u1ea5p thi\u1ebft b\u1ecb b\u1ea3o h\u1ed9 lao \u0111\u1ed9ng v\u00e0 ph\u00f2ng ch\u00e1y ch\u1eefa ch\u00e1y (PCCC) uy t\u00edn, ch\u1ea5t l\u01b0\u1ee3ng. V\u1edbi s\u1ee9 m\u1ec7nh b\u1ea3o v\u1ec7 an to\u00e0n cho con ng\u01b0\u1eddi v\u00e0 t\u00e0i s\u1ea3n, ch\u00fang t\u00f4i cung c\u1ea5p \u0111a d\u1ea1ng s\u1ea3n ph\u1ea9m nh\u01b0 qu\u1ea7n \u00e1o b\u1ea3o h\u1ed9, m\u0169, g\u0103ng tay, gi\u00e0y ch\u1ed1ng tr\u01b0\u1ee3t, b\u00ecnh ch\u1eefa ch\u00e1y, h\u1ec7 th\u1ed1ng b\u00e1o ch\u00e1y, v\u00e0 nhi\u1ec1u thi\u1ebft b\u1ecb an to\u00e0n kh\u00e1c. Cam k\u1ebft s\u1ea3n ph\u1ea9m \u0111\u1ea1t ti\u00eau chu\u1ea9n an to\u00e0n cao, d\u1ecbch v\u1ee5 chuy\u00ean nghi\u1ec7p, \u0111\u00e1p \u1ee9ng nhu c\u1ea7u c\u1ee7a doanh nghi\u1ec7p v\u00e0 c\u00e1 nh\u00e2n tr\u00ean to\u00e0n qu\u1ed1c.<\/p>\r\n  <br\/>\r\n    <h3 style=\"color: #337ab7; font-size: 20px; margin-top: 15px;\">\ud83d\udcde Li\u00ean h\u1ec7<\/h3>\r\n    <p style=\"margin: 6px 0; font-size: 16px;\"><b>KD Ph\u00e2n Ph\u1ed1i:<\/b> <a href=\"tel:0982247114\" style=\"color: #d9534f; text-decoration: none;\">C\u00d4NG TY C\u1ed4 PH\u1ea6N M&E B\u00ccNH MINH<\/a><\/p>\r\n    <p style=\"margin: 6px 0; font-size: 16px;\"><b>KD B\u00e1n L\u1ebb:<\/b> <a href=\"tel:0982247114\" style=\"color: #d9534f; text-decoration: none;\">0982.247.114<\/a><\/p>\r\n    <p style=\"margin: 6px 0; font-size: 16px;\"><b>T\u01b0 v\u1ea5n thi\u1ebft k\u1ebf:<\/b> <a href=\"tel:0982247114\" style=\"color: #d9534f; text-decoration: none;\">0982.247.114<\/a><\/p>\r\n    <p style=\"margin: 6px 0; font-size: 16px;\"><b>Hotline:<\/b> <a href=\"tel:0982247114\" style=\"color: #d9534f; text-decoration: none; font-weight: bold;\">0982.247.114<\/a><\/p>\r\n\r\n    <h3 style=\"color: #337ab7; font-size: 18px; margin-top: 15px;\">\ud83d\udce7 K\u1ebft n\u1ed1i<\/h3>\r\n    <p style=\"margin: 6px 0; font-size: 14px;\">\u2709 <b>Email:<\/b> <a href=\"mailto:mailbox.bme@gmail.com\" style=\"color: #337ab7; text-decoration: none;\">mailbox.bme@gmail.com<\/a><\/p>\r\n    <p style=\"margin: 6px 0; font-size: 14px;\">\ud83c\udf10 <b>Website:<\/b> <a href=\"https:\/\/phongchaythudo.com\" target=\"_blank\" style=\"color: #337ab7; text-decoration: none;\">https:\/\/mebinhminh.fastviet.vn\/<\/a><\/p>\r\n<\/div>\r\n\t\t\t\t<\/div>\n\t\t\t\t<\/div>\n\t\t\t\t<\/div>\n\t\t<div class=\"elementor-element elementor-element-84ec4b2 e-con-full e-flex e-con e-child\" data-id=\"84ec4b2\" data-element_type=\"container\">\n\t\t\t\t<div class=\"elementor-element elementor-element-020c9c6 elementor-widget__width-initial elementor-widget-mobile__width-initial elementor-widget elementor-widget-shortcode\" data-id=\"020c9c6\" data-element_type=\"widget\" data-widget_type=\"shortcode.default\">\n\t\t\t\t<div class=\"elementor-widget-container\">\n\t\t\t\t\t\t\t<div class=\"elementor-shortcode\">\n<div class=\"wpcf7 no-js\" id=\"wpcf7-f619-o1\" lang=\"vi\" dir=\"ltr\" data-wpcf7-id=\"619\">\n<div class=\"screen-reader-response\"><p role=\"status\" aria-live=\"polite\" aria-atomic=\"true\"><\/p> <ul><\/ul><\/div>\n<form action=\"\/index.php?rest_route=%2Fwp%2Fv2%2Fpages%2F236#wpcf7-f619-o1\" method=\"post\" class=\"wpcf7-form init\" aria-label=\"Form li\u00ean h\u1ec7\" novalidate=\"novalidate\" data-status=\"init\">\n<div style=\"display: none;\">\n<input type=\"hidden\" name=\"_wpcf7\" value=\"619\" \/>\n<input type=\"hidden\" name=\"_wpcf7_version\" value=\"6.0.4\" \/>\n<input type=\"hidden\" name=\"_wpcf7_locale\" value=\"vi\" \/>\n<input type=\"hidden\" name=\"_wpcf7_unit_tag\" value=\"wpcf7-f619-o1\" \/>\n<input type=\"hidden\" name=\"_wpcf7_container_post\" value=\"0\" \/>\n<input type=\"hidden\" name=\"_wpcf7_posted_data_hash\" value=\"\" \/>\n<\/div>\n<p><label> H\u1ecd t\u00ean c\u1ee7a b\u1ea1n (b\u1eaft bu\u1ed9c)<br \/>\n<span class=\"wpcf7-form-control-wrap\" data-name=\"your-name\"><input size=\"40\" maxlength=\"400\" class=\"wpcf7-form-control wpcf7-text wpcf7-validates-as-required\" aria-required=\"true\" aria-invalid=\"false\" placeholder=\"Nh\u1eadp h\u1ecd t\u00ean c\u1ee7a b\u1ea1n\" value=\"\" type=\"text\" name=\"your-name\" \/><\/span><br \/>\n<\/label>\n<\/p>\n<p><label> Email c\u1ee7a b\u1ea1n (b\u1eaft bu\u1ed9c)<br \/>\n<span class=\"wpcf7-form-control-wrap\" data-name=\"your-email\"><input size=\"40\" maxlength=\"400\" class=\"wpcf7-form-control wpcf7-email wpcf7-validates-as-required wpcf7-text wpcf7-validates-as-email\" aria-required=\"true\" aria-invalid=\"false\" placeholder=\"Nh\u1eadp email c\u1ee7a b\u1ea1n\" value=\"\" type=\"email\" name=\"your-email\" \/><\/span><br \/>\n<\/label>\n<\/p>\n<p><label> S\u1ed1 \u0111i\u1ec7n tho\u1ea1i (b\u1eaft bu\u1ed9c)<br \/>\n<span class=\"wpcf7-form-control-wrap\" data-name=\"your-phone\"><input size=\"40\" maxlength=\"400\" class=\"wpcf7-form-control wpcf7-tel wpcf7-validates-as-required wpcf7-text wpcf7-validates-as-tel\" aria-required=\"true\" aria-invalid=\"false\" placeholder=\"+84\" value=\"\" type=\"tel\" name=\"your-phone\" \/><\/span><br \/>\n<\/label>\n<\/p>\n<p><label> S\u1ea3n ph\u1ea9m mu\u1ed1n mua<br \/>\n<span class=\"wpcf7-form-control-wrap\" data-name=\"product\"><input size=\"40\" maxlength=\"400\" class=\"wpcf7-form-control wpcf7-text wpcf7-validates-as-required\" aria-required=\"true\" aria-invalid=\"false\" placeholder=\"Nh\u1eadp t\u00ean s\u1ea3n ph\u1ea9m\" value=\"\" type=\"text\" name=\"product\" \/><\/span><br \/>\n<\/label>\n<\/p>\n<p><label> L\u1eddi nh\u1eafn<br \/>\n<span class=\"wpcf7-form-control-wrap\" data-name=\"your-message\"><textarea cols=\"40\" rows=\"10\" maxlength=\"2000\" class=\"wpcf7-form-control wpcf7-textarea\" aria-invalid=\"false\" placeholder=\"Nh\u1eadp l\u1eddi nh\u1eafn c\u1ee7a b\u1ea1n\" name=\"your-message\"><\/textarea><\/span><br \/>\n<\/label>\n<\/p>\n<p><input class=\"wpcf7-form-control wpcf7-submit has-spinner\" type=\"submit\" value=\"G\u1eedi y\u00eau c\u1ea7u\" \/>\n<\/p><div class=\"wpcf7-response-output\" aria-hidden=\"true\"><\/div>\n<\/form>\n<\/div>\n<\/div>\n\t\t\t\t\t\t<\/div>\n\t\t\t\t<\/div>\n\t\t\t\t<\/div>\n\t\t\t\t\t<\/div>\n\t\t\t\t<\/div>\n\t\t<div class=\"elementor-element elementor-element-b24a88e e-con-full e-flex e-con e-parent\" data-id=\"b24a88e\" data-element_type=\"container\">\n\t\t<div class=\"elementor-element elementor-element-b558bf2 e-con-full e-flex e-con e-child\" data-id=\"b558bf2\" data-element_type=\"container\">\n\t\t\t\t<div class=\"elementor-element elementor-element-b6b66d9 elementor-widget__width-initial elementor-widget elementor-widget-google_maps\" data-id=\"b6b66d9\" data-element_type=\"widget\" data-widget_type=\"google_maps.default\">\n\t\t\t\t<div class=\"elementor-widget-container\">\n\t\t\t\t\t\t\t<div class=\"elementor-custom-embed\">\n\t\t\t<iframe loading=\"lazy\"\n\t\t\t\t\tsrc=\"https:\/\/maps.google.com\/maps?q=75%20ph%E1%BB%91%20H%E1%BB%93ng%20Mai%2C%20ph%C6%B0%E1%BB%9Dng%20B%E1%BA%A1ch%20Mai%2C%20qu%E1%BA%ADn%20Hai%20B%C3%A0%20Tr%C6%B0ng%2C%20TP.%20H%C3%A0%20N%E1%BB%99i&#038;t=m&#038;z=15&#038;output=embed&#038;iwloc=near\"\n\t\t\t\t\ttitle=\"75 ph\u1ed1 H\u1ed3ng Mai, ph\u01b0\u1eddng B\u1ea1ch Mai, qu\u1eadn Hai B\u00e0 Tr\u01b0ng, TP. H\u00e0 N\u1ed9i\"\n\t\t\t\t\taria-label=\"75 ph\u1ed1 H\u1ed3ng Mai, ph\u01b0\u1eddng B\u1ea1ch Mai, qu\u1eadn Hai B\u00e0 Tr\u01b0ng, TP. H\u00e0 N\u1ed9i\"\n\t\t\t><\/iframe>\n\t\t<\/div>\n\t\t\t\t\t\t<\/div>\n\t\t\t\t<\/div>\n\t\t\t\t<\/div>\n\t\t\t\t<\/div>\n\t\t\t\t<\/div>\n\t\t","protected":false},"excerpt":{"rendered":"<p>C\u00d4NG TY C\u1ed4 PH\u1ea6N M&#038;E B\u00ccNH MINH \ud83c\udfe2 Tr\u1ee5 s\u1edf: S\u1ed1 25, ng\u00f5 75, ph\u1ed1 H\u1ed3ng Mai, ph\u01b0\u1eddng B\u1ea1ch Mai, qu\u1eadn Hai B\u00e0 Tr\u01b0ng, TP. H\u00e0 N\u1ed9i \ud83c\udfec V\u0103n ph\u00f2ng giao d\u1ecbch: S\u1ed1 20A Ng\u00f5 109 Tr\u01b0\u1eddng Chinh, P. Ph\u01b0\u01a1ng Li\u1ec7t, Qu\u1eadn Thanh Xu\u00e2n, TP. H\u00e0 N\u1ed9i \ud83d\udccc Chi nh\u00e1nh kho: S\u1ed1 201 Li\u00ean Ninh,[&#8230;]\n","protected":false},"author":1,"featured_media":0,"parent":0,"menu_order":0,"comment_status":"closed","ping_status":"closed","template":"","meta":{"footnotes":""},"class_list":["post-236","page","type-page","status-publish","hentry"],"yoast_head":"<!-- This site is optimized with the Yoast SEO plugin v24.3 - https:\/\/yoast.com\/wordpress\/plugins\/seo\/ -->\n<title>Li\u00ean h\u1ec7 - M&amp;E B\u00ccNH MINH<\/title>\n<meta name=\"robots\" content=\"index, follow, max-snippet:-1, max-image-preview:large, max-video-preview:-1\" \/>\n<link rel=\"canonical\" href=\"https:\/\/mebinhminh.fastviet.vn\/?page_id=236\" \/>\n<meta property=\"og:locale\" content=\"vi_VN\" \/>\n<meta property=\"og:type\" content=\"article\" \/>\n<meta property=\"og:title\" content=\"Li\u00ean h\u1ec7 - M&amp;E B\u00ccNH MINH\" \/>\n<meta property=\"og:description\" content=\"C\u00d4NG TY C\u1ed4 PH\u1ea6N M&#038;E B\u00ccNH MINH \ud83c\udfe2 Tr\u1ee5 s\u1edf: S\u1ed1 25, ng\u00f5 75, ph\u1ed1 H\u1ed3ng Mai, ph\u01b0\u1eddng B\u1ea1ch Mai, qu\u1eadn Hai B\u00e0 Tr\u01b0ng, TP. H\u00e0 N\u1ed9i \ud83c\udfec V\u0103n ph\u00f2ng giao d\u1ecbch: S\u1ed1 20A Ng\u00f5 109 Tr\u01b0\u1eddng Chinh, P. Ph\u01b0\u01a1ng Li\u1ec7t, Qu\u1eadn Thanh Xu\u00e2n, TP. H\u00e0 N\u1ed9i \ud83d\udccc Chi nh\u00e1nh kho: S\u1ed1 201 Li\u00ean Ninh,[...]\" \/>\n<meta property=\"og:url\" content=\"https:\/\/mebinhminh.fastviet.vn\/?page_id=236\" \/>\n<meta property=\"og:site_name\" content=\"M&amp;E B\u00ccNH MINH\" \/>\n<meta property=\"article:modified_time\" content=\"2025-03-10T08:43:37+00:00\" \/>\n<meta name=\"twitter:card\" content=\"summary_large_image\" \/>\n<meta name=\"twitter:label1\" content=\"\u01af\u1edbc t\u00ednh th\u1eddi gian \u0111\u1ecdc\" \/>\n\t<meta name=\"twitter:data1\" content=\"2 ph\u00fat\" \/>\n<script type=\"application\/ld+json\" class=\"yoast-schema-graph\">{\"@context\":\"https:\/\/schema.org\",\"@graph\":[{\"@type\":\"WebPage\",\"@id\":\"https:\/\/mebinhminh.fastviet.vn\/?page_id=236\",\"url\":\"https:\/\/mebinhminh.fastviet.vn\/?page_id=236\",\"name\":\"Li\u00ean h\u1ec7 - M&amp;E B\u00ccNH MINH\",\"isPartOf\":{\"@id\":\"https:\/\/mebinhminh.fastviet.vn\/#website\"},\"datePublished\":\"2025-02-11T07:44:46+00:00\",\"dateModified\":\"2025-03-10T08:43:37+00:00\",\"breadcrumb\":{\"@id\":\"https:\/\/mebinhminh.fastviet.vn\/?page_id=236#breadcrumb\"},\"inLanguage\":\"vi\",\"potentialAction\":[{\"@type\":\"ReadAction\",\"target\":[\"https:\/\/mebinhminh.fastviet.vn\/?page_id=236\"]}]},{\"@type\":\"BreadcrumbList\",\"@id\":\"https:\/\/mebinhminh.fastviet.vn\/?page_id=236#breadcrumb\",\"itemListElement\":[{\"@type\":\"ListItem\",\"position\":1,\"name\":\"Home\",\"item\":\"https:\/\/mebinhminh.fastviet.vn\/\"},{\"@type\":\"ListItem\",\"position\":2,\"name\":\"Li\u00ean h\u1ec7\"}]},{\"@type\":\"WebSite\",\"@id\":\"https:\/\/mebinhminh.fastviet.vn\/#website\",\"url\":\"https:\/\/mebinhminh.fastviet.vn\/\",\"name\":\"M&amp;E B\u00ccNH MINH\",\"description\":\"\",\"potentialAction\":[{\"@type\":\"SearchAction\",\"target\":{\"@type\":\"EntryPoint\",\"urlTemplate\":\"https:\/\/mebinhminh.fastviet.vn\/?s={search_term_string}\"},\"query-input\":{\"@type\":\"PropertyValueSpecification\",\"valueRequired\":true,\"valueName\":\"search_term_string\"}}],\"inLanguage\":\"vi\"}]}<\/script>\n<!-- \/ Yoast SEO plugin. -->","yoast_head_json":{"title":"Li\u00ean h\u1ec7 - M&amp;E B\u00ccNH MINH","robots":{"index":"index","follow":"follow","max-snippet":"max-snippet:-1","max-image-preview":"max-image-preview:large","max-video-preview":"max-video-preview:-1"},"canonical":"https:\/\/mebinhminh.fastviet.vn\/?page_id=236","og_locale":"vi_VN","og_type":"article","og_title":"Li\u00ean h\u1ec7 - M&amp;E B\u00ccNH MINH","og_description":"C\u00d4NG TY C\u1ed4 PH\u1ea6N M&#038;E B\u00ccNH MINH \ud83c\udfe2 Tr\u1ee5 s\u1edf: S\u1ed1 25, ng\u00f5 75, ph\u1ed1 H\u1ed3ng Mai, ph\u01b0\u1eddng B\u1ea1ch Mai, qu\u1eadn Hai B\u00e0 Tr\u01b0ng, TP. H\u00e0 N\u1ed9i \ud83c\udfec V\u0103n ph\u00f2ng giao d\u1ecbch: S\u1ed1 20A Ng\u00f5 109 Tr\u01b0\u1eddng Chinh, P. Ph\u01b0\u01a1ng Li\u1ec7t, Qu\u1eadn Thanh Xu\u00e2n, TP. H\u00e0 N\u1ed9i \ud83d\udccc Chi nh\u00e1nh kho: S\u1ed1 201 Li\u00ean Ninh,[...]","og_url":"https:\/\/mebinhminh.fastviet.vn\/?page_id=236","og_site_name":"M&amp;E B\u00ccNH MINH","article_modified_time":"2025-03-10T08:43:37+00:00","twitter_card":"summary_large_image","twitter_misc":{"\u01af\u1edbc t\u00ednh th\u1eddi gian \u0111\u1ecdc":"2 ph\u00fat"},"schema":{"@context":"https:\/\/schema.org","@graph":[{"@type":"WebPage","@id":"https:\/\/mebinhminh.fastviet.vn\/?page_id=236","url":"https:\/\/mebinhminh.fastviet.vn\/?page_id=236","name":"Li\u00ean h\u1ec7 - M&amp;E B\u00ccNH MINH","isPartOf":{"@id":"https:\/\/mebinhminh.fastviet.vn\/#website"},"datePublished":"2025-02-11T07:44:46+00:00","dateModified":"2025-03-10T08:43:37+00:00","breadcrumb":{"@id":"https:\/\/mebinhminh.fastviet.vn\/?page_id=236#breadcrumb"},"inLanguage":"vi","potentialAction":[{"@type":"ReadAction","target":["https:\/\/mebinhminh.fastviet.vn\/?page_id=236"]}]},{"@type":"BreadcrumbList","@id":"https:\/\/mebinhminh.fastviet.vn\/?page_id=236#breadcrumb","itemListElement":[{"@type":"ListItem","position":1,"name":"Home","item":"https:\/\/mebinhminh.fastviet.vn\/"},{"@type":"ListItem","position":2,"name":"Li\u00ean h\u1ec7"}]},{"@type":"WebSite","@id":"https:\/\/mebinhminh.fastviet.vn\/#website","url":"https:\/\/mebinhminh.fastviet.vn\/","name":"M&amp;E B\u00ccNH MINH","description":"","potentialAction":[{"@type":"SearchAction","target":{"@type":"EntryPoint","urlTemplate":"https:\/\/mebinhminh.fastviet.vn\/?s={search_term_string}"},"query-input":{"@type":"PropertyValueSpecification","valueRequired":true,"valueName":"search_term_string"}}],"inLanguage":"vi"}]}},"jetpack_sharing_enabled":true,"_links":{"self":[{"href":"https:\/\/mebinhminh.fastviet.vn\/index.php?rest_route=\/wp\/v2\/pages\/236","targetHints":{"allow":["GET"]}}],"collection":[{"href":"https:\/\/mebinhminh.fastviet.vn\/index.php?rest_route=\/wp\/v2\/pages"}],"about":[{"href":"https:\/\/mebinhminh.fastviet.vn\/index.php?rest_route=\/wp\/v2\/types\/page"}],"author":[{"embeddable":true,"href":"https:\/\/mebinhminh.fastviet.vn\/index.php?rest_route=\/wp\/v2\/users\/1"}],"replies":[{"embeddable":true,"href":"https:\/\/mebinhminh.fastviet.vn\/index.php?rest_route=%2Fwp%2Fv2%2Fcomments&post=236"}],"version-history":[{"count":5,"href":"https:\/\/mebinhminh.fastviet.vn\/index.php?rest_route=\/wp\/v2\/pages\/236\/revisions"}],"predecessor-version":[{"id":796,"href":"https:\/\/mebinhminh.fastviet.vn\/index.php?rest_route=\/wp\/v2\/pages\/236\/revisions\/796"}],"wp:attachment":[{"href":"https:\/\/mebinhminh.fastviet.vn\/index.php?rest_route=%2Fwp%2Fv2%2Fmedia&parent=236"}],"curies":[{"name":"wp","href":"https:\/\/api.w.org\/{rel}","templated":true}]}}