{"id":6,"date":"2025-02-10T06:20:56","date_gmt":"2025-02-10T06:20:56","guid":{"rendered":"https:\/\/phongchay-10860c7.ingress-earth.ewp.live\/?page_id=6"},"modified":"2025-03-10T08:45:41","modified_gmt":"2025-03-10T01:45:41","slug":"cart","status":"publish","type":"page","link":"https:\/\/mebinhminh.fastviet.vn\/?page_id=6","title":{"rendered":"Gi\u1ecf h\u00e0ng"},"content":{"rendered":"<div data-block-name=\"woocommerce\/cart\" class=\"wp-block-woocommerce-cart alignwide is-loading\"><div data-block-name=\"woocommerce\/filled-cart-block\" class=\"wp-block-woocommerce-filled-cart-block\"><div data-block-name=\"woocommerce\/cart-items-block\" class=\"wp-block-woocommerce-cart-items-block\"><div data-block-name=\"woocommerce\/cart-line-items-block\" class=\"wp-block-woocommerce-cart-line-items-block\">\u00a0<\/div>\r\n\r\n<div data-block-name=\"woocommerce\/cart-cross-sells-block\" class=\"wp-block-woocommerce-cart-cross-sells-block\"><h2 class=\"wp-block-heading has-large-font-size\">You may be interested in\u2026<\/h2>\r\n\r\n<div data-block-name=\"woocommerce\/cart-cross-sells-products-block\" class=\"wp-block-woocommerce-cart-cross-sells-products-block\">\u00a0<\/div><\/div><\/div>\r\n\r\n<div data-block-name=\"woocommerce\/cart-totals-block\" class=\"wp-block-woocommerce-cart-totals-block\"><div data-block-name=\"woocommerce\/cart-order-summary-block\" class=\"wp-block-woocommerce-cart-order-summary-block\"><div data-block-name=\"woocommerce\/cart-order-summary-heading-block\" class=\"wp-block-woocommerce-cart-order-summary-heading-block\">\u00a0<\/div>\r\n\r\n<div data-block-name=\"woocommerce\/cart-order-summary-coupon-form-block\" class=\"wp-block-woocommerce-cart-order-summary-coupon-form-block\">\u00a0<\/div>\r\n\r\n\r\n\r\n\r\n\r\n\r\n\r\n\r\n\r\n<div data-block-name=\"woocommerce\/cart-order-summary-totals-block\" class=\"wp-block-woocommerce-cart-order-summary-totals-block\">\n<div data-block-name=\"woocommerce\/cart-order-summary-subtotal-block\" class=\"wp-block-woocommerce-cart-order-summary-subtotal-block\">\u00a0<\/div>\n<div data-block-name=\"woocommerce\/cart-order-summary-discount-block\" class=\"wp-block-woocommerce-cart-order-summary-discount-block\">\u00a0<\/div>\n<div data-block-name=\"woocommerce\/cart-order-summary-fee-block\" class=\"wp-block-woocommerce-cart-order-summary-fee-block\">\u00a0<\/div>\n<div data-block-name=\"woocommerce\/cart-order-summary-shipping-block\" class=\"wp-block-woocommerce-cart-order-summary-shipping-block\">\u00a0<\/div>\n<div data-block-name=\"woocommerce\/cart-order-summary-taxes-block\" class=\"wp-block-woocommerce-cart-order-summary-taxes-block\">\u00a0<\/div><\/div><\/div>\r\n\r\n<div data-block-name=\"woocommerce\/cart-express-payment-block\" class=\"wp-block-woocommerce-cart-express-payment-block\">\u00a0<\/div>\r\n\r\n<div data-block-name=\"woocommerce\/proceed-to-checkout-block\" class=\"wp-block-woocommerce-proceed-to-checkout-block\">\u00a0<\/div>\r\n\r\n<div data-block-name=\"woocommerce\/cart-accepted-payment-methods-block\" class=\"wp-block-woocommerce-cart-accepted-payment-methods-block\">\u00a0<\/div><\/div><\/div>\r\n\r\n<div data-block-name=\"woocommerce\/empty-cart-block\" class=\"wp-block-woocommerce-empty-cart-block\"><h2 class=\"wp-block-heading has-text-align-center with-empty-cart-icon wc-block-cart__empty-cart__title\">Your cart is currently empty!<\/h2>\r\n\r\n<hr class=\"wp-block-separator has-alpha-channel-opacity is-style-dots\" \/>\r\n\r\n<h2 class=\"wp-block-heading has-text-align-center\">New in store<\/h2>\r\n\r\n<div data-block-name=\"woocommerce\/product-new\" data-columns=\"4\" data-rows=\"1\" class=\"wc-block-grid wp-block-product-new wp-block-woocommerce-product-new wc-block-product-new has-4-columns\"><ul class=\"wc-block-grid__products\"><li class=\"wc-block-grid__product\">\n\t\t\t\t<a href=\"https:\/\/mebinhminh.fastviet.vn\/?product=voi-chua-chay-fuji-d50-16at-20m\" class=\"wc-block-grid__product-link\">\n\t\t\t\t\t\n\t\t\t\t\t<div class=\"wc-block-grid__product-image\"><img fetchpriority=\"high\" decoding=\"async\" width=\"247\" height=\"218\" src=\"https:\/\/mebinhminh.fastviet.vn\/wp-content\/uploads\/2025\/03\/Picture4-247x218.png\" class=\"attachment-woocommerce_thumbnail size-woocommerce_thumbnail\" alt=\"V\u00f2i ch\u1eefa ch\u00e1y Fuji D50-16at-20m\" \/><\/div>\n\t\t\t\t\t<div class=\"wc-block-grid__product-title\">V\u00f2i ch\u1eefa ch\u00e1y Fuji D50-16at-20m<\/div>\n\t\t\t\t<\/a>\n\t\t\t\t<div class=\"wc-block-grid__product-price price\"><span class=\"amount\" style=\"color: red;font-weight: bold\">Li\u00ean h\u1ec7 b\u00e1o gi\u00e1<\/span><\/div>\n\t\t\t\t\n\t\t\t\t<div class=\"wp-block-button wc-block-grid__product-add-to-cart\"><a href=\"?add-to-cart=809\" aria-label=\"Th\u00eam v\u00e0o gi\u1ecf h\u00e0ng: &ldquo;V\u00f2i ch\u1eefa ch\u00e1y Fuji D50-16at-20m&rdquo;\" data-quantity=\"1\" data-product_id=\"809\" data-product_sku=\"D50\" data-price=\"0\" rel=\"nofollow\" class=\"wp-block-button__link  add_to_cart_button ajax_add_to_cart\">Th\u00eam v\u00e0o gi\u1ecf h\u00e0ng<\/a><\/div>\n\t\t\t<\/li><li class=\"wc-block-grid__product\">\n\t\t\t\t<a href=\"https:\/\/mebinhminh.fastviet.vn\/?product=bo-noi-quy-tieu-lenh-bo-2-tam-noi-quy-tieu-lenh\" class=\"wc-block-grid__product-link\">\n\t\t\t\t\t\n\t\t\t\t\t<div class=\"wc-block-grid__product-image\"><img decoding=\"async\" width=\"247\" height=\"296\" src=\"https:\/\/mebinhminh.fastviet.vn\/wp-content\/uploads\/2025\/03\/e690380700f9f7a7aee8-247x296.jpg\" class=\"attachment-woocommerce_thumbnail size-woocommerce_thumbnail\" alt=\"B\u1ed9 n\u1ed9i quy ti\u00eau l\u1ec7nh (b\u1ed9 2 t\u1ea5m)  n\u1ed9i quy + ti\u00eau l\u1ec7nh\" \/><\/div>\n\t\t\t\t\t<div class=\"wc-block-grid__product-title\">B\u1ed9 n\u1ed9i quy ti\u00eau l\u1ec7nh (b\u1ed9 2 t\u1ea5m)  n\u1ed9i quy + ti\u00eau l\u1ec7nh<\/div>\n\t\t\t\t<\/a>\n\t\t\t\t<div class=\"wc-block-grid__product-price price\"><span class=\"amount\" style=\"color: red;font-weight: bold\">Li\u00ean h\u1ec7 b\u00e1o gi\u00e1<\/span><\/div>\n\t\t\t\t\n\t\t\t\t<div class=\"wp-block-button wc-block-grid__product-add-to-cart\"><a href=\"?add-to-cart=806\" aria-label=\"Th\u00eam v\u00e0o gi\u1ecf h\u00e0ng: &ldquo;B\u1ed9 n\u1ed9i quy ti\u00eau l\u1ec7nh (b\u1ed9 2 t\u1ea5m)  n\u1ed9i quy + ti\u00eau l\u1ec7nh&rdquo;\" data-quantity=\"1\" data-product_id=\"806\" data-product_sku=\"TLCC\" data-price=\"0\" rel=\"nofollow\" class=\"wp-block-button__link  add_to_cart_button ajax_add_to_cart\">Th\u00eam v\u00e0o gi\u1ecf h\u00e0ng<\/a><\/div>\n\t\t\t<\/li><li class=\"wc-block-grid__product\">\n\t\t\t\t<a href=\"https:\/\/mebinhminh.fastviet.vn\/?product=bang-cam-hut-thuoc\" class=\"wc-block-grid__product-link\">\n\t\t\t\t\t\n\t\t\t\t\t<div class=\"wc-block-grid__product-image\"><img decoding=\"async\" width=\"247\" height=\"140\" src=\"https:\/\/mebinhminh.fastviet.vn\/wp-content\/uploads\/2025\/03\/Picture2-247x140.png\" class=\"attachment-woocommerce_thumbnail size-woocommerce_thumbnail\" alt=\"B\u1ea3ng c\u1ea5m h\u00fat thu\u1ed1c\" \/><\/div>\n\t\t\t\t\t<div class=\"wc-block-grid__product-title\">B\u1ea3ng c\u1ea5m h\u00fat thu\u1ed1c<\/div>\n\t\t\t\t<\/a>\n\t\t\t\t<div class=\"wc-block-grid__product-price price\"><span class=\"amount\" style=\"color: red;font-weight: bold\">Li\u00ean h\u1ec7 b\u00e1o gi\u00e1<\/span><\/div>\n\t\t\t\t\n\t\t\t\t<div class=\"wp-block-button wc-block-grid__product-add-to-cart\"><a href=\"?add-to-cart=803\" aria-label=\"Th\u00eam v\u00e0o gi\u1ecf h\u00e0ng: &ldquo;B\u1ea3ng c\u1ea5m h\u00fat thu\u1ed1c&rdquo;\" data-quantity=\"1\" data-product_id=\"803\" data-product_sku=\"NSK\" data-price=\"0\" rel=\"nofollow\" class=\"wp-block-button__link  add_to_cart_button ajax_add_to_cart\">Th\u00eam v\u00e0o gi\u1ecf h\u00e0ng<\/a><\/div>\n\t\t\t<\/li><li class=\"wc-block-grid__product\">\n\t\t\t\t<a href=\"https:\/\/mebinhminh.fastviet.vn\/?product=den-sac-khan-cap-kt-402-kento\" class=\"wc-block-grid__product-link\">\n\t\t\t\t\t\n\t\t\t\t\t<div class=\"wc-block-grid__product-image\"><img loading=\"lazy\" decoding=\"async\" width=\"247\" height=\"296\" src=\"https:\/\/mebinhminh.fastviet.vn\/wp-content\/uploads\/2025\/03\/download-247x296.png\" class=\"attachment-woocommerce_thumbnail size-woocommerce_thumbnail\" alt=\"\u0110\u00e8n s\u1ea1c kh\u1ea9n c\u1ea5p KT 402 Kento\" \/><\/div>\n\t\t\t\t\t<div class=\"wc-block-grid__product-title\">\u0110\u00e8n s\u1ea1c kh\u1ea9n c\u1ea5p KT 402 Kento<\/div>\n\t\t\t\t<\/a>\n\t\t\t\t<div class=\"wc-block-grid__product-price price\"><span class=\"amount\" style=\"color: red;font-weight: bold\">Li\u00ean h\u1ec7 b\u00e1o gi\u00e1<\/span><\/div>\n\t\t\t\t\n\t\t\t\t<div class=\"wp-block-button wc-block-grid__product-add-to-cart\"><a href=\"?add-to-cart=801\" aria-label=\"Th\u00eam v\u00e0o gi\u1ecf h\u00e0ng: &ldquo;\u0110\u00e8n s\u1ea1c kh\u1ea9n c\u1ea5p KT 402 Kento&rdquo;\" data-quantity=\"1\" data-product_id=\"801\" data-product_sku=\"KT402\" data-price=\"0\" rel=\"nofollow\" class=\"wp-block-button__link  add_to_cart_button ajax_add_to_cart\">Th\u00eam v\u00e0o gi\u1ecf h\u00e0ng<\/a><\/div>\n\t\t\t<\/li><\/ul><\/div><\/div><\/div>","protected":false},"excerpt":{"rendered":"","protected":false},"author":1,"featured_media":0,"parent":0,"menu_order":0,"comment_status":"closed","ping_status":"closed","template":"","meta":{"footnotes":""},"class_list":["post-6","page","type-page","status-publish","hentry"],"yoast_head":"<!-- This site is optimized with the Yoast SEO plugin v24.3 - https:\/\/yoast.com\/wordpress\/plugins\/seo\/ -->\n<title>Gi\u1ecf h\u00e0ng - M&amp;E B\u00ccNH MINH<\/title>\n<meta name=\"robots\" content=\"index, follow, max-snippet:-1, max-image-preview:large, max-video-preview:-1\" \/>\n<link rel=\"canonical\" href=\"https:\/\/mebinhminh.fastviet.vn\/?page_id=6\" \/>\n<meta property=\"og:locale\" content=\"vi_VN\" \/>\n<meta property=\"og:type\" content=\"article\" \/>\n<meta property=\"og:title\" content=\"Gi\u1ecf h\u00e0ng - M&amp;E B\u00ccNH MINH\" \/>\n<meta property=\"og:url\" content=\"https:\/\/mebinhminh.fastviet.vn\/?page_id=6\" \/>\n<meta property=\"og:site_name\" content=\"M&amp;E B\u00ccNH MINH\" \/>\n<meta property=\"article:modified_time\" content=\"2025-03-10T01:45:41+00:00\" \/>\n<meta name=\"twitter:card\" content=\"summary_large_image\" \/>\n<meta name=\"twitter:label1\" content=\"\u01af\u1edbc t\u00ednh th\u1eddi gian \u0111\u1ecdc\" \/>\n\t<meta name=\"twitter:data1\" content=\"1 ph\u00fat\" \/>\n<script type=\"application\/ld+json\" class=\"yoast-schema-graph\">{\"@context\":\"https:\/\/schema.org\",\"@graph\":[{\"@type\":\"WebPage\",\"@id\":\"https:\/\/mebinhminh.fastviet.vn\/?page_id=6\",\"url\":\"https:\/\/mebinhminh.fastviet.vn\/?page_id=6\",\"name\":\"Gi\u1ecf h\u00e0ng - M&amp;E B\u00ccNH MINH\",\"isPartOf\":{\"@id\":\"https:\/\/mebinhminh.fastviet.vn\/#website\"},\"datePublished\":\"2025-02-10T06:20:56+00:00\",\"dateModified\":\"2025-03-10T01:45:41+00:00\",\"breadcrumb\":{\"@id\":\"https:\/\/mebinhminh.fastviet.vn\/?page_id=6#breadcrumb\"},\"inLanguage\":\"vi\",\"potentialAction\":[{\"@type\":\"ReadAction\",\"target\":[\"https:\/\/mebinhminh.fastviet.vn\/?page_id=6\"]}]},{\"@type\":\"BreadcrumbList\",\"@id\":\"https:\/\/mebinhminh.fastviet.vn\/?page_id=6#breadcrumb\",\"itemListElement\":[{\"@type\":\"ListItem\",\"position\":1,\"name\":\"Home\",\"item\":\"https:\/\/mebinhminh.fastviet.vn\/\"},{\"@type\":\"ListItem\",\"position\":2,\"name\":\"Gi\u1ecf h\u00e0ng\"}]},{\"@type\":\"WebSite\",\"@id\":\"https:\/\/mebinhminh.fastviet.vn\/#website\",\"url\":\"https:\/\/mebinhminh.fastviet.vn\/\",\"name\":\"M&amp;E B\u00ccNH MINH\",\"description\":\"\",\"potentialAction\":[{\"@type\":\"SearchAction\",\"target\":{\"@type\":\"EntryPoint\",\"urlTemplate\":\"https:\/\/mebinhminh.fastviet.vn\/?s={search_term_string}\"},\"query-input\":{\"@type\":\"PropertyValueSpecification\",\"valueRequired\":true,\"valueName\":\"search_term_string\"}}],\"inLanguage\":\"vi\"}]}<\/script>\n<!-- \/ Yoast SEO plugin. -->","yoast_head_json":{"title":"Gi\u1ecf h\u00e0ng - M&amp;E B\u00ccNH MINH","robots":{"index":"index","follow":"follow","max-snippet":"max-snippet:-1","max-image-preview":"max-image-preview:large","max-video-preview":"max-video-preview:-1"},"canonical":"https:\/\/mebinhminh.fastviet.vn\/?page_id=6","og_locale":"vi_VN","og_type":"article","og_title":"Gi\u1ecf h\u00e0ng - M&amp;E B\u00ccNH MINH","og_url":"https:\/\/mebinhminh.fastviet.vn\/?page_id=6","og_site_name":"M&amp;E B\u00ccNH MINH","article_modified_time":"2025-03-10T01:45:41+00:00","twitter_card":"summary_large_image","twitter_misc":{"\u01af\u1edbc t\u00ednh th\u1eddi gian \u0111\u1ecdc":"1 ph\u00fat"},"schema":{"@context":"https:\/\/schema.org","@graph":[{"@type":"WebPage","@id":"https:\/\/mebinhminh.fastviet.vn\/?page_id=6","url":"https:\/\/mebinhminh.fastviet.vn\/?page_id=6","name":"Gi\u1ecf h\u00e0ng - M&amp;E B\u00ccNH MINH","isPartOf":{"@id":"https:\/\/mebinhminh.fastviet.vn\/#website"},"datePublished":"2025-02-10T06:20:56+00:00","dateModified":"2025-03-10T01:45:41+00:00","breadcrumb":{"@id":"https:\/\/mebinhminh.fastviet.vn\/?page_id=6#breadcrumb"},"inLanguage":"vi","potentialAction":[{"@type":"ReadAction","target":["https:\/\/mebinhminh.fastviet.vn\/?page_id=6"]}]},{"@type":"BreadcrumbList","@id":"https:\/\/mebinhminh.fastviet.vn\/?page_id=6#breadcrumb","itemListElement":[{"@type":"ListItem","position":1,"name":"Home","item":"https:\/\/mebinhminh.fastviet.vn\/"},{"@type":"ListItem","position":2,"name":"Gi\u1ecf h\u00e0ng"}]},{"@type":"WebSite","@id":"https:\/\/mebinhminh.fastviet.vn\/#website","url":"https:\/\/mebinhminh.fastviet.vn\/","name":"M&amp;E B\u00ccNH MINH","description":"","potentialAction":[{"@type":"SearchAction","target":{"@type":"EntryPoint","urlTemplate":"https:\/\/mebinhminh.fastviet.vn\/?s={search_term_string}"},"query-input":{"@type":"PropertyValueSpecification","valueRequired":true,"valueName":"search_term_string"}}],"inLanguage":"vi"}]}},"jetpack_sharing_enabled":true,"_links":{"self":[{"href":"https:\/\/mebinhminh.fastviet.vn\/index.php?rest_route=\/wp\/v2\/pages\/6","targetHints":{"allow":["GET"]}}],"collection":[{"href":"https:\/\/mebinhminh.fastviet.vn\/index.php?rest_route=\/wp\/v2\/pages"}],"about":[{"href":"https:\/\/mebinhminh.fastviet.vn\/index.php?rest_route=\/wp\/v2\/types\/page"}],"author":[{"embeddable":true,"href":"https:\/\/mebinhminh.fastviet.vn\/index.php?rest_route=\/wp\/v2\/users\/1"}],"replies":[{"embeddable":true,"href":"https:\/\/mebinhminh.fastviet.vn\/index.php?rest_route=%2Fwp%2Fv2%2Fcomments&post=6"}],"version-history":[{"count":3,"href":"https:\/\/mebinhminh.fastviet.vn\/index.php?rest_route=\/wp\/v2\/pages\/6\/revisions"}],"predecessor-version":[{"id":465,"href":"https:\/\/mebinhminh.fastviet.vn\/index.php?rest_route=\/wp\/v2\/pages\/6\/revisions\/465"}],"wp:attachment":[{"href":"https:\/\/mebinhminh.fastviet.vn\/index.php?rest_route=%2Fwp%2Fv2%2Fmedia&parent=6"}],"curies":[{"name":"wp","href":"https:\/\/api.w.org\/{rel}","templated":true}]}}