{"id":113,"date":"2025-02-10T19:51:05","date_gmt":"2025-02-10T12:51:05","guid":{"rendered":"https:\/\/phongchay-10860c7.ingress-earth.ewp.live\/?post_type=product&#038;p=113"},"modified":"2025-03-09T16:42:36","modified_gmt":"2025-03-09T09:42:36","slug":"bao-ho-chua-chay-sao-chep","status":"publish","type":"product","link":"https:\/\/mebinhminh.fastviet.vn\/?product=bao-ho-chua-chay-sao-chep","title":{"rendered":"B\u00ecnh ch\u1eefa ch\u00e1y SRIS B\u1ed9t ABC MFZL4 4KG"},"content":{"rendered":"<p><b>M\u00d4 T\u1ea2 S\u1ea2N PH\u1ea8M<\/b><\/p>\n<div class=\"list-content\">\n<div class=\"list list_1\">\n<div class=\"cols2\">\n<p><strong>\u2013<\/strong>\u00a0B\u00ecnh ch\u1eefa ch\u00e1y Sris \u0111\u01b0\u1ee3c s\u1eed d\u1ee5ng r\u1ed9ng r\u00e3i trong c\u00e1c c\u00f4ng tr\u00ecnh c\u00f3 quy m\u00f4 v\u1eeba ph\u1ea3i nh\u01b0 nh\u00e0 \u1edf, v\u0103n ph\u00f2ng, x\u00ed nghi\u1ec7p, tr\u1ea1m x\u0103ng\u2026 Ph\u1ea1m vi ch\u1eefa ch\u00e1y \u0111a d\u1ea1ng bao g\u1ed3m c\u1ea3 ch\u1ea5t l\u1ecfng l\u1eabn r\u1eafn nh\u01b0: x\u0103ng, d\u1ea7u, kh\u00ed ga, g\u1ed7, v\u1ea3i, gi\u1ea5y, \u0111i\u1ec7n\u2026 Do th\u00e0nh ph\u1ea7n b\u1ed9t ch\u1eefa ch\u00e1y c\u00f3 \u0111\u1ed9 mu\u1ed1i v\u00e0 ki\u1ec1m, khuy\u1ebfn c\u00e1o kh\u00f4ng n\u00ean phun v\u00e0o c\u00e1c vi m\u1ea1ch \u0111i\u1ec7n t\u1eed nh\u1eb1m tr\u00e1nh t\u00ecnh tr\u1ea1ng g\u00e2y oxi h\u00f3a thi\u1ebft b\u1ecb.<\/p>\n<p><b>TH\u00d4NG S\u1ed0 K\u1ef8 THU\u1eacT<\/b><\/p>\n<\/div>\n<\/div>\n<\/div>\n<div class=\"list-content\">\n<div class=\"list list_1\">\n<div class=\"cols2\">\n<div class=\"list-content\">\n<div class=\"list list_1\">\n<div class=\"cols2\">\n<p><strong>\u2013<\/strong>\u00a0L\u01b0\u1ee3ng n\u1ea1p ch\u1ea5t ch\u1eefa ch\u00e1y: 4 kg<\/p>\n<p><strong>\u2013<\/strong>\u00a0\u00c1p su\u1ea5t l\u00e0m vi\u1ec7c: 1.2 \u2013 1.45 Mpa<\/p>\n<p><strong>\u2013<\/strong>\u00a0T\u1ea7m phun xa: 3.8 \u2013 4 m\u00e9t<\/p>\n<p><strong>\u2013<\/strong>\u00a0\u00c1p su\u1ea5t ki\u1ec3m tra: 2.5 Mpa<\/p>\n<p><strong>\u2013<\/strong>\u00a0Th\u1eddi gian phun hi\u1ec7u qu\u1ea3: \u2265 12 gi\u00e2y<\/p>\n<p><strong>\u2013<\/strong>\u00a0C\u00f4ng su\u1ea5t ch\u1eefa ch\u00e1y: 2A.55B-C<\/p>\n<p><strong>\u2013<\/strong>\u00a0Ph\u1ea1m vi nhi\u1ec7t \u0111\u1ed9: 20\u02daC \u0111\u1ebfn +60\u02daC<\/p>\n<p><strong>\u2013<\/strong>\u00a0T\u1ed5ng tr\u1ecdng l\u01b0\u1ee3ng: ~ 5.5 kg<\/p>\n<p><strong>\u2013<\/strong> Xu\u1ea5t x\u1ee9: Trung Qu\u1ed1c<\/p>\n<\/div>\n<\/div>\n<\/div>\n<\/div>\n<\/div>\n<\/div>\n","protected":false},"excerpt":{"rendered":"<p>M\u00d4 T\u1ea2 S\u1ea2N PH\u1ea8M \u2013\u00a0B\u00ecnh ch\u1eefa ch\u00e1y Sris \u0111\u01b0\u1ee3c s\u1eed d\u1ee5ng r\u1ed9ng r\u00e3i trong c\u00e1c c\u00f4ng tr\u00ecnh c\u00f3 quy m\u00f4 v\u1eeba ph\u1ea3i nh\u01b0 nh\u00e0 \u1edf, v\u0103n ph\u00f2ng, x\u00ed nghi\u1ec7p, tr\u1ea1m x\u0103ng\u2026 Ph\u1ea1m vi ch\u1eefa ch\u00e1y \u0111a d\u1ea1ng bao g\u1ed3m c\u1ea3 ch\u1ea5t l\u1ecfng l\u1eabn r\u1eafn nh\u01b0: x\u0103ng, d\u1ea7u, kh\u00ed ga, g\u1ed7, v\u1ea3i, gi\u1ea5y, \u0111i\u1ec7n\u2026 Do th\u00e0nh[&#8230;]\n","protected":false},"featured_media":115,"comment_status":"open","ping_status":"closed","template":"","meta":[],"product_brand":[20],"product_cat":[19],"product_tag":[17,21],"class_list":{"0":"post-113","1":"product","2":"type-product","3":"status-publish","4":"has-post-thumbnail","6":"product_brand-sris","7":"product_cat-binh-chua-chay","8":"product_tag-bao-ho","9":"product_tag-binh-chua-chay","10":"pa_xuat-su-trung-quoc","12":"first","13":"instock","14":"sale","15":"taxable","16":"shipping-taxable","17":"purchasable","18":"product-type-simple"},"yoast_head":"<!-- This site is optimized with the Yoast SEO plugin v24.3 - https:\/\/yoast.com\/wordpress\/plugins\/seo\/ -->\n<title>B\u00ecnh ch\u1eefa ch\u00e1y SRIS B\u1ed9t ABC MFZL4 4KG - M&amp;E B\u00ccNH MINH<\/title>\n<meta name=\"robots\" content=\"index, follow, max-snippet:-1, max-image-preview:large, max-video-preview:-1\" \/>\n<link rel=\"canonical\" href=\"https:\/\/mebinhminh.fastviet.vn\/?product=bao-ho-chua-chay-sao-chep\" \/>\n<meta property=\"og:locale\" content=\"vi_VN\" \/>\n<meta property=\"og:type\" content=\"article\" \/>\n<meta property=\"og:title\" content=\"B\u00ecnh ch\u1eefa ch\u00e1y SRIS B\u1ed9t ABC MFZL4 4KG - M&amp;E B\u00ccNH MINH\" \/>\n<meta property=\"og:description\" content=\"M\u00d4 T\u1ea2 S\u1ea2N PH\u1ea8M \u2013\u00a0B\u00ecnh ch\u1eefa ch\u00e1y Sris \u0111\u01b0\u1ee3c s\u1eed d\u1ee5ng r\u1ed9ng r\u00e3i trong c\u00e1c c\u00f4ng tr\u00ecnh c\u00f3 quy m\u00f4 v\u1eeba ph\u1ea3i nh\u01b0 nh\u00e0 \u1edf, v\u0103n ph\u00f2ng, x\u00ed nghi\u1ec7p, tr\u1ea1m x\u0103ng\u2026 Ph\u1ea1m vi ch\u1eefa ch\u00e1y \u0111a d\u1ea1ng bao g\u1ed3m c\u1ea3 ch\u1ea5t l\u1ecfng l\u1eabn r\u1eafn nh\u01b0: x\u0103ng, d\u1ea7u, kh\u00ed ga, g\u1ed7, v\u1ea3i, gi\u1ea5y, \u0111i\u1ec7n\u2026 Do th\u00e0nh[...]\" \/>\n<meta property=\"og:url\" content=\"https:\/\/mebinhminh.fastviet.vn\/?product=bao-ho-chua-chay-sao-chep\" \/>\n<meta property=\"og:site_name\" content=\"M&amp;E B\u00ccNH MINH\" \/>\n<meta property=\"article:modified_time\" content=\"2025-03-09T09:42:36+00:00\" \/>\n<meta property=\"og:image\" content=\"https:\/\/mebinhminh.fastviet.vn\/wp-content\/uploads\/2025\/02\/binh-chua-chay-sris-4kg-e1722315478344-600x600-1.png\" \/>\n\t<meta property=\"og:image:width\" content=\"600\" \/>\n\t<meta property=\"og:image:height\" content=\"600\" \/>\n\t<meta property=\"og:image:type\" content=\"image\/png\" \/>\n<meta name=\"twitter:card\" content=\"summary_large_image\" \/>\n<meta name=\"twitter:label1\" content=\"\u01af\u1edbc t\u00ednh th\u1eddi gian \u0111\u1ecdc\" \/>\n\t<meta name=\"twitter:data1\" content=\"1 ph\u00fat\" \/>\n<script type=\"application\/ld+json\" class=\"yoast-schema-graph\">{\"@context\":\"https:\/\/schema.org\",\"@graph\":[{\"@type\":\"WebPage\",\"@id\":\"https:\/\/mebinhminh.fastviet.vn\/?product=bao-ho-chua-chay-sao-chep\",\"url\":\"https:\/\/mebinhminh.fastviet.vn\/?product=bao-ho-chua-chay-sao-chep\",\"name\":\"B\u00ecnh ch\u1eefa ch\u00e1y SRIS B\u1ed9t ABC MFZL4 4KG - M&amp;E B\u00ccNH MINH\",\"isPartOf\":{\"@id\":\"https:\/\/mebinhminh.fastviet.vn\/#website\"},\"primaryImageOfPage\":{\"@id\":\"https:\/\/mebinhminh.fastviet.vn\/?product=bao-ho-chua-chay-sao-chep#primaryimage\"},\"image\":{\"@id\":\"https:\/\/mebinhminh.fastviet.vn\/?product=bao-ho-chua-chay-sao-chep#primaryimage\"},\"thumbnailUrl\":\"https:\/\/mebinhminh.fastviet.vn\/wp-content\/uploads\/2025\/02\/binh-chua-chay-sris-4kg-e1722315478344-600x600-1.png\",\"datePublished\":\"2025-02-10T12:51:05+00:00\",\"dateModified\":\"2025-03-09T09:42:36+00:00\",\"breadcrumb\":{\"@id\":\"https:\/\/mebinhminh.fastviet.vn\/?product=bao-ho-chua-chay-sao-chep#breadcrumb\"},\"inLanguage\":\"vi\",\"potentialAction\":[{\"@type\":\"ReadAction\",\"target\":[\"https:\/\/mebinhminh.fastviet.vn\/?product=bao-ho-chua-chay-sao-chep\"]}]},{\"@type\":\"ImageObject\",\"inLanguage\":\"vi\",\"@id\":\"https:\/\/mebinhminh.fastviet.vn\/?product=bao-ho-chua-chay-sao-chep#primaryimage\",\"url\":\"https:\/\/mebinhminh.fastviet.vn\/wp-content\/uploads\/2025\/02\/binh-chua-chay-sris-4kg-e1722315478344-600x600-1.png\",\"contentUrl\":\"https:\/\/mebinhminh.fastviet.vn\/wp-content\/uploads\/2025\/02\/binh-chua-chay-sris-4kg-e1722315478344-600x600-1.png\",\"width\":600,\"height\":600},{\"@type\":\"BreadcrumbList\",\"@id\":\"https:\/\/mebinhminh.fastviet.vn\/?product=bao-ho-chua-chay-sao-chep#breadcrumb\",\"itemListElement\":[{\"@type\":\"ListItem\",\"position\":1,\"name\":\"Home\",\"item\":\"https:\/\/mebinhminh.fastviet.vn\/\"},{\"@type\":\"ListItem\",\"position\":2,\"name\":\"C\u1eeda h\u00e0ng\",\"item\":\"https:\/\/mebinhminh.fastviet.vn\/?page_id=5\"},{\"@type\":\"ListItem\",\"position\":3,\"name\":\"B\u00ecnh ch\u1eefa ch\u00e1y SRIS B\u1ed9t ABC MFZL4 4KG\"}]},{\"@type\":\"WebSite\",\"@id\":\"https:\/\/mebinhminh.fastviet.vn\/#website\",\"url\":\"https:\/\/mebinhminh.fastviet.vn\/\",\"name\":\"M&amp;E B\u00ccNH MINH\",\"description\":\"\",\"potentialAction\":[{\"@type\":\"SearchAction\",\"target\":{\"@type\":\"EntryPoint\",\"urlTemplate\":\"https:\/\/mebinhminh.fastviet.vn\/?s={search_term_string}\"},\"query-input\":{\"@type\":\"PropertyValueSpecification\",\"valueRequired\":true,\"valueName\":\"search_term_string\"}}],\"inLanguage\":\"vi\"}]}<\/script>\n<!-- \/ Yoast SEO plugin. -->","yoast_head_json":{"title":"B\u00ecnh ch\u1eefa ch\u00e1y SRIS B\u1ed9t ABC MFZL4 4KG - M&amp;E B\u00ccNH MINH","robots":{"index":"index","follow":"follow","max-snippet":"max-snippet:-1","max-image-preview":"max-image-preview:large","max-video-preview":"max-video-preview:-1"},"canonical":"https:\/\/mebinhminh.fastviet.vn\/?product=bao-ho-chua-chay-sao-chep","og_locale":"vi_VN","og_type":"article","og_title":"B\u00ecnh ch\u1eefa ch\u00e1y SRIS B\u1ed9t ABC MFZL4 4KG - M&amp;E B\u00ccNH MINH","og_description":"M\u00d4 T\u1ea2 S\u1ea2N PH\u1ea8M \u2013\u00a0B\u00ecnh ch\u1eefa ch\u00e1y Sris \u0111\u01b0\u1ee3c s\u1eed d\u1ee5ng r\u1ed9ng r\u00e3i trong c\u00e1c c\u00f4ng tr\u00ecnh c\u00f3 quy m\u00f4 v\u1eeba ph\u1ea3i nh\u01b0 nh\u00e0 \u1edf, v\u0103n ph\u00f2ng, x\u00ed nghi\u1ec7p, tr\u1ea1m x\u0103ng\u2026 Ph\u1ea1m vi ch\u1eefa ch\u00e1y \u0111a d\u1ea1ng bao g\u1ed3m c\u1ea3 ch\u1ea5t l\u1ecfng l\u1eabn r\u1eafn nh\u01b0: x\u0103ng, d\u1ea7u, kh\u00ed ga, g\u1ed7, v\u1ea3i, gi\u1ea5y, \u0111i\u1ec7n\u2026 Do th\u00e0nh[...]","og_url":"https:\/\/mebinhminh.fastviet.vn\/?product=bao-ho-chua-chay-sao-chep","og_site_name":"M&amp;E B\u00ccNH MINH","article_modified_time":"2025-03-09T09:42:36+00:00","og_image":[{"width":600,"height":600,"url":"https:\/\/mebinhminh.fastviet.vn\/wp-content\/uploads\/2025\/02\/binh-chua-chay-sris-4kg-e1722315478344-600x600-1.png","type":"image\/png"}],"twitter_card":"summary_large_image","twitter_misc":{"\u01af\u1edbc t\u00ednh th\u1eddi gian \u0111\u1ecdc":"1 ph\u00fat"},"schema":{"@context":"https:\/\/schema.org","@graph":[{"@type":"WebPage","@id":"https:\/\/mebinhminh.fastviet.vn\/?product=bao-ho-chua-chay-sao-chep","url":"https:\/\/mebinhminh.fastviet.vn\/?product=bao-ho-chua-chay-sao-chep","name":"B\u00ecnh ch\u1eefa ch\u00e1y SRIS B\u1ed9t ABC MFZL4 4KG - M&amp;E B\u00ccNH MINH","isPartOf":{"@id":"https:\/\/mebinhminh.fastviet.vn\/#website"},"primaryImageOfPage":{"@id":"https:\/\/mebinhminh.fastviet.vn\/?product=bao-ho-chua-chay-sao-chep#primaryimage"},"image":{"@id":"https:\/\/mebinhminh.fastviet.vn\/?product=bao-ho-chua-chay-sao-chep#primaryimage"},"thumbnailUrl":"https:\/\/mebinhminh.fastviet.vn\/wp-content\/uploads\/2025\/02\/binh-chua-chay-sris-4kg-e1722315478344-600x600-1.png","datePublished":"2025-02-10T12:51:05+00:00","dateModified":"2025-03-09T09:42:36+00:00","breadcrumb":{"@id":"https:\/\/mebinhminh.fastviet.vn\/?product=bao-ho-chua-chay-sao-chep#breadcrumb"},"inLanguage":"vi","potentialAction":[{"@type":"ReadAction","target":["https:\/\/mebinhminh.fastviet.vn\/?product=bao-ho-chua-chay-sao-chep"]}]},{"@type":"ImageObject","inLanguage":"vi","@id":"https:\/\/mebinhminh.fastviet.vn\/?product=bao-ho-chua-chay-sao-chep#primaryimage","url":"https:\/\/mebinhminh.fastviet.vn\/wp-content\/uploads\/2025\/02\/binh-chua-chay-sris-4kg-e1722315478344-600x600-1.png","contentUrl":"https:\/\/mebinhminh.fastviet.vn\/wp-content\/uploads\/2025\/02\/binh-chua-chay-sris-4kg-e1722315478344-600x600-1.png","width":600,"height":600},{"@type":"BreadcrumbList","@id":"https:\/\/mebinhminh.fastviet.vn\/?product=bao-ho-chua-chay-sao-chep#breadcrumb","itemListElement":[{"@type":"ListItem","position":1,"name":"Home","item":"https:\/\/mebinhminh.fastviet.vn\/"},{"@type":"ListItem","position":2,"name":"C\u1eeda h\u00e0ng","item":"https:\/\/mebinhminh.fastviet.vn\/?page_id=5"},{"@type":"ListItem","position":3,"name":"B\u00ecnh ch\u1eefa ch\u00e1y SRIS B\u1ed9t ABC MFZL4 4KG"}]},{"@type":"WebSite","@id":"https:\/\/mebinhminh.fastviet.vn\/#website","url":"https:\/\/mebinhminh.fastviet.vn\/","name":"M&amp;E B\u00ccNH MINH","description":"","potentialAction":[{"@type":"SearchAction","target":{"@type":"EntryPoint","urlTemplate":"https:\/\/mebinhminh.fastviet.vn\/?s={search_term_string}"},"query-input":{"@type":"PropertyValueSpecification","valueRequired":true,"valueName":"search_term_string"}}],"inLanguage":"vi"}]}},"jetpack_sharing_enabled":true,"_links":{"self":[{"href":"https:\/\/mebinhminh.fastviet.vn\/index.php?rest_route=\/wp\/v2\/product\/113","targetHints":{"allow":["GET"]}}],"collection":[{"href":"https:\/\/mebinhminh.fastviet.vn\/index.php?rest_route=\/wp\/v2\/product"}],"about":[{"href":"https:\/\/mebinhminh.fastviet.vn\/index.php?rest_route=\/wp\/v2\/types\/product"}],"replies":[{"embeddable":true,"href":"https:\/\/mebinhminh.fastviet.vn\/index.php?rest_route=%2Fwp%2Fv2%2Fcomments&post=113"}],"version-history":[{"count":0,"href":"https:\/\/mebinhminh.fastviet.vn\/index.php?rest_route=\/wp\/v2\/product\/113\/revisions"}],"wp:featuredmedia":[{"embeddable":true,"href":"https:\/\/mebinhminh.fastviet.vn\/index.php?rest_route=\/wp\/v2\/media\/115"}],"wp:attachment":[{"href":"https:\/\/mebinhminh.fastviet.vn\/index.php?rest_route=%2Fwp%2Fv2%2Fmedia&parent=113"}],"wp:term":[{"taxonomy":"product_brand","embeddable":true,"href":"https:\/\/mebinhminh.fastviet.vn\/index.php?rest_route=%2Fwp%2Fv2%2Fproduct_brand&post=113"},{"taxonomy":"product_cat","embeddable":true,"href":"https:\/\/mebinhminh.fastviet.vn\/index.php?rest_route=%2Fwp%2Fv2%2Fproduct_cat&post=113"},{"taxonomy":"product_tag","embeddable":true,"href":"https:\/\/mebinhminh.fastviet.vn\/index.php?rest_route=%2Fwp%2Fv2%2Fproduct_tag&post=113"}],"curies":[{"name":"wp","href":"https:\/\/api.w.org\/{rel}","templated":true}]}}