{"id":600,"date":"2025-02-27T09:49:04","date_gmt":"2025-02-27T02:49:04","guid":{"rendered":"https:\/\/mebinhminh.fastviet.vn\/?post_type=product&#038;p=600"},"modified":"2025-02-27T09:52:18","modified_gmt":"2025-02-27T02:52:18","slug":"binh-chua-chay-co2-mt3-3kg","status":"publish","type":"product","link":"https:\/\/mebinhminh.fastviet.vn\/?product=binh-chua-chay-co2-mt3-3kg","title":{"rendered":"B\u00ccNH CH\u1eeeA CH\u00c1Y CO2 \u2013 MT3, 3KG"},"content":{"rendered":"<table style=\"height: 426px;\" width=\"407\">\n<tbody>\n<tr>\n<td width=\"295\"><strong>T\u00ean hi\u1ec7u<\/strong><\/td>\n<td width=\"295\"><strong>Dragon Carbon Dioxide (CO2)<\/strong><\/td>\n<\/tr>\n<tr>\n<td width=\"295\"><strong>Dung t\u00edch b\u00ecnh<\/strong><\/td>\n<td width=\"295\"><strong>4.5 lit<\/strong><\/td>\n<\/tr>\n<tr>\n<td width=\"295\"><strong>Kh\u1ea3 n\u0103ng ch\u1eefa ch\u00e1y<\/strong><\/td>\n<td width=\"295\"><strong>M\u00e1y m\u00f3c, c\u00e1c thi\u1ebft b\u1ecb<\/strong><\/td>\n<\/tr>\n<tr>\n<td width=\"295\"><strong>Nhi\u1ec7t \u0111\u1ed9 ho\u1ea1t \u0111\u1ed9ng<\/strong><\/td>\n<td width=\"295\"><strong>-30<sup>0<\/sup>C\u00a0 to +60<sup>0<\/sup>C<\/strong><\/td>\n<\/tr>\n<tr>\n<td width=\"295\"><strong>Th\u1eddi gian phun<\/strong><\/td>\n<td width=\"295\"><strong>30s<\/strong><\/td>\n<\/tr>\n<tr>\n<td width=\"295\"><strong>\u00c1p xu\u1ea5t th\u1eed<\/strong><\/td>\n<td width=\"295\"><strong>22.5mpa<\/strong><\/td>\n<\/tr>\n<tr>\n<td width=\"295\"><strong>\u00c1p xu\u1ea5t l\u00e0m vi\u1ec7c<\/strong><\/td>\n<td width=\"295\"><strong>15mpa (+20<sup>0<\/sup>c)<\/strong><\/td>\n<\/tr>\n<tr>\n<td width=\"295\"><strong>Chi\u1ec1u cao<\/strong><\/td>\n<td width=\"295\"><strong>510<\/strong><\/td>\n<\/tr>\n<tr>\n<td width=\"295\"><strong>Ch\u1ea5t li\u1ec7u van<\/strong><\/td>\n<td width=\"295\"><strong>\u0110\u1ed3ng<\/strong><\/td>\n<\/tr>\n<tr>\n<td width=\"295\"><strong>V\u1ecf b\u00ecnh d\u1ea7y<\/strong><\/td>\n<td width=\"295\"><strong>4.0mm<\/strong><\/td>\n<\/tr>\n<tr>\n<td width=\"295\"><strong>Th\u00e2n b\u00ecnh<\/strong><\/td>\n<td width=\"295\"><strong>\u0110\u00fac li\u1ec1n<\/strong><\/td>\n<\/tr>\n<tr>\n<td width=\"295\"><strong>D\u00e2y loa phun<\/strong><\/td>\n<td width=\"295\"><strong>Nh\u1ef1a c\u1ee9ng<\/strong><\/td>\n<\/tr>\n<tr>\n<td width=\"295\"><strong>T\u1ea7m phun<\/strong><\/td>\n<td width=\"295\"><strong>1.5m<\/strong><\/td>\n<\/tr>\n<tr>\n<td width=\"295\"><strong>M\u1ea7u s\u01a1n<\/strong><\/td>\n<td width=\"295\"><strong>\u0110\u1ecf<\/strong><\/td>\n<\/tr>\n<tr>\n<td width=\"295\"><strong>Tr\u1ecdng l\u01b0\u1ee3ng v\u1ecf b\u00ecnh<\/strong><\/td>\n<td width=\"295\"><strong>7.2kg<\/strong><\/td>\n<\/tr>\n<\/tbody>\n<\/table>\n","protected":false},"excerpt":{"rendered":"<p>B\u00ecnh ch\u1eefa ch\u00e1y th\u01b0\u01a1ng hi\u1ec7u DRAGON lo\u1ea1i kh\u00ed CO2- 3kg c\u00f3 l\u1edbp v\u1ecf \u0111\u01b0\u1ee3c l\u00e0m b\u1eb1ng th\u00e9p ch\u1ecbu l\u1ef1c cao, thi\u1ebft k\u1ebf h\u00ecnh tr\u1ee5, b\u00ean trong l\u00e0 kh\u00ed CO2 nguy\u00ean ch\u1ea5t \u0111\u01b0\u1ee3c n\u00e9n v\u00e0o b\u00ecnh v\u1edbi \u00e1p su\u1ea5t cao, lu\u00f4n \u1edf d\u1ea1ng l\u1ecfng. Lo\u1ea1i b\u00ecnh \u0111\u01b0\u1ee3c s\u1eed d\u1ee5ng r\u1ed9ng r\u00e3i trong c\u00e1c c\u00f4ng tr\u00ecnh nh\u01b0 nh\u00e0 \u1edf, v\u0103n ph\u00f2ng, c\u00f4ng ty, x\u00ed nghi\u1ec7p, tr\u1ea1m x\u0103ng, kh\u00e1ch s\u1ea1n\u2026 v\u1edbi quy m\u00f4 nh\u1ecf. Ph\u1ea1m vi ch\u1eefa ch\u00e1y c\u1ee7a b\u00ecnh CO2 bao g\u1ed3m c\u00e1c ch\u1ea5t l\u1ecfng d\u1ec5 ch\u00e1y nh\u01b0: x\u0103ng, d\u1ea7u, kh\u00ed gas, \u0111i\u1ec7n\u2026 v\u00e0 sau khi d\u1eadp t\u1eaft \u0111\u00e1m ch\u00e1y ch\u1ea5t ch\u1eefa ch\u00e1y s\u1ebd t\u1ef1 bay h\u01a1i.<\/p>\n","protected":false},"featured_media":601,"comment_status":"open","ping_status":"closed","template":"","meta":[],"product_brand":[54],"product_cat":[19],"product_tag":[57,55,56],"class_list":{"0":"post-600","1":"product","2":"type-product","3":"status-publish","4":"has-post-thumbnail","6":"product_brand-dragon-carbon-dioxide","7":"product_cat-binh-chua-chay","8":"product_tag-cac-thiet-bi","9":"product_tag-dragon-carbon-dioxide","10":"product_tag-may-moc","12":"first","13":"instock","14":"taxable","15":"shipping-taxable","16":"purchasable","17":"product-type-simple"},"yoast_head":"<!-- This site is optimized with the Yoast SEO plugin v24.3 - https:\/\/yoast.com\/wordpress\/plugins\/seo\/ -->\n<title>B\u00ccNH CH\u1eeeA CH\u00c1Y CO2 \u2013 MT3, 3KG - M&amp;E B\u00ccNH MINH<\/title>\n<meta name=\"robots\" content=\"index, follow, max-snippet:-1, max-image-preview:large, max-video-preview:-1\" \/>\n<link rel=\"canonical\" href=\"https:\/\/mebinhminh.fastviet.vn\/?product=binh-chua-chay-co2-mt3-3kg\" \/>\n<meta property=\"og:locale\" content=\"vi_VN\" \/>\n<meta property=\"og:type\" content=\"article\" \/>\n<meta property=\"og:title\" content=\"B\u00ccNH CH\u1eeeA CH\u00c1Y CO2 \u2013 MT3, 3KG - M&amp;E B\u00ccNH MINH\" \/>\n<meta property=\"og:description\" content=\"B\u00ecnh ch\u1eefa ch\u00e1y th\u01b0\u01a1ng hi\u1ec7u DRAGON lo\u1ea1i kh\u00ed CO2- 3kg c\u00f3 l\u1edbp v\u1ecf \u0111\u01b0\u1ee3c l\u00e0m b\u1eb1ng th\u00e9p ch\u1ecbu l\u1ef1c cao, thi\u1ebft k\u1ebf h\u00ecnh tr\u1ee5, b\u00ean trong l\u00e0 kh\u00ed CO2 nguy\u00ean ch\u1ea5t \u0111\u01b0\u1ee3c n\u00e9n v\u00e0o b\u00ecnh v\u1edbi \u00e1p su\u1ea5t cao, lu\u00f4n \u1edf d\u1ea1ng l\u1ecfng. Lo\u1ea1i b\u00ecnh \u0111\u01b0\u1ee3c s\u1eed d\u1ee5ng r\u1ed9ng r\u00e3i trong c\u00e1c c\u00f4ng tr\u00ecnh nh\u01b0 nh\u00e0 \u1edf, v\u0103n ph\u00f2ng, c\u00f4ng ty, x\u00ed nghi\u1ec7p, tr\u1ea1m x\u0103ng, kh\u00e1ch s\u1ea1n\u2026 v\u1edbi quy m\u00f4 nh\u1ecf. Ph\u1ea1m vi ch\u1eefa ch\u00e1y c\u1ee7a b\u00ecnh CO2 bao g\u1ed3m c\u00e1c ch\u1ea5t l\u1ecfng d\u1ec5 ch\u00e1y nh\u01b0: x\u0103ng, d\u1ea7u, kh\u00ed gas, \u0111i\u1ec7n\u2026 v\u00e0 sau khi d\u1eadp t\u1eaft \u0111\u00e1m ch\u00e1y ch\u1ea5t ch\u1eefa ch\u00e1y s\u1ebd t\u1ef1 bay h\u01a1i.\" \/>\n<meta property=\"og:url\" content=\"https:\/\/mebinhminh.fastviet.vn\/?product=binh-chua-chay-co2-mt3-3kg\" \/>\n<meta property=\"og:site_name\" content=\"M&amp;E B\u00ccNH MINH\" \/>\n<meta property=\"article:modified_time\" content=\"2025-02-27T02:52:18+00:00\" \/>\n<meta property=\"og:image\" content=\"https:\/\/mebinhminh.fastviet.vn\/wp-content\/uploads\/2025\/02\/5-binh-chua-chay-dragon-co2-mt3-eb3a62c7-d828-4735-9145-898d1a655ec7.jpg\" \/>\n\t<meta property=\"og:image:width\" content=\"500\" \/>\n\t<meta property=\"og:image:height\" content=\"500\" \/>\n\t<meta property=\"og:image:type\" content=\"image\/jpeg\" \/>\n<meta name=\"twitter:card\" content=\"summary_large_image\" \/>\n<script type=\"application\/ld+json\" class=\"yoast-schema-graph\">{\"@context\":\"https:\/\/schema.org\",\"@graph\":[{\"@type\":\"WebPage\",\"@id\":\"https:\/\/mebinhminh.fastviet.vn\/?product=binh-chua-chay-co2-mt3-3kg\",\"url\":\"https:\/\/mebinhminh.fastviet.vn\/?product=binh-chua-chay-co2-mt3-3kg\",\"name\":\"B\u00ccNH CH\u1eeeA CH\u00c1Y CO2 \u2013 MT3, 3KG - M&amp;E B\u00ccNH MINH\",\"isPartOf\":{\"@id\":\"https:\/\/mebinhminh.fastviet.vn\/#website\"},\"primaryImageOfPage\":{\"@id\":\"https:\/\/mebinhminh.fastviet.vn\/?product=binh-chua-chay-co2-mt3-3kg#primaryimage\"},\"image\":{\"@id\":\"https:\/\/mebinhminh.fastviet.vn\/?product=binh-chua-chay-co2-mt3-3kg#primaryimage\"},\"thumbnailUrl\":\"https:\/\/mebinhminh.fastviet.vn\/wp-content\/uploads\/2025\/02\/5-binh-chua-chay-dragon-co2-mt3-eb3a62c7-d828-4735-9145-898d1a655ec7.jpg\",\"datePublished\":\"2025-02-27T02:49:04+00:00\",\"dateModified\":\"2025-02-27T02:52:18+00:00\",\"breadcrumb\":{\"@id\":\"https:\/\/mebinhminh.fastviet.vn\/?product=binh-chua-chay-co2-mt3-3kg#breadcrumb\"},\"inLanguage\":\"vi\",\"potentialAction\":[{\"@type\":\"ReadAction\",\"target\":[\"https:\/\/mebinhminh.fastviet.vn\/?product=binh-chua-chay-co2-mt3-3kg\"]}]},{\"@type\":\"ImageObject\",\"inLanguage\":\"vi\",\"@id\":\"https:\/\/mebinhminh.fastviet.vn\/?product=binh-chua-chay-co2-mt3-3kg#primaryimage\",\"url\":\"https:\/\/mebinhminh.fastviet.vn\/wp-content\/uploads\/2025\/02\/5-binh-chua-chay-dragon-co2-mt3-eb3a62c7-d828-4735-9145-898d1a655ec7.jpg\",\"contentUrl\":\"https:\/\/mebinhminh.fastviet.vn\/wp-content\/uploads\/2025\/02\/5-binh-chua-chay-dragon-co2-mt3-eb3a62c7-d828-4735-9145-898d1a655ec7.jpg\",\"width\":500,\"height\":500,\"caption\":\"B\u00ecnh c\u1ee9u h\u1ecfa kh\u00ed CO2 5 kg\"},{\"@type\":\"BreadcrumbList\",\"@id\":\"https:\/\/mebinhminh.fastviet.vn\/?product=binh-chua-chay-co2-mt3-3kg#breadcrumb\",\"itemListElement\":[{\"@type\":\"ListItem\",\"position\":1,\"name\":\"Home\",\"item\":\"https:\/\/mebinhminh.fastviet.vn\/\"},{\"@type\":\"ListItem\",\"position\":2,\"name\":\"C\u1eeda h\u00e0ng\",\"item\":\"https:\/\/mebinhminh.fastviet.vn\/?page_id=5\"},{\"@type\":\"ListItem\",\"position\":3,\"name\":\"B\u00ccNH CH\u1eeeA CH\u00c1Y CO2 \u2013 MT3, 3KG\"}]},{\"@type\":\"WebSite\",\"@id\":\"https:\/\/mebinhminh.fastviet.vn\/#website\",\"url\":\"https:\/\/mebinhminh.fastviet.vn\/\",\"name\":\"M&amp;E B\u00ccNH MINH\",\"description\":\"\",\"potentialAction\":[{\"@type\":\"SearchAction\",\"target\":{\"@type\":\"EntryPoint\",\"urlTemplate\":\"https:\/\/mebinhminh.fastviet.vn\/?s={search_term_string}\"},\"query-input\":{\"@type\":\"PropertyValueSpecification\",\"valueRequired\":true,\"valueName\":\"search_term_string\"}}],\"inLanguage\":\"vi\"}]}<\/script>\n<!-- \/ Yoast SEO plugin. -->","yoast_head_json":{"title":"B\u00ccNH CH\u1eeeA CH\u00c1Y CO2 \u2013 MT3, 3KG - M&amp;E B\u00ccNH MINH","robots":{"index":"index","follow":"follow","max-snippet":"max-snippet:-1","max-image-preview":"max-image-preview:large","max-video-preview":"max-video-preview:-1"},"canonical":"https:\/\/mebinhminh.fastviet.vn\/?product=binh-chua-chay-co2-mt3-3kg","og_locale":"vi_VN","og_type":"article","og_title":"B\u00ccNH CH\u1eeeA CH\u00c1Y CO2 \u2013 MT3, 3KG - M&amp;E B\u00ccNH MINH","og_description":"B\u00ecnh ch\u1eefa ch\u00e1y th\u01b0\u01a1ng hi\u1ec7u DRAGON lo\u1ea1i kh\u00ed CO2- 3kg c\u00f3 l\u1edbp v\u1ecf \u0111\u01b0\u1ee3c l\u00e0m b\u1eb1ng th\u00e9p ch\u1ecbu l\u1ef1c cao, thi\u1ebft k\u1ebf h\u00ecnh tr\u1ee5, b\u00ean trong l\u00e0 kh\u00ed CO2 nguy\u00ean ch\u1ea5t \u0111\u01b0\u1ee3c n\u00e9n v\u00e0o b\u00ecnh v\u1edbi \u00e1p su\u1ea5t cao, lu\u00f4n \u1edf d\u1ea1ng l\u1ecfng. Lo\u1ea1i b\u00ecnh \u0111\u01b0\u1ee3c s\u1eed d\u1ee5ng r\u1ed9ng r\u00e3i trong c\u00e1c c\u00f4ng tr\u00ecnh nh\u01b0 nh\u00e0 \u1edf, v\u0103n ph\u00f2ng, c\u00f4ng ty, x\u00ed nghi\u1ec7p, tr\u1ea1m x\u0103ng, kh\u00e1ch s\u1ea1n\u2026 v\u1edbi quy m\u00f4 nh\u1ecf. Ph\u1ea1m vi ch\u1eefa ch\u00e1y c\u1ee7a b\u00ecnh CO2 bao g\u1ed3m c\u00e1c ch\u1ea5t l\u1ecfng d\u1ec5 ch\u00e1y nh\u01b0: x\u0103ng, d\u1ea7u, kh\u00ed gas, \u0111i\u1ec7n\u2026 v\u00e0 sau khi d\u1eadp t\u1eaft \u0111\u00e1m ch\u00e1y ch\u1ea5t ch\u1eefa ch\u00e1y s\u1ebd t\u1ef1 bay h\u01a1i.","og_url":"https:\/\/mebinhminh.fastviet.vn\/?product=binh-chua-chay-co2-mt3-3kg","og_site_name":"M&amp;E B\u00ccNH MINH","article_modified_time":"2025-02-27T02:52:18+00:00","og_image":[{"width":500,"height":500,"url":"https:\/\/mebinhminh.fastviet.vn\/wp-content\/uploads\/2025\/02\/5-binh-chua-chay-dragon-co2-mt3-eb3a62c7-d828-4735-9145-898d1a655ec7.jpg","type":"image\/jpeg"}],"twitter_card":"summary_large_image","schema":{"@context":"https:\/\/schema.org","@graph":[{"@type":"WebPage","@id":"https:\/\/mebinhminh.fastviet.vn\/?product=binh-chua-chay-co2-mt3-3kg","url":"https:\/\/mebinhminh.fastviet.vn\/?product=binh-chua-chay-co2-mt3-3kg","name":"B\u00ccNH CH\u1eeeA CH\u00c1Y CO2 \u2013 MT3, 3KG - M&amp;E B\u00ccNH MINH","isPartOf":{"@id":"https:\/\/mebinhminh.fastviet.vn\/#website"},"primaryImageOfPage":{"@id":"https:\/\/mebinhminh.fastviet.vn\/?product=binh-chua-chay-co2-mt3-3kg#primaryimage"},"image":{"@id":"https:\/\/mebinhminh.fastviet.vn\/?product=binh-chua-chay-co2-mt3-3kg#primaryimage"},"thumbnailUrl":"https:\/\/mebinhminh.fastviet.vn\/wp-content\/uploads\/2025\/02\/5-binh-chua-chay-dragon-co2-mt3-eb3a62c7-d828-4735-9145-898d1a655ec7.jpg","datePublished":"2025-02-27T02:49:04+00:00","dateModified":"2025-02-27T02:52:18+00:00","breadcrumb":{"@id":"https:\/\/mebinhminh.fastviet.vn\/?product=binh-chua-chay-co2-mt3-3kg#breadcrumb"},"inLanguage":"vi","potentialAction":[{"@type":"ReadAction","target":["https:\/\/mebinhminh.fastviet.vn\/?product=binh-chua-chay-co2-mt3-3kg"]}]},{"@type":"ImageObject","inLanguage":"vi","@id":"https:\/\/mebinhminh.fastviet.vn\/?product=binh-chua-chay-co2-mt3-3kg#primaryimage","url":"https:\/\/mebinhminh.fastviet.vn\/wp-content\/uploads\/2025\/02\/5-binh-chua-chay-dragon-co2-mt3-eb3a62c7-d828-4735-9145-898d1a655ec7.jpg","contentUrl":"https:\/\/mebinhminh.fastviet.vn\/wp-content\/uploads\/2025\/02\/5-binh-chua-chay-dragon-co2-mt3-eb3a62c7-d828-4735-9145-898d1a655ec7.jpg","width":500,"height":500,"caption":"B\u00ecnh c\u1ee9u h\u1ecfa kh\u00ed CO2 5 kg"},{"@type":"BreadcrumbList","@id":"https:\/\/mebinhminh.fastviet.vn\/?product=binh-chua-chay-co2-mt3-3kg#breadcrumb","itemListElement":[{"@type":"ListItem","position":1,"name":"Home","item":"https:\/\/mebinhminh.fastviet.vn\/"},{"@type":"ListItem","position":2,"name":"C\u1eeda h\u00e0ng","item":"https:\/\/mebinhminh.fastviet.vn\/?page_id=5"},{"@type":"ListItem","position":3,"name":"B\u00ccNH CH\u1eeeA CH\u00c1Y CO2 \u2013 MT3, 3KG"}]},{"@type":"WebSite","@id":"https:\/\/mebinhminh.fastviet.vn\/#website","url":"https:\/\/mebinhminh.fastviet.vn\/","name":"M&amp;E B\u00ccNH MINH","description":"","potentialAction":[{"@type":"SearchAction","target":{"@type":"EntryPoint","urlTemplate":"https:\/\/mebinhminh.fastviet.vn\/?s={search_term_string}"},"query-input":{"@type":"PropertyValueSpecification","valueRequired":true,"valueName":"search_term_string"}}],"inLanguage":"vi"}]}},"jetpack_sharing_enabled":true,"_links":{"self":[{"href":"https:\/\/mebinhminh.fastviet.vn\/index.php?rest_route=\/wp\/v2\/product\/600","targetHints":{"allow":["GET"]}}],"collection":[{"href":"https:\/\/mebinhminh.fastviet.vn\/index.php?rest_route=\/wp\/v2\/product"}],"about":[{"href":"https:\/\/mebinhminh.fastviet.vn\/index.php?rest_route=\/wp\/v2\/types\/product"}],"replies":[{"embeddable":true,"href":"https:\/\/mebinhminh.fastviet.vn\/index.php?rest_route=%2Fwp%2Fv2%2Fcomments&post=600"}],"version-history":[{"count":3,"href":"https:\/\/mebinhminh.fastviet.vn\/index.php?rest_route=\/wp\/v2\/product\/600\/revisions"}],"predecessor-version":[{"id":605,"href":"https:\/\/mebinhminh.fastviet.vn\/index.php?rest_route=\/wp\/v2\/product\/600\/revisions\/605"}],"wp:featuredmedia":[{"embeddable":true,"href":"https:\/\/mebinhminh.fastviet.vn\/index.php?rest_route=\/wp\/v2\/media\/601"}],"wp:attachment":[{"href":"https:\/\/mebinhminh.fastviet.vn\/index.php?rest_route=%2Fwp%2Fv2%2Fmedia&parent=600"}],"wp:term":[{"taxonomy":"product_brand","embeddable":true,"href":"https:\/\/mebinhminh.fastviet.vn\/index.php?rest_route=%2Fwp%2Fv2%2Fproduct_brand&post=600"},{"taxonomy":"product_cat","embeddable":true,"href":"https:\/\/mebinhminh.fastviet.vn\/index.php?rest_route=%2Fwp%2Fv2%2Fproduct_cat&post=600"},{"taxonomy":"product_tag","embeddable":true,"href":"https:\/\/mebinhminh.fastviet.vn\/index.php?rest_route=%2Fwp%2Fv2%2Fproduct_tag&post=600"}],"curies":[{"name":"wp","href":"https:\/\/api.w.org\/{rel}","templated":true}]}}