{"id":606,"date":"2025-02-27T10:05:14","date_gmt":"2025-02-27T03:05:14","guid":{"rendered":"https:\/\/mebinhminh.fastviet.vn\/?post_type=product&#038;p=606"},"modified":"2025-02-27T10:21:26","modified_gmt":"2025-02-27T03:21:26","slug":"quan-ao-chong-chay-han-quoc-ktfsn700","status":"publish","type":"product","link":"https:\/\/mebinhminh.fastviet.vn\/?product=quan-ao-chong-chay-han-quoc-ktfsn700","title":{"rendered":"Qu\u1ea7n \u00e1o ch\u1ed1ng ch\u00e1y H\u00e0n Qu\u1ed1c KTFSN700"},"content":{"rendered":"<p dir=\"ltr\">\n<p dir=\"ltr\"><a title=\"Qu\u1ea7n \u00e1o ch\u1ed1ng ch\u00e1y H\u00e0n Qu\u1ed1c ECO3D\" href=\"https:\/\/eco3d.vn\/san-pham\/quan-ao-chong-chay-han-quoc-KTFSN700\"><img fetchpriority=\"high\" decoding=\"async\" src=\"https:\/\/eco3d.vn\/Images\/null\/2312170656-quan-ao-chong-chay-Han-Quoc-FTFSN700-2.png\" alt=\"Qu\u1ea7n \u00e1o ch\u1ed1ng ch\u00e1y H\u00e0n Qu\u1ed1c KTFSN700\" width=\"400\" height=\"400\" \/><\/a><\/p>\n<p dir=\"ltr\"><em>Qu\u1ea7n \u00e1o ch\u1ed1ng ch\u00e1y H\u00e0n Qu\u1ed1c KTFSN700<\/em><\/p>\n<h3 dir=\"ltr\">Th\u00f4ng s\u1ed1 k\u1ef9 thu\u1eadt s\u1ea3n ph\u1ea9m<\/h3>\n<p dir=\"ltr\">\u2756 <strong>Qu\u1ea7n \u00e1o ch\u1ed1ng ch\u00e1y H\u00e0n Qu\u1ed1c KTFSN700<\/strong> c\u00f3 tr\u1ecdng l\u01b0\u1ee3ng kho\u1ea3ng 3kg\/b\u1ed9 t\u00f9y thu\u1ed9c v\u00e0o k\u00edch c\u1ee1.<\/p>\n<p dir=\"ltr\">\u2756 Ch\u1ea5t li\u1ec7u v\u1ea3i Nomex c\u00f3 4 l\u1edbp: L\u1edbp ch\u1ed1ng ch\u00e1y Nomex, l\u1edbp c\u00e1ch nhi\u1ec7t ch\u1ecbu l\u1eeda Aramid, l\u1edbp ch\u1ed1ng th\u1ea5m Anti Static, l\u1edbp l\u00f3t tho\u00e1ng kh\u00ed Viscose b\u00ean trong.<\/p>\n<p dir=\"ltr\">\u2756 S\u1ea3n ph\u1ea9m c\u00f3 kh\u1ea3 n\u0103ng ch\u1ecbu \u0111\u01b0\u1ee3c nhi\u1ec7t \u0111\u1ed9 t\u1eeb 500\u00b0C l\u00ean \u0111\u1ebfn 700\u00b0C. Th\u1eddi gian ch\u1ecbu \u0111\u01b0\u1ee3c ng\u1ecdn l\u1eeda tr\u1ea7n t\u1eeb 2 \u0111\u1ebfn 7 gi\u00e2y.<\/p>\n<p dir=\"ltr\">\u2756 \u0110\u1ed9 b\u1ec1n c\u1ee7a v\u1ea3i Nomex cao, kh\u00f4ng b\u1ecb co r\u00fat, phai m\u00e0u hay bi\u1ebfn d\u1ea1ng khi ti\u1ebfp x\u00fac v\u1edbi nhi\u1ec7t, h\u00f3a ch\u1ea5t hay tia UV.<\/p>\n<p dir=\"ltr\">\u2756 S\u1ea3n ph\u1ea9m c\u00f3 ch\u1ee9ng ch\u1ec9 ISO 9001:2008 v\u00e0 EN469:2005 \u0111\u1ea3m b\u1ea3o ch\u1ea5t l\u01b0\u1ee3ng v\u00e0 ti\u00eau chu\u1ea9n qu\u1ed1c t\u1ebf.<\/p>\n<h3 dir=\"ltr\">C\u1ea5u t\u1ea1o c\u1ee7a s\u1ea3n ph\u1ea9m<\/h3>\n<p dir=\"ltr\">\u2756 \u00c1o<\/p>\n<p>\u25cf Ph\u1ea7n tay \u00e1o: c\u00f3 l\u1edbp thun bo b\u00ean trong \u1ed1ng tay r\u1ed9ng 5cm, ph\u1ea3i c\u00f3 d\u00e2y l\u1ed3ng v\u00e0o ng\u00f3n tay c\u00e1i \u0111\u1ec3 kh\u00f4ng b\u1ecb co tay \u00e1o khi l\u00e0m vi\u1ec7c.<\/p>\n<p>\u25cf Ph\u00e2\u0300n cu\u0300i cho\u0309: \u0111\u01b0\u1ee3c gia c\u1ed1 th\u00eam 1 l\u01a1\u0301p v\u1ea3i hi\u0300nh b\u00e2\u0300u du\u0323c ch\u00f4\u0301ng ma\u0300i mo\u0300n ph\u00eda ngo\u00e0i.<\/p>\n<p>\u25cf Ph\u1ea3n quang ngang: Tr\u00ean \u00e1o ph\u1ea3i c\u00f3 3 v\u1ea1ch pha\u0309n quang ngang v\u1edbi 3 m\u00e0u kh\u00e1c nhau g\u1ed3m v\u1ea1ch x\u00e1m 5cm v\u00e0 v\u1ea1ch v\u00e0ng 5cm.<\/p>\n<p>\u25cf Ph\u1ea3n quang d\u1ecdc: Tr\u00ean \u00e1o ph\u1ea3i c\u00f3 2 v\u1ea1ch pha\u0309n quang do\u0323c th\u00e2n tr\u01b0\u01a1\u0301c+ 2 v\u1ea1ch pha\u0309n quang do\u0323c th\u00e2n sau lo\u1ea1i r\u1ed9ng 5cm.<\/p>\n<p>\u25cf C\u00f3 t\u00fai \u0111\u1ef1ng b\u1ed9 \u0111\u00e0m.<\/p>\n<p>\u25cf G\u00e2\u0301u a\u0301o: Toa\u0300n b\u00f4\u0323 la\u0300 ch\u00e2\u0301t li\u00ea\u0323u nhung Kleva ma\u0300u \u0111en, r\u00f4\u0323ng 3cm be\u0309 cu\u00f4\u0323n.<\/p>\n<p dir=\"ltr\">\u2756 Qu\u1ea7n<\/p>\n<p>\u25cf C\u00f3 2 t\u00fai h\u1ed9p b\u00ean h\u00f4ng qu\u1ea7n<\/p>\n<p>\u25cf \u0110\u1ea7u g\u1ed1i: \u0111\u01b0\u1ee3c gia c\u1ed1 th\u00eam 1 l\u01a1\u0301p v\u1ea3i va\u0309i hi\u0300nh ch\u01b0\u0303 nh\u00e2\u0323t \u0111\u1ec3 ch\u00f4\u0301ng ma\u0300i mo\u0300n.<\/p>\n<p>\u25cf Ph\u1ea7n l\u01b0ng qu\u1ea7n nh\u00f4 cao 10cm, \u0111\u01b0\u1ee3c g\u1eafn v\u1edbi hai d\u00e2y \u0111eo vai. D\u00e2y \u0111eo k\u00ea\u0301t n\u00f4\u0301i v\u01a1\u0301i nhau b\u0103\u0300ng \u0111ai da ch\u00f4\u0301ng c\u0103\u0301t.<\/p>\n<p>\u25cf G\u00e2\u0301u qu\u00e2\u0300n: Toa\u0300n b\u00f4\u0323 la\u0300 ch\u00e2\u0301t li\u00ea\u0323u nhung Kleva ma\u0300u \u0111en, r\u00f4\u0323ng 3cm be\u0309 cu\u00f4\u0323n, \u00bd chun, \u00bd ca\u0323p.<\/p>\n<p>\u25cf Ph\u1ea3n quang: Y\u00eau c\u1ea7u tr\u00ean qu\u1ea7n ph\u1ea3i c\u00f3 4 v\u1ea1ch ph\u1ea3n quang: 1 d\u00e3y ph\u1ea3n quang v\u00e0ng r\u1ed9ng 5cm v\u00e0 m\u1ed9t d\u00e3y 2 so\u0323c va\u0300ng 1 so\u0323c xa\u0301m r\u1ed9ng 5cm.<\/p>\n<p>\u25cf K\u00edch c\u1ee1: Size EU (S &#8211; cho ng\u01b0\u01a1\u0300i 65kg; M cho ng\u01b0\u01a1\u0300i 75kg; L cho ng\u01b0\u01a1\u0300i 85kg)<\/p>\n<p>&nbsp;<\/p>\n<p dir=\"ltr\">\u2756 T\u00fai \u0111\u1ef1ng<\/p>\n<p dir=\"ltr\">K\u00edch th\u01b0\u1edbc 50*20*35cm \u0111\u1ecf, ph\u1ea3i th\u1ec3 hi\u1ec7n t\u00ean, \u0111\u1ecba ch\u1ec9 nh\u00e0 s\u1ea3n xu\u1ea5t tr\u00ean t\u00fai.<\/p>\n<p dir=\"ltr\"><img decoding=\"async\" src=\"https:\/\/eco3d.vn\/Images\/null\/2312170634-quan-ao-chong-chay-Han-Quoc-FTFSN700-3.png\" alt=\"Qu\u1ea7n \u00e1o ch\u1ed1ng ch\u00e1y H\u00e0n Qu\u1ed1c KTFSN700\" width=\"400\" height=\"400\" \/><\/p>\n<h2 dir=\"ltr\"><strong>L\u1ee2I \u00cdCH V\u00c0 T\u00cdNH N\u0102NG C\u1ee6A QU\u1ea6N \u00c1O CH\u1ed0NG CH\u00c1Y H\u00c0N QU\u1ed0C KTFSN700<\/strong><\/h2>\n<p>\u2714 B\u1ea3o v\u1ec7 ng\u01b0\u1eddi s\u1eed d\u1ee5ng kh\u1ecfi c\u00e1c nguy c\u01a1 b\u1ecb ch\u00e1y n\u1ed5, b\u1ecfng, \u1ea3nh h\u01b0\u1edfng x\u1ea5u b\u1edfi nhi\u1ec7t \u0111\u1ed9 cao, h\u00f3a ch\u1ea5t.<\/p>\n<p>\u2714 S\u1ea3n ph\u1ea9m \u0111\u01b0\u1ee3c thi\u1ebft k\u1ebf th\u00f4ng minh, ti\u1ec7n d\u1ee5ng, d\u1ec5 d\u00e0ng m\u1eb7c v\u00e0o v\u00e0 th\u00e1o ra.<\/p>\n<p>\u2714 Ch\u1ea5t li\u1ec7u v\u1ea3i Nomex m\u1ec1m, tho\u00e1ng m\u00e1t, nh\u1eb9, kh\u00f4ng g\u00e2y k\u00edch \u1ee9ng da.<\/p>\n<p>\u2714 Ph\u00f9 h\u1ee3p v\u1edbi nhi\u1ec1u l\u0129nh v\u1ef1c kh\u00e1c nhau nh\u01b0: l\u00ednh c\u1ee9u h\u1ed9, c\u1ee9u h\u1ecfa, khai th\u00e1c c\u00f4ng nghi\u1ec7p,.<\/p>\n","protected":false},"excerpt":{"rendered":"<p dir=\"ltr\"><strong><a title=\"Qu\u1ea7n \u00e1o ch\u1ed1ng ch\u00e1y H\u00e0n Qu\u1ed1c KTFSN700\" href=\"https:\/\/eco3d.vn\/san-pham\/quan-ao-chong-chay-han-quoc-KTFSN700\">Qu\u1ea7n \u00e1o ch\u1ed1ng ch\u00e1y H\u00e0n Qu\u1ed1c KTFSN700<\/a><\/strong> l\u00e0 m\u1ed9t s\u1ea3n ph\u1ea9m c\u1ee7a h\u00e3ng KT FIRE Corporation, m\u1ed9t t\u1eadp \u0111o\u00e0n chuy\u00ean s\u1ea3n xu\u1ea5t <strong><a title=\"thi\u1ebft b\u1ecb ph\u00f2ng ch\u00e1y ch\u1eefa ch\u00e1y ECO3D\" href=\"https:\/\/eco3d.vn\/nganh-hang\/phong-chay-chua-chay\">thi\u1ebft b\u1ecb ph\u00f2ng ch\u00e1y ch\u1eefa ch\u00e1y<\/a><\/strong> v\u00e0 c\u1ee9u h\u1ed9 c\u1ee9u n\u1ea1n H\u00e0n Qu\u1ed1c. S\u1ea3n ph\u1ea9m n\u00e0y \u0111\u01b0\u1ee3c l\u00e0m t\u1eeb ch\u1ea5t li\u1ec7u v\u1ea3i Nomex ch\u1ed1ng ch\u00e1y, c\u00e1ch nhi\u1ec7t v\u00e0 c\u00f3 kh\u1ea3 n\u0103ng ch\u1ecbu \u0111\u01b0\u1ee3c nhi\u1ec7t \u0111\u1ed9 cao l\u00ean \u0111\u1ebfn 700\u00b0C.<\/p>\n","protected":false},"featured_media":607,"comment_status":"open","ping_status":"closed","template":"","meta":[],"product_brand":[58,59],"product_cat":[18],"product_tag":[60],"class_list":{"0":"post-606","1":"product","2":"type-product","3":"status-publish","4":"has-post-thumbnail","6":"product_brand-han-quoc-ktfsn","7":"product_brand-kt-fire-corporation","8":"product_cat-bao-ho","9":"product_tag-han-quoc-ktfsn700","11":"first","12":"instock","13":"taxable","14":"shipping-taxable","15":"purchasable","16":"product-type-simple"},"yoast_head":"<!-- This site is optimized with the Yoast SEO plugin v24.3 - https:\/\/yoast.com\/wordpress\/plugins\/seo\/ -->\n<title>Qu\u1ea7n \u00e1o ch\u1ed1ng ch\u00e1y H\u00e0n Qu\u1ed1c KTFSN700 - M&amp;E B\u00ccNH MINH<\/title>\n<meta name=\"robots\" content=\"index, follow, max-snippet:-1, max-image-preview:large, max-video-preview:-1\" \/>\n<link rel=\"canonical\" href=\"https:\/\/mebinhminh.fastviet.vn\/?product=quan-ao-chong-chay-han-quoc-ktfsn700\" \/>\n<meta property=\"og:locale\" content=\"vi_VN\" \/>\n<meta property=\"og:type\" content=\"article\" \/>\n<meta property=\"og:title\" content=\"Qu\u1ea7n \u00e1o ch\u1ed1ng ch\u00e1y H\u00e0n Qu\u1ed1c KTFSN700 - M&amp;E B\u00ccNH MINH\" \/>\n<meta property=\"og:description\" content=\"Qu\u1ea7n \u00e1o ch\u1ed1ng ch\u00e1y H\u00e0n Qu\u1ed1c KTFSN700 l\u00e0 m\u1ed9t s\u1ea3n ph\u1ea9m c\u1ee7a h\u00e3ng KT FIRE Corporation, m\u1ed9t t\u1eadp \u0111o\u00e0n chuy\u00ean s\u1ea3n xu\u1ea5t thi\u1ebft b\u1ecb ph\u00f2ng ch\u00e1y ch\u1eefa ch\u00e1y v\u00e0 c\u1ee9u h\u1ed9 c\u1ee9u n\u1ea1n H\u00e0n Qu\u1ed1c. S\u1ea3n ph\u1ea9m n\u00e0y \u0111\u01b0\u1ee3c l\u00e0m t\u1eeb ch\u1ea5t li\u1ec7u v\u1ea3i Nomex ch\u1ed1ng ch\u00e1y, c\u00e1ch nhi\u1ec7t v\u00e0 c\u00f3 kh\u1ea3 n\u0103ng ch\u1ecbu \u0111\u01b0\u1ee3c nhi\u1ec7t \u0111\u1ed9 cao l\u00ean \u0111\u1ebfn 700\u00b0C.\" \/>\n<meta property=\"og:url\" content=\"https:\/\/mebinhminh.fastviet.vn\/?product=quan-ao-chong-chay-han-quoc-ktfsn700\" \/>\n<meta property=\"og:site_name\" content=\"M&amp;E B\u00ccNH MINH\" \/>\n<meta property=\"article:modified_time\" content=\"2025-02-27T03:21:26+00:00\" \/>\n<meta property=\"og:image\" content=\"https:\/\/mebinhminh.fastviet.vn\/wp-content\/uploads\/2025\/02\/2020-01-700-15050340.jpg\" \/>\n\t<meta property=\"og:image:width\" content=\"600\" \/>\n\t<meta property=\"og:image:height\" content=\"600\" \/>\n\t<meta property=\"og:image:type\" content=\"image\/jpeg\" \/>\n<meta name=\"twitter:card\" content=\"summary_large_image\" \/>\n<meta name=\"twitter:label1\" content=\"\u01af\u1edbc t\u00ednh th\u1eddi gian \u0111\u1ecdc\" \/>\n\t<meta name=\"twitter:data1\" content=\"4 ph\u00fat\" \/>\n<script type=\"application\/ld+json\" class=\"yoast-schema-graph\">{\"@context\":\"https:\/\/schema.org\",\"@graph\":[{\"@type\":\"WebPage\",\"@id\":\"https:\/\/mebinhminh.fastviet.vn\/?product=quan-ao-chong-chay-han-quoc-ktfsn700\",\"url\":\"https:\/\/mebinhminh.fastviet.vn\/?product=quan-ao-chong-chay-han-quoc-ktfsn700\",\"name\":\"Qu\u1ea7n \u00e1o ch\u1ed1ng ch\u00e1y H\u00e0n Qu\u1ed1c KTFSN700 - M&amp;E B\u00ccNH MINH\",\"isPartOf\":{\"@id\":\"https:\/\/mebinhminh.fastviet.vn\/#website\"},\"primaryImageOfPage\":{\"@id\":\"https:\/\/mebinhminh.fastviet.vn\/?product=quan-ao-chong-chay-han-quoc-ktfsn700#primaryimage\"},\"image\":{\"@id\":\"https:\/\/mebinhminh.fastviet.vn\/?product=quan-ao-chong-chay-han-quoc-ktfsn700#primaryimage\"},\"thumbnailUrl\":\"https:\/\/mebinhminh.fastviet.vn\/wp-content\/uploads\/2025\/02\/2020-01-700-15050340.jpg\",\"datePublished\":\"2025-02-27T03:05:14+00:00\",\"dateModified\":\"2025-02-27T03:21:26+00:00\",\"breadcrumb\":{\"@id\":\"https:\/\/mebinhminh.fastviet.vn\/?product=quan-ao-chong-chay-han-quoc-ktfsn700#breadcrumb\"},\"inLanguage\":\"vi\",\"potentialAction\":[{\"@type\":\"ReadAction\",\"target\":[\"https:\/\/mebinhminh.fastviet.vn\/?product=quan-ao-chong-chay-han-quoc-ktfsn700\"]}]},{\"@type\":\"ImageObject\",\"inLanguage\":\"vi\",\"@id\":\"https:\/\/mebinhminh.fastviet.vn\/?product=quan-ao-chong-chay-han-quoc-ktfsn700#primaryimage\",\"url\":\"https:\/\/mebinhminh.fastviet.vn\/wp-content\/uploads\/2025\/02\/2020-01-700-15050340.jpg\",\"contentUrl\":\"https:\/\/mebinhminh.fastviet.vn\/wp-content\/uploads\/2025\/02\/2020-01-700-15050340.jpg\",\"width\":600,\"height\":600},{\"@type\":\"BreadcrumbList\",\"@id\":\"https:\/\/mebinhminh.fastviet.vn\/?product=quan-ao-chong-chay-han-quoc-ktfsn700#breadcrumb\",\"itemListElement\":[{\"@type\":\"ListItem\",\"position\":1,\"name\":\"Home\",\"item\":\"https:\/\/mebinhminh.fastviet.vn\/\"},{\"@type\":\"ListItem\",\"position\":2,\"name\":\"C\u1eeda h\u00e0ng\",\"item\":\"https:\/\/mebinhminh.fastviet.vn\/?page_id=5\"},{\"@type\":\"ListItem\",\"position\":3,\"name\":\"Qu\u1ea7n \u00e1o ch\u1ed1ng ch\u00e1y H\u00e0n Qu\u1ed1c KTFSN700\"}]},{\"@type\":\"WebSite\",\"@id\":\"https:\/\/mebinhminh.fastviet.vn\/#website\",\"url\":\"https:\/\/mebinhminh.fastviet.vn\/\",\"name\":\"M&amp;E B\u00ccNH MINH\",\"description\":\"\",\"potentialAction\":[{\"@type\":\"SearchAction\",\"target\":{\"@type\":\"EntryPoint\",\"urlTemplate\":\"https:\/\/mebinhminh.fastviet.vn\/?s={search_term_string}\"},\"query-input\":{\"@type\":\"PropertyValueSpecification\",\"valueRequired\":true,\"valueName\":\"search_term_string\"}}],\"inLanguage\":\"vi\"}]}<\/script>\n<!-- \/ Yoast SEO plugin. -->","yoast_head_json":{"title":"Qu\u1ea7n \u00e1o ch\u1ed1ng ch\u00e1y H\u00e0n Qu\u1ed1c KTFSN700 - M&amp;E B\u00ccNH MINH","robots":{"index":"index","follow":"follow","max-snippet":"max-snippet:-1","max-image-preview":"max-image-preview:large","max-video-preview":"max-video-preview:-1"},"canonical":"https:\/\/mebinhminh.fastviet.vn\/?product=quan-ao-chong-chay-han-quoc-ktfsn700","og_locale":"vi_VN","og_type":"article","og_title":"Qu\u1ea7n \u00e1o ch\u1ed1ng ch\u00e1y H\u00e0n Qu\u1ed1c KTFSN700 - M&amp;E B\u00ccNH MINH","og_description":"Qu\u1ea7n \u00e1o ch\u1ed1ng ch\u00e1y H\u00e0n Qu\u1ed1c KTFSN700 l\u00e0 m\u1ed9t s\u1ea3n ph\u1ea9m c\u1ee7a h\u00e3ng KT FIRE Corporation, m\u1ed9t t\u1eadp \u0111o\u00e0n chuy\u00ean s\u1ea3n xu\u1ea5t thi\u1ebft b\u1ecb ph\u00f2ng ch\u00e1y ch\u1eefa ch\u00e1y v\u00e0 c\u1ee9u h\u1ed9 c\u1ee9u n\u1ea1n H\u00e0n Qu\u1ed1c. S\u1ea3n ph\u1ea9m n\u00e0y \u0111\u01b0\u1ee3c l\u00e0m t\u1eeb ch\u1ea5t li\u1ec7u v\u1ea3i Nomex ch\u1ed1ng ch\u00e1y, c\u00e1ch nhi\u1ec7t v\u00e0 c\u00f3 kh\u1ea3 n\u0103ng ch\u1ecbu \u0111\u01b0\u1ee3c nhi\u1ec7t \u0111\u1ed9 cao l\u00ean \u0111\u1ebfn 700\u00b0C.","og_url":"https:\/\/mebinhminh.fastviet.vn\/?product=quan-ao-chong-chay-han-quoc-ktfsn700","og_site_name":"M&amp;E B\u00ccNH MINH","article_modified_time":"2025-02-27T03:21:26+00:00","og_image":[{"width":600,"height":600,"url":"https:\/\/mebinhminh.fastviet.vn\/wp-content\/uploads\/2025\/02\/2020-01-700-15050340.jpg","type":"image\/jpeg"}],"twitter_card":"summary_large_image","twitter_misc":{"\u01af\u1edbc t\u00ednh th\u1eddi gian \u0111\u1ecdc":"4 ph\u00fat"},"schema":{"@context":"https:\/\/schema.org","@graph":[{"@type":"WebPage","@id":"https:\/\/mebinhminh.fastviet.vn\/?product=quan-ao-chong-chay-han-quoc-ktfsn700","url":"https:\/\/mebinhminh.fastviet.vn\/?product=quan-ao-chong-chay-han-quoc-ktfsn700","name":"Qu\u1ea7n \u00e1o ch\u1ed1ng ch\u00e1y H\u00e0n Qu\u1ed1c KTFSN700 - M&amp;E B\u00ccNH MINH","isPartOf":{"@id":"https:\/\/mebinhminh.fastviet.vn\/#website"},"primaryImageOfPage":{"@id":"https:\/\/mebinhminh.fastviet.vn\/?product=quan-ao-chong-chay-han-quoc-ktfsn700#primaryimage"},"image":{"@id":"https:\/\/mebinhminh.fastviet.vn\/?product=quan-ao-chong-chay-han-quoc-ktfsn700#primaryimage"},"thumbnailUrl":"https:\/\/mebinhminh.fastviet.vn\/wp-content\/uploads\/2025\/02\/2020-01-700-15050340.jpg","datePublished":"2025-02-27T03:05:14+00:00","dateModified":"2025-02-27T03:21:26+00:00","breadcrumb":{"@id":"https:\/\/mebinhminh.fastviet.vn\/?product=quan-ao-chong-chay-han-quoc-ktfsn700#breadcrumb"},"inLanguage":"vi","potentialAction":[{"@type":"ReadAction","target":["https:\/\/mebinhminh.fastviet.vn\/?product=quan-ao-chong-chay-han-quoc-ktfsn700"]}]},{"@type":"ImageObject","inLanguage":"vi","@id":"https:\/\/mebinhminh.fastviet.vn\/?product=quan-ao-chong-chay-han-quoc-ktfsn700#primaryimage","url":"https:\/\/mebinhminh.fastviet.vn\/wp-content\/uploads\/2025\/02\/2020-01-700-15050340.jpg","contentUrl":"https:\/\/mebinhminh.fastviet.vn\/wp-content\/uploads\/2025\/02\/2020-01-700-15050340.jpg","width":600,"height":600},{"@type":"BreadcrumbList","@id":"https:\/\/mebinhminh.fastviet.vn\/?product=quan-ao-chong-chay-han-quoc-ktfsn700#breadcrumb","itemListElement":[{"@type":"ListItem","position":1,"name":"Home","item":"https:\/\/mebinhminh.fastviet.vn\/"},{"@type":"ListItem","position":2,"name":"C\u1eeda h\u00e0ng","item":"https:\/\/mebinhminh.fastviet.vn\/?page_id=5"},{"@type":"ListItem","position":3,"name":"Qu\u1ea7n \u00e1o ch\u1ed1ng ch\u00e1y H\u00e0n Qu\u1ed1c KTFSN700"}]},{"@type":"WebSite","@id":"https:\/\/mebinhminh.fastviet.vn\/#website","url":"https:\/\/mebinhminh.fastviet.vn\/","name":"M&amp;E B\u00ccNH MINH","description":"","potentialAction":[{"@type":"SearchAction","target":{"@type":"EntryPoint","urlTemplate":"https:\/\/mebinhminh.fastviet.vn\/?s={search_term_string}"},"query-input":{"@type":"PropertyValueSpecification","valueRequired":true,"valueName":"search_term_string"}}],"inLanguage":"vi"}]}},"jetpack_sharing_enabled":true,"_links":{"self":[{"href":"https:\/\/mebinhminh.fastviet.vn\/index.php?rest_route=\/wp\/v2\/product\/606","targetHints":{"allow":["GET"]}}],"collection":[{"href":"https:\/\/mebinhminh.fastviet.vn\/index.php?rest_route=\/wp\/v2\/product"}],"about":[{"href":"https:\/\/mebinhminh.fastviet.vn\/index.php?rest_route=\/wp\/v2\/types\/product"}],"replies":[{"embeddable":true,"href":"https:\/\/mebinhminh.fastviet.vn\/index.php?rest_route=%2Fwp%2Fv2%2Fcomments&post=606"}],"version-history":[{"count":3,"href":"https:\/\/mebinhminh.fastviet.vn\/index.php?rest_route=\/wp\/v2\/product\/606\/revisions"}],"predecessor-version":[{"id":613,"href":"https:\/\/mebinhminh.fastviet.vn\/index.php?rest_route=\/wp\/v2\/product\/606\/revisions\/613"}],"wp:featuredmedia":[{"embeddable":true,"href":"https:\/\/mebinhminh.fastviet.vn\/index.php?rest_route=\/wp\/v2\/media\/607"}],"wp:attachment":[{"href":"https:\/\/mebinhminh.fastviet.vn\/index.php?rest_route=%2Fwp%2Fv2%2Fmedia&parent=606"}],"wp:term":[{"taxonomy":"product_brand","embeddable":true,"href":"https:\/\/mebinhminh.fastviet.vn\/index.php?rest_route=%2Fwp%2Fv2%2Fproduct_brand&post=606"},{"taxonomy":"product_cat","embeddable":true,"href":"https:\/\/mebinhminh.fastviet.vn\/index.php?rest_route=%2Fwp%2Fv2%2Fproduct_cat&post=606"},{"taxonomy":"product_tag","embeddable":true,"href":"https:\/\/mebinhminh.fastviet.vn\/index.php?rest_route=%2Fwp%2Fv2%2Fproduct_tag&post=606"}],"curies":[{"name":"wp","href":"https:\/\/api.w.org\/{rel}","templated":true}]}}