{"id":620,"date":"2025-02-27T20:46:53","date_gmt":"2025-02-27T13:46:53","guid":{"rendered":"https:\/\/mebinhminh.fastviet.vn\/?post_type=product&#038;p=620"},"modified":"2025-02-27T20:46:53","modified_gmt":"2025-02-27T13:46:53","slug":"binh-chua-chay-dragon-powder-abc-4kg-model-mfzl4","status":"publish","type":"product","link":"https:\/\/mebinhminh.fastviet.vn\/?product=binh-chua-chay-dragon-powder-abc-4kg-model-mfzl4","title":{"rendered":"B\u00ccNH CH\u1eeeA CH\u00c1Y DRAGON POWDER ABC\u2013 4KG (Model: MFZL4)"},"content":{"rendered":"<p><strong>TH\u00d4NG S\u1ed0 K\u1ef8 THU\u1eacT<\/strong><\/p>\n<table>\n<tbody>\n<tr>\n<td><\/td>\n<td><\/td>\n<td><strong>TH\u00d4NG S\u1ed0<\/strong><\/td>\n<\/tr>\n<tr>\n<td>1<\/td>\n<td>C\u00f4ng su\u1ea5t ch\u1eefa ch\u00e1y<\/td>\n<td>2A.55B.C<\/td>\n<\/tr>\n<tr>\n<td>2<\/td>\n<td>Kho\u1ea3ng c\u00e1ch phun (m\u00e9t)<\/td>\n<td>&gt; 4.0<\/td>\n<\/tr>\n<tr>\n<td>3<\/td>\n<td>Th\u1eddi gian phun hi\u1ec7u qu\u1ea3 20\u00b0C (S)<\/td>\n<td>&gt; 13.0<\/td>\n<\/tr>\n<tr>\n<td>4<\/td>\n<td>Kh\u1ed1i l\u01b0\u1ee3ng ch\u1ea5t d\u1eadp l\u1eeda (kg)<\/td>\n<td>4.0\u00b12%<\/td>\n<\/tr>\n<tr>\n<td>5<\/td>\n<td>T\u1ed5ng kh\u1ed1i l\u01b0\u1ee3ng c\u1ee7a thi\u1ebft b\u1ecb d\u1eadp l\u1eeda (kg)<\/td>\n<td>5.5\u00b12%<\/td>\n<\/tr>\n<tr>\n<td>6<\/td>\n<td>\u00c1p su\u1ea5t kh\u00ed d\u1eabn N2 (Mpa)<\/td>\n<td>1.2 \u2013 1.5<\/td>\n<\/tr>\n<tr>\n<td>7<\/td>\n<td>\u00c1p su\u1ea5t l\u00e0m vi\u1ec7c l\u1edbn nh\u1ea5t (Mpa)<\/td>\n<td>1.2 \u2013 1.5<\/td>\n<\/tr>\n<tr>\n<td>8<\/td>\n<td>Ki\u1ec3m tra th\u1ee7y l\u1ef1c (Mpa)<\/td>\n<td>2.5<\/td>\n<\/tr>\n<tr>\n<td>9<\/td>\n<td>\u00c1p su\u1ea5t n\u1ed5 nh\u1ecf nh\u1ea5t (Mpa)<\/td>\n<td>7.0<\/td>\n<\/tr>\n<tr>\n<td>10<\/td>\n<td>Nhi\u1ec7t \u0111\u1ed9 l\u00e0m vi\u1ec7c \u1ed5n \u0111\u1ecbnh<\/td>\n<td>(-20\u00b0C \u00f7 +60\u00b0C)<\/td>\n<\/tr>\n<tr>\n<td>11<\/td>\n<td>\u0110\u1ed9 d\u1ea1y th\u00e2n b\u00ecnh (mm)<\/td>\n<td>1.0<\/td>\n<\/tr>\n<tr>\n<td>12<\/td>\n<td>Ngo\u1ea1i h\u00ecnh<\/td>\n<td><strong>\u0110\u1ecf<\/strong><\/td>\n<\/tr>\n<tr>\n<td>13<\/td>\n<td>Chi\u1ec1u cao (mm)<\/td>\n<td>470<\/td>\n<\/tr>\n<tr>\n<td>14<\/td>\n<td>\u0110\u01b0\u1eddng k\u00ednh (mm)<\/td>\n<td>130<\/td>\n<\/tr>\n<tr>\n<td><\/td>\n<td><\/td>\n<td><\/td>\n<\/tr>\n<tr>\n<td><\/td>\n<td><\/td>\n<td><\/td>\n<\/tr>\n<tr>\n<td><\/td>\n<td><\/td>\n<td><\/td>\n<\/tr>\n<tr>\n<td colspan=\"3\">V\u1eadt li\u1ec7u v\u1ecf b\u00ecnh : Th\u00e9p Cacbon d\u1ebbo&nbsp;<\/p>\n<p>Van: \u0110\u1ed3ng<\/p>\n<p>Th\u00e0nh ph\u1ea7n ch\u1ea5t ch\u1eefa ch\u00e1y:\u00a0<strong>NH<\/strong><strong>4<\/strong><strong>H<\/strong><strong>2<\/strong><strong>PO<\/strong><strong>4<\/strong><strong>;(NH<\/strong><strong>4<\/strong><strong>)<\/strong><strong>2<\/strong><strong>SO<\/strong><strong>4\u2026<\/strong><\/td>\n<\/tr>\n<\/tbody>\n<\/table>\n","protected":false},"excerpt":{"rendered":"<p>B\u00ecnh ch\u1eefa ch\u00e1y th\u01b0\u01a1ng hi\u1ec7u DRAGON lo\u1ea1i b\u1ed9t ABC 4kg \u0111\u01b0\u1ee3c s\u1eed d\u1ee5ng r\u1ed9ng r\u00e3i trong c\u00e1c c\u00f4ng tr\u00ecnh c\u00f3 quy m\u00f4 v\u1eeba ph\u1ea3i nh\u01b0 nh\u00e0 \u1edf, v\u0103n ph\u00f2ng, x\u00ed nghi\u1ec7p, tr\u1ea1m x\u0103ng\u2026 Ph\u1ea1m vi ch\u1eefa ch\u00e1y Dragon Powder ABC 4kg \u0111a d\u1ea1ng bao g\u1ed3m c\u1ea3 ch\u1ea5t l\u1ecfng l\u1eabn r\u1eafn nh\u01b0: x\u0103ng, d\u1ea7u, kh\u00ed ga, g\u1ed7, v\u1ea3i, gi\u1ea5y, \u0111i\u1ec7n\u2026 Do th\u00e0nh ph\u1ea7n b\u1ed9t ch\u1eefa ch\u00e1y c\u00f3 \u0111\u1ed9 mu\u1ed1i v\u00e0 ki\u1ec1m, khuy\u1ebfn c\u00e1o kh\u00f4ng n\u00ean phun v\u00e0o c\u00e1c vi m\u1ea1ch \u0111i\u1ec7n t\u1eed nh\u1eb1m tr\u00e1nh t\u00ecnh tr\u1ea1ng g\u00e2y oxi h\u00f3a thi\u1ebft b\u1ecb.<\/p>\n","protected":false},"featured_media":622,"comment_status":"open","ping_status":"closed","template":"","meta":[],"product_brand":[54],"product_cat":[19],"product_tag":[62,21,55],"class_list":{"0":"post-620","1":"product","2":"type-product","3":"status-publish","4":"has-post-thumbnail","6":"product_brand-dragon-carbon-dioxide","7":"product_cat-binh-chua-chay","8":"product_tag-4kg","9":"product_tag-binh-chua-chay","10":"product_tag-dragon-carbon-dioxide","12":"first","13":"instock","14":"taxable","15":"shipping-taxable","16":"purchasable","17":"product-type-simple"},"yoast_head":"<!-- This site is optimized with the Yoast SEO plugin v24.3 - https:\/\/yoast.com\/wordpress\/plugins\/seo\/ -->\n<title>B\u00ccNH CH\u1eeeA CH\u00c1Y DRAGON POWDER ABC\u2013 4KG (Model: MFZL4) - M&amp;E B\u00ccNH MINH<\/title>\n<meta name=\"robots\" content=\"index, follow, max-snippet:-1, max-image-preview:large, max-video-preview:-1\" \/>\n<link rel=\"canonical\" href=\"https:\/\/mebinhminh.fastviet.vn\/?product=binh-chua-chay-dragon-powder-abc-4kg-model-mfzl4\" \/>\n<meta property=\"og:locale\" content=\"vi_VN\" \/>\n<meta property=\"og:type\" content=\"article\" \/>\n<meta property=\"og:title\" content=\"B\u00ccNH CH\u1eeeA CH\u00c1Y DRAGON POWDER ABC\u2013 4KG (Model: MFZL4) - M&amp;E B\u00ccNH MINH\" \/>\n<meta property=\"og:description\" content=\"B\u00ecnh ch\u1eefa ch\u00e1y th\u01b0\u01a1ng hi\u1ec7u DRAGON lo\u1ea1i b\u1ed9t ABC 4kg \u0111\u01b0\u1ee3c s\u1eed d\u1ee5ng r\u1ed9ng r\u00e3i trong c\u00e1c c\u00f4ng tr\u00ecnh c\u00f3 quy m\u00f4 v\u1eeba ph\u1ea3i nh\u01b0 nh\u00e0 \u1edf, v\u0103n ph\u00f2ng, x\u00ed nghi\u1ec7p, tr\u1ea1m x\u0103ng\u2026 Ph\u1ea1m vi ch\u1eefa ch\u00e1y Dragon Powder ABC 4kg \u0111a d\u1ea1ng bao g\u1ed3m c\u1ea3 ch\u1ea5t l\u1ecfng l\u1eabn r\u1eafn nh\u01b0: x\u0103ng, d\u1ea7u, kh\u00ed ga, g\u1ed7, v\u1ea3i, gi\u1ea5y, \u0111i\u1ec7n\u2026 Do th\u00e0nh ph\u1ea7n b\u1ed9t ch\u1eefa ch\u00e1y c\u00f3 \u0111\u1ed9 mu\u1ed1i v\u00e0 ki\u1ec1m, khuy\u1ebfn c\u00e1o kh\u00f4ng n\u00ean phun v\u00e0o c\u00e1c vi m\u1ea1ch \u0111i\u1ec7n t\u1eed nh\u1eb1m tr\u00e1nh t\u00ecnh tr\u1ea1ng g\u00e2y oxi h\u00f3a thi\u1ebft b\u1ecb.\" \/>\n<meta property=\"og:url\" content=\"https:\/\/mebinhminh.fastviet.vn\/?product=binh-chua-chay-dragon-powder-abc-4kg-model-mfzl4\" \/>\n<meta property=\"og:site_name\" content=\"M&amp;E B\u00ccNH MINH\" \/>\n<meta property=\"og:image\" content=\"https:\/\/mebinhminh.fastviet.vn\/wp-content\/uploads\/2025\/02\/ANH-BINH.png\" \/>\n\t<meta property=\"og:image:width\" content=\"424\" \/>\n\t<meta property=\"og:image:height\" content=\"557\" \/>\n\t<meta property=\"og:image:type\" content=\"image\/png\" \/>\n<meta name=\"twitter:card\" content=\"summary_large_image\" \/>\n<meta name=\"twitter:label1\" content=\"\u01af\u1edbc t\u00ednh th\u1eddi gian \u0111\u1ecdc\" \/>\n\t<meta name=\"twitter:data1\" content=\"1 ph\u00fat\" \/>\n<script type=\"application\/ld+json\" class=\"yoast-schema-graph\">{\"@context\":\"https:\/\/schema.org\",\"@graph\":[{\"@type\":\"WebPage\",\"@id\":\"https:\/\/mebinhminh.fastviet.vn\/?product=binh-chua-chay-dragon-powder-abc-4kg-model-mfzl4\",\"url\":\"https:\/\/mebinhminh.fastviet.vn\/?product=binh-chua-chay-dragon-powder-abc-4kg-model-mfzl4\",\"name\":\"B\u00ccNH CH\u1eeeA CH\u00c1Y DRAGON POWDER ABC\u2013 4KG (Model: MFZL4) - M&amp;E B\u00ccNH MINH\",\"isPartOf\":{\"@id\":\"https:\/\/mebinhminh.fastviet.vn\/#website\"},\"primaryImageOfPage\":{\"@id\":\"https:\/\/mebinhminh.fastviet.vn\/?product=binh-chua-chay-dragon-powder-abc-4kg-model-mfzl4#primaryimage\"},\"image\":{\"@id\":\"https:\/\/mebinhminh.fastviet.vn\/?product=binh-chua-chay-dragon-powder-abc-4kg-model-mfzl4#primaryimage\"},\"thumbnailUrl\":\"https:\/\/mebinhminh.fastviet.vn\/wp-content\/uploads\/2025\/02\/ANH-BINH.png\",\"datePublished\":\"2025-02-27T13:46:53+00:00\",\"dateModified\":\"2025-02-27T13:46:53+00:00\",\"breadcrumb\":{\"@id\":\"https:\/\/mebinhminh.fastviet.vn\/?product=binh-chua-chay-dragon-powder-abc-4kg-model-mfzl4#breadcrumb\"},\"inLanguage\":\"vi\",\"potentialAction\":[{\"@type\":\"ReadAction\",\"target\":[\"https:\/\/mebinhminh.fastviet.vn\/?product=binh-chua-chay-dragon-powder-abc-4kg-model-mfzl4\"]}]},{\"@type\":\"ImageObject\",\"inLanguage\":\"vi\",\"@id\":\"https:\/\/mebinhminh.fastviet.vn\/?product=binh-chua-chay-dragon-powder-abc-4kg-model-mfzl4#primaryimage\",\"url\":\"https:\/\/mebinhminh.fastviet.vn\/wp-content\/uploads\/2025\/02\/ANH-BINH.png\",\"contentUrl\":\"https:\/\/mebinhminh.fastviet.vn\/wp-content\/uploads\/2025\/02\/ANH-BINH.png\",\"width\":424,\"height\":557},{\"@type\":\"BreadcrumbList\",\"@id\":\"https:\/\/mebinhminh.fastviet.vn\/?product=binh-chua-chay-dragon-powder-abc-4kg-model-mfzl4#breadcrumb\",\"itemListElement\":[{\"@type\":\"ListItem\",\"position\":1,\"name\":\"Home\",\"item\":\"https:\/\/mebinhminh.fastviet.vn\/\"},{\"@type\":\"ListItem\",\"position\":2,\"name\":\"C\u1eeda h\u00e0ng\",\"item\":\"https:\/\/mebinhminh.fastviet.vn\/?page_id=5\"},{\"@type\":\"ListItem\",\"position\":3,\"name\":\"B\u00ccNH CH\u1eeeA CH\u00c1Y DRAGON POWDER ABC\u2013 4KG (Model: MFZL4)\"}]},{\"@type\":\"WebSite\",\"@id\":\"https:\/\/mebinhminh.fastviet.vn\/#website\",\"url\":\"https:\/\/mebinhminh.fastviet.vn\/\",\"name\":\"M&amp;E B\u00ccNH MINH\",\"description\":\"\",\"potentialAction\":[{\"@type\":\"SearchAction\",\"target\":{\"@type\":\"EntryPoint\",\"urlTemplate\":\"https:\/\/mebinhminh.fastviet.vn\/?s={search_term_string}\"},\"query-input\":{\"@type\":\"PropertyValueSpecification\",\"valueRequired\":true,\"valueName\":\"search_term_string\"}}],\"inLanguage\":\"vi\"}]}<\/script>\n<!-- \/ Yoast SEO plugin. -->","yoast_head_json":{"title":"B\u00ccNH CH\u1eeeA CH\u00c1Y DRAGON POWDER ABC\u2013 4KG (Model: MFZL4) - M&amp;E B\u00ccNH MINH","robots":{"index":"index","follow":"follow","max-snippet":"max-snippet:-1","max-image-preview":"max-image-preview:large","max-video-preview":"max-video-preview:-1"},"canonical":"https:\/\/mebinhminh.fastviet.vn\/?product=binh-chua-chay-dragon-powder-abc-4kg-model-mfzl4","og_locale":"vi_VN","og_type":"article","og_title":"B\u00ccNH CH\u1eeeA CH\u00c1Y DRAGON POWDER ABC\u2013 4KG (Model: MFZL4) - M&amp;E B\u00ccNH MINH","og_description":"B\u00ecnh ch\u1eefa ch\u00e1y th\u01b0\u01a1ng hi\u1ec7u DRAGON lo\u1ea1i b\u1ed9t ABC 4kg \u0111\u01b0\u1ee3c s\u1eed d\u1ee5ng r\u1ed9ng r\u00e3i trong c\u00e1c c\u00f4ng tr\u00ecnh c\u00f3 quy m\u00f4 v\u1eeba ph\u1ea3i nh\u01b0 nh\u00e0 \u1edf, v\u0103n ph\u00f2ng, x\u00ed nghi\u1ec7p, tr\u1ea1m x\u0103ng\u2026 Ph\u1ea1m vi ch\u1eefa ch\u00e1y Dragon Powder ABC 4kg \u0111a d\u1ea1ng bao g\u1ed3m c\u1ea3 ch\u1ea5t l\u1ecfng l\u1eabn r\u1eafn nh\u01b0: x\u0103ng, d\u1ea7u, kh\u00ed ga, g\u1ed7, v\u1ea3i, gi\u1ea5y, \u0111i\u1ec7n\u2026 Do th\u00e0nh ph\u1ea7n b\u1ed9t ch\u1eefa ch\u00e1y c\u00f3 \u0111\u1ed9 mu\u1ed1i v\u00e0 ki\u1ec1m, khuy\u1ebfn c\u00e1o kh\u00f4ng n\u00ean phun v\u00e0o c\u00e1c vi m\u1ea1ch \u0111i\u1ec7n t\u1eed nh\u1eb1m tr\u00e1nh t\u00ecnh tr\u1ea1ng g\u00e2y oxi h\u00f3a thi\u1ebft b\u1ecb.","og_url":"https:\/\/mebinhminh.fastviet.vn\/?product=binh-chua-chay-dragon-powder-abc-4kg-model-mfzl4","og_site_name":"M&amp;E B\u00ccNH MINH","og_image":[{"width":424,"height":557,"url":"https:\/\/mebinhminh.fastviet.vn\/wp-content\/uploads\/2025\/02\/ANH-BINH.png","type":"image\/png"}],"twitter_card":"summary_large_image","twitter_misc":{"\u01af\u1edbc t\u00ednh th\u1eddi gian \u0111\u1ecdc":"1 ph\u00fat"},"schema":{"@context":"https:\/\/schema.org","@graph":[{"@type":"WebPage","@id":"https:\/\/mebinhminh.fastviet.vn\/?product=binh-chua-chay-dragon-powder-abc-4kg-model-mfzl4","url":"https:\/\/mebinhminh.fastviet.vn\/?product=binh-chua-chay-dragon-powder-abc-4kg-model-mfzl4","name":"B\u00ccNH CH\u1eeeA CH\u00c1Y DRAGON POWDER ABC\u2013 4KG (Model: MFZL4) - M&amp;E B\u00ccNH MINH","isPartOf":{"@id":"https:\/\/mebinhminh.fastviet.vn\/#website"},"primaryImageOfPage":{"@id":"https:\/\/mebinhminh.fastviet.vn\/?product=binh-chua-chay-dragon-powder-abc-4kg-model-mfzl4#primaryimage"},"image":{"@id":"https:\/\/mebinhminh.fastviet.vn\/?product=binh-chua-chay-dragon-powder-abc-4kg-model-mfzl4#primaryimage"},"thumbnailUrl":"https:\/\/mebinhminh.fastviet.vn\/wp-content\/uploads\/2025\/02\/ANH-BINH.png","datePublished":"2025-02-27T13:46:53+00:00","dateModified":"2025-02-27T13:46:53+00:00","breadcrumb":{"@id":"https:\/\/mebinhminh.fastviet.vn\/?product=binh-chua-chay-dragon-powder-abc-4kg-model-mfzl4#breadcrumb"},"inLanguage":"vi","potentialAction":[{"@type":"ReadAction","target":["https:\/\/mebinhminh.fastviet.vn\/?product=binh-chua-chay-dragon-powder-abc-4kg-model-mfzl4"]}]},{"@type":"ImageObject","inLanguage":"vi","@id":"https:\/\/mebinhminh.fastviet.vn\/?product=binh-chua-chay-dragon-powder-abc-4kg-model-mfzl4#primaryimage","url":"https:\/\/mebinhminh.fastviet.vn\/wp-content\/uploads\/2025\/02\/ANH-BINH.png","contentUrl":"https:\/\/mebinhminh.fastviet.vn\/wp-content\/uploads\/2025\/02\/ANH-BINH.png","width":424,"height":557},{"@type":"BreadcrumbList","@id":"https:\/\/mebinhminh.fastviet.vn\/?product=binh-chua-chay-dragon-powder-abc-4kg-model-mfzl4#breadcrumb","itemListElement":[{"@type":"ListItem","position":1,"name":"Home","item":"https:\/\/mebinhminh.fastviet.vn\/"},{"@type":"ListItem","position":2,"name":"C\u1eeda h\u00e0ng","item":"https:\/\/mebinhminh.fastviet.vn\/?page_id=5"},{"@type":"ListItem","position":3,"name":"B\u00ccNH CH\u1eeeA CH\u00c1Y DRAGON POWDER ABC\u2013 4KG (Model: MFZL4)"}]},{"@type":"WebSite","@id":"https:\/\/mebinhminh.fastviet.vn\/#website","url":"https:\/\/mebinhminh.fastviet.vn\/","name":"M&amp;E B\u00ccNH MINH","description":"","potentialAction":[{"@type":"SearchAction","target":{"@type":"EntryPoint","urlTemplate":"https:\/\/mebinhminh.fastviet.vn\/?s={search_term_string}"},"query-input":{"@type":"PropertyValueSpecification","valueRequired":true,"valueName":"search_term_string"}}],"inLanguage":"vi"}]}},"jetpack_sharing_enabled":true,"_links":{"self":[{"href":"https:\/\/mebinhminh.fastviet.vn\/index.php?rest_route=\/wp\/v2\/product\/620","targetHints":{"allow":["GET"]}}],"collection":[{"href":"https:\/\/mebinhminh.fastviet.vn\/index.php?rest_route=\/wp\/v2\/product"}],"about":[{"href":"https:\/\/mebinhminh.fastviet.vn\/index.php?rest_route=\/wp\/v2\/types\/product"}],"replies":[{"embeddable":true,"href":"https:\/\/mebinhminh.fastviet.vn\/index.php?rest_route=%2Fwp%2Fv2%2Fcomments&post=620"}],"version-history":[{"count":1,"href":"https:\/\/mebinhminh.fastviet.vn\/index.php?rest_route=\/wp\/v2\/product\/620\/revisions"}],"predecessor-version":[{"id":623,"href":"https:\/\/mebinhminh.fastviet.vn\/index.php?rest_route=\/wp\/v2\/product\/620\/revisions\/623"}],"wp:featuredmedia":[{"embeddable":true,"href":"https:\/\/mebinhminh.fastviet.vn\/index.php?rest_route=\/wp\/v2\/media\/622"}],"wp:attachment":[{"href":"https:\/\/mebinhminh.fastviet.vn\/index.php?rest_route=%2Fwp%2Fv2%2Fmedia&parent=620"}],"wp:term":[{"taxonomy":"product_brand","embeddable":true,"href":"https:\/\/mebinhminh.fastviet.vn\/index.php?rest_route=%2Fwp%2Fv2%2Fproduct_brand&post=620"},{"taxonomy":"product_cat","embeddable":true,"href":"https:\/\/mebinhminh.fastviet.vn\/index.php?rest_route=%2Fwp%2Fv2%2Fproduct_cat&post=620"},{"taxonomy":"product_tag","embeddable":true,"href":"https:\/\/mebinhminh.fastviet.vn\/index.php?rest_route=%2Fwp%2Fv2%2Fproduct_tag&post=620"}],"curies":[{"name":"wp","href":"https:\/\/api.w.org\/{rel}","templated":true}]}}