{"id":624,"date":"2025-02-27T20:51:35","date_gmt":"2025-02-27T13:51:35","guid":{"rendered":"https:\/\/mebinhminh.fastviet.vn\/?post_type=product&#038;p=624"},"modified":"2025-02-27T20:52:25","modified_gmt":"2025-02-27T13:52:25","slug":"624","status":"publish","type":"product","link":"https:\/\/mebinhminh.fastviet.vn\/?product=624","title":{"rendered":"\u0110\u1ea7u b\u00e1o kh\u00f3i d\u1ea1ng beam GST I-9105R"},"content":{"rendered":"<p>\u0110\u1ea7u d\u00f2 kh\u00f3i beam GST l\u00e0 m\u1ed9t lo\u1ea1i \u0111\u1ea7u d\u00f2 kh\u00f3i tia chi\u1ebfu d\u1ea1ng ph\u1ea3n x\u1ea1, c\u00f3 kh\u1ea3 n\u0103ng \u0111\u1ecba ch\u1ec9 h\u00f3a v\u00e0 c\u00f3 th\u1ec3 t\u00edch h\u1ee3p v\u00e0o c\u1ea3 h\u1ec7 th\u1ed1ng \u0111\u1ecba ch\u1ec9 c\u1ee7a GST v\u00e0 h\u1ec7 th\u1ed1ng b\u00e1o ch\u00e1y th\u00f4ng th\u01b0\u1eddng. Khi \u0111\u01b0\u1ee3c li\u00ean k\u1ebft v\u1edbi t\u1ee7 trung t\u00e2m \u0111\u1ecba ch\u1ec9 c\u1ee7a GST, tr\u1ea1ng th\u00e1i c\u1ee7a \u0111\u1ea7u d\u00f2 s\u1ebd \u0111\u01b0\u1ee3c truy\u1ec1n qua \u0111\u01b0\u1eddng loop, v\u1edbi \u0111\u1ecba ch\u1ec9 c\u1ee7a \u0111\u1ea7u d\u00f2 \u0111\u01b0\u1ee3c thi\u1ebft l\u1eadp th\u00f4ng qua b\u1ed9 c\u00e0i \u0111\u1eb7t \u0111\u1ecba ch\u1ec9 c\u1ea7m tay. Trong tr\u01b0\u1eddng h\u1ee3p kh\u00f4ng k\u1ebft n\u1ed1i v\u1edbi t\u1ee7 trung t\u00e2m \u0111\u1ecba ch\u1ec9, \u0111\u1ea7u d\u00f2 s\u1ebd ho\u1ea1t \u0111\u1ed9ng nh\u01b0 m\u1ed9t \u0111\u1ea7u b\u00e1o ch\u00e1y th\u00f4ng th\u01b0\u1eddng, truy\u1ec1n tr\u1ea1ng th\u00e1i b\u00e1o ch\u00e1y v\u00e0 l\u1ed7i th\u00f4ng qua ti\u1ebfp \u0111i\u1ec3m kh\u00f4. \u0110\u1ec3 \u0111\u1ea3m b\u1ea3o ho\u1ea1t \u0111\u1ed9ng hi\u1ec7u qu\u1ea3, \u0111\u1ea7u d\u00f2 c\u1ea7n \u0111\u01b0\u1ee3c s\u1eed d\u1ee5ng v\u1edbi c\u00e1c k\u00ednh ph\u1ea3n x\u1ea1, c\u00f3 th\u1ec3 l\u00e0 1 ho\u1eb7c 4 mi\u1ebfng t\u00f9y thu\u1ed9c v\u00e0o kho\u1ea3ng c\u00e1ch \u0111\u1ebfn \u0111\u1ea7u d\u00f2.<\/p>\n<p>C\u00e1c t\u00ednh n\u0103ng ch\u00ednh bao g\u1ed3m:<\/p>\n<ul>\n<li>D\u1ea3i \u0111i\u1ec7n \u00e1p ho\u1ea1t \u0111\u1ed9ng r\u1ed9ng, ph\u1ee7 s\u00f3ng di\u1ec7n t\u00edch gi\u00e1m s\u00e1t l\u1edbn.<\/li>\n<li>B\u1ed9 thu \u2013 ph\u00e1t t\u00edn hi\u1ec7u \u0111\u01b0\u1ee3c \u0111\u1eb7t tr\u00ean m\u1ed9t b\u1ed9 gi\u00fap vi\u1ec7c c\u00e2n ch\u1ec9nh d\u1ec5 d\u00e0ng.<\/li>\n<li>Vi x\u1eed l\u00fd \u0111\u01b0\u1ee3c l\u1eadp tr\u00ecnh \u0111\u1ec3 x\u1eed l\u00fd th\u00f4ng minh tr\u1ea1ng th\u00e1i b\u00e1o ch\u00e1y ho\u1eb7c l\u1ed7i.<\/li>\n<li>Ch\u1ee9c n\u0103ng t\u1ef1 ki\u1ec3m tra \u0111\u1ec3 gi\u00e1m s\u00e1t l\u1ed7i n\u1ed9i b\u1ed9.<\/li>\n<li>Kh\u1ea3 n\u0103ng t\u1ef1 c\u00e2n ch\u1ec9nh \u0111\u1ed9 b\u1ea9n theo th\u1eddi gian.<\/li>\n<li>H\u1ed7 tr\u1ee3 giao th\u1ee9c s\u1ed1 cho h\u1ec7 th\u1ed1ng \u0111\u1ecba ch\u1ec9 GST ho\u1eb7c ti\u1ebfp \u0111i\u1ec3m kh\u00f4 cho h\u1ec7 th\u1ed1ng b\u00e1o ch\u00e1y th\u00f4ng th\u01b0\u1eddng.<\/li>\n<li>L\u1eadp tr\u00ecnh \u0111\u1ecba ch\u1ec9 th\u00f4ng qua b\u1ed9 c\u00e0i \u0111\u1eb7t \u0111\u1ecba ch\u1ec9 c\u1ea7m tay.<\/li>\n<li>C\u00f3 2 m\u1ee9c \u0111\u1ed9 nh\u1ea1y c\u00f3 th\u1ec3 \u0111\u01b0\u1ee3c c\u00e0i \u0111\u1eb7t.<\/li>\n<\/ul>\n<table style=\"height: 912px;\" border=\"1\" width=\"587\" cellspacing=\"0\" cellpadding=\"0\">\n<tbody>\n<tr>\n<td colspan=\"2\">\n<p align=\"center\"><strong>Th\u00f4ng s\u1ed1 k\u1ef9 thu\u1eadt<\/strong><\/p>\n<\/td>\n<\/tr>\n<tr>\n<td>\n<p align=\"center\">\u0110i\u1ec7n \u00e1p ho\u1ea1t \u0111\u1ed9ng<\/p>\n<\/td>\n<td>\n<p align=\"center\">Loop 24VDC (15V~28V)<\/p>\n<\/td>\n<\/tr>\n<tr>\n<td>\n<p align=\"center\">D\u00f2ng v\u1eadn h\u00e0nh<\/p>\n<\/td>\n<td>\n<p align=\"center\">\u226420mA<\/p>\n<\/td>\n<\/tr>\n<tr>\n<td>\n<p align=\"center\">D\u00f2ng ch\u1edd<\/p>\n<\/td>\n<td>\n<p align=\"center\">\u226412mA<\/p>\n<\/td>\n<\/tr>\n<tr>\n<td>\n<p align=\"center\">D\u00f2ng b\u00e1o \u0111\u1ed9ng<\/p>\n<\/td>\n<td>\n<p align=\"center\">\u226422mA<\/p>\n<\/td>\n<\/tr>\n<tr>\n<td>\n<p align=\"center\">\u0110i\u1ec7n \u00e1p Loop<\/p>\n<\/td>\n<td>\n<p align=\"center\">24V (15V~28V)<\/p>\n<\/td>\n<\/tr>\n<tr>\n<td>\n<p align=\"center\">G\u00f3c \u0111i\u1ec1u ch\u1ec9nh<\/p>\n<\/td>\n<td>\n<p align=\"center\">-6\u00b0 ~ +6\u00b0<\/p>\n<\/td>\n<\/tr>\n<tr>\n<td>\n<p align=\"center\">Sai l\u1ec7ch g\u00f3c t\u1ed1i \u0111a<\/p>\n<\/td>\n<td>\n<p align=\"center\">\u00b10.5\u00b0<\/p>\n<\/td>\n<\/tr>\n<tr>\n<td>\n<p align=\"center\">M\u1ee9c c\u1ea3m bi\u1ebfn<\/p>\n<\/td>\n<td>\n<p align=\"center\">Level 1: 1.6dB<br \/>\nLevel 2: 2.3dB<\/p>\n<\/td>\n<\/tr>\n<tr>\n<td>\n<p align=\"center\">Nhi\u1ec7t \u0111\u1ed9\/\u0111\u1ed9 \u1ea9m<\/p>\n<\/td>\n<td>\n<p align=\"center\">-10\u2103 ~ +50\u2103<br \/>\n\u226495%, kh\u00f4ng ng\u01b0ng t\u1ee5<\/p>\n<\/td>\n<\/tr>\n<tr>\n<td>\n<p align=\"center\">\u0110\u1ed9 xa c\u1ea3m bi\u1ebfn<\/p>\n<\/td>\n<td>\n<p align=\"center\">8m~100m<\/p>\n<\/td>\n<\/tr>\n<tr>\n<td>\n<p align=\"center\">Khu v\u1ef1c gi\u00e1m s\u00e1t<\/p>\n<\/td>\n<td>\n<p align=\"center\">Maximum monitoring area: 14 x100 =1400m2<br \/>\nMaximum width: 14m<\/p>\n<\/td>\n<\/tr>\n<tr>\n<td>\n<p align=\"center\">M\u00e0u\/ch\u1ea5t li\u1ec7u<\/p>\n<\/td>\n<td>\n<p align=\"center\">x\u00e1m, ABS<\/p>\n<\/td>\n<\/tr>\n<tr>\n<td>\n<p align=\"center\">K\u00edch th\u01b0\u1edbc<\/p>\n<\/td>\n<td>\n<p align=\"center\">206mm X 95mm X 95mm<\/p>\n<\/td>\n<\/tr>\n<tr>\n<td>\n<p align=\"center\">Ch\u1ed1ng x\u00e2m nh\u1eadp<\/p>\n<\/td>\n<td>\n<p align=\"center\">IP20 without glue-seal<br \/>\nIP66 through glue-seal treatment<\/p>\n<\/td>\n<\/tr>\n<tr>\n<td>\n<p align=\"center\">Tr\u1ecdng l\u01b0\u1ee3ng<\/p>\n<\/td>\n<td>\n<p align=\"center\">450g<\/p>\n<\/td>\n<\/tr>\n<\/tbody>\n<\/table>\n","protected":false},"excerpt":{"rendered":"<p>\u0110\u1ea7u b\u00e1o kh\u00f3i GST I-9105R d\u1ea1ng ph\u1ea3n x\u1ea1, b\u00e1o kh\u00f3i beam GST I-9105R, \u0110\u1ea7u beam GST<\/p>\n","protected":false},"featured_media":625,"comment_status":"open","ping_status":"closed","template":"","meta":[],"product_brand":[63],"product_cat":[23,31],"product_tag":[64],"class_list":{"0":"post-624","1":"product","2":"type-product","3":"status-publish","4":"has-post-thumbnail","6":"product_brand-gst","7":"product_cat-phu-kien-chua-chay","8":"product_cat-san-pham-khac","9":"product_tag-dau-bao-khoi","11":"first","12":"instock","13":"taxable","14":"shipping-taxable","15":"purchasable","16":"product-type-simple"},"yoast_head":"<!-- This site is optimized with the Yoast SEO plugin v24.3 - https:\/\/yoast.com\/wordpress\/plugins\/seo\/ -->\n<title>\u0110\u1ea7u b\u00e1o kh\u00f3i d\u1ea1ng beam GST I-9105R - M&amp;E B\u00ccNH MINH<\/title>\n<meta name=\"robots\" content=\"index, follow, max-snippet:-1, max-image-preview:large, max-video-preview:-1\" \/>\n<link rel=\"canonical\" href=\"https:\/\/mebinhminh.fastviet.vn\/?product=624\" \/>\n<meta property=\"og:locale\" content=\"vi_VN\" \/>\n<meta property=\"og:type\" content=\"article\" \/>\n<meta property=\"og:title\" content=\"\u0110\u1ea7u b\u00e1o kh\u00f3i d\u1ea1ng beam GST I-9105R - M&amp;E B\u00ccNH MINH\" \/>\n<meta property=\"og:description\" content=\"\u0110\u1ea7u b\u00e1o kh\u00f3i GST I-9105R d\u1ea1ng ph\u1ea3n x\u1ea1, b\u00e1o kh\u00f3i beam GST I-9105R, \u0110\u1ea7u beam GST\" \/>\n<meta property=\"og:url\" content=\"https:\/\/mebinhminh.fastviet.vn\/?product=624\" \/>\n<meta property=\"og:site_name\" content=\"M&amp;E B\u00ccNH MINH\" \/>\n<meta property=\"article:modified_time\" content=\"2025-02-27T13:52:25+00:00\" \/>\n<meta property=\"og:image\" content=\"https:\/\/mebinhminh.fastviet.vn\/wp-content\/uploads\/2025\/02\/Anh-17-1-300x300-1.jpg\" \/>\n\t<meta property=\"og:image:width\" content=\"300\" \/>\n\t<meta property=\"og:image:height\" content=\"300\" \/>\n\t<meta property=\"og:image:type\" content=\"image\/jpeg\" \/>\n<meta name=\"twitter:card\" content=\"summary_large_image\" \/>\n<meta name=\"twitter:label1\" content=\"\u01af\u1edbc t\u00ednh th\u1eddi gian \u0111\u1ecdc\" \/>\n\t<meta name=\"twitter:data1\" content=\"2 ph\u00fat\" \/>\n<script type=\"application\/ld+json\" class=\"yoast-schema-graph\">{\"@context\":\"https:\/\/schema.org\",\"@graph\":[{\"@type\":\"WebPage\",\"@id\":\"https:\/\/mebinhminh.fastviet.vn\/?product=624\",\"url\":\"https:\/\/mebinhminh.fastviet.vn\/?product=624\",\"name\":\"\u0110\u1ea7u b\u00e1o kh\u00f3i d\u1ea1ng beam GST I-9105R - M&amp;E B\u00ccNH MINH\",\"isPartOf\":{\"@id\":\"https:\/\/mebinhminh.fastviet.vn\/#website\"},\"primaryImageOfPage\":{\"@id\":\"https:\/\/mebinhminh.fastviet.vn\/?product=624#primaryimage\"},\"image\":{\"@id\":\"https:\/\/mebinhminh.fastviet.vn\/?product=624#primaryimage\"},\"thumbnailUrl\":\"https:\/\/mebinhminh.fastviet.vn\/wp-content\/uploads\/2025\/02\/Anh-17-1-300x300-1.jpg\",\"datePublished\":\"2025-02-27T13:51:35+00:00\",\"dateModified\":\"2025-02-27T13:52:25+00:00\",\"breadcrumb\":{\"@id\":\"https:\/\/mebinhminh.fastviet.vn\/?product=624#breadcrumb\"},\"inLanguage\":\"vi\",\"potentialAction\":[{\"@type\":\"ReadAction\",\"target\":[\"https:\/\/mebinhminh.fastviet.vn\/?product=624\"]}]},{\"@type\":\"ImageObject\",\"inLanguage\":\"vi\",\"@id\":\"https:\/\/mebinhminh.fastviet.vn\/?product=624#primaryimage\",\"url\":\"https:\/\/mebinhminh.fastviet.vn\/wp-content\/uploads\/2025\/02\/Anh-17-1-300x300-1.jpg\",\"contentUrl\":\"https:\/\/mebinhminh.fastviet.vn\/wp-content\/uploads\/2025\/02\/Anh-17-1-300x300-1.jpg\",\"width\":300,\"height\":300},{\"@type\":\"BreadcrumbList\",\"@id\":\"https:\/\/mebinhminh.fastviet.vn\/?product=624#breadcrumb\",\"itemListElement\":[{\"@type\":\"ListItem\",\"position\":1,\"name\":\"Home\",\"item\":\"https:\/\/mebinhminh.fastviet.vn\/\"},{\"@type\":\"ListItem\",\"position\":2,\"name\":\"C\u1eeda h\u00e0ng\",\"item\":\"https:\/\/mebinhminh.fastviet.vn\/?page_id=5\"},{\"@type\":\"ListItem\",\"position\":3,\"name\":\"\u0110\u1ea7u b\u00e1o kh\u00f3i d\u1ea1ng beam GST I-9105R\"}]},{\"@type\":\"WebSite\",\"@id\":\"https:\/\/mebinhminh.fastviet.vn\/#website\",\"url\":\"https:\/\/mebinhminh.fastviet.vn\/\",\"name\":\"M&amp;E B\u00ccNH MINH\",\"description\":\"\",\"potentialAction\":[{\"@type\":\"SearchAction\",\"target\":{\"@type\":\"EntryPoint\",\"urlTemplate\":\"https:\/\/mebinhminh.fastviet.vn\/?s={search_term_string}\"},\"query-input\":{\"@type\":\"PropertyValueSpecification\",\"valueRequired\":true,\"valueName\":\"search_term_string\"}}],\"inLanguage\":\"vi\"}]}<\/script>\n<!-- \/ Yoast SEO plugin. -->","yoast_head_json":{"title":"\u0110\u1ea7u b\u00e1o kh\u00f3i d\u1ea1ng beam GST I-9105R - M&amp;E B\u00ccNH MINH","robots":{"index":"index","follow":"follow","max-snippet":"max-snippet:-1","max-image-preview":"max-image-preview:large","max-video-preview":"max-video-preview:-1"},"canonical":"https:\/\/mebinhminh.fastviet.vn\/?product=624","og_locale":"vi_VN","og_type":"article","og_title":"\u0110\u1ea7u b\u00e1o kh\u00f3i d\u1ea1ng beam GST I-9105R - M&amp;E B\u00ccNH MINH","og_description":"\u0110\u1ea7u b\u00e1o kh\u00f3i GST I-9105R d\u1ea1ng ph\u1ea3n x\u1ea1, b\u00e1o kh\u00f3i beam GST I-9105R, \u0110\u1ea7u beam GST","og_url":"https:\/\/mebinhminh.fastviet.vn\/?product=624","og_site_name":"M&amp;E B\u00ccNH MINH","article_modified_time":"2025-02-27T13:52:25+00:00","og_image":[{"width":300,"height":300,"url":"https:\/\/mebinhminh.fastviet.vn\/wp-content\/uploads\/2025\/02\/Anh-17-1-300x300-1.jpg","type":"image\/jpeg"}],"twitter_card":"summary_large_image","twitter_misc":{"\u01af\u1edbc t\u00ednh th\u1eddi gian \u0111\u1ecdc":"2 ph\u00fat"},"schema":{"@context":"https:\/\/schema.org","@graph":[{"@type":"WebPage","@id":"https:\/\/mebinhminh.fastviet.vn\/?product=624","url":"https:\/\/mebinhminh.fastviet.vn\/?product=624","name":"\u0110\u1ea7u b\u00e1o kh\u00f3i d\u1ea1ng beam GST I-9105R - M&amp;E B\u00ccNH MINH","isPartOf":{"@id":"https:\/\/mebinhminh.fastviet.vn\/#website"},"primaryImageOfPage":{"@id":"https:\/\/mebinhminh.fastviet.vn\/?product=624#primaryimage"},"image":{"@id":"https:\/\/mebinhminh.fastviet.vn\/?product=624#primaryimage"},"thumbnailUrl":"https:\/\/mebinhminh.fastviet.vn\/wp-content\/uploads\/2025\/02\/Anh-17-1-300x300-1.jpg","datePublished":"2025-02-27T13:51:35+00:00","dateModified":"2025-02-27T13:52:25+00:00","breadcrumb":{"@id":"https:\/\/mebinhminh.fastviet.vn\/?product=624#breadcrumb"},"inLanguage":"vi","potentialAction":[{"@type":"ReadAction","target":["https:\/\/mebinhminh.fastviet.vn\/?product=624"]}]},{"@type":"ImageObject","inLanguage":"vi","@id":"https:\/\/mebinhminh.fastviet.vn\/?product=624#primaryimage","url":"https:\/\/mebinhminh.fastviet.vn\/wp-content\/uploads\/2025\/02\/Anh-17-1-300x300-1.jpg","contentUrl":"https:\/\/mebinhminh.fastviet.vn\/wp-content\/uploads\/2025\/02\/Anh-17-1-300x300-1.jpg","width":300,"height":300},{"@type":"BreadcrumbList","@id":"https:\/\/mebinhminh.fastviet.vn\/?product=624#breadcrumb","itemListElement":[{"@type":"ListItem","position":1,"name":"Home","item":"https:\/\/mebinhminh.fastviet.vn\/"},{"@type":"ListItem","position":2,"name":"C\u1eeda h\u00e0ng","item":"https:\/\/mebinhminh.fastviet.vn\/?page_id=5"},{"@type":"ListItem","position":3,"name":"\u0110\u1ea7u b\u00e1o kh\u00f3i d\u1ea1ng beam GST I-9105R"}]},{"@type":"WebSite","@id":"https:\/\/mebinhminh.fastviet.vn\/#website","url":"https:\/\/mebinhminh.fastviet.vn\/","name":"M&amp;E B\u00ccNH MINH","description":"","potentialAction":[{"@type":"SearchAction","target":{"@type":"EntryPoint","urlTemplate":"https:\/\/mebinhminh.fastviet.vn\/?s={search_term_string}"},"query-input":{"@type":"PropertyValueSpecification","valueRequired":true,"valueName":"search_term_string"}}],"inLanguage":"vi"}]}},"jetpack_sharing_enabled":true,"_links":{"self":[{"href":"https:\/\/mebinhminh.fastviet.vn\/index.php?rest_route=\/wp\/v2\/product\/624","targetHints":{"allow":["GET"]}}],"collection":[{"href":"https:\/\/mebinhminh.fastviet.vn\/index.php?rest_route=\/wp\/v2\/product"}],"about":[{"href":"https:\/\/mebinhminh.fastviet.vn\/index.php?rest_route=\/wp\/v2\/types\/product"}],"replies":[{"embeddable":true,"href":"https:\/\/mebinhminh.fastviet.vn\/index.php?rest_route=%2Fwp%2Fv2%2Fcomments&post=624"}],"version-history":[{"count":2,"href":"https:\/\/mebinhminh.fastviet.vn\/index.php?rest_route=\/wp\/v2\/product\/624\/revisions"}],"predecessor-version":[{"id":628,"href":"https:\/\/mebinhminh.fastviet.vn\/index.php?rest_route=\/wp\/v2\/product\/624\/revisions\/628"}],"wp:featuredmedia":[{"embeddable":true,"href":"https:\/\/mebinhminh.fastviet.vn\/index.php?rest_route=\/wp\/v2\/media\/625"}],"wp:attachment":[{"href":"https:\/\/mebinhminh.fastviet.vn\/index.php?rest_route=%2Fwp%2Fv2%2Fmedia&parent=624"}],"wp:term":[{"taxonomy":"product_brand","embeddable":true,"href":"https:\/\/mebinhminh.fastviet.vn\/index.php?rest_route=%2Fwp%2Fv2%2Fproduct_brand&post=624"},{"taxonomy":"product_cat","embeddable":true,"href":"https:\/\/mebinhminh.fastviet.vn\/index.php?rest_route=%2Fwp%2Fv2%2Fproduct_cat&post=624"},{"taxonomy":"product_tag","embeddable":true,"href":"https:\/\/mebinhminh.fastviet.vn\/index.php?rest_route=%2Fwp%2Fv2%2Fproduct_tag&post=624"}],"curies":[{"name":"wp","href":"https:\/\/api.w.org\/{rel}","templated":true}]}}