{"id":630,"date":"2025-02-27T20:57:53","date_gmt":"2025-02-27T13:57:53","guid":{"rendered":"https:\/\/mebinhminh.fastviet.vn\/?post_type=product&#038;p=630"},"modified":"2025-02-27T20:57:54","modified_gmt":"2025-02-27T13:57:54","slug":"den-exit-kentom-2-mat","status":"publish","type":"product","link":"https:\/\/mebinhminh.fastviet.vn\/?product=den-exit-kentom-2-mat","title":{"rendered":"\u0110\u00e8n EXIT KENTOM 2 m\u1eb7t"},"content":{"rendered":"<h3><strong>\u01afu \u0111i\u1ec3m n\u1ed5i b\u1eadt c\u1ee7a \u0110\u00e8n exit KENTOM 2 m\u1eb7t th\u1eddi gian s\u00e1ng 3h<\/strong><\/h3>\n<p><strong><em>\u00c1nh s\u00e1ng ho\u00e0n h\u1ea3o<\/em><\/strong><\/p>\n<p>\u0110\u00e8n Kentom s\u1eed d\u1ee5ng \u0111\u00e8n led v\u1edbi ch\u1ea5t li\u1ec7u cao c\u1ea5p v\u00e0 \u0111\u01b0\u1ee3c ki\u1ec3m tra r\u1ea5t nghi\u00eam ng\u1eb7t trong qu\u00e1 tr\u00ecnh s\u1ea3n xu\u1ea5t n\u00ean khi ph\u00e1t s\u00e1ng cho m\u1ed9t \u00e1nh s\u00e1ng r\u1ea5t \u0111\u1eb9p v\u00e0 ho\u00e0n h\u1ea3o. \u00c1nh s\u00e1ng c\u1ee7a \u0111\u00e8n chi\u1ebfu ra t\u1ea1o m\u1ed9t c\u1ea3m gi\u00e1c \u00eam d\u1ecbu, \u0111\u1ed1 \u00e1nh s\u00e1ng t\u1eadp trung n\u00ean cho \u00e1nh s\u00e1ng r\u1ea5t tr\u00e2n th\u1ef1c. \u0110\u1ed3ng th\u1eddi \u0111\u00e8n c\u00f2n \u0111\u1ea3m b\u1ea3o ch\u1ea5t l\u01b0\u1ee3ng, l\u00e2u b\u1ec1n khi s\u1eed d\u1ee5ng.<\/p>\n<p>Ngo\u00e0i ra, \u0111\u00e8n c\u00f2n c\u00f3 thi\u1ebft k\u1ebf th\u00f4ng minh v\u1edbi c\u01a1 ch\u1ebf t\u1ef1 \u0111\u1ed9ng b\u1eadt s\u00e1ng khi h\u1ec7 th\u1ed1ng \u0111i\u1ec7n b\u1ecb m\u1ea5t k\u1ebft n\u1ed1i, l\u00fac n\u00e0y pin c\u1ee7a \u0111\u00e8n s\u1ebd ho\u1ea1t \u0111\u1ed9ng v\u00e0 cung c\u1ea5p \u00e1nh s\u00e1ng k\u1ecbp th\u1eddi cho ng\u01b0\u1eddi s\u1eed d\u1ee5ng.<\/p>\n<p><strong><em>Kh\u1ea3 n\u0103ng ti\u1ebft ki\u1ec7m t\u1ed1i \u0111a<\/em><\/strong><\/p>\n<p>\u0110\u00e8n exit Kentom, khi s\u1ea1c pin m\u1ea5t 24 gi\u1edd v\u00e0 d\u00f9ng chi\u1ebfu s\u00e1ng 3 gi\u1edd khi m\u1ea5t \u0111i\u1ec7n v\u00e0 kh\u1ea3 n\u0103ng s\u1ea1c pin l\u00e0 t\u1ef1 \u0111\u1ed9ng n\u00ean gi\u00fap ng\u01b0\u1eddi s\u1eed d\u1ee5ng ti\u1ebft ki\u1ec7m \u0111\u01b0\u1ee3c m\u1ed9t ph\u1ea7n chi ph\u00ed s\u1eed d\u1ee5ng v\u00e0 c\u1ea3 th\u1eddi gian s\u1ea1c nh\u1ea5t l\u00e0 lu\u00f4n \u0111\u1ea3m b\u1ea3o cho \u0111\u00e8n \u0111\u01b0\u1ee3c s\u1ef1 m\u1ed9t c\u00e1ch li\u00ean t\u1ee5c. \u0110i\u1ec1u n\u00e0y c\u00f2n gi\u00fap cho to\u00e0n h\u1ec7 th\u1ed1ng \u0111i\u1ec7n c\u1ee7a b\u1ea1n ti\u1ebft ki\u00eam n\u0103ng l\u01b0\u1ee3ng \u0111i\u1ec7n ti\u00eau th\u1ee5 h\u00e0ng th\u00e1ng. Gi\u1edd \u0111\u00e2y b\u1ea1n c\u00f2n c\u00f3 th\u1ec3 ti\u1ebft ki\u00eam th\u00eam m\u1ed9t kho\u1ea3n r\u1ea5t l\u1edbn cho chi ph\u00ed c\u1ee7a m\u00ecnh.<\/p>\n<p><strong><em>Thi\u1ebft k\u1ebf m\u00e0u s\u00e1c hi\u1ec7n \u0111\u1ea1i<\/em><\/strong><\/p>\n<p>\u0110\u00e8n exit Kentom \u0111\u01b0\u1ee3c thi\u1ebft k\u1ebf r\u1ea5t \u0111\u1eb9p m\u1eaft v\u00e0 tinh t\u1ebf. S\u1eed d\u1ee5ng\u00a0 n\u1ec1n m\u1eb7t m\u00e0u xanh v\u00e0 ch\u1eef tr\u1eafng in n\u1ed5i, kh\u00f4ng ch\u1ec9 l\u00e0m n\u1ed5i b\u1eadt \u0111\u01b0\u1ee3c ch\u1eef vi\u1ebft v\u00e0 c\u00f2n gi\u00fap cho \u0111\u00e8n c\u00f3 th\u1ec3\u00a0 nh\u00ecn d\u1ec5 h\u01a1n ngay c\u1ea3 khi \u1edf xa nh\u1ea5t. Gi\u00fap cho ch\u00fang ta c\u00f3 th\u1ebf t\u00ecm th\u1ea5y l\u1ed1i \u0111i, t\u00ecm h\u01b0\u1edbng\u00a0 tho\u00e1t hi\u1ec3m d\u1eabn d\u1ec5 d\u00e0ng h\u01a1n trong l\u00fac nguy c\u1ea5p.<\/p>\n<h3><strong>Th\u00f4ng s\u1ed1 k\u1ef9 thu\u1eadt c\u1ee7a \u0110\u00e8n exit KENTOM 2 m\u1eb7t th\u1eddi gian s\u00e1ng 3h<\/strong><\/h3>\n<ul>\n<li>Ch\u1ebf \u0111\u1ed9 ho\u1ea1t \u0111\u1ed9ng: Li\u00ean t\u1ee5c<\/li>\n<li>Lo\u1ea1i b\u00f3ng: Super Led<\/li>\n<li>Ngu\u1ed3n \u0111i\u1ec7n cung c\u1ea5p: 220 \u2013 240V\/50-60Hz.<\/li>\n<li>Nhi\u1ec7t \u0111\u1ed9 ho\u1ea1t \u0111\u1ed9ng: -10 ~ 40C.<\/li>\n<li>C\u00f4ng su\u1ea5t ti\u00eau th\u1ee5: 3W<\/li>\n<li>Pin s\u1ea1c: (3.6V 0.7Ah).<\/li>\n<li>S\u1ea1c: t\u1ef1 \u0111\u1ed9ng.<\/li>\n<li>B\u1ed9 hi\u1ec3n th\u1ecb s\u1ea1c: b\u00e1o m\u00e0u \u0111\u1ecf.<\/li>\n<li>C\u00f3 th\u1ec3 s\u1eed d\u1ee5ng \u0111\u01b0\u1ee3c \u1edf nh\u1eefng khu v\u1ef1c nguy hi\u1ec3m: Zone 1, Zone 2.<\/li>\n<li>C\u00f3 th\u1ec3 s\u1eed d\u1ee5ng \u0111\u01b0\u1ee3c \u1edf nh\u1eefng n\u01a1i d\u1ec5 g\u00e2y n\u1ed5 thu\u1ed9c nh\u00f3m IIA v\u00e0 IIB \u2013<\/li>\n<li>Th\u1eddi gian s\u1ea1c: ~24gi\u1edd.<\/li>\n<li>Th\u1eddi gian ho\u1ea1t \u0111\u1ed9ng c\u1ee7a \u1eafc quy: 2gi\u1edd.<\/li>\n<li>Ch\u1ee9c n\u0103ng an to\u00e0n: t\u1ef1 ng\u1eaft m\u1ea1ch khi n\u1ea1p \u0111\u1ee7<\/li>\n<\/ul>\n","protected":false},"excerpt":{"rendered":"<p>\u0110\u00e8n exit KENTOM 2 m\u1eb7t th\u1eddi gian s\u00e1ng 3h l\u00e0 m\u1ed9t lo\u1ea1i \u0111\u00e8n chi\u1ebfu s\u00e1ng hi\u1ec3n th\u1ecb c\u00e1c ch\u1eef nh\u01b0: \u201cEXIT\u201d; \u201cL\u1ed0I RA\u201d,\u2026v\u1edbi c\u00f4ng d\u1ee5ng ch\u1ec9 \u0111\u01b0\u1eddng, h\u01b0\u1edbng d\u1eabn tho\u00e1t n\u1ea1n khi c\u00f3 s\u1ef1 c\u1ed1 x\u1ea3y ra, gi\u00fap m\u1ecdi ng\u01b0\u1eddi di chuy\u1ec3n thu\u1eadn ti\u1ec7n v\u00e0 an to\u00e0n. \u0110\u00e8n exit Kentom c\u00f3 th\u1ec3 \u1ee9ng d\u1ee5ng chi\u1ebfu s\u00e1ng cho nhi\u1ec1u v\u1ecb tr\u00ed kh\u00e1c nhau nh\u01b0 trong c\u1ea7u thang b\u1ed9, c\u00e1c h\u00e0nh lang, c\u1ea7u hang, b\u1ea3ng ch\u1ec9 d\u1eab l\u1ed1i \u0111i treo t\u01b0\u1eddng trong c\u00e1c trung t\u00e2m th\u01b0\u01a1ng m\u1ea1i, t\u00f2a nh\u00e0, b\u1ec7nh vi\u1ec7n, tr\u01b0\u1eddng h\u1ecdc\u2026<\/p>\n","protected":false},"featured_media":631,"comment_status":"open","ping_status":"closed","template":"","meta":[],"product_brand":[66],"product_cat":[65,23,31],"product_tag":[67],"class_list":{"0":"post-630","1":"product","2":"type-product","3":"status-publish","4":"has-post-thumbnail","6":"product_brand-kentom","7":"product_cat-den-exit","8":"product_cat-phu-kien-chua-chay","9":"product_cat-san-pham-khac","10":"product_tag-den-exit","12":"first","13":"instock","14":"taxable","15":"shipping-taxable","16":"purchasable","17":"product-type-simple"},"yoast_head":"<!-- This site is optimized with the Yoast SEO plugin v24.3 - https:\/\/yoast.com\/wordpress\/plugins\/seo\/ -->\n<title>\u0110\u00e8n EXIT KENTOM 2 m\u1eb7t - M&amp;E B\u00ccNH MINH<\/title>\n<meta name=\"robots\" content=\"index, follow, max-snippet:-1, max-image-preview:large, max-video-preview:-1\" \/>\n<link rel=\"canonical\" href=\"https:\/\/mebinhminh.fastviet.vn\/?product=den-exit-kentom-2-mat\" \/>\n<meta property=\"og:locale\" content=\"vi_VN\" \/>\n<meta property=\"og:type\" content=\"article\" \/>\n<meta property=\"og:title\" content=\"\u0110\u00e8n EXIT KENTOM 2 m\u1eb7t - M&amp;E B\u00ccNH MINH\" \/>\n<meta property=\"og:description\" content=\"\u0110\u00e8n exit KENTOM 2 m\u1eb7t th\u1eddi gian s\u00e1ng 3h l\u00e0 m\u1ed9t lo\u1ea1i \u0111\u00e8n chi\u1ebfu s\u00e1ng hi\u1ec3n th\u1ecb c\u00e1c ch\u1eef nh\u01b0: \u201cEXIT\u201d; \u201cL\u1ed0I RA\u201d,\u2026v\u1edbi c\u00f4ng d\u1ee5ng ch\u1ec9 \u0111\u01b0\u1eddng, h\u01b0\u1edbng d\u1eabn tho\u00e1t n\u1ea1n khi c\u00f3 s\u1ef1 c\u1ed1 x\u1ea3y ra, gi\u00fap m\u1ecdi ng\u01b0\u1eddi di chuy\u1ec3n thu\u1eadn ti\u1ec7n v\u00e0 an to\u00e0n. \u0110\u00e8n exit Kentom c\u00f3 th\u1ec3 \u1ee9ng d\u1ee5ng chi\u1ebfu s\u00e1ng cho nhi\u1ec1u v\u1ecb tr\u00ed kh\u00e1c nhau nh\u01b0 trong c\u1ea7u thang b\u1ed9, c\u00e1c h\u00e0nh lang, c\u1ea7u hang, b\u1ea3ng ch\u1ec9 d\u1eab l\u1ed1i \u0111i treo t\u01b0\u1eddng trong c\u00e1c trung t\u00e2m th\u01b0\u01a1ng m\u1ea1i, t\u00f2a nh\u00e0, b\u1ec7nh vi\u1ec7n, tr\u01b0\u1eddng h\u1ecdc\u2026\" \/>\n<meta property=\"og:url\" content=\"https:\/\/mebinhminh.fastviet.vn\/?product=den-exit-kentom-2-mat\" \/>\n<meta property=\"og:site_name\" content=\"M&amp;E B\u00ccNH MINH\" \/>\n<meta property=\"article:modified_time\" content=\"2025-02-27T13:57:54+00:00\" \/>\n<meta property=\"og:image\" content=\"https:\/\/mebinhminh.fastviet.vn\/wp-content\/uploads\/2025\/02\/den-exit-kentom-1-mat-loai-lap-noi-600x525-1.jpg\" \/>\n\t<meta property=\"og:image:width\" content=\"600\" \/>\n\t<meta property=\"og:image:height\" content=\"525\" \/>\n\t<meta property=\"og:image:type\" content=\"image\/jpeg\" \/>\n<meta name=\"twitter:card\" content=\"summary_large_image\" \/>\n<meta name=\"twitter:label1\" content=\"\u01af\u1edbc t\u00ednh th\u1eddi gian \u0111\u1ecdc\" \/>\n\t<meta name=\"twitter:data1\" content=\"3 ph\u00fat\" \/>\n<script type=\"application\/ld+json\" class=\"yoast-schema-graph\">{\"@context\":\"https:\/\/schema.org\",\"@graph\":[{\"@type\":\"WebPage\",\"@id\":\"https:\/\/mebinhminh.fastviet.vn\/?product=den-exit-kentom-2-mat\",\"url\":\"https:\/\/mebinhminh.fastviet.vn\/?product=den-exit-kentom-2-mat\",\"name\":\"\u0110\u00e8n EXIT KENTOM 2 m\u1eb7t - M&amp;E B\u00ccNH MINH\",\"isPartOf\":{\"@id\":\"https:\/\/mebinhminh.fastviet.vn\/#website\"},\"primaryImageOfPage\":{\"@id\":\"https:\/\/mebinhminh.fastviet.vn\/?product=den-exit-kentom-2-mat#primaryimage\"},\"image\":{\"@id\":\"https:\/\/mebinhminh.fastviet.vn\/?product=den-exit-kentom-2-mat#primaryimage\"},\"thumbnailUrl\":\"https:\/\/mebinhminh.fastviet.vn\/wp-content\/uploads\/2025\/02\/den-exit-kentom-1-mat-loai-lap-noi-600x525-1.jpg\",\"datePublished\":\"2025-02-27T13:57:53+00:00\",\"dateModified\":\"2025-02-27T13:57:54+00:00\",\"breadcrumb\":{\"@id\":\"https:\/\/mebinhminh.fastviet.vn\/?product=den-exit-kentom-2-mat#breadcrumb\"},\"inLanguage\":\"vi\",\"potentialAction\":[{\"@type\":\"ReadAction\",\"target\":[\"https:\/\/mebinhminh.fastviet.vn\/?product=den-exit-kentom-2-mat\"]}]},{\"@type\":\"ImageObject\",\"inLanguage\":\"vi\",\"@id\":\"https:\/\/mebinhminh.fastviet.vn\/?product=den-exit-kentom-2-mat#primaryimage\",\"url\":\"https:\/\/mebinhminh.fastviet.vn\/wp-content\/uploads\/2025\/02\/den-exit-kentom-1-mat-loai-lap-noi-600x525-1.jpg\",\"contentUrl\":\"https:\/\/mebinhminh.fastviet.vn\/wp-content\/uploads\/2025\/02\/den-exit-kentom-1-mat-loai-lap-noi-600x525-1.jpg\",\"width\":600,\"height\":525},{\"@type\":\"BreadcrumbList\",\"@id\":\"https:\/\/mebinhminh.fastviet.vn\/?product=den-exit-kentom-2-mat#breadcrumb\",\"itemListElement\":[{\"@type\":\"ListItem\",\"position\":1,\"name\":\"Home\",\"item\":\"https:\/\/mebinhminh.fastviet.vn\/\"},{\"@type\":\"ListItem\",\"position\":2,\"name\":\"C\u1eeda h\u00e0ng\",\"item\":\"https:\/\/mebinhminh.fastviet.vn\/?page_id=5\"},{\"@type\":\"ListItem\",\"position\":3,\"name\":\"\u0110\u00e8n EXIT KENTOM 2 m\u1eb7t\"}]},{\"@type\":\"WebSite\",\"@id\":\"https:\/\/mebinhminh.fastviet.vn\/#website\",\"url\":\"https:\/\/mebinhminh.fastviet.vn\/\",\"name\":\"M&amp;E B\u00ccNH MINH\",\"description\":\"\",\"potentialAction\":[{\"@type\":\"SearchAction\",\"target\":{\"@type\":\"EntryPoint\",\"urlTemplate\":\"https:\/\/mebinhminh.fastviet.vn\/?s={search_term_string}\"},\"query-input\":{\"@type\":\"PropertyValueSpecification\",\"valueRequired\":true,\"valueName\":\"search_term_string\"}}],\"inLanguage\":\"vi\"}]}<\/script>\n<!-- \/ Yoast SEO plugin. -->","yoast_head_json":{"title":"\u0110\u00e8n EXIT KENTOM 2 m\u1eb7t - M&amp;E B\u00ccNH MINH","robots":{"index":"index","follow":"follow","max-snippet":"max-snippet:-1","max-image-preview":"max-image-preview:large","max-video-preview":"max-video-preview:-1"},"canonical":"https:\/\/mebinhminh.fastviet.vn\/?product=den-exit-kentom-2-mat","og_locale":"vi_VN","og_type":"article","og_title":"\u0110\u00e8n EXIT KENTOM 2 m\u1eb7t - M&amp;E B\u00ccNH MINH","og_description":"\u0110\u00e8n exit KENTOM 2 m\u1eb7t th\u1eddi gian s\u00e1ng 3h l\u00e0 m\u1ed9t lo\u1ea1i \u0111\u00e8n chi\u1ebfu s\u00e1ng hi\u1ec3n th\u1ecb c\u00e1c ch\u1eef nh\u01b0: \u201cEXIT\u201d; \u201cL\u1ed0I RA\u201d,\u2026v\u1edbi c\u00f4ng d\u1ee5ng ch\u1ec9 \u0111\u01b0\u1eddng, h\u01b0\u1edbng d\u1eabn tho\u00e1t n\u1ea1n khi c\u00f3 s\u1ef1 c\u1ed1 x\u1ea3y ra, gi\u00fap m\u1ecdi ng\u01b0\u1eddi di chuy\u1ec3n thu\u1eadn ti\u1ec7n v\u00e0 an to\u00e0n. \u0110\u00e8n exit Kentom c\u00f3 th\u1ec3 \u1ee9ng d\u1ee5ng chi\u1ebfu s\u00e1ng cho nhi\u1ec1u v\u1ecb tr\u00ed kh\u00e1c nhau nh\u01b0 trong c\u1ea7u thang b\u1ed9, c\u00e1c h\u00e0nh lang, c\u1ea7u hang, b\u1ea3ng ch\u1ec9 d\u1eab l\u1ed1i \u0111i treo t\u01b0\u1eddng trong c\u00e1c trung t\u00e2m th\u01b0\u01a1ng m\u1ea1i, t\u00f2a nh\u00e0, b\u1ec7nh vi\u1ec7n, tr\u01b0\u1eddng h\u1ecdc\u2026","og_url":"https:\/\/mebinhminh.fastviet.vn\/?product=den-exit-kentom-2-mat","og_site_name":"M&amp;E B\u00ccNH MINH","article_modified_time":"2025-02-27T13:57:54+00:00","og_image":[{"width":600,"height":525,"url":"https:\/\/mebinhminh.fastviet.vn\/wp-content\/uploads\/2025\/02\/den-exit-kentom-1-mat-loai-lap-noi-600x525-1.jpg","type":"image\/jpeg"}],"twitter_card":"summary_large_image","twitter_misc":{"\u01af\u1edbc t\u00ednh th\u1eddi gian \u0111\u1ecdc":"3 ph\u00fat"},"schema":{"@context":"https:\/\/schema.org","@graph":[{"@type":"WebPage","@id":"https:\/\/mebinhminh.fastviet.vn\/?product=den-exit-kentom-2-mat","url":"https:\/\/mebinhminh.fastviet.vn\/?product=den-exit-kentom-2-mat","name":"\u0110\u00e8n EXIT KENTOM 2 m\u1eb7t - M&amp;E B\u00ccNH MINH","isPartOf":{"@id":"https:\/\/mebinhminh.fastviet.vn\/#website"},"primaryImageOfPage":{"@id":"https:\/\/mebinhminh.fastviet.vn\/?product=den-exit-kentom-2-mat#primaryimage"},"image":{"@id":"https:\/\/mebinhminh.fastviet.vn\/?product=den-exit-kentom-2-mat#primaryimage"},"thumbnailUrl":"https:\/\/mebinhminh.fastviet.vn\/wp-content\/uploads\/2025\/02\/den-exit-kentom-1-mat-loai-lap-noi-600x525-1.jpg","datePublished":"2025-02-27T13:57:53+00:00","dateModified":"2025-02-27T13:57:54+00:00","breadcrumb":{"@id":"https:\/\/mebinhminh.fastviet.vn\/?product=den-exit-kentom-2-mat#breadcrumb"},"inLanguage":"vi","potentialAction":[{"@type":"ReadAction","target":["https:\/\/mebinhminh.fastviet.vn\/?product=den-exit-kentom-2-mat"]}]},{"@type":"ImageObject","inLanguage":"vi","@id":"https:\/\/mebinhminh.fastviet.vn\/?product=den-exit-kentom-2-mat#primaryimage","url":"https:\/\/mebinhminh.fastviet.vn\/wp-content\/uploads\/2025\/02\/den-exit-kentom-1-mat-loai-lap-noi-600x525-1.jpg","contentUrl":"https:\/\/mebinhminh.fastviet.vn\/wp-content\/uploads\/2025\/02\/den-exit-kentom-1-mat-loai-lap-noi-600x525-1.jpg","width":600,"height":525},{"@type":"BreadcrumbList","@id":"https:\/\/mebinhminh.fastviet.vn\/?product=den-exit-kentom-2-mat#breadcrumb","itemListElement":[{"@type":"ListItem","position":1,"name":"Home","item":"https:\/\/mebinhminh.fastviet.vn\/"},{"@type":"ListItem","position":2,"name":"C\u1eeda h\u00e0ng","item":"https:\/\/mebinhminh.fastviet.vn\/?page_id=5"},{"@type":"ListItem","position":3,"name":"\u0110\u00e8n EXIT KENTOM 2 m\u1eb7t"}]},{"@type":"WebSite","@id":"https:\/\/mebinhminh.fastviet.vn\/#website","url":"https:\/\/mebinhminh.fastviet.vn\/","name":"M&amp;E B\u00ccNH MINH","description":"","potentialAction":[{"@type":"SearchAction","target":{"@type":"EntryPoint","urlTemplate":"https:\/\/mebinhminh.fastviet.vn\/?s={search_term_string}"},"query-input":{"@type":"PropertyValueSpecification","valueRequired":true,"valueName":"search_term_string"}}],"inLanguage":"vi"}]}},"jetpack_sharing_enabled":true,"_links":{"self":[{"href":"https:\/\/mebinhminh.fastviet.vn\/index.php?rest_route=\/wp\/v2\/product\/630","targetHints":{"allow":["GET"]}}],"collection":[{"href":"https:\/\/mebinhminh.fastviet.vn\/index.php?rest_route=\/wp\/v2\/product"}],"about":[{"href":"https:\/\/mebinhminh.fastviet.vn\/index.php?rest_route=\/wp\/v2\/types\/product"}],"replies":[{"embeddable":true,"href":"https:\/\/mebinhminh.fastviet.vn\/index.php?rest_route=%2Fwp%2Fv2%2Fcomments&post=630"}],"version-history":[{"count":1,"href":"https:\/\/mebinhminh.fastviet.vn\/index.php?rest_route=\/wp\/v2\/product\/630\/revisions"}],"predecessor-version":[{"id":633,"href":"https:\/\/mebinhminh.fastviet.vn\/index.php?rest_route=\/wp\/v2\/product\/630\/revisions\/633"}],"wp:featuredmedia":[{"embeddable":true,"href":"https:\/\/mebinhminh.fastviet.vn\/index.php?rest_route=\/wp\/v2\/media\/631"}],"wp:attachment":[{"href":"https:\/\/mebinhminh.fastviet.vn\/index.php?rest_route=%2Fwp%2Fv2%2Fmedia&parent=630"}],"wp:term":[{"taxonomy":"product_brand","embeddable":true,"href":"https:\/\/mebinhminh.fastviet.vn\/index.php?rest_route=%2Fwp%2Fv2%2Fproduct_brand&post=630"},{"taxonomy":"product_cat","embeddable":true,"href":"https:\/\/mebinhminh.fastviet.vn\/index.php?rest_route=%2Fwp%2Fv2%2Fproduct_cat&post=630"},{"taxonomy":"product_tag","embeddable":true,"href":"https:\/\/mebinhminh.fastviet.vn\/index.php?rest_route=%2Fwp%2Fv2%2Fproduct_tag&post=630"}],"curies":[{"name":"wp","href":"https:\/\/api.w.org\/{rel}","templated":true}]}}