{"id":640,"date":"2025-02-28T16:30:02","date_gmt":"2025-02-28T09:30:02","guid":{"rendered":"https:\/\/mebinhminh.fastviet.vn\/?post_type=product&#038;p=640"},"modified":"2025-02-28T16:30:02","modified_gmt":"2025-02-28T09:30:02","slug":"binh-chua-chay-bot-abc-tomoken-tmk-vj-abc-4kg","status":"publish","type":"product","link":"https:\/\/mebinhminh.fastviet.vn\/?product=binh-chua-chay-bot-abc-tomoken-tmk-vj-abc-4kg","title":{"rendered":"B\u00ecnh ch\u1eefa ch\u00e1y b\u1ed9t ABC Tomoken TMK-VJ-ABC\/4kg"},"content":{"rendered":"<p><a href=\"https:\/\/pccctb.com\/binh-chua-chay\/\" target=\"_self\" data-ail=\"5749\">B\u00ecnh ch\u1eefa ch\u00e1y<\/a>\u00a0b\u1ed9t ABC 4kg\u00a0<a href=\"https:\/\/pccctb.com\/thuong-hieu\/tomoken\/\" target=\"_self\" data-ail=\"5749\">Tomoken<\/a>\u00a0TMK-VJ-ABC\/4kg l\u00e0 thi\u1ebft b\u1ecb ph\u00f2ng ch\u00e1y ch\u1eefa ch\u00e1y quan tr\u1ecdng, gi\u00fap d\u1eadp t\u1eaft \u0111\u00e1m ch\u00e1y k\u1ecbp th\u1eddi, h\u1ea1n ch\u1ebf thi\u1ec7t h\u1ea1i v\u1ec1 ng\u01b0\u1eddi v\u00e0 t\u00e0i s\u1ea3n. Do v\u1eady, m\u1ed7i gia \u0111\u00ecnh, nh\u00e0 x\u01b0\u1edfng, c\u00f4ng ty, x\u00ed nghi\u1ec7p c\u1ea7n trang b\u1ecb b\u00ecnh ch\u1eefa ch\u00e1y ph\u00f9 h\u1ee3p v\u00e0 h\u01b0\u1edbng d\u1eabn nh\u00e2n vi\u00ean c\u00e1ch s\u1eed d\u1ee5ng b\u00ecnh ch\u1eefa ch\u00e1y \u0111\u00fang c\u00e1ch.<\/p>\n<p><a href=\"https:\/\/pccctb.com\/binh-chua-chay-bot-abc\/\" data-mil=\"5749\">B\u00ecnh ch\u1eefa ch\u00e1y b\u1ed9t<\/a>\u00a0<a href=\"https:\/\/pccctb.com\/thuong-hieu\/tomoken\/\" target=\"_self\" data-ail=\"5749\">Tomoken<\/a>\u00a0TMK-VJ-ABC\/4kg l\u00e0 thi\u1ebft b\u1ecb ph\u00f2ng ch\u00e1y ch\u1eefa ch\u00e1y hi\u1ec7u qu\u1ea3 cho nhi\u1ec1u lo\u1ea1i \u0111\u00e1m ch\u00e1y kh\u00e1c nhau, bao g\u1ed3m \u0111\u00e1m ch\u00e1y do ch\u1ea5t r\u1eafn, ch\u1ea5t l\u1ecfng v\u00e0 kh\u00ed \u0111\u1ed1t. B\u00ecnh \u0111\u01b0\u1ee3c s\u1ea3n xu\u1ea5t b\u1edfi th\u01b0\u01a1ng hi\u1ec7u\u00a0<a href=\"https:\/\/pccctb.com\/thuong-hieu\/tomoken\/\" target=\"_self\" data-ail=\"5749\">Tomoken<\/a>\u00a0uy t\u00edn, \u0111\u1ea3m b\u1ea3o ch\u1ea5t l\u01b0\u1ee3ng v\u00e0 \u0111\u1ed9 an to\u00e0n cao.<\/p>\n<figure id=\"attachment_5766\" class=\"wp-caption aligncenter\" aria-describedby=\"caption-attachment-5766\"><img fetchpriority=\"high\" decoding=\"async\" class=\"wp-image-5766\" title=\"B\u00ecnh ch\u1eefa ch\u00e1y b\u1ed9t ABC Tomoken TMK-VJ-ABC\/4kg 14\" src=\"https:\/\/pccctb.com\/wp-content\/uploads\/2024\/03\/binh-chua-chay-bot-tomoken-6kg-jpg.webp\" sizes=\"(max-width: 400px) 100vw, 400px\" srcset=\"https:\/\/pccctb.com\/wp-content\/uploads\/2024\/03\/binh-chua-chay-bot-tomoken-6kg-jpg.webp 800w, https:\/\/pccctb.com\/wp-content\/uploads\/2024\/03\/binh-chua-chay-bot-tomoken-6kg-300x300.webp 300w, https:\/\/pccctb.com\/wp-content\/uploads\/2024\/03\/binh-chua-chay-bot-tomoken-6kg-150x150.webp 150w, https:\/\/pccctb.com\/wp-content\/uploads\/2024\/03\/binh-chua-chay-bot-tomoken-6kg-768x768.webp 768w, https:\/\/pccctb.com\/wp-content\/uploads\/2024\/03\/binh-chua-chay-bot-tomoken-6kg-600x600.webp 600w, https:\/\/pccctb.com\/wp-content\/uploads\/2024\/03\/binh-chua-chay-bot-tomoken-6kg-100x100.webp 100w\" alt=\"B\u00ecnh ch\u1eefa ch\u00e1y b\u1ed9t x\u00e1ch tay Tomoken ABC TMK-VJ-ABC\/6kg\" width=\"400\" height=\"400\" \/><figcaption id=\"caption-attachment-5766\" class=\"wp-caption-text\">B\u00ecnh ch\u1eefa ch\u00e1y b\u1ed9t Tomoken TMK-VJ-ABC\/4kg v\u00e0 6kg<\/figcaption><\/figure>\n<h3><span id=\"thong-tin-san-pham\" class=\"ez-toc-section\"><\/span>Th\u00f4ng tin s\u1ea3n ph\u1ea9m<\/h3>\n<table>\n<tbody>\n<tr>\n<td>M\u00e3 s\u1ea3n ph\u1ea9m<\/td>\n<td>TMK-VJ-ABC\/4kg<\/td>\n<\/tr>\n<tr>\n<td>H\u00e3ng s\u1ea3n xu\u1ea5t<\/td>\n<td>Tomoken<\/td>\n<\/tr>\n<tr>\n<td>Xu\u1ea5t x\u1ee9<\/td>\n<td>Vi\u1ec7t Nam \u2013 C\u00f4ng ngh\u1ec7 Nh\u1eadt<\/td>\n<\/tr>\n<tr>\n<td>Dung t\u00edch<\/td>\n<td>4kg<\/td>\n<\/tr>\n<tr>\n<td>Tr\u1ecdng l\u01b0\u1ee3ng<\/td>\n<td>8kg (c\u1ea3 v\u1ecf b\u00ecnh)<\/td>\n<\/tr>\n<tr>\n<td>Lo\u1ea1i b\u00ecnh<\/td>\n<td><a href=\"https:\/\/pccctb.com\/binh-chua-chay\/\" target=\"_self\" data-ail=\"5749\">B\u00ecnh ch\u1eefa ch\u00e1y<\/a>\u00a0b\u1ed9t ABC x\u00e1ch tay<\/td>\n<\/tr>\n<tr>\n<td>\u00c1p su\u1ea5t l\u00e0m vi\u1ec7c<\/td>\n<td>1.2 \u2013 1.5 Mpa<\/td>\n<\/tr>\n<tr>\n<td>Th\u1eddi gian phun<\/td>\n<td>\u2265 13 gi\u00e2y<\/td>\n<\/tr>\n<tr>\n<td>C\u1ef1 ly phun<\/td>\n<td>4 \u2013 6 m\u00e9t<\/td>\n<\/tr>\n<tr>\n<td>C\u00f4ng su\u1ea5t ch\u1eefa ch\u00e1y<\/td>\n<td>2A-144B-C<\/td>\n<\/tr>\n<tr>\n<td>K\u00edch th\u01b0\u1edbc<\/td>\n<td>Cao 580mm, \u00d8 150mm<\/td>\n<\/tr>\n<tr>\n<td>Ph\u1ee5 ki\u1ec7n<\/td>\n<td>V\u00f2i phun + loa phun<\/td>\n<\/tr>\n<tr>\n<td>Ch\u1ee9ng nh\u1eadn<\/td>\n<td>Ki\u1ec3m \u0111\u1ecbnh an to\u00e0n\u00a0<a href=\"https:\/\/pccctb.com\/\" target=\"_self\" data-ail=\"5749\">PCCC<\/a><\/td>\n<\/tr>\n<tr>\n<td>H\u1ea1n s\u1eed d\u1ee5ng<\/td>\n<td>5 n\u0103m<\/td>\n<\/tr>\n<tr>\n<td>B\u1ea3o h\u00e0nh<\/td>\n<td>12 th\u00e1ng<\/td>\n<\/tr>\n<\/tbody>\n<\/table>\n<h3><span id=\"cong-dung-binh-chua-chay-bot-tomoken-tmk-vj-abc\" class=\"ez-toc-section\"><\/span>C\u00f4ng d\u1ee5ng b\u00ecnh ch\u1eefa ch\u00e1y b\u1ed9t Tomoken TMK-VJ-ABC<\/h3>\n<p>\u0110\u01b0\u1ee3c s\u1eed d\u1ee5ng r\u1ed9ng r\u00e3i trong c\u00e1c c\u00f4ng tr\u00ecnh nh\u01b0 nh\u00e0 \u1edf, v\u0103n ph\u00f2ng c\u00f4ng s\u1edf, c\u00f4ng ty, x\u00ed nghi\u1ec7p, tr\u1ea1m x\u0103ng, kh\u00e1ch s\u1ea1n v\u1edbi quy m\u00f4 v\u1eeba ph\u1ea3i<\/p>\n<ul data-sourcepos=\"22:1-26:0\">\n<li data-sourcepos=\"22:1-22:60\">D\u1eadp t\u1eaft c\u00e1c \u0111\u00e1m ch\u00e1y do ch\u1ea5t r\u1eafn nh\u01b0 g\u1ed7, gi\u1ea5y, v\u1ea3i, than,\u2026<\/li>\n<li data-sourcepos=\"23:1-23:60\">D\u1eadp t\u1eaft \u0111\u00e1m ch\u00e1y do ch\u1ea5t l\u1ecfng d\u1ec5 ch\u00e1y nh\u01b0 x\u0103ng, d\u1ea7u, c\u1ed3n,\u2026<\/li>\n<li data-sourcepos=\"24:1-24:36\">D\u1eadp t\u1eaft \u0111\u00e1m ch\u00e1y do kh\u00ed \u0111\u1ed1t, gas,\u2026<\/li>\n<li data-sourcepos=\"25:1-26:0\">S\u1eed d\u1ee5ng hi\u1ec7u qu\u1ea3 cho c\u00e1c khu v\u1ef1c nh\u01b0 nh\u00e0 \u1edf, v\u0103n ph\u00f2ng, kho h\u00e0ng, nh\u00e0 x\u01b0\u1edfng,\u2026<\/li>\n<\/ul>\n<figure id=\"attachment_6041\" class=\"wp-caption aligncenter\" aria-describedby=\"caption-attachment-6041\"><img decoding=\"async\" class=\"wp-image-6041 lazy-load-active\" title=\"B\u00ecnh ch\u1eefa ch\u00e1y b\u1ed9t ABC Tomoken TMK-VJ-ABC\/4kg 15\" src=\"https:\/\/pccctb.com\/wp-content\/uploads\/2024\/03\/Tomoken-TMK-VJ-ABC.png.webp\" sizes=\"(max-width: 400px) 100vw, 400px\" srcset=\"https:\/\/pccctb.com\/wp-content\/uploads\/2024\/03\/Tomoken-TMK-VJ-ABC.png.webp 500w, https:\/\/pccctb.com\/wp-content\/uploads\/2024\/03\/Tomoken-TMK-VJ-ABC-300x300.png.webp 300w, https:\/\/pccctb.com\/wp-content\/uploads\/2024\/03\/Tomoken-TMK-VJ-ABC-150x150.png.webp 150w, https:\/\/pccctb.com\/wp-content\/uploads\/2024\/03\/Tomoken-TMK-VJ-ABC-100x100.png.webp 100w\" alt=\"B\u00ecnh ch\u1eefa ch\u00e1y b\u1ed9t Tomoken TMK-VJ-ABC\" width=\"400\" height=\"400\" data-src=\"https:\/\/pccctb.com\/wp-content\/uploads\/2024\/03\/Tomoken-TMK-VJ-ABC.png.webp\" data-srcset=\"https:\/\/pccctb.com\/wp-content\/uploads\/2024\/03\/Tomoken-TMK-VJ-ABC.png.webp 500w, https:\/\/pccctb.com\/wp-content\/uploads\/2024\/03\/Tomoken-TMK-VJ-ABC-300x300.png.webp 300w, https:\/\/pccctb.com\/wp-content\/uploads\/2024\/03\/Tomoken-TMK-VJ-ABC-150x150.png.webp 150w, https:\/\/pccctb.com\/wp-content\/uploads\/2024\/03\/Tomoken-TMK-VJ-ABC-100x100.png.webp 100w\" \/><figcaption id=\"caption-attachment-6041\" class=\"wp-caption-text\">B\u00ecnh ch\u1eefa ch\u00e1y b\u1ed9t Tomoken TMK-VJ-ABC<\/figcaption><\/figure>\n<h3><span id=\"dac-diem-binh-pccc-bot-tomoken-tmk-vj-abc\" class=\"ez-toc-section\"><\/span>\u0110\u1eb7c \u0111i\u1ec3m b\u00ecnh PCCC b\u1ed9t Tomoken TMK-VJ-ABC<\/h3>\n<ol>\n<li><strong>Lo\u1ea1i ch\u1ea5t ch\u1eefa ch\u00e1y<\/strong>: S\u1eed d\u1ee5ng b\u1ed9t ch\u1eefa ch\u00e1y lo\u1ea1i ABC, c\u00f3 kh\u1ea3 n\u0103ng ch\u1eefa ch\u00e1y \u0111a d\u1ea1ng c\u00e1c lo\u1ea1i \u0111\u00e1m ch\u00e1y, bao g\u1ed3m c\u1ea3 ch\u1ea5t r\u1eafn (lo\u1ea1i A), ch\u1ea5t l\u1ecfng (lo\u1ea1i B) v\u00e0 kh\u00ed (lo\u1ea1i C).<\/li>\n<li><strong>Dung t\u00edch<\/strong>: B\u00ecnh ch\u1eefa ch\u00e1y c\u00f3 dung t\u00edch 4kg, l\u00e0 m\u1ed9t dung t\u00edch ph\u1ed5 bi\u1ebfn cho vi\u1ec7c s\u1eed d\u1ee5ng di \u0111\u1ed9ng ho\u1eb7c trong c\u00e1c kh\u00f4ng gian nh\u1ecf.<\/li>\n<li><strong>Hi\u1ec7u qu\u1ea3 ch\u1eefa ch\u00e1y<\/strong>: B\u1ed9t ABC l\u00e0 m\u1ed9t ch\u1ea5t ch\u1eefa ch\u00e1y hi\u1ec7u qu\u1ea3 cho nhi\u1ec1u lo\u1ea1i \u0111\u00e1m ch\u00e1y ph\u1ed5 bi\u1ebfn, nh\u01b0 \u0111\u00e1m ch\u00e1y g\u00e2y ra b\u1edfi g\u1ed7, d\u1ea7u, d\u1ea7u h\u1ecfa, v\u00e0 c\u00e1c lo\u1ea1i ch\u1ea5t l\u1ecfng ho\u1eb7c kh\u00ed d\u1ec5 bay h\u01a1i.<\/li>\n<li><strong>Thi\u1ebft k\u1ebf di \u0111\u1ed9ng<\/strong>: B\u00ecnh ch\u1eefa ch\u00e1y n\u00e0y c\u00f3 thi\u1ebft k\u1ebf di \u0111\u1ed9ng, d\u1ec5 d\u00e0ng mang theo v\u00e0 s\u1eed d\u1ee5ng trong tr\u01b0\u1eddng h\u1ee3p kh\u1ea9n c\u1ea5p. \u0110i\u1ec1u n\u00e0y l\u00e0m cho n\u00f3 ph\u00f9 h\u1ee3p cho vi\u1ec7c cung c\u1ea5p b\u1ea3o v\u1ec7 ch\u1eefa ch\u00e1y trong c\u00e1c khu v\u1ef1c c\u00f3 nguy c\u01a1 ch\u00e1y nh\u01b0 nh\u00e0 \u1edf, v\u0103n ph\u00f2ng, nh\u00e0 x\u01b0\u1edfng, v\u00e0 c\u00e1c ph\u01b0\u01a1ng ti\u1ec7n di chuy\u1ec3n.<\/li>\n<li><strong>An to\u00e0n v\u00e0 d\u1ec5 s\u1eed d\u1ee5ng<\/strong>: B\u00ecnh ch\u1eefa ch\u00e1y \u0111\u01b0\u1ee3c thi\u1ebft k\u1ebf \u0111\u1ec3 s\u1eed d\u1ee5ng d\u1ec5 d\u00e0ng, v\u1edbi c\u01a1 ch\u1ebf k\u00edch ho\u1ea1t nhanh ch\u00f3ng v\u00e0 an to\u00e0n. N\u00f3 cung c\u1ea5p m\u1ed9t ph\u01b0\u01a1ng ti\u1ec7n \u0111\u01a1n gi\u1ea3n v\u00e0 hi\u1ec7u qu\u1ea3 \u0111\u1ec3 ng\u01b0\u1eddi d\u00f9ng \u0111\u1ed1i ph\u00f3 v\u1edbi \u0111\u00e1m ch\u00e1y m\u1ed9t c\u00e1ch an to\u00e0n.<\/li>\n<\/ol>\n<figure id=\"attachment_6031\" class=\"wp-caption aligncenter\" aria-describedby=\"caption-attachment-6031\"><img decoding=\"async\" class=\"wp-image-6031 lazy-load-active\" title=\"B\u00ecnh ch\u1eefa ch\u00e1y b\u1ed9t ABC Tomoken TMK-VJ-ABC\/4kg 16\" src=\"https:\/\/pccctb.com\/wp-content\/uploads\/2024\/03\/binh-chua-chay-tomoken-nhat-ban-jpg.webp\" sizes=\"(max-width: 600px) 100vw, 600px\" srcset=\"https:\/\/pccctb.com\/wp-content\/uploads\/2024\/03\/binh-chua-chay-tomoken-nhat-ban-jpg.webp 963w, https:\/\/pccctb.com\/wp-content\/uploads\/2024\/03\/binh-chua-chay-tomoken-nhat-ban-300x196.webp 300w, https:\/\/pccctb.com\/wp-content\/uploads\/2024\/03\/binh-chua-chay-tomoken-nhat-ban-768x502.webp 768w, https:\/\/pccctb.com\/wp-content\/uploads\/2024\/03\/binh-chua-chay-tomoken-nhat-ban-600x393.webp 600w\" alt=\"B\u00ecnh ch\u1eefa ch\u00e1y Tomoken - C\u00f4ng ngh\u1ec7 Nh\u1eadt B\u1ea3n\" width=\"600\" height=\"393\" data-src=\"https:\/\/pccctb.com\/wp-content\/uploads\/2024\/03\/binh-chua-chay-tomoken-nhat-ban-jpg.webp\" data-srcset=\"https:\/\/pccctb.com\/wp-content\/uploads\/2024\/03\/binh-chua-chay-tomoken-nhat-ban-jpg.webp 963w, https:\/\/pccctb.com\/wp-content\/uploads\/2024\/03\/binh-chua-chay-tomoken-nhat-ban-300x196.webp 300w, https:\/\/pccctb.com\/wp-content\/uploads\/2024\/03\/binh-chua-chay-tomoken-nhat-ban-768x502.webp 768w, https:\/\/pccctb.com\/wp-content\/uploads\/2024\/03\/binh-chua-chay-tomoken-nhat-ban-600x393.webp 600w\" \/><figcaption id=\"caption-attachment-6031\" class=\"wp-caption-text\">B\u00ecnh ch\u1eefa ch\u00e1y Tomoken \u2013 C\u00f4ng ngh\u1ec7 Nh\u1eadt B\u1ea3n<\/figcaption><\/figure>\n<h3><span id=\"cau-tao-ngoai-cua-binh-chua-chay-bot\" class=\"ez-toc-section\"><\/span>C\u1ea5u t\u1ea1o ngo\u00e0i c\u1ee7a b\u00ecnh ch\u1eefa ch\u00e1y b\u1ed9t<\/h3>\n<figure id=\"attachment_5843\" class=\"wp-caption aligncenter\" aria-describedby=\"caption-attachment-5843\"><img loading=\"lazy\" decoding=\"async\" class=\"wp-image-5843 lazy-load-active\" title=\"B\u00ecnh ch\u1eefa ch\u00e1y b\u1ed9t ABC Tomoken TMK-VJ-ABC\/4kg 17\" src=\"https:\/\/pccctb.com\/wp-content\/uploads\/2023\/08\/binh-chua-chay-bot-abc-jpg.webp\" sizes=\"(max-width: 600px) 100vw, 600px\" srcset=\"https:\/\/pccctb.com\/wp-content\/uploads\/2023\/08\/binh-chua-chay-bot-abc-jpg.webp 760w, https:\/\/pccctb.com\/wp-content\/uploads\/2023\/08\/binh-chua-chay-bot-abc-300x260.webp 300w, https:\/\/pccctb.com\/wp-content\/uploads\/2023\/08\/binh-chua-chay-bot-abc-600x520.webp 600w\" alt=\"B\u00ecnh ch\u1eefa ch\u00e1y Tomoken - C\u00f4ng ngh\u1ec7 Nh\u1eadt B\u1ea3n\" width=\"600\" height=\"520\" data-src=\"https:\/\/pccctb.com\/wp-content\/uploads\/2023\/08\/binh-chua-chay-bot-abc-jpg.webp\" data-srcset=\"https:\/\/pccctb.com\/wp-content\/uploads\/2023\/08\/binh-chua-chay-bot-abc-jpg.webp 760w, https:\/\/pccctb.com\/wp-content\/uploads\/2023\/08\/binh-chua-chay-bot-abc-300x260.webp 300w, https:\/\/pccctb.com\/wp-content\/uploads\/2023\/08\/binh-chua-chay-bot-abc-600x520.webp 600w\" \/><figcaption id=\"caption-attachment-5843\" class=\"wp-caption-text\">C\u1ea5u t\u1ea1o b\u00ecnh ch\u1eefa ch\u00e1y b\u1ed9t (H\u00ecnh \u1ea3nh b\u00ecnh minh h\u1ecda)<\/figcaption><\/figure>\n<h2><span id=\"huong-dan-su-dung\" class=\"ez-toc-section\"><\/span>H\u01b0\u1edbng d\u1eabn s\u1eed d\u1ee5ng<\/h2>\n<ol>\n<li>Khi c\u00f3 ch\u00e1y x\u1ea3y ra, x\u00e1ch b\u00ecnh t\u1edbi g\u1ea7n \u0111\u1ecba \u0111i\u1ec3m ch\u00e1y. L\u1eafc x\u00f3c b\u00ecnh t\u1eeb 3-4 l\u1ea7n \u0111\u1ec3 b\u1ed9t t\u01a1i<\/li>\n<li><strong>C\u1ea7m b\u00ecnh ch\u1eefa ch\u00e1y<\/strong>: D\u00f9ng m\u1ed9t tay c\u1ea7m ph\u1ea7n van, tay kia \u0111\u1ee1 d\u01b0\u1edbi \u0111\u00e1y b\u00ecnh.<\/li>\n<li><strong>R\u00fat ch\u1ed1t an to\u00e0n<\/strong>: D\u00f9ng tay k\u1eb9p v\u00e0 r\u00fat ch\u1ed1t an to\u00e0n ra kh\u1ecfi van.<\/li>\n<li><strong>H\u01b0\u1edbng v\u00f2i phun<\/strong>: H\u01b0\u1edbng v\u00f2i phun v\u00e0o g\u1ed1c c\u1ee7a \u0111\u00e1m ch\u00e1y.<\/li>\n<li><strong>B\u00f3p van<\/strong>: B\u00f3p van \u0111\u1ec3 phun b\u1ed9t ch\u1eefa ch\u00e1y v\u00e0o \u0111\u00e1m ch\u00e1y.<\/li>\n<li><strong>Di chuy\u1ec3n<\/strong>: Di chuy\u1ec3n b\u00ecnh ch\u1eefa ch\u00e1y \u0111\u1ec3 qu\u00e9t to\u00e0n b\u1ed9 \u0111\u00e1m ch\u00e1y.<\/li>\n<\/ol>\n<h3><span id=\"luu-y-khi-su-dung\" class=\"ez-toc-section\"><\/span>L\u01b0u \u00fd khi s\u1eed d\u1ee5ng<\/h3>\n<ul>\n<li>Khi phun \u0111\u00e1m ch\u00e1y ph\u1ea3i t\u1eaft h\u1eb3n m\u01b0\u1edbi ng\u1eebng phun.<\/li>\n<li>Khi d\u1eadp c\u00e1c \u0111\u00e1m ch\u00e1y ch\u1ea5t l\u1ecfng ph\u1ea3i phun bao ph\u1ee7 l\u00ean b\u1ec1 m\u1eb7t ch\u00e1y, tr\u00e1nh phun x\u1ee5c tr\u1ef1c ti\u1ebfp xu\u1ed1ng ch\u1ea5t l\u1ecfng \u0111\u1ec1 ph\u00f2ng ch\u00fang b\u1eafn ra ngo\u00e0i, ch\u00e1y to h\u01a1n.<\/li>\n<li>Khi phun tu\u1ef3 thu\u1ed9c v\u00e0o t\u1eebng \u0111\u00e1m ch\u00e1y v\u00e0 l\u01b0\u1ee3ng kh\u00ed \u0111\u1ea9y c\u00f2n l\u1ea1i trong b\u00ecnh m\u00e0 ch\u1ecdn v\u1ecb tr\u00ed, kho\u1ea3ng c\u00e1ch \u0111\u1ee9ng phun cho ph\u00f9 h\u1ee3p.<\/li>\n<li><a href=\"https:\/\/pccctb.com\/binh-chua-chay\/\" target=\"_self\" data-ail=\"5749\">B\u00ecnh ch\u1eefa ch\u00e1y<\/a>\u00a0\u0111\u00e3 qua s\u1eed d\u1ee5ng c\u1ea7n \u0111\u1ec3 ri\u00eang tr\u00e1nh nh\u1ea7m l\u1eabn.<\/li>\n<li>Khi phun gi\u1eef b\u00ecnh \u1edf t\u01b0 th\u1ebf th\u1eb3ng \u0111\u1ee9ng.<\/li>\n<li>Thay th\u1ebf b\u00ecnh ch\u1eefa ch\u00e1y sau 5 n\u0103m s\u1eed d\u1ee5ng ho\u1eb7c sau khi s\u1eed d\u1ee5ng \u0111\u1ec3 d\u1eadp t\u1eaft \u0111\u00e1m ch\u00e1y.<\/li>\n<\/ul>\n","protected":false},"excerpt":{"rendered":"<p>B\u00ecnh ch\u1eefa ch\u00e1y b\u1ed9t Tomoken TMK-VJ-ABC\/4kg s\u1eed d\u1ee5ng b\u1ed9t ABC \u0111\u1ec3 d\u1eadp t\u1eaft c\u00e1c \u0111\u00e1m ch\u00e1y do ch\u1ea5t r\u1eafn, ch\u1ea5t l\u1ecfng v\u00e0 kh\u00ed \u0111\u1ed1t. Gi\u00fap d\u1eadp t\u1eaft \u0111\u00e1m ch\u00e1y k\u1ecbp th\u1eddi, h\u1ea1n ch\u1ebf thi\u1ec7t h\u1ea1i v\u1ec1 ng\u01b0\u1eddi v\u00e0 t\u00e0i s\u1ea3n. S\u1ea3n ph\u1ea9m t\u1eeb th\u01b0\u01a1ng hi\u1ec7u TOMOKEN t\u1ed1t nh\u1ea5t hi\u1ec7n nay.<\/p>\n<ul>\n<li>H\u00e3ng s\u1ea3n xu\u1ea5t: Tomoken<\/li>\n<li>Xu\u1ea5t x\u1ee9: Vi\u1ec7t Nam<\/li>\n<li>Dung t\u00edch: 4kg<\/li>\n<li>C\u00f3 tem ki\u1ec3m \u0111\u1ecbnh PCCC<\/li>\n<li>C\u00f3 h\u00f3a \u0111\u01a1n VAT<\/li>\n<li>B\u1ea3o h\u00e0nh: 12 th\u00e1ng<\/li>\n<\/ul>\n","protected":false},"featured_media":641,"comment_status":"open","ping_status":"closed","template":"","meta":[],"product_brand":[66],"product_cat":[19],"product_tag":[62,21],"class_list":{"0":"post-640","1":"product","2":"type-product","3":"status-publish","4":"has-post-thumbnail","6":"product_brand-kentom","7":"product_cat-binh-chua-chay","8":"product_tag-4kg","9":"product_tag-binh-chua-chay","11":"first","12":"instock","13":"taxable","14":"shipping-taxable","15":"purchasable","16":"product-type-simple"},"yoast_head":"<!-- This site is optimized with the Yoast SEO plugin v24.3 - https:\/\/yoast.com\/wordpress\/plugins\/seo\/ -->\n<title>B\u00ecnh ch\u1eefa ch\u00e1y b\u1ed9t ABC Tomoken TMK-VJ-ABC\/4kg - M&amp;E B\u00ccNH MINH<\/title>\n<meta name=\"robots\" content=\"index, follow, max-snippet:-1, max-image-preview:large, max-video-preview:-1\" \/>\n<link rel=\"canonical\" href=\"https:\/\/mebinhminh.fastviet.vn\/?product=binh-chua-chay-bot-abc-tomoken-tmk-vj-abc-4kg\" \/>\n<meta property=\"og:locale\" content=\"vi_VN\" \/>\n<meta property=\"og:type\" content=\"article\" \/>\n<meta property=\"og:title\" content=\"B\u00ecnh ch\u1eefa ch\u00e1y b\u1ed9t ABC Tomoken TMK-VJ-ABC\/4kg - M&amp;E B\u00ccNH MINH\" \/>\n<meta property=\"og:description\" content=\"B\u00ecnh ch\u1eefa ch\u00e1y b\u1ed9t Tomoken TMK-VJ-ABC\/4kg s\u1eed d\u1ee5ng b\u1ed9t ABC \u0111\u1ec3 d\u1eadp t\u1eaft c\u00e1c \u0111\u00e1m ch\u00e1y do ch\u1ea5t r\u1eafn, ch\u1ea5t l\u1ecfng v\u00e0 kh\u00ed \u0111\u1ed1t. Gi\u00fap d\u1eadp t\u1eaft \u0111\u00e1m ch\u00e1y k\u1ecbp th\u1eddi, h\u1ea1n ch\u1ebf thi\u1ec7t h\u1ea1i v\u1ec1 ng\u01b0\u1eddi v\u00e0 t\u00e0i s\u1ea3n. S\u1ea3n ph\u1ea9m t\u1eeb th\u01b0\u01a1ng hi\u1ec7u TOMOKEN t\u1ed1t nh\u1ea5t hi\u1ec7n nay.   H\u00e3ng s\u1ea3n xu\u1ea5t: Tomoken  Xu\u1ea5t x\u1ee9: Vi\u1ec7t Nam  Dung t\u00edch: 4kg  C\u00f3 tem ki\u1ec3m \u0111\u1ecbnh PCCC  C\u00f3 h\u00f3a \u0111\u01a1n VAT  B\u1ea3o h\u00e0nh: 12 th\u00e1ng\" \/>\n<meta property=\"og:url\" content=\"https:\/\/mebinhminh.fastviet.vn\/?product=binh-chua-chay-bot-abc-tomoken-tmk-vj-abc-4kg\" \/>\n<meta property=\"og:site_name\" content=\"M&amp;E B\u00ccNH MINH\" \/>\n<meta property=\"og:image\" content=\"https:\/\/mebinhminh.fastviet.vn\/wp-content\/uploads\/2025\/02\/binh-chua-chay-bot-tomoken-4kg-600x600-1.webp\" \/>\n\t<meta property=\"og:image:width\" content=\"600\" \/>\n\t<meta property=\"og:image:height\" content=\"600\" \/>\n\t<meta property=\"og:image:type\" content=\"image\/webp\" \/>\n<meta name=\"twitter:card\" content=\"summary_large_image\" \/>\n<meta name=\"twitter:label1\" content=\"\u01af\u1edbc t\u00ednh th\u1eddi gian \u0111\u1ecdc\" \/>\n\t<meta name=\"twitter:data1\" content=\"6 ph\u00fat\" \/>\n<script type=\"application\/ld+json\" class=\"yoast-schema-graph\">{\"@context\":\"https:\/\/schema.org\",\"@graph\":[{\"@type\":\"WebPage\",\"@id\":\"https:\/\/mebinhminh.fastviet.vn\/?product=binh-chua-chay-bot-abc-tomoken-tmk-vj-abc-4kg\",\"url\":\"https:\/\/mebinhminh.fastviet.vn\/?product=binh-chua-chay-bot-abc-tomoken-tmk-vj-abc-4kg\",\"name\":\"B\u00ecnh ch\u1eefa ch\u00e1y b\u1ed9t ABC Tomoken TMK-VJ-ABC\/4kg - M&amp;E B\u00ccNH MINH\",\"isPartOf\":{\"@id\":\"https:\/\/mebinhminh.fastviet.vn\/#website\"},\"primaryImageOfPage\":{\"@id\":\"https:\/\/mebinhminh.fastviet.vn\/?product=binh-chua-chay-bot-abc-tomoken-tmk-vj-abc-4kg#primaryimage\"},\"image\":{\"@id\":\"https:\/\/mebinhminh.fastviet.vn\/?product=binh-chua-chay-bot-abc-tomoken-tmk-vj-abc-4kg#primaryimage\"},\"thumbnailUrl\":\"https:\/\/mebinhminh.fastviet.vn\/wp-content\/uploads\/2025\/02\/binh-chua-chay-bot-tomoken-4kg-600x600-1.webp\",\"datePublished\":\"2025-02-28T09:30:02+00:00\",\"dateModified\":\"2025-02-28T09:30:02+00:00\",\"breadcrumb\":{\"@id\":\"https:\/\/mebinhminh.fastviet.vn\/?product=binh-chua-chay-bot-abc-tomoken-tmk-vj-abc-4kg#breadcrumb\"},\"inLanguage\":\"vi\",\"potentialAction\":[{\"@type\":\"ReadAction\",\"target\":[\"https:\/\/mebinhminh.fastviet.vn\/?product=binh-chua-chay-bot-abc-tomoken-tmk-vj-abc-4kg\"]}]},{\"@type\":\"ImageObject\",\"inLanguage\":\"vi\",\"@id\":\"https:\/\/mebinhminh.fastviet.vn\/?product=binh-chua-chay-bot-abc-tomoken-tmk-vj-abc-4kg#primaryimage\",\"url\":\"https:\/\/mebinhminh.fastviet.vn\/wp-content\/uploads\/2025\/02\/binh-chua-chay-bot-tomoken-4kg-600x600-1.webp\",\"contentUrl\":\"https:\/\/mebinhminh.fastviet.vn\/wp-content\/uploads\/2025\/02\/binh-chua-chay-bot-tomoken-4kg-600x600-1.webp\",\"width\":600,\"height\":600},{\"@type\":\"BreadcrumbList\",\"@id\":\"https:\/\/mebinhminh.fastviet.vn\/?product=binh-chua-chay-bot-abc-tomoken-tmk-vj-abc-4kg#breadcrumb\",\"itemListElement\":[{\"@type\":\"ListItem\",\"position\":1,\"name\":\"Home\",\"item\":\"https:\/\/mebinhminh.fastviet.vn\/\"},{\"@type\":\"ListItem\",\"position\":2,\"name\":\"C\u1eeda h\u00e0ng\",\"item\":\"https:\/\/mebinhminh.fastviet.vn\/?page_id=5\"},{\"@type\":\"ListItem\",\"position\":3,\"name\":\"B\u00ecnh ch\u1eefa ch\u00e1y b\u1ed9t ABC Tomoken TMK-VJ-ABC\/4kg\"}]},{\"@type\":\"WebSite\",\"@id\":\"https:\/\/mebinhminh.fastviet.vn\/#website\",\"url\":\"https:\/\/mebinhminh.fastviet.vn\/\",\"name\":\"M&amp;E B\u00ccNH MINH\",\"description\":\"\",\"potentialAction\":[{\"@type\":\"SearchAction\",\"target\":{\"@type\":\"EntryPoint\",\"urlTemplate\":\"https:\/\/mebinhminh.fastviet.vn\/?s={search_term_string}\"},\"query-input\":{\"@type\":\"PropertyValueSpecification\",\"valueRequired\":true,\"valueName\":\"search_term_string\"}}],\"inLanguage\":\"vi\"}]}<\/script>\n<!-- \/ Yoast SEO plugin. -->","yoast_head_json":{"title":"B\u00ecnh ch\u1eefa ch\u00e1y b\u1ed9t ABC Tomoken TMK-VJ-ABC\/4kg - M&amp;E B\u00ccNH MINH","robots":{"index":"index","follow":"follow","max-snippet":"max-snippet:-1","max-image-preview":"max-image-preview:large","max-video-preview":"max-video-preview:-1"},"canonical":"https:\/\/mebinhminh.fastviet.vn\/?product=binh-chua-chay-bot-abc-tomoken-tmk-vj-abc-4kg","og_locale":"vi_VN","og_type":"article","og_title":"B\u00ecnh ch\u1eefa ch\u00e1y b\u1ed9t ABC Tomoken TMK-VJ-ABC\/4kg - M&amp;E B\u00ccNH MINH","og_description":"B\u00ecnh ch\u1eefa ch\u00e1y b\u1ed9t Tomoken TMK-VJ-ABC\/4kg s\u1eed d\u1ee5ng b\u1ed9t ABC \u0111\u1ec3 d\u1eadp t\u1eaft c\u00e1c \u0111\u00e1m ch\u00e1y do ch\u1ea5t r\u1eafn, ch\u1ea5t l\u1ecfng v\u00e0 kh\u00ed \u0111\u1ed1t. Gi\u00fap d\u1eadp t\u1eaft \u0111\u00e1m ch\u00e1y k\u1ecbp th\u1eddi, h\u1ea1n ch\u1ebf thi\u1ec7t h\u1ea1i v\u1ec1 ng\u01b0\u1eddi v\u00e0 t\u00e0i s\u1ea3n. S\u1ea3n ph\u1ea9m t\u1eeb th\u01b0\u01a1ng hi\u1ec7u TOMOKEN t\u1ed1t nh\u1ea5t hi\u1ec7n nay.   H\u00e3ng s\u1ea3n xu\u1ea5t: Tomoken  Xu\u1ea5t x\u1ee9: Vi\u1ec7t Nam  Dung t\u00edch: 4kg  C\u00f3 tem ki\u1ec3m \u0111\u1ecbnh PCCC  C\u00f3 h\u00f3a \u0111\u01a1n VAT  B\u1ea3o h\u00e0nh: 12 th\u00e1ng","og_url":"https:\/\/mebinhminh.fastviet.vn\/?product=binh-chua-chay-bot-abc-tomoken-tmk-vj-abc-4kg","og_site_name":"M&amp;E B\u00ccNH MINH","og_image":[{"width":600,"height":600,"url":"https:\/\/mebinhminh.fastviet.vn\/wp-content\/uploads\/2025\/02\/binh-chua-chay-bot-tomoken-4kg-600x600-1.webp","type":"image\/webp"}],"twitter_card":"summary_large_image","twitter_misc":{"\u01af\u1edbc t\u00ednh th\u1eddi gian \u0111\u1ecdc":"6 ph\u00fat"},"schema":{"@context":"https:\/\/schema.org","@graph":[{"@type":"WebPage","@id":"https:\/\/mebinhminh.fastviet.vn\/?product=binh-chua-chay-bot-abc-tomoken-tmk-vj-abc-4kg","url":"https:\/\/mebinhminh.fastviet.vn\/?product=binh-chua-chay-bot-abc-tomoken-tmk-vj-abc-4kg","name":"B\u00ecnh ch\u1eefa ch\u00e1y b\u1ed9t ABC Tomoken TMK-VJ-ABC\/4kg - M&amp;E B\u00ccNH MINH","isPartOf":{"@id":"https:\/\/mebinhminh.fastviet.vn\/#website"},"primaryImageOfPage":{"@id":"https:\/\/mebinhminh.fastviet.vn\/?product=binh-chua-chay-bot-abc-tomoken-tmk-vj-abc-4kg#primaryimage"},"image":{"@id":"https:\/\/mebinhminh.fastviet.vn\/?product=binh-chua-chay-bot-abc-tomoken-tmk-vj-abc-4kg#primaryimage"},"thumbnailUrl":"https:\/\/mebinhminh.fastviet.vn\/wp-content\/uploads\/2025\/02\/binh-chua-chay-bot-tomoken-4kg-600x600-1.webp","datePublished":"2025-02-28T09:30:02+00:00","dateModified":"2025-02-28T09:30:02+00:00","breadcrumb":{"@id":"https:\/\/mebinhminh.fastviet.vn\/?product=binh-chua-chay-bot-abc-tomoken-tmk-vj-abc-4kg#breadcrumb"},"inLanguage":"vi","potentialAction":[{"@type":"ReadAction","target":["https:\/\/mebinhminh.fastviet.vn\/?product=binh-chua-chay-bot-abc-tomoken-tmk-vj-abc-4kg"]}]},{"@type":"ImageObject","inLanguage":"vi","@id":"https:\/\/mebinhminh.fastviet.vn\/?product=binh-chua-chay-bot-abc-tomoken-tmk-vj-abc-4kg#primaryimage","url":"https:\/\/mebinhminh.fastviet.vn\/wp-content\/uploads\/2025\/02\/binh-chua-chay-bot-tomoken-4kg-600x600-1.webp","contentUrl":"https:\/\/mebinhminh.fastviet.vn\/wp-content\/uploads\/2025\/02\/binh-chua-chay-bot-tomoken-4kg-600x600-1.webp","width":600,"height":600},{"@type":"BreadcrumbList","@id":"https:\/\/mebinhminh.fastviet.vn\/?product=binh-chua-chay-bot-abc-tomoken-tmk-vj-abc-4kg#breadcrumb","itemListElement":[{"@type":"ListItem","position":1,"name":"Home","item":"https:\/\/mebinhminh.fastviet.vn\/"},{"@type":"ListItem","position":2,"name":"C\u1eeda h\u00e0ng","item":"https:\/\/mebinhminh.fastviet.vn\/?page_id=5"},{"@type":"ListItem","position":3,"name":"B\u00ecnh ch\u1eefa ch\u00e1y b\u1ed9t ABC Tomoken TMK-VJ-ABC\/4kg"}]},{"@type":"WebSite","@id":"https:\/\/mebinhminh.fastviet.vn\/#website","url":"https:\/\/mebinhminh.fastviet.vn\/","name":"M&amp;E B\u00ccNH MINH","description":"","potentialAction":[{"@type":"SearchAction","target":{"@type":"EntryPoint","urlTemplate":"https:\/\/mebinhminh.fastviet.vn\/?s={search_term_string}"},"query-input":{"@type":"PropertyValueSpecification","valueRequired":true,"valueName":"search_term_string"}}],"inLanguage":"vi"}]}},"jetpack_sharing_enabled":true,"_links":{"self":[{"href":"https:\/\/mebinhminh.fastviet.vn\/index.php?rest_route=\/wp\/v2\/product\/640","targetHints":{"allow":["GET"]}}],"collection":[{"href":"https:\/\/mebinhminh.fastviet.vn\/index.php?rest_route=\/wp\/v2\/product"}],"about":[{"href":"https:\/\/mebinhminh.fastviet.vn\/index.php?rest_route=\/wp\/v2\/types\/product"}],"replies":[{"embeddable":true,"href":"https:\/\/mebinhminh.fastviet.vn\/index.php?rest_route=%2Fwp%2Fv2%2Fcomments&post=640"}],"version-history":[{"count":1,"href":"https:\/\/mebinhminh.fastviet.vn\/index.php?rest_route=\/wp\/v2\/product\/640\/revisions"}],"predecessor-version":[{"id":645,"href":"https:\/\/mebinhminh.fastviet.vn\/index.php?rest_route=\/wp\/v2\/product\/640\/revisions\/645"}],"wp:featuredmedia":[{"embeddable":true,"href":"https:\/\/mebinhminh.fastviet.vn\/index.php?rest_route=\/wp\/v2\/media\/641"}],"wp:attachment":[{"href":"https:\/\/mebinhminh.fastviet.vn\/index.php?rest_route=%2Fwp%2Fv2%2Fmedia&parent=640"}],"wp:term":[{"taxonomy":"product_brand","embeddable":true,"href":"https:\/\/mebinhminh.fastviet.vn\/index.php?rest_route=%2Fwp%2Fv2%2Fproduct_brand&post=640"},{"taxonomy":"product_cat","embeddable":true,"href":"https:\/\/mebinhminh.fastviet.vn\/index.php?rest_route=%2Fwp%2Fv2%2Fproduct_cat&post=640"},{"taxonomy":"product_tag","embeddable":true,"href":"https:\/\/mebinhminh.fastviet.vn\/index.php?rest_route=%2Fwp%2Fv2%2Fproduct_tag&post=640"}],"curies":[{"name":"wp","href":"https:\/\/api.w.org\/{rel}","templated":true}]}}