{"id":652,"date":"2025-03-03T08:23:23","date_gmt":"2025-03-03T01:23:23","guid":{"rendered":"https:\/\/mebinhminh.fastviet.vn\/?post_type=product&#038;p=652"},"modified":"2025-03-03T08:23:45","modified_gmt":"2025-03-03T01:23:45","slug":"hop-keo-khan-cap-dia-chi","status":"publish","type":"product","link":"https:\/\/mebinhminh.fastviet.vn\/?product=hop-keo-khan-cap-dia-chi","title":{"rendered":"H\u1ed9p k\u00e9o kh\u1ea9n c\u1ea5p \u0111\u1ecba ch\u1ec9 AMS"},"content":{"rendered":"<p><strong>1. Gi\u1edbi thi\u1ec7u\u00a0h\u1ed9p k\u00e9o kh\u1ea9n c\u1ea5p \u0111\u1ecba ch\u1ec9 DCP-AMS<\/strong><\/p>\n<p>DCP-AMS l\u00e0 d\u00f2ng n\u00fat k\u00e9o b\u00e1o ch\u00e1y kh\u1ea9n c\u1ea5p \u0111\u1ecba ch\u1ec9 c\u1ee7a Hochiki America cho ph\u00e9p b\u00e1o \u0111\u1ed9ng h\u1ecfa ho\u1ea1n nhanh ch\u00f3ng v\u00e0 chu\u1ea9n x\u00e1c. Bao g\u1ed3m hai lo\u1ea1i: 1 thao t\u00e1c v\u00e0 2 thao t\u00e1c. Kh\u00f4i ph\u1ee5c tr\u1ea1ng th\u00e1i n\u00fat k\u00e9o c\u1ea7n c\u00f3 ch\u00eca Cat 30 ho\u1eb7c ch\u00eca l\u1ee5c gi\u00e1c 3,17mm (t\u00f9y v\u00e0o t\u1eebng model).<\/p>\n<p>\u0110\u1ec3 b\u00e1o \u0111\u1ed9ng, ch\u1ec9 c\u1ea7n k\u00e9o n\u00fat b\u00e1o ch\u00e1y \u1edf model lo\u1ea1i 1 thao t\u00e1c DCP-AMS v\u00e0 DCP-AMS-KL. Khi \u0111\u00e3 k\u00e9o n\u00fat, ph\u1ea3i s\u1eed d\u1ee5ng ch\u00eca kh\u00f3a \u0111\u1ec3 kh\u00f4i ph\u1ee5c l\u1ea1i tr\u1ea1ng th\u00e1i n\u00fat ban \u0111\u1ea7u.<\/p>\n<p>D\u00f2ng n\u00fat k\u00e9o DCP-AMS l\u00e0 lo\u1ea1i n\u00fat k\u00e9o \u0111\u1ecba ch\u1ec9 \u0111i\u1ec7n t\u1eed v\u00e0 \u0111\u01b0\u1ee3c trang b\u1ecb \u0111\u00e8n LED hai m\u00e0u. \u0110\u00e8n LED xanh b\u00e1o tr\u1ea1ng th\u00e1i k\u1ebft n\u1ed1i b\u00ecnh th\u01b0\u1eddng v\u1edbi m\u1ea1ch DCP t\u01b0\u01a1ng th\u00edch SLC. Khi c\u00f3 ng\u01b0\u1eddi k\u00e9o n\u00fat \u0111\u1ec3 b\u00e1o \u0111\u1ed9ng, \u0111\u00e8n LED s\u1ebd chuy\u1ec3n sang \u0111\u1ecf.<\/p>\n<p><strong>2. T\u00ednh n\u0103ng c\u01a1 b\u1ea3n c\u1ee7a n\u00fat \u1ea5n kh\u1ea9n c\u1ea5p \u0111\u1ecba ch\u1ec9 DCP-AMS<\/strong><\/p>\n<p>\u2713\u00a0N\u00fat k\u00e9o t\u00edch h\u1ee3p \u0111\u1ecba ch\u1ec9<\/p>\n<p>\u2713\u00a0C\u1ea5u t\u1ea1o b\u1eb1ng s\u1eaft<\/p>\n<p>\u2713\u00a0G\u1ed3m lo\u1ea1i 1 thao t\u00e1c v\u00e0 2 thao t\u00e1c<\/p>\n<p>\u2713\u00a0S\u1eed d\u1ee5ng d\u1ec5 d\u00e0ng<\/p>\n<p>\u2713\u00a0C\u00f3 \u0111\u00e8n LED hai m\u00e0u b\u00e1o tr\u1ea1ng th\u00e1i ch\u1edd v\u00e0 tr\u1ea1ng th\u00e1i b\u00e1o \u0111\u1ed9ng.<\/p>\n<p>\u2713\u00a0\u0110\u1ecba ch\u1ec9 \u0111\u01b0\u1ee3c nh\u1edb trong EEPROM.<\/p>\n<p>\u2713\u00a0\u0110\u1ecba ch\u1ec9 \u0111\u01b0\u1ee3c thi\u1ebft l\u1eadp khi c\u00e0i \u0111\u1eb7t<\/p>\n<p>\u2713\u00a0C\u00f3 th\u1ec3 kh\u00f4i ph\u1ee5c tr\u1ea1ng th\u00e1i n\u00fat k\u00e9o qua hai h\u00ecnh th\u1ee9c ch\u00eca kh\u00f3a th\u01b0\u1eddng hay kh\u00f3a l\u1ee5c gi\u00e1c.<\/p>\n<p>\u2713\u00a0C\u00f4ng t\u1eafc \u0111\u01b0\u1ee3c g\u1eafn v\u1edbi que th\u1ee7y tinh (\u0111i k\u00e8m v\u1edbi s\u1ea3n ph\u1ea9m)<\/p>\n<p>\u2713\u00a0\u0110\u1ea7u \u0111\u1ea5u d\u00e2y cho ph\u00e9p d\u00e2y t\u1ed1i \u0111a l\u00e0 14AWG<\/p>\n<p>\u2713\u00a0C\u00f3 h\u1ed9p \u0111\u1ec3 g\u1eafn n\u1ed5i<\/p>\n<p>\u2713\u00a0Tu\u00e2n th\u1ee7 theo Lu\u1eadt ADA (ngo\u1ea1i tr\u1eeb model LP)<\/p>\n<p><strong>3. Th\u00f4ng s\u1ed1 k\u1ef9 thu\u1eadt N\u00fat \u1ea5n \u0111\u1ecba ch\u1ec9 Hochiki DCP-AMS<\/strong><\/p>\n<p>&#8211; M\u00e3 s\u1ea3n ph\u1ea9m: DCP-AMS<\/p>\n<p>&#8211;\u00a0H\u00e3ng s\u1ea3n xu\u1ea5t: Hochiki<\/p>\n<p>&#8211;\u00a0Xu\u1ea5t x\u1ee9: M\u1ef9<\/p>\n<p>&#8211;\u00a0\u0110i\u1ec7n \u00e1p l\u00e0m vi\u1ec7c: 17VDC \u0111\u1ebfn 41 VDC<\/p>\n<p>&#8211;\u00a0D\u00f2ng c\u1ea3nh b\u00e1o: 8mA<\/p>\n<p>&#8211;\u00a0D\u00f2ng ti\u00eau th\u1ee5 trung b\u00ecnh: 600uA<\/p>\n<p>&#8211;\u00a0Nhi\u1ec7t \u0111\u1ed9 l\u00e0m vi\u1ec7c: 0oC \u0111\u1ebfn 49oC<\/p>\n<p>&#8211;\u00a0\u0110\u1ed9 \u1ea9m t\u1ed1i \u0111a: 90%<\/p>\n<p>&#8211;\u00a0D\u00f9ng b\u1ed9 nh\u1edb EEPROM \u0111\u1ec3 l\u01b0u \u0111\u1ecba ch\u1ec9<\/p>\n<p>&#8211;\u00a0Thi\u1ebft b\u1ecb t\u01b0\u01a1ng th\u00edch:\u00a0d\u00f9ng cho t\u1ee7 Hochiki FireNet:\u00a0\u00a0<strong><a href=\"https:\/\/pcccanbinh.com.vn\/tu-bao-chay-dia-chi-firenet-hochiki-2-4-loop-32-15.html\">FN-2127<\/a>,\u00a0\u00a0<a href=\"https:\/\/pcccanbinh.com.vn\/tu-bao-chay-dia-chi-firenet-hochiki-2-4-loop-32-15.html\">FN-4127<\/a>,\u00a0<a href=\"https:\/\/pcccanbinh.com.vn\/trung-tam-bao-chay-firenet-plus-33-15.html\">FNP-1127<\/a>,\u00a0\u00a0<a href=\"https:\/\/pcccanbinh.com.vn\/tu-bao-chay-dia-chi-firenet-6-8loop-31-15.html\">FN-6127\/FN-8127<\/a><\/strong><\/p>\n","protected":false},"excerpt":{"rendered":"<p><strong>H\u1ed9p k\u00e9o kh\u1ea9n c\u1ea5p \u0111\u1ecba ch\u1ec9 Hochiki DCP-AMS<\/strong> nh\u1eadp kh\u1ea9u M\u1ef9 l\u00e0 n\u00fat nh\u1ea5n ch\u1ec9 m\u1ed9t thao t\u00e1c s\u1eed d\u1ee5ng l\u1ee5c gi\u00e1c \u0111\u1ec3 kh\u00f4i ph\u1ee5c tr\u1ea1ng th\u00e1i. H\u1ed9p k\u00e9o kh\u1ea9n c\u1ea5p \u0111\u1ecba ch\u1ec9 Hochiki DCP-AMS cung c\u1ea5p gi\u1ea3i ph\u00e1p b\u00e1o ch\u00e1y nhanh v\u00e0 tin c\u1eady, do con ng\u01b0\u1eddi tr\u1ef1c ti\u1ebfp t\u00e1c \u0111\u1ed9ng trong tr\u01b0\u1eddng h\u1ee3p c\u00f3 ch\u00e1y x\u1ea3y ra. N\u00fat nh\u1ea5n kh\u1ea9n DCP-AMS c\u00f3 hai d\u1ea1ng l\u00e0 m\u1ed9t thao t\u00e1c v\u00e0 hai thao t\u00e1c. \u0110\u1ec3 kh\u00f4i ph\u1ee5c tr\u1ea1ng th\u00e1i n\u00fat nh\u1ea5n tr\u1edf v\u1ec1 ban \u0111\u1ea7u, ta c\u0169ng c\u00f3 2 l\u1ef1a ch\u1ecdn ho\u1eb7c s\u1eed d\u1ee5ng ch\u00eca kh\u00f3a ho\u1eb7c s\u1eed d\u1ee5ng l\u1ee5c gi\u00e1c.<\/p>\n","protected":false},"featured_media":654,"comment_status":"open","ping_status":"closed","template":"","meta":[],"product_brand":[72],"product_cat":[23,31],"product_tag":[76],"class_list":{"0":"post-652","1":"product","2":"type-product","3":"status-publish","4":"has-post-thumbnail","6":"product_brand-hochiki","7":"product_cat-phu-kien-chua-chay","8":"product_cat-san-pham-khac","9":"product_tag-hop-keo-khan-cap","11":"first","12":"instock","13":"taxable","14":"shipping-taxable","15":"purchasable","16":"product-type-simple"},"yoast_head":"<!-- This site is optimized with the Yoast SEO plugin v24.3 - https:\/\/yoast.com\/wordpress\/plugins\/seo\/ -->\n<title>H\u1ed9p k\u00e9o kh\u1ea9n c\u1ea5p \u0111\u1ecba ch\u1ec9 AMS - M&amp;E B\u00ccNH MINH<\/title>\n<meta name=\"robots\" content=\"index, follow, max-snippet:-1, max-image-preview:large, max-video-preview:-1\" \/>\n<link rel=\"canonical\" href=\"https:\/\/mebinhminh.fastviet.vn\/?product=hop-keo-khan-cap-dia-chi\" \/>\n<meta property=\"og:locale\" content=\"vi_VN\" \/>\n<meta property=\"og:type\" content=\"article\" \/>\n<meta property=\"og:title\" content=\"H\u1ed9p k\u00e9o kh\u1ea9n c\u1ea5p \u0111\u1ecba ch\u1ec9 AMS - M&amp;E B\u00ccNH MINH\" \/>\n<meta property=\"og:description\" content=\"H\u1ed9p k\u00e9o kh\u1ea9n c\u1ea5p \u0111\u1ecba ch\u1ec9 Hochiki DCP-AMS nh\u1eadp kh\u1ea9u M\u1ef9 l\u00e0 n\u00fat nh\u1ea5n ch\u1ec9 m\u1ed9t thao t\u00e1c s\u1eed d\u1ee5ng l\u1ee5c gi\u00e1c \u0111\u1ec3 kh\u00f4i ph\u1ee5c tr\u1ea1ng th\u00e1i. H\u1ed9p k\u00e9o kh\u1ea9n c\u1ea5p \u0111\u1ecba ch\u1ec9 Hochiki DCP-AMS cung c\u1ea5p gi\u1ea3i ph\u00e1p b\u00e1o ch\u00e1y nhanh v\u00e0 tin c\u1eady, do con ng\u01b0\u1eddi tr\u1ef1c ti\u1ebfp t\u00e1c \u0111\u1ed9ng trong tr\u01b0\u1eddng h\u1ee3p c\u00f3 ch\u00e1y x\u1ea3y ra. N\u00fat nh\u1ea5n kh\u1ea9n DCP-AMS c\u00f3 hai d\u1ea1ng l\u00e0 m\u1ed9t thao t\u00e1c v\u00e0 hai thao t\u00e1c. \u0110\u1ec3 kh\u00f4i ph\u1ee5c tr\u1ea1ng th\u00e1i n\u00fat nh\u1ea5n tr\u1edf v\u1ec1 ban \u0111\u1ea7u, ta c\u0169ng c\u00f3 2 l\u1ef1a ch\u1ecdn ho\u1eb7c s\u1eed d\u1ee5ng ch\u00eca kh\u00f3a ho\u1eb7c s\u1eed d\u1ee5ng l\u1ee5c gi\u00e1c.\" \/>\n<meta property=\"og:url\" content=\"https:\/\/mebinhminh.fastviet.vn\/?product=hop-keo-khan-cap-dia-chi\" \/>\n<meta property=\"og:site_name\" content=\"M&amp;E B\u00ccNH MINH\" \/>\n<meta property=\"article:modified_time\" content=\"2025-03-03T01:23:45+00:00\" \/>\n<meta property=\"og:image\" content=\"https:\/\/mebinhminh.fastviet.vn\/wp-content\/uploads\/2025\/03\/dcpams.jpg\" \/>\n\t<meta property=\"og:image:width\" content=\"600\" \/>\n\t<meta property=\"og:image:height\" content=\"600\" \/>\n\t<meta property=\"og:image:type\" content=\"image\/jpeg\" \/>\n<meta name=\"twitter:card\" content=\"summary_large_image\" \/>\n<script type=\"application\/ld+json\" class=\"yoast-schema-graph\">{\"@context\":\"https:\/\/schema.org\",\"@graph\":[{\"@type\":\"WebPage\",\"@id\":\"https:\/\/mebinhminh.fastviet.vn\/?product=hop-keo-khan-cap-dia-chi\",\"url\":\"https:\/\/mebinhminh.fastviet.vn\/?product=hop-keo-khan-cap-dia-chi\",\"name\":\"H\u1ed9p k\u00e9o kh\u1ea9n c\u1ea5p \u0111\u1ecba ch\u1ec9 AMS - M&amp;E B\u00ccNH MINH\",\"isPartOf\":{\"@id\":\"https:\/\/mebinhminh.fastviet.vn\/#website\"},\"primaryImageOfPage\":{\"@id\":\"https:\/\/mebinhminh.fastviet.vn\/?product=hop-keo-khan-cap-dia-chi#primaryimage\"},\"image\":{\"@id\":\"https:\/\/mebinhminh.fastviet.vn\/?product=hop-keo-khan-cap-dia-chi#primaryimage\"},\"thumbnailUrl\":\"https:\/\/mebinhminh.fastviet.vn\/wp-content\/uploads\/2025\/03\/dcpams.jpg\",\"datePublished\":\"2025-03-03T01:23:23+00:00\",\"dateModified\":\"2025-03-03T01:23:45+00:00\",\"breadcrumb\":{\"@id\":\"https:\/\/mebinhminh.fastviet.vn\/?product=hop-keo-khan-cap-dia-chi#breadcrumb\"},\"inLanguage\":\"vi\",\"potentialAction\":[{\"@type\":\"ReadAction\",\"target\":[\"https:\/\/mebinhminh.fastviet.vn\/?product=hop-keo-khan-cap-dia-chi\"]}]},{\"@type\":\"ImageObject\",\"inLanguage\":\"vi\",\"@id\":\"https:\/\/mebinhminh.fastviet.vn\/?product=hop-keo-khan-cap-dia-chi#primaryimage\",\"url\":\"https:\/\/mebinhminh.fastviet.vn\/wp-content\/uploads\/2025\/03\/dcpams.jpg\",\"contentUrl\":\"https:\/\/mebinhminh.fastviet.vn\/wp-content\/uploads\/2025\/03\/dcpams.jpg\",\"width\":600,\"height\":600},{\"@type\":\"BreadcrumbList\",\"@id\":\"https:\/\/mebinhminh.fastviet.vn\/?product=hop-keo-khan-cap-dia-chi#breadcrumb\",\"itemListElement\":[{\"@type\":\"ListItem\",\"position\":1,\"name\":\"Home\",\"item\":\"https:\/\/mebinhminh.fastviet.vn\/\"},{\"@type\":\"ListItem\",\"position\":2,\"name\":\"C\u1eeda h\u00e0ng\",\"item\":\"https:\/\/mebinhminh.fastviet.vn\/?page_id=5\"},{\"@type\":\"ListItem\",\"position\":3,\"name\":\"H\u1ed9p k\u00e9o kh\u1ea9n c\u1ea5p \u0111\u1ecba ch\u1ec9 AMS\"}]},{\"@type\":\"WebSite\",\"@id\":\"https:\/\/mebinhminh.fastviet.vn\/#website\",\"url\":\"https:\/\/mebinhminh.fastviet.vn\/\",\"name\":\"M&amp;E B\u00ccNH MINH\",\"description\":\"\",\"potentialAction\":[{\"@type\":\"SearchAction\",\"target\":{\"@type\":\"EntryPoint\",\"urlTemplate\":\"https:\/\/mebinhminh.fastviet.vn\/?s={search_term_string}\"},\"query-input\":{\"@type\":\"PropertyValueSpecification\",\"valueRequired\":true,\"valueName\":\"search_term_string\"}}],\"inLanguage\":\"vi\"}]}<\/script>\n<!-- \/ Yoast SEO plugin. -->","yoast_head_json":{"title":"H\u1ed9p k\u00e9o kh\u1ea9n c\u1ea5p \u0111\u1ecba ch\u1ec9 AMS - M&amp;E B\u00ccNH MINH","robots":{"index":"index","follow":"follow","max-snippet":"max-snippet:-1","max-image-preview":"max-image-preview:large","max-video-preview":"max-video-preview:-1"},"canonical":"https:\/\/mebinhminh.fastviet.vn\/?product=hop-keo-khan-cap-dia-chi","og_locale":"vi_VN","og_type":"article","og_title":"H\u1ed9p k\u00e9o kh\u1ea9n c\u1ea5p \u0111\u1ecba ch\u1ec9 AMS - M&amp;E B\u00ccNH MINH","og_description":"H\u1ed9p k\u00e9o kh\u1ea9n c\u1ea5p \u0111\u1ecba ch\u1ec9 Hochiki DCP-AMS nh\u1eadp kh\u1ea9u M\u1ef9 l\u00e0 n\u00fat nh\u1ea5n ch\u1ec9 m\u1ed9t thao t\u00e1c s\u1eed d\u1ee5ng l\u1ee5c gi\u00e1c \u0111\u1ec3 kh\u00f4i ph\u1ee5c tr\u1ea1ng th\u00e1i. H\u1ed9p k\u00e9o kh\u1ea9n c\u1ea5p \u0111\u1ecba ch\u1ec9 Hochiki DCP-AMS cung c\u1ea5p gi\u1ea3i ph\u00e1p b\u00e1o ch\u00e1y nhanh v\u00e0 tin c\u1eady, do con ng\u01b0\u1eddi tr\u1ef1c ti\u1ebfp t\u00e1c \u0111\u1ed9ng trong tr\u01b0\u1eddng h\u1ee3p c\u00f3 ch\u00e1y x\u1ea3y ra. N\u00fat nh\u1ea5n kh\u1ea9n DCP-AMS c\u00f3 hai d\u1ea1ng l\u00e0 m\u1ed9t thao t\u00e1c v\u00e0 hai thao t\u00e1c. \u0110\u1ec3 kh\u00f4i ph\u1ee5c tr\u1ea1ng th\u00e1i n\u00fat nh\u1ea5n tr\u1edf v\u1ec1 ban \u0111\u1ea7u, ta c\u0169ng c\u00f3 2 l\u1ef1a ch\u1ecdn ho\u1eb7c s\u1eed d\u1ee5ng ch\u00eca kh\u00f3a ho\u1eb7c s\u1eed d\u1ee5ng l\u1ee5c gi\u00e1c.","og_url":"https:\/\/mebinhminh.fastviet.vn\/?product=hop-keo-khan-cap-dia-chi","og_site_name":"M&amp;E B\u00ccNH MINH","article_modified_time":"2025-03-03T01:23:45+00:00","og_image":[{"width":600,"height":600,"url":"https:\/\/mebinhminh.fastviet.vn\/wp-content\/uploads\/2025\/03\/dcpams.jpg","type":"image\/jpeg"}],"twitter_card":"summary_large_image","schema":{"@context":"https:\/\/schema.org","@graph":[{"@type":"WebPage","@id":"https:\/\/mebinhminh.fastviet.vn\/?product=hop-keo-khan-cap-dia-chi","url":"https:\/\/mebinhminh.fastviet.vn\/?product=hop-keo-khan-cap-dia-chi","name":"H\u1ed9p k\u00e9o kh\u1ea9n c\u1ea5p \u0111\u1ecba ch\u1ec9 AMS - M&amp;E B\u00ccNH MINH","isPartOf":{"@id":"https:\/\/mebinhminh.fastviet.vn\/#website"},"primaryImageOfPage":{"@id":"https:\/\/mebinhminh.fastviet.vn\/?product=hop-keo-khan-cap-dia-chi#primaryimage"},"image":{"@id":"https:\/\/mebinhminh.fastviet.vn\/?product=hop-keo-khan-cap-dia-chi#primaryimage"},"thumbnailUrl":"https:\/\/mebinhminh.fastviet.vn\/wp-content\/uploads\/2025\/03\/dcpams.jpg","datePublished":"2025-03-03T01:23:23+00:00","dateModified":"2025-03-03T01:23:45+00:00","breadcrumb":{"@id":"https:\/\/mebinhminh.fastviet.vn\/?product=hop-keo-khan-cap-dia-chi#breadcrumb"},"inLanguage":"vi","potentialAction":[{"@type":"ReadAction","target":["https:\/\/mebinhminh.fastviet.vn\/?product=hop-keo-khan-cap-dia-chi"]}]},{"@type":"ImageObject","inLanguage":"vi","@id":"https:\/\/mebinhminh.fastviet.vn\/?product=hop-keo-khan-cap-dia-chi#primaryimage","url":"https:\/\/mebinhminh.fastviet.vn\/wp-content\/uploads\/2025\/03\/dcpams.jpg","contentUrl":"https:\/\/mebinhminh.fastviet.vn\/wp-content\/uploads\/2025\/03\/dcpams.jpg","width":600,"height":600},{"@type":"BreadcrumbList","@id":"https:\/\/mebinhminh.fastviet.vn\/?product=hop-keo-khan-cap-dia-chi#breadcrumb","itemListElement":[{"@type":"ListItem","position":1,"name":"Home","item":"https:\/\/mebinhminh.fastviet.vn\/"},{"@type":"ListItem","position":2,"name":"C\u1eeda h\u00e0ng","item":"https:\/\/mebinhminh.fastviet.vn\/?page_id=5"},{"@type":"ListItem","position":3,"name":"H\u1ed9p k\u00e9o kh\u1ea9n c\u1ea5p \u0111\u1ecba ch\u1ec9 AMS"}]},{"@type":"WebSite","@id":"https:\/\/mebinhminh.fastviet.vn\/#website","url":"https:\/\/mebinhminh.fastviet.vn\/","name":"M&amp;E B\u00ccNH MINH","description":"","potentialAction":[{"@type":"SearchAction","target":{"@type":"EntryPoint","urlTemplate":"https:\/\/mebinhminh.fastviet.vn\/?s={search_term_string}"},"query-input":{"@type":"PropertyValueSpecification","valueRequired":true,"valueName":"search_term_string"}}],"inLanguage":"vi"}]}},"jetpack_sharing_enabled":true,"_links":{"self":[{"href":"https:\/\/mebinhminh.fastviet.vn\/index.php?rest_route=\/wp\/v2\/product\/652","targetHints":{"allow":["GET"]}}],"collection":[{"href":"https:\/\/mebinhminh.fastviet.vn\/index.php?rest_route=\/wp\/v2\/product"}],"about":[{"href":"https:\/\/mebinhminh.fastviet.vn\/index.php?rest_route=\/wp\/v2\/types\/product"}],"replies":[{"embeddable":true,"href":"https:\/\/mebinhminh.fastviet.vn\/index.php?rest_route=%2Fwp%2Fv2%2Fcomments&post=652"}],"version-history":[{"count":2,"href":"https:\/\/mebinhminh.fastviet.vn\/index.php?rest_route=\/wp\/v2\/product\/652\/revisions"}],"predecessor-version":[{"id":656,"href":"https:\/\/mebinhminh.fastviet.vn\/index.php?rest_route=\/wp\/v2\/product\/652\/revisions\/656"}],"wp:featuredmedia":[{"embeddable":true,"href":"https:\/\/mebinhminh.fastviet.vn\/index.php?rest_route=\/wp\/v2\/media\/654"}],"wp:attachment":[{"href":"https:\/\/mebinhminh.fastviet.vn\/index.php?rest_route=%2Fwp%2Fv2%2Fmedia&parent=652"}],"wp:term":[{"taxonomy":"product_brand","embeddable":true,"href":"https:\/\/mebinhminh.fastviet.vn\/index.php?rest_route=%2Fwp%2Fv2%2Fproduct_brand&post=652"},{"taxonomy":"product_cat","embeddable":true,"href":"https:\/\/mebinhminh.fastviet.vn\/index.php?rest_route=%2Fwp%2Fv2%2Fproduct_cat&post=652"},{"taxonomy":"product_tag","embeddable":true,"href":"https:\/\/mebinhminh.fastviet.vn\/index.php?rest_route=%2Fwp%2Fv2%2Fproduct_tag&post=652"}],"curies":[{"name":"wp","href":"https:\/\/api.w.org\/{rel}","templated":true}]}}