{"id":657,"date":"2025-03-03T08:29:52","date_gmt":"2025-03-03T01:29:52","guid":{"rendered":"https:\/\/mebinhminh.fastviet.vn\/?post_type=product&#038;p=657"},"modified":"2025-03-03T08:34:22","modified_gmt":"2025-03-03T01:34:22","slug":"tt-bao-chay-dia-chi-firenet-6-8loop","status":"publish","type":"product","link":"https:\/\/mebinhminh.fastviet.vn\/?product=tt-bao-chay-dia-chi-firenet-6-8loop","title":{"rendered":"TT b\u00e1o ch\u00e1y \u0111\u1ecba ch\u1ec9 FireNET 6\/8Loop"},"content":{"rendered":"<p>T\u1ee7 trung t\u00e2m FireNET FN-6127\/FN-8127 l\u00e0 t\u1ee7 trung t\u00e2m b\u00e1o ch\u00e1y \u0111\u1ecba ch\u1ec9 c\u00f3 6\/8 loop, m\u1ed7i loop c\u00f3 th\u1ec3 l\u1eafp \u0111\u1eb7t t\u1ed1i \u0111a 127 thi\u1ebft b\u1ecb \u0111\u1ecba ch\u1ec9 b\u1ea5t k\u1ef3 v\u00e0 127 \u0111\u1ebf \u0111\u1ea7u b\u00e1o c\u00f3 c\u00f2i \u0111\u1ecba ch\u1ec9 (\u0111\u1ecba ch\u1ec9 \u0111\u1ebf c\u00f3 c\u00f2i ph\u1ee5 thu\u1ed9c v\u00e0o \u0111\u1ecba ch\u1ec9 \u0111\u1ea7u b\u00e1o). \u0110\u01b0\u1eddng t\u00edn hi\u1ec7u thi\u1ebft b\u1ecb c\u00f3 th\u1ec3 \u0111i d\u00e2y th\u01b0\u1eddng, kh\u00f4ng y\u00eau c\u1ea7u ph\u1ea3i l\u00e0 lo\u1ea1i d\u00e2y \u0111\u1eb7c bi\u1ec7t b\u1ecdc gi\u00e1p ch\u1ed1ng nhi\u1ec5u nh\u01b0 m\u1ed9t s\u1ed1 trung t\u00e2m kh\u00e1c. M\u1ed7i m\u1ed9t b\u1ed9 trung t\u00e2m s\u1ebd bao g\u1ed3m 2 b\u1ed9 ngu\u1ed3n 5.25Amp cung c\u1ea5p ngu\u1ed3n cho b\u1ed9 \u0111i\u1ec1u khi\u1ec3n v\u00e0 to\u00e0n b\u1ed9 h\u1ec7 th\u1ed1ng, 8 ng\u00f5 ra NAC cho c\u00e1c thi\u1ebft b\u1ecb c\u1ea3nh b\u00e1o. Trung t\u00e2m s\u1eed d\u1ee5ng giao th\u1ee9c RS-485 \u0111\u1ec3 k\u1ebft n\u1ed1i v\u1edbi c\u00e1c trung t\u00e2m FireNET v\u00e0 s\u1eed d\u1ee5ng giao th\u1ee9c RS-232 \u0111\u1ec3 k\u1ebft n\u1ed1i v\u1edbi m\u00e1y t\u00ednh ph\u1ee5c v\u1ee5 vi\u1ec7c l\u1eadp tr\u00ecnh v\u00e0 hi\u1ec3n th\u1ecb giao di\u1ec7n \u0111\u1ed3 h\u1ecda. Vi\u1ec7c l\u1eadp tr\u00ecnh trung t\u00e2m th\u1eadt d\u1ec5 d\u00e0ng nh\u1edd ph\u1ea7n m\u1ec1m Loop Explorer Windows\u00ae Software v\u1edbi c\u00e1c thao t\u00e1c k\u00e9o th\u1ea3 \u0111\u1ec3 l\u1eadp tr\u00ecnh.<\/p>\n<p><strong>C\u00e1c t\u00ednh n\u0103ng ti\u00eau bi\u1ec3u:<\/strong><\/p>\n<p>+ Giao ti\u1ebfp v\u1edbi thi\u1ebft b\u1ecb b\u1eb1ng giao th\u1ee9c truy\u1ec1n th\u00f4ng DCP nhanh v\u00e0 tin c\u1eady.<\/p>\n<p>+ C\u00f3 th\u1ec3 k\u1ebft n\u1ed1i 127 thi\u1ebft b\u1ecb \u0111\u1ecba ch\u1ec9 b\u1ea5t k\u1ef3 v\u00e0 127 \u0111\u1ebf \u0111\u1ea7u b\u00e1o c\u00f3 c\u00f2i \u0111\u1ecba ch\u1ec9.<\/p>\n<p>+ S\u1eed d\u1ee5ng d\u00e2y d\u1eabn \u0111\u01b0\u1eddng loop l\u00e0 lo\u1ea1i th\u01b0\u1eddng, kh\u00f4ng y\u00eau c\u1ea7u d\u00e2y b\u1ecdc gi\u00e1p, ch\u1ed1ng nhi\u1ec5u.<\/p>\n<p>+ Cho ph\u00e9p \u0111i d\u00e2y ki\u1ec3u A ho\u1eb7c ki\u1ec3u B cho \u0111\u01b0\u1eddng loop.<\/p>\n<p>+ M\u1ea1ch ng\u00f5 ra cho c\u00e1c thi\u1ebft b\u1ecb c\u1ea3nh b\u00e1o \u0111i d\u00e2y ki\u1ec3u B.<\/p>\n<p>+ C\u00f3 th\u1ec3 l\u1eadp tr\u00ecnh \u0111\u1ed9 nh\u1ea1y cho t\u1eebng thi\u1ebft b\u1ecb, t\u1ef1 \u0111\u1ed9ng thay \u0111\u1ed5i \u0111\u1ed9 nh\u1ea1y theo ng\u00e0y v\u00e0 \u0111\u00eam.<\/p>\n<p>+ T\u1ef1 \u0111\u1ed9ng c\u00e2n ch\u1ec9nh \u0111\u1ed9 nh\u1ea1y theo ng\u00e0y v\u00e0 c\u1ea3nh b\u00e1o \u0111\u1ea7u b\u00e1o b\u1ea9n.<\/p>\n<p>+ M\u00e0n h\u00ecnh hi\u1ec3n th\u1ecb LCD 8 d\u00f2ng 40 k\u00fd t\u1ef1.<\/p>\n<p>+ C\u00f3 th\u1ec3 t\u00f9y ch\u1ecdn phi\u00ean b\u1ea3n 6 ho\u1eb7c 8 loop.<\/p>\n<p>+ C\u00f3 2 ng\u00f5 ra RS-485 \u0111\u1ec3 k\u1ebft n\u1ed1i nhi\u1ec1u t\u1ee7 trung t\u00e2m v\u1edbi nhau d\u1ea1ng m\u1ea1ch v\u00f2ng.<\/p>\n<p>+ T\u00edch h\u1ee3p 2 ng\u00f5 RS-232 k\u1ebft n\u1ed1i m\u00e1y t\u00ednh v\u00e0 2 ng\u00f5 k\u1ebft n\u1ed1i m\u00e1y in RS-232.<\/p>\n<p>+ T\u00edch h\u1ee3p s\u1eb5n 10 r\u1edd le d\u1ea1ng C \u2013 ch\u1ecbu d\u00f2ng t\u1ed1i \u0111a 1A t\u1ea1i 30VDC &#8211; \u00a0c\u00f3 th\u1ec3 l\u1eadp tr\u00ecnh (R\u1edd le Fire1, Fire2, Trouble, Supervisory, Aux).<\/p>\n<p>+ T\u00edch h\u1ee3p 2 ng\u00f5 c\u1ea5p ngu\u1ed3n th\u01b0\u1eddng tr\u1ef1c Aux, m\u1ed7i ng\u00f5 c\u1ea5p d\u00f2ng t\u1ed1i \u0111a 500mA (1000mA cho c\u1ea3 2 ng\u00f5).<\/p>\n<p>+ T\u01b0\u01a1ng th\u00edch s\u1eed d\u1ee5ng ph\u1ea7n m\u1ec1m Loop\u00a0 Explorer\u00a0 Windows\u00ae \u0111\u1ec3 c\u00e0i \u0111\u1eb7t h\u1ec7 th\u1ed1ng.<\/p>\n<p>+ C\u00f3 th\u1ec3 c\u1ea5u h\u00ecnh t\u1ed1i \u0111a 500 zone th\u00f4ng qua ph\u1ea7n m\u1ec1m<\/p>\n<p>+ C\u00f3 th\u1ec3 k\u1ebft n\u1ed1i l\u00ean \u0111\u1ebfn t\u1ed1i \u0111a 64 t\u1ee7 v\u1edbi nhau<\/p>\n<p>+ T\u00edch h\u1ee3p 2 \u0111\u01b0\u1eddng m\u1edf r\u1ed9ng RS-485 d\u1ea1ng ch\u1ee7-t\u1edb, m\u1ed7i \u0111\u01b0\u1eddng cho ph\u00e9p k\u1ebft n\u1ed1i t\u1ed1i \u0111a 32 bo FN-4127-IO ho\u1eb7c 16 bo FN-LCD-S.<\/p>\n<p>+ Ch\u1ee9c n\u0103ng t\u1ef1 \u0111\u1ed9ng nh\u1eadn thi\u1ebft b\u1ecb &#8211; Auto-learn \u2013 h\u1ed7 tr\u1ee3 vi\u1ec7c c\u00e0i \u0111\u1eb7t l\u1eadp tr\u00ecnh h\u1ec7 th\u1ed1ng nhanh h\u01a1n.<\/p>\n<p>+ C\u00f3 th\u1ec3 xem th\u00f4ng tin tr\u1ee3 gi\u00fap v\u00e0 th\u00f4ng tin b\u00e1o \u0111\u1ed9ng tr\u00ean t\u1ee7<\/p>\n<p>+ T\u00edch h\u1ee3p c\u00e1c ch\u1ee9c n\u0103ng s\u01a1 t\u00e1n kh\u1ea9n c\u1ea5p, ki\u1ec3m tra h\u1ec7 th\u1ed1ng m\u1ed9t ng\u01b0\u1eddi, b\u00e1o \u0111\u1ed9ng 2 giai \u0111o\u1ea1n.<\/p>\n<p>+ Kh\u1ea3 n\u0103ng l\u1eadp tr\u00ecnh Cause &amp; Effect m\u1ea1nh m\u1ebd, linh ho\u1ea1t.<\/p>\n<p>&nbsp;<\/p>\n<p><strong>Thi\u1ebft b\u1ecb t\u01b0\u01a1ng th\u00edch:\u00a0<\/strong><a title=\"ALN-V - \u0110\u1ea7u b\u00e1o kh\u00f3i quang \u0111\u1ecba ch\u1ec9\" href=\"https:\/\/www.nhatnam.com.vn\/san-pham\/bao-chay-dia-chi-hochiki\/dau-bao-dia-chi-hochiki\/dau-bao-khoi-quang-hoc-dia-chi-aln-v.html\" target=\"_blank\" rel=\"noopener\">ALN-V<\/a>,\u00a0<a title=\"ATJ-EA - \u0110\u1ea7u b\u00e1o nhi\u1ec7t gia t\u0103ng k\u1ebft h\u1ee3p c\u1ed1 \u0111\u1ecbnh \u0111\u1ecba ch\u1ec9\" href=\"https:\/\/www.nhatnam.com.vn\/san-pham\/bao-chay-dia-chi-hochiki\/dau-bao-dia-chi-hochiki\/dau-bao-nhiet-gia-tang-co-dinh-atj-ea.html\" target=\"_blank\" rel=\"noopener\">ATJ-EA<\/a>,\u00a0<a title=\"ACC-V - \u0110\u1ea7u b\u00e1o kh\u00f3i k\u1ebft h\u1ee3p nhi\u1ec7t \u0111\u1ecba ch\u1ec9\" href=\"https:\/\/www.nhatnam.com.vn\/san-pham\/bao-chay-dia-chi-hochiki\/dau-bao-dia-chi-hochiki\/dau-bao-ket-hop-khoi-nhiet-dia-chi-acc-v.html\" target=\"_blank\" rel=\"noopener\">ACC-V<\/a>,\u00a0<a title=\"DCP-AMS - H\u1ed9p k\u00e9o kh\u1ea9n c\u1ea5p \u0111\u1ecba ch\u1ec9\" href=\"https:\/\/www.nhatnam.com.vn\/san-pham\/bao-chay-dia-chi-hochiki\/nut-keo-khan-cap-dia-chi-hochiki\/hop-keo-khan-cap-dia-chi.html\" target=\"_blank\" rel=\"noopener\">DCP-AMS<\/a>,\u00a0<a title=\"DCP-FRCME-M - Module ng\u00f5 v\u00e0o\" href=\"https:\/\/www.nhatnam.com.vn\/san-pham\/bao-chay-dia-chi-hochiki\/module-dia-chi-hochiki\/module-ngo-vao.html\" target=\"_blank\" rel=\"noopener\">DCP-FRCME-M<\/a>,\u00a0<a title=\"DCP-DIMM - Module gi\u00e1m s\u00e1t 2 ng\u00f5 v\u00e0o\" href=\"https:\/\/www.nhatnam.com.vn\/san-pham\/bao-chay-dia-chi-hochiki\/module-dia-chi-hochiki\/module-giam-sat-2-ngo-vao.html\" target=\"_blank\" rel=\"noopener\">DCP-DIMM<\/a>,\u00a0<a title=\"DCP-R2ML - Module \u0111i\u1ec1u khi\u1ec3n 2 ng\u00f5 ra R\u01a1-le\" href=\"https:\/\/www.nhatnam.com.vn\/san-pham\/bao-chay-dia-chi-hochiki\/module-dia-chi-hochiki\/module-dieu-khien-2-ngo-ra-ro-le.html\" target=\"_blank\" rel=\"noopener\">DCP-R2ML<\/a>,\u00a0<a title=\"DCP-SOM-A - Module \u0111i\u1ec1u khi\u1ec3n ng\u00f5 ra, Ki\u1ec3u A, 24VDC\" href=\"https:\/\/www.nhatnam.com.vn\/san-pham\/bao-chay-dia-chi-hochiki\/module-dia-chi-hochiki\/module-dieu-khien-ngo-ra-kieu-a-24vdc.html\" target=\"_blank\" rel=\"noopener\">DCP-SOM-A<\/a>,\u00a0<a title=\"DCP-CZM - Module cho \u0111\u1ea7u b\u00e1o th\u01b0\u1eddng\" href=\"https:\/\/www.nhatnam.com.vn\/san-pham\/bao-chay-dia-chi-hochiki\/module-dia-chi-hochiki\/module-cho-dau-bao-thuong.html\" target=\"_blank\" rel=\"noopener\">DCP-CZM<\/a>,\u00a0<a title=\"DCP-SCI - Module c\u00e1ch ly\" href=\"https:\/\/www.nhatnam.com.vn\/san-pham\/bao-chay-dia-chi-hochiki\/module-dia-chi-hochiki\/module-cach-ly.html\" target=\"_blank\" rel=\"noopener\">DCP-SCI<\/a>,\u00a0<a title=\"FBB-150I - Chu\u00f4ng b\u00e1o ch\u00e1y\" href=\"https:\/\/www.nhatnam.com.vn\/san-pham\/bao-chay-thuong-hochiki\/phu-kien-bao-chay-thuong-hochiki\/chuong-bao-chay.html?p=2\" target=\"_blank\" rel=\"noopener\">FBB-150I<\/a>,\u00a0<a title=\"HEC3-24WR - C\u00f2i \u0111\u00e8n ch\u1edbp b\u00e1o ch\u00e1y\" href=\"https:\/\/www.nhatnam.com.vn\/san-pham\/bao-chay-thuong-hochiki\/phu-kien-bao-chay-thuong-hochiki\/coi-ket-hop-den-chop.html\" target=\"_blank\" rel=\"noopener\">HEC3-24WR<\/a><\/p>\n","protected":false},"excerpt":{"rendered":"<p><a href=\"https:\/\/sieuthiphongchay.vn\/danh-muc\/san-pham\/bao-chay-hochiki\/\">T\u1ee7 trung t\u00e2m FireNET<\/a>\u00a0FN-6127\/FN-8127 l\u00e0 t\u1ee7 trung t\u00e2m b\u00e1o ch\u00e1y \u0111\u1ecba ch\u1ec9 c\u00f3 6\/8 loop, m\u1ed7i loop c\u00f3 th\u1ec3 l\u1eafp \u0111\u1eb7t t\u1ed1i \u0111a 127 thi\u1ebft b\u1ecb \u0111\u1ecba ch\u1ec9 b\u1ea5t k\u1ef3 v\u00e0 127 \u0111\u1ebf \u0111\u1ea7u b\u00e1o c\u00f3 c\u00f2i \u0111\u1ecba ch\u1ec9 (\u0111\u1ecba ch\u1ec9 \u0111\u1ebf c\u00f3 c\u00f2i ph\u1ee5 thu\u1ed9c v\u00e0o \u0111\u1ecba ch\u1ec9 \u0111\u1ea7u b\u00e1o). \u0110\u01b0\u1eddng t\u00edn hi\u1ec7u thi\u1ebft b\u1ecb c\u00f3 th\u1ec3 \u0111i d\u00e2y th\u01b0\u1eddng, kh\u00f4ng y\u00eau c\u1ea7u ph\u1ea3i l\u00e0 lo\u1ea1i d\u00e2y \u0111\u1eb7c bi\u1ec7t b\u1ecdc gi\u00e1p ch\u1ed1ng nhi\u1ec5u nh\u01b0 m\u1ed9t s\u1ed1 trung t\u00e2m kh\u00e1c. M\u1ed7i m\u1ed9t b\u1ed9 trung t\u00e2m s\u1ebd bao g\u1ed3m 2 b\u1ed9 ngu\u1ed3n 5.25Amp cung c\u1ea5p ngu\u1ed3n cho b\u1ed9 \u0111i\u1ec1u khi\u1ec3n v\u00e0 to\u00e0n b\u1ed9 h\u1ec7 th\u1ed1ng, 8 ng\u00f5 ra NAC cho c\u00e1c thi\u1ebft b\u1ecb c\u1ea3nh b\u00e1o. Trung t\u00e2m s\u1eed d\u1ee5ng giao th\u1ee9c RS-485 \u0111\u1ec3 k\u1ebft n\u1ed1i v\u1edbi c\u00e1c trung t\u00e2m FireNET v\u00e0 s\u1eed d\u1ee5ng giao th\u1ee9c RS-232 \u0111\u1ec3 k\u1ebft n\u1ed1i v\u1edbi m\u00e1y t\u00ednh ph\u1ee5c v\u1ee5 vi\u1ec7c l\u1eadp tr\u00ecnh v\u00e0 hi\u1ec3n th\u1ecb giao di\u1ec7n \u0111\u1ed3 h\u1ecda. Vi\u1ec7c l\u1eadp tr\u00ecnh trung t\u00e2m th\u1eadt d\u1ec5 d\u00e0ng nh\u1edd ph\u1ea7n m\u1ec1m Loop Explorer Windows\u00ae Software v\u1edbi c\u00e1c thao t\u00e1c k\u00e9o th\u1ea3 \u0111\u1ec3 l\u1eadp tr\u00ecnh.<\/p>\n","protected":false},"featured_media":658,"comment_status":"open","ping_status":"closed","template":"","meta":[],"product_brand":[77,72],"product_cat":[73,23],"product_tag":[],"class_list":{"0":"post-657","1":"product","2":"type-product","3":"status-publish","4":"has-post-thumbnail","6":"product_brand-firenet","7":"product_brand-hochiki","8":"product_cat-lap-dat-thiet-bi-pccc","9":"product_cat-phu-kien-chua-chay","11":"first","12":"instock","13":"taxable","14":"shipping-taxable","15":"purchasable","16":"product-type-simple"},"yoast_head":"<!-- This site is optimized with the Yoast SEO plugin v24.3 - https:\/\/yoast.com\/wordpress\/plugins\/seo\/ -->\n<title>TT b\u00e1o ch\u00e1y \u0111\u1ecba ch\u1ec9 FireNET 6\/8Loop - M&amp;E B\u00ccNH MINH<\/title>\n<meta name=\"robots\" content=\"index, follow, max-snippet:-1, max-image-preview:large, max-video-preview:-1\" \/>\n<link rel=\"canonical\" href=\"https:\/\/mebinhminh.fastviet.vn\/?product=tt-bao-chay-dia-chi-firenet-6-8loop\" \/>\n<meta property=\"og:locale\" content=\"vi_VN\" \/>\n<meta property=\"og:type\" content=\"article\" \/>\n<meta property=\"og:title\" content=\"TT b\u00e1o ch\u00e1y \u0111\u1ecba ch\u1ec9 FireNET 6\/8Loop - M&amp;E B\u00ccNH MINH\" \/>\n<meta property=\"og:description\" content=\"T\u1ee7 trung t\u00e2m FireNET\u00a0FN-6127\/FN-8127 l\u00e0 t\u1ee7 trung t\u00e2m b\u00e1o ch\u00e1y \u0111\u1ecba ch\u1ec9 c\u00f3 6\/8 loop, m\u1ed7i loop c\u00f3 th\u1ec3 l\u1eafp \u0111\u1eb7t t\u1ed1i \u0111a 127 thi\u1ebft b\u1ecb \u0111\u1ecba ch\u1ec9 b\u1ea5t k\u1ef3 v\u00e0 127 \u0111\u1ebf \u0111\u1ea7u b\u00e1o c\u00f3 c\u00f2i \u0111\u1ecba ch\u1ec9 (\u0111\u1ecba ch\u1ec9 \u0111\u1ebf c\u00f3 c\u00f2i ph\u1ee5 thu\u1ed9c v\u00e0o \u0111\u1ecba ch\u1ec9 \u0111\u1ea7u b\u00e1o). \u0110\u01b0\u1eddng t\u00edn hi\u1ec7u thi\u1ebft b\u1ecb c\u00f3 th\u1ec3 \u0111i d\u00e2y th\u01b0\u1eddng, kh\u00f4ng y\u00eau c\u1ea7u ph\u1ea3i l\u00e0 lo\u1ea1i d\u00e2y \u0111\u1eb7c bi\u1ec7t b\u1ecdc gi\u00e1p ch\u1ed1ng nhi\u1ec5u nh\u01b0 m\u1ed9t s\u1ed1 trung t\u00e2m kh\u00e1c. M\u1ed7i m\u1ed9t b\u1ed9 trung t\u00e2m s\u1ebd bao g\u1ed3m 2 b\u1ed9 ngu\u1ed3n 5.25Amp cung c\u1ea5p ngu\u1ed3n cho b\u1ed9 \u0111i\u1ec1u khi\u1ec3n v\u00e0 to\u00e0n b\u1ed9 h\u1ec7 th\u1ed1ng, 8 ng\u00f5 ra NAC cho c\u00e1c thi\u1ebft b\u1ecb c\u1ea3nh b\u00e1o. Trung t\u00e2m s\u1eed d\u1ee5ng giao th\u1ee9c RS-485 \u0111\u1ec3 k\u1ebft n\u1ed1i v\u1edbi c\u00e1c trung t\u00e2m FireNET v\u00e0 s\u1eed d\u1ee5ng giao th\u1ee9c RS-232 \u0111\u1ec3 k\u1ebft n\u1ed1i v\u1edbi m\u00e1y t\u00ednh ph\u1ee5c v\u1ee5 vi\u1ec7c l\u1eadp tr\u00ecnh v\u00e0 hi\u1ec3n th\u1ecb giao di\u1ec7n \u0111\u1ed3 h\u1ecda. Vi\u1ec7c l\u1eadp tr\u00ecnh trung t\u00e2m th\u1eadt d\u1ec5 d\u00e0ng nh\u1edd ph\u1ea7n m\u1ec1m Loop Explorer Windows\u00ae Software v\u1edbi c\u00e1c thao t\u00e1c k\u00e9o th\u1ea3 \u0111\u1ec3 l\u1eadp tr\u00ecnh.\" \/>\n<meta property=\"og:url\" content=\"https:\/\/mebinhminh.fastviet.vn\/?product=tt-bao-chay-dia-chi-firenet-6-8loop\" \/>\n<meta property=\"og:site_name\" content=\"M&amp;E B\u00ccNH MINH\" \/>\n<meta property=\"article:modified_time\" content=\"2025-03-03T01:34:22+00:00\" \/>\n<meta property=\"og:image\" content=\"https:\/\/mebinhminh.fastviet.vn\/wp-content\/uploads\/2025\/03\/FN-8127L.jpg\" \/>\n\t<meta property=\"og:image:width\" content=\"310\" \/>\n\t<meta property=\"og:image:height\" content=\"251\" \/>\n\t<meta property=\"og:image:type\" content=\"image\/jpeg\" \/>\n<meta name=\"twitter:card\" content=\"summary_large_image\" \/>\n<meta name=\"twitter:label1\" content=\"\u01af\u1edbc t\u00ednh th\u1eddi gian \u0111\u1ecdc\" \/>\n\t<meta name=\"twitter:data1\" content=\"4 ph\u00fat\" \/>\n<script type=\"application\/ld+json\" class=\"yoast-schema-graph\">{\"@context\":\"https:\/\/schema.org\",\"@graph\":[{\"@type\":\"WebPage\",\"@id\":\"https:\/\/mebinhminh.fastviet.vn\/?product=tt-bao-chay-dia-chi-firenet-6-8loop\",\"url\":\"https:\/\/mebinhminh.fastviet.vn\/?product=tt-bao-chay-dia-chi-firenet-6-8loop\",\"name\":\"TT b\u00e1o ch\u00e1y \u0111\u1ecba ch\u1ec9 FireNET 6\/8Loop - M&amp;E B\u00ccNH MINH\",\"isPartOf\":{\"@id\":\"https:\/\/mebinhminh.fastviet.vn\/#website\"},\"primaryImageOfPage\":{\"@id\":\"https:\/\/mebinhminh.fastviet.vn\/?product=tt-bao-chay-dia-chi-firenet-6-8loop#primaryimage\"},\"image\":{\"@id\":\"https:\/\/mebinhminh.fastviet.vn\/?product=tt-bao-chay-dia-chi-firenet-6-8loop#primaryimage\"},\"thumbnailUrl\":\"https:\/\/mebinhminh.fastviet.vn\/wp-content\/uploads\/2025\/03\/FN-8127L.jpg\",\"datePublished\":\"2025-03-03T01:29:52+00:00\",\"dateModified\":\"2025-03-03T01:34:22+00:00\",\"breadcrumb\":{\"@id\":\"https:\/\/mebinhminh.fastviet.vn\/?product=tt-bao-chay-dia-chi-firenet-6-8loop#breadcrumb\"},\"inLanguage\":\"vi\",\"potentialAction\":[{\"@type\":\"ReadAction\",\"target\":[\"https:\/\/mebinhminh.fastviet.vn\/?product=tt-bao-chay-dia-chi-firenet-6-8loop\"]}]},{\"@type\":\"ImageObject\",\"inLanguage\":\"vi\",\"@id\":\"https:\/\/mebinhminh.fastviet.vn\/?product=tt-bao-chay-dia-chi-firenet-6-8loop#primaryimage\",\"url\":\"https:\/\/mebinhminh.fastviet.vn\/wp-content\/uploads\/2025\/03\/FN-8127L.jpg\",\"contentUrl\":\"https:\/\/mebinhminh.fastviet.vn\/wp-content\/uploads\/2025\/03\/FN-8127L.jpg\",\"width\":310,\"height\":251},{\"@type\":\"BreadcrumbList\",\"@id\":\"https:\/\/mebinhminh.fastviet.vn\/?product=tt-bao-chay-dia-chi-firenet-6-8loop#breadcrumb\",\"itemListElement\":[{\"@type\":\"ListItem\",\"position\":1,\"name\":\"Home\",\"item\":\"https:\/\/mebinhminh.fastviet.vn\/\"},{\"@type\":\"ListItem\",\"position\":2,\"name\":\"C\u1eeda h\u00e0ng\",\"item\":\"https:\/\/mebinhminh.fastviet.vn\/?page_id=5\"},{\"@type\":\"ListItem\",\"position\":3,\"name\":\"TT b\u00e1o ch\u00e1y \u0111\u1ecba ch\u1ec9 FireNET 6\/8Loop\"}]},{\"@type\":\"WebSite\",\"@id\":\"https:\/\/mebinhminh.fastviet.vn\/#website\",\"url\":\"https:\/\/mebinhminh.fastviet.vn\/\",\"name\":\"M&amp;E B\u00ccNH MINH\",\"description\":\"\",\"potentialAction\":[{\"@type\":\"SearchAction\",\"target\":{\"@type\":\"EntryPoint\",\"urlTemplate\":\"https:\/\/mebinhminh.fastviet.vn\/?s={search_term_string}\"},\"query-input\":{\"@type\":\"PropertyValueSpecification\",\"valueRequired\":true,\"valueName\":\"search_term_string\"}}],\"inLanguage\":\"vi\"}]}<\/script>\n<!-- \/ Yoast SEO plugin. -->","yoast_head_json":{"title":"TT b\u00e1o ch\u00e1y \u0111\u1ecba ch\u1ec9 FireNET 6\/8Loop - M&amp;E B\u00ccNH MINH","robots":{"index":"index","follow":"follow","max-snippet":"max-snippet:-1","max-image-preview":"max-image-preview:large","max-video-preview":"max-video-preview:-1"},"canonical":"https:\/\/mebinhminh.fastviet.vn\/?product=tt-bao-chay-dia-chi-firenet-6-8loop","og_locale":"vi_VN","og_type":"article","og_title":"TT b\u00e1o ch\u00e1y \u0111\u1ecba ch\u1ec9 FireNET 6\/8Loop - M&amp;E B\u00ccNH MINH","og_description":"T\u1ee7 trung t\u00e2m FireNET\u00a0FN-6127\/FN-8127 l\u00e0 t\u1ee7 trung t\u00e2m b\u00e1o ch\u00e1y \u0111\u1ecba ch\u1ec9 c\u00f3 6\/8 loop, m\u1ed7i loop c\u00f3 th\u1ec3 l\u1eafp \u0111\u1eb7t t\u1ed1i \u0111a 127 thi\u1ebft b\u1ecb \u0111\u1ecba ch\u1ec9 b\u1ea5t k\u1ef3 v\u00e0 127 \u0111\u1ebf \u0111\u1ea7u b\u00e1o c\u00f3 c\u00f2i \u0111\u1ecba ch\u1ec9 (\u0111\u1ecba ch\u1ec9 \u0111\u1ebf c\u00f3 c\u00f2i ph\u1ee5 thu\u1ed9c v\u00e0o \u0111\u1ecba ch\u1ec9 \u0111\u1ea7u b\u00e1o). \u0110\u01b0\u1eddng t\u00edn hi\u1ec7u thi\u1ebft b\u1ecb c\u00f3 th\u1ec3 \u0111i d\u00e2y th\u01b0\u1eddng, kh\u00f4ng y\u00eau c\u1ea7u ph\u1ea3i l\u00e0 lo\u1ea1i d\u00e2y \u0111\u1eb7c bi\u1ec7t b\u1ecdc gi\u00e1p ch\u1ed1ng nhi\u1ec5u nh\u01b0 m\u1ed9t s\u1ed1 trung t\u00e2m kh\u00e1c. M\u1ed7i m\u1ed9t b\u1ed9 trung t\u00e2m s\u1ebd bao g\u1ed3m 2 b\u1ed9 ngu\u1ed3n 5.25Amp cung c\u1ea5p ngu\u1ed3n cho b\u1ed9 \u0111i\u1ec1u khi\u1ec3n v\u00e0 to\u00e0n b\u1ed9 h\u1ec7 th\u1ed1ng, 8 ng\u00f5 ra NAC cho c\u00e1c thi\u1ebft b\u1ecb c\u1ea3nh b\u00e1o. Trung t\u00e2m s\u1eed d\u1ee5ng giao th\u1ee9c RS-485 \u0111\u1ec3 k\u1ebft n\u1ed1i v\u1edbi c\u00e1c trung t\u00e2m FireNET v\u00e0 s\u1eed d\u1ee5ng giao th\u1ee9c RS-232 \u0111\u1ec3 k\u1ebft n\u1ed1i v\u1edbi m\u00e1y t\u00ednh ph\u1ee5c v\u1ee5 vi\u1ec7c l\u1eadp tr\u00ecnh v\u00e0 hi\u1ec3n th\u1ecb giao di\u1ec7n \u0111\u1ed3 h\u1ecda. Vi\u1ec7c l\u1eadp tr\u00ecnh trung t\u00e2m th\u1eadt d\u1ec5 d\u00e0ng nh\u1edd ph\u1ea7n m\u1ec1m Loop Explorer Windows\u00ae Software v\u1edbi c\u00e1c thao t\u00e1c k\u00e9o th\u1ea3 \u0111\u1ec3 l\u1eadp tr\u00ecnh.","og_url":"https:\/\/mebinhminh.fastviet.vn\/?product=tt-bao-chay-dia-chi-firenet-6-8loop","og_site_name":"M&amp;E B\u00ccNH MINH","article_modified_time":"2025-03-03T01:34:22+00:00","og_image":[{"width":310,"height":251,"url":"https:\/\/mebinhminh.fastviet.vn\/wp-content\/uploads\/2025\/03\/FN-8127L.jpg","type":"image\/jpeg"}],"twitter_card":"summary_large_image","twitter_misc":{"\u01af\u1edbc t\u00ednh th\u1eddi gian \u0111\u1ecdc":"4 ph\u00fat"},"schema":{"@context":"https:\/\/schema.org","@graph":[{"@type":"WebPage","@id":"https:\/\/mebinhminh.fastviet.vn\/?product=tt-bao-chay-dia-chi-firenet-6-8loop","url":"https:\/\/mebinhminh.fastviet.vn\/?product=tt-bao-chay-dia-chi-firenet-6-8loop","name":"TT b\u00e1o ch\u00e1y \u0111\u1ecba ch\u1ec9 FireNET 6\/8Loop - M&amp;E B\u00ccNH MINH","isPartOf":{"@id":"https:\/\/mebinhminh.fastviet.vn\/#website"},"primaryImageOfPage":{"@id":"https:\/\/mebinhminh.fastviet.vn\/?product=tt-bao-chay-dia-chi-firenet-6-8loop#primaryimage"},"image":{"@id":"https:\/\/mebinhminh.fastviet.vn\/?product=tt-bao-chay-dia-chi-firenet-6-8loop#primaryimage"},"thumbnailUrl":"https:\/\/mebinhminh.fastviet.vn\/wp-content\/uploads\/2025\/03\/FN-8127L.jpg","datePublished":"2025-03-03T01:29:52+00:00","dateModified":"2025-03-03T01:34:22+00:00","breadcrumb":{"@id":"https:\/\/mebinhminh.fastviet.vn\/?product=tt-bao-chay-dia-chi-firenet-6-8loop#breadcrumb"},"inLanguage":"vi","potentialAction":[{"@type":"ReadAction","target":["https:\/\/mebinhminh.fastviet.vn\/?product=tt-bao-chay-dia-chi-firenet-6-8loop"]}]},{"@type":"ImageObject","inLanguage":"vi","@id":"https:\/\/mebinhminh.fastviet.vn\/?product=tt-bao-chay-dia-chi-firenet-6-8loop#primaryimage","url":"https:\/\/mebinhminh.fastviet.vn\/wp-content\/uploads\/2025\/03\/FN-8127L.jpg","contentUrl":"https:\/\/mebinhminh.fastviet.vn\/wp-content\/uploads\/2025\/03\/FN-8127L.jpg","width":310,"height":251},{"@type":"BreadcrumbList","@id":"https:\/\/mebinhminh.fastviet.vn\/?product=tt-bao-chay-dia-chi-firenet-6-8loop#breadcrumb","itemListElement":[{"@type":"ListItem","position":1,"name":"Home","item":"https:\/\/mebinhminh.fastviet.vn\/"},{"@type":"ListItem","position":2,"name":"C\u1eeda h\u00e0ng","item":"https:\/\/mebinhminh.fastviet.vn\/?page_id=5"},{"@type":"ListItem","position":3,"name":"TT b\u00e1o ch\u00e1y \u0111\u1ecba ch\u1ec9 FireNET 6\/8Loop"}]},{"@type":"WebSite","@id":"https:\/\/mebinhminh.fastviet.vn\/#website","url":"https:\/\/mebinhminh.fastviet.vn\/","name":"M&amp;E B\u00ccNH MINH","description":"","potentialAction":[{"@type":"SearchAction","target":{"@type":"EntryPoint","urlTemplate":"https:\/\/mebinhminh.fastviet.vn\/?s={search_term_string}"},"query-input":{"@type":"PropertyValueSpecification","valueRequired":true,"valueName":"search_term_string"}}],"inLanguage":"vi"}]}},"jetpack_sharing_enabled":true,"_links":{"self":[{"href":"https:\/\/mebinhminh.fastviet.vn\/index.php?rest_route=\/wp\/v2\/product\/657","targetHints":{"allow":["GET"]}}],"collection":[{"href":"https:\/\/mebinhminh.fastviet.vn\/index.php?rest_route=\/wp\/v2\/product"}],"about":[{"href":"https:\/\/mebinhminh.fastviet.vn\/index.php?rest_route=\/wp\/v2\/types\/product"}],"replies":[{"embeddable":true,"href":"https:\/\/mebinhminh.fastviet.vn\/index.php?rest_route=%2Fwp%2Fv2%2Fcomments&post=657"}],"version-history":[{"count":1,"href":"https:\/\/mebinhminh.fastviet.vn\/index.php?rest_route=\/wp\/v2\/product\/657\/revisions"}],"predecessor-version":[{"id":659,"href":"https:\/\/mebinhminh.fastviet.vn\/index.php?rest_route=\/wp\/v2\/product\/657\/revisions\/659"}],"wp:featuredmedia":[{"embeddable":true,"href":"https:\/\/mebinhminh.fastviet.vn\/index.php?rest_route=\/wp\/v2\/media\/658"}],"wp:attachment":[{"href":"https:\/\/mebinhminh.fastviet.vn\/index.php?rest_route=%2Fwp%2Fv2%2Fmedia&parent=657"}],"wp:term":[{"taxonomy":"product_brand","embeddable":true,"href":"https:\/\/mebinhminh.fastviet.vn\/index.php?rest_route=%2Fwp%2Fv2%2Fproduct_brand&post=657"},{"taxonomy":"product_cat","embeddable":true,"href":"https:\/\/mebinhminh.fastviet.vn\/index.php?rest_route=%2Fwp%2Fv2%2Fproduct_cat&post=657"},{"taxonomy":"product_tag","embeddable":true,"href":"https:\/\/mebinhminh.fastviet.vn\/index.php?rest_route=%2Fwp%2Fv2%2Fproduct_tag&post=657"}],"curies":[{"name":"wp","href":"https:\/\/api.w.org\/{rel}","templated":true}]}}