{"id":684,"date":"2025-03-06T16:14:25","date_gmt":"2025-03-06T09:14:25","guid":{"rendered":"https:\/\/mebinhminh.fastviet.vn\/?post_type=product&#038;p=684"},"modified":"2025-03-06T16:15:12","modified_gmt":"2025-03-06T09:15:12","slug":"mu-chong-chay-cuu-ho-pccc-ktfh1000-korea","status":"publish","type":"product","link":"https:\/\/mebinhminh.fastviet.vn\/?product=mu-chong-chay-cuu-ho-pccc-ktfh1000-korea","title":{"rendered":"M\u0169 ch\u1ed1ng ch\u00e1y c\u1ee9u h\u1ed9 PCCC KTFH1000 Korea"},"content":{"rendered":"<h3 dir=\"ltr\">Th\u00f4ng tin k\u1ef9 thu\u1eadt s\u1ea3n ph\u1ea9m<\/h3>\n<p dir=\"ltr\">\u25cf Th\u01b0\u01a1ng hi\u1ec7u: KT Fire Corporation<\/p>\n<p dir=\"ltr\">\u25cf Xu\u1ea5t x\u1ee9: H\u00e0n Qu\u1ed1c<\/p>\n<p dir=\"ltr\">\u25cf Ch\u1ea5t li\u1ec7u: FYR-Glass<\/p>\n<p dir=\"ltr\">\u25cf M\u00e0u s\u1eafc: \u0110\u1ecf\/v\u00e0ng, vi\u1ec1n m\u0169 m\u00e0u \u0111en<\/p>\n<p dir=\"ltr\">\u25cf Ch\u1ecbu nhi\u1ec7t: 1000 \u0111\u1ed9 C<\/p>\n<p dir=\"ltr\">\u25cf Tr\u1ecdng l\u01b0\u1ee3ng: 1.2 kg<\/p>\n<p dir=\"ltr\">\u25cf K\u00edch th\u01b0\u1edbc: D\u00e0i 36 cm, r\u1ed9ng 24 cm<\/p>\n<p dir=\"ltr\">\u25cf B\u1ea3o v\u1ec7: Ch\u1ed1ng ch\u00e1y, ch\u1ed1ng nhi\u1ec7t, ch\u1ed1ng va \u0111\u1eadp, ch\u1ed1ng \u0111\u1ee5c th\u1ee7ng, c\u00e1ch \u0111i\u1ec7n<\/p>\n<p dir=\"ltr\">\u25cf Ti\u00eau chu\u1ea9n: ISO9001:2008, NFPA 1971-2018<\/p>\n<h3 dir=\"ltr\">M\u00f4 t\u1ea3 s\u1ea3n ph\u1ea9m<\/h3>\n<p dir=\"ltr\">&#8211; <strong>M\u0169 ch\u1ed1ng ch\u00e1y KTFH1000<\/strong> c\u00f3 thi\u1ebft k\u1ebf \u0111\u1eb7c bi\u1ec7t v\u1edbi c\u00e1c \u0111\u01b0\u1eddng g\u00e2n ch\u1ecbu l\u1ef1c c\u00f3 8 \u0111i\u1ec3m ti\u1ebfp x\u00fac v\u00e0o \u0111\u1ea7u khi mang v\u00e0o, t\u1ea1o c\u1ea3m gi\u00e1c tho\u1ea3i m\u00e1i v\u00e0 v\u1eeba v\u1eb7n kh\u00f4ng b\u1ecb \u0111au \u0111\u1ea7u.<\/p>\n<p dir=\"ltr\">&#8211; S\u1ea3n ph\u1ea9m \u0111\u01b0\u1ee3c l\u00e0m b\u1eb1ng ch\u1ea5t li\u1ec7u FYR-Class n\u00ean kh\u1ea3 n\u0103ng ch\u1ecbu nhi\u1ec7t l\u00ean \u0111\u1ebfn 1000 \u0111\u1ed9 C, ch\u1ed1ng va \u0111\u1eadp, ch\u1ed1ng \u0111\u1ee5c th\u1ee7ng v\u00e0 c\u00e1ch \u0111i\u1ec7n.<\/p>\n<p dir=\"ltr\">&#8211; Ph\u00eda tr\u01b0\u1edbc m\u0169 c\u00f3 t\u1ea5m k\u00ednh ch\u1ecbu nhi\u1ec7t cao \u0111\u01b0\u1ee3c l\u00e0m b\u1eb1ng v\u1eadt li\u1ec7u APEC-Carbonate, c\u00f3 th\u1ec3 n\u00e2ng l\u00ean h\u1ea1 xu\u1ed1ng gi\u00fap b\u1ea3o v\u1ec7 m\u1eb7t v\u00e0 v\u00f9ng m\u1eaft c\u1ee7a ng\u01b0\u1eddi d\u00f9ng.<\/p>\n<p dir=\"ltr\">&#8211; Ph\u00eda sau m\u0169 c\u00f3 l\u1edbp b\u1ea3o v\u1ec7 tr\u00e1ng b\u1ea1c c\u00f3 th\u1ec3 th\u00e1o r\u1eddi v\u1edbi m\u1ee5c \u0111\u00edch b\u1ea3o v\u1ec7 ph\u1ea7n g\u00e1y v\u00e0 vai ng\u01b0\u1eddi s\u1eed d\u1ee5ng.<\/p>\n<p dir=\"ltr\">&#8211; S\u1ea3n ph\u1ea9m \u0111\u1ea1t ti\u00eau chu\u1ea9n qu\u1ed1c t\u1ebf ISO9001:2008 v\u00e0 NFPA 1971-2018.<\/p>\n<p dir=\"ltr\">&#8211; B\u00ean c\u1ea1nh \u0111\u00f3 m\u0169 ch\u1ed1ng ch\u00e1y c\u00f2n c\u00f3 kh\u1ea3 n\u0103ng k\u1ebft h\u1ee3p th\u00eam v\u1edbi c\u00e1c thi\u1ebft b\u1ecb th\u00f4ng tin v\u00e0 m\u1eb7t n\u1ea1 ph\u00f2ng kh\u00f3i \u0111\u1ed9c \u0111\u1ec3 t\u0103ng s\u1ef1 \u0111a n\u0103ng v\u00e0 an to\u00e0n cho ng\u01b0\u1eddi s\u1eed d\u1ee5ng.<\/p>\n<h2 dir=\"ltr\"><b>L\u01b0u \u00fd<\/b><\/h2>\n<p dir=\"ltr\">\u2756 Kh\u1ea3 n\u0103ng ch\u1ecbu nhi\u1ec7t: \u0110\u00e2y l\u00e0 y\u1ebfu t\u1ed1 quan tr\u1ecdng nh\u1ea5t c\u1ea7n l\u01b0u \u00fd khi l\u1ef1a ch\u1ecdn <strong><a title=\"m\u0169 ch\u1ed1ng ch\u00e1y c\u1ee9u h\u1ed9 ECO3D\" href=\"https:\/\/eco3d.vn\/nhom-hang\/mu-phong-chay\">m\u0169 ch\u1ed1ng ch\u00e1y c\u1ee9u h\u1ed9<\/a><\/strong>. M\u0169 ch\u1ed1ng ch\u00e1y c\u1ee9u h\u1ed9 ph\u1ea3i c\u00f3 kh\u1ea3 n\u0103ng ch\u1ecbu nhi\u1ec7t cao, \u00edt nh\u1ea5t l\u00e0 1000 \u0111\u1ed9 C trong kho\u1ea3ng th\u1eddi gian 6 &#8211; 10 gi\u00e2y.<\/p>\n<p dir=\"ltr\">\u2756 Kh\u1ea3 n\u0103ng ch\u1ed1ng ch\u00e1y: Ngo\u00e0i kh\u1ea3 n\u0103ng ch\u1ecbu nhi\u1ec7t, m\u0169 ch\u1ed1ng ch\u00e1y c\u1ee9u h\u1ed9 c\u00f2n ph\u1ea3i c\u00f3 kh\u1ea3 n\u0103ng ch\u1ed1ng ch\u00e1y, gi\u00fap b\u1ea3o v\u1ec7 \u0111\u1ea7u v\u00e0 v\u00f9ng m\u1eb7t c\u1ee7a ng\u01b0\u1eddi l\u00ednh c\u1ee9u h\u1ecfa kh\u1ecfi l\u1eeda tr\u1ef1c ti\u1ebfp.<\/p>\n<p dir=\"ltr\">\u2756 Kh\u1ea3 n\u0103ng ch\u1ed1ng th\u1ea5m n\u01b0\u1edbc: M\u0169 ch\u1ed1ng ch\u00e1y c\u1ee9u h\u1ed9 c\u1ea7n c\u00f3 kh\u1ea3 n\u0103ng ch\u1ed1ng th\u1ea5m n\u01b0\u1edbc, gi\u00fap b\u1ea3o v\u1ec7 \u0111\u1ea7u v\u00e0 v\u00f9ng m\u1eb7t c\u1ee7a ng\u01b0\u1eddi l\u00ednh c\u1ee9u h\u1ecfa kh\u1ecfi n\u01b0\u1edbc trong qu\u00e1 tr\u00ecnh ch\u1eefa ch\u00e1y.<\/p>\n<p dir=\"ltr\">\u2756 Kh\u1ea3 n\u0103ng th\u00f4ng kh\u00ed: M\u0169 ch\u1ed1ng ch\u00e1y c\u1ee9u h\u1ed9 c\u1ea7n c\u00f3 kh\u1ea3 n\u0103ng th\u00f4ng kh\u00ed t\u1ed1t, gi\u00fap ng\u01b0\u1eddi l\u00ednh c\u1ee9u h\u1ecfa kh\u00f4ng b\u1ecb ng\u1ea1t th\u1edf khi l\u00e0m vi\u1ec7c trong m\u00f4i tr\u01b0\u1eddng kh\u00f3i b\u1ee5i, \u0111\u1ed9c h\u1ea1i.<\/p>\n<p dir=\"ltr\">\u2756 L\u1ef1a ch\u1ecdn k\u00edch c\u1ee1 tho\u1ea3i m\u00e1i: M\u0169 ch\u1ed1ng ch\u00e1y c\u1ee9u h\u1ed9 c\u1ea7n c\u00f3 thi\u1ebft k\u1ebf tho\u1ea3i m\u00e1i, v\u1eeba v\u1eb7n v\u1edbi \u0111\u1ea7u ng\u01b0\u1eddi s\u1eed d\u1ee5ng, gi\u00fap ng\u01b0\u1eddi l\u00ednh c\u1ee9u h\u1ecfa d\u1ec5 d\u00e0ng v\u1eadn \u0111\u1ed9ng khi l\u00e0m nhi\u1ec7m v\u1ee5.<\/p>\n<p dir=\"ltr\">Ngo\u00e0i ra, ng\u01b0\u1eddi s\u1eed d\u1ee5ng c\u0169ng c\u1ea7n l\u01b0u \u00fd \u0111\u1ebfn c\u00e1c y\u1ebfu t\u1ed1 nh\u01b0 th\u01b0\u01a1ng hi\u1ec7u, gi\u00e1 c\u1ea3, ch\u1ebf \u0111\u1ed9 b\u1ea3o h\u00e0nh,&#8230; khi l\u1ef1a ch\u1ecdn m\u0169 ch\u1ed1ng ch\u00e1y c\u1ee9u h\u1ed9.<\/p>\n","protected":false},"excerpt":{"rendered":"<p><strong><a title=\"M\u0169 ch\u1ed1ng ch\u00e1y c\u1ee9u h\u1ed9 KTFH1000\" href=\"https:\/\/eco3d.vn\/san-pham\/mu-chong-chay-cuu-ho-pccc-ktfh1000-korea\">M\u0169 ch\u1ed1ng ch\u00e1y c\u1ee9u h\u1ed9 KTFH1000<\/a><\/strong> l\u00e0 s\u1ea3n ph\u1ea9m b\u1ea3o h\u1ed9 lao \u0111\u1ed9ng b\u1ea3o v\u1ec7 \u0111\u1ea7u trong c\u00e1c ho\u1ea1t \u0111\u1ed9ng ph\u00f2ng ch\u00e1y ch\u1eefa ch\u00e1y ho\u1eb7c trong c\u00e1c ho\u1ea1t \u0111\u1ed9ng c\u1ee9u h\u1ed9 c\u1ee9u n\u1ea1n li\u00ean quan \u0111\u1ebfn l\u1eeda v\u00e0 nh\u1eefng n\u01a1i c\u00f3 nhi\u1ec7t \u0111\u1ed9 cao. M\u0169 \u0111\u01b0\u1ee3c \u0111\u01b0\u1ee3c thi\u1ebft k\u1ebf \u0111\u1ec3 th\u00edch nghi v\u1edbi nh\u1eefng n\u01a1i c\u00f3 nhi\u1ec7t \u0111\u1ed9 cao l\u00ean \u0111\u1ebfn 1000 \u0111\u1ed9 C v\u00e0 c\u00f3 th\u00eam kh\u1ea3 n\u0103ng ch\u1ed1ng va \u0111\u1eadp r\u1ea5t b\u1ec1n b\u1ec9. S\u1ea3n ph\u1ea9m \u0111\u1ebfn t\u1eeb th\u01b0\u01a1ng hi\u1ec7u KT Fire Corporation n\u00ean m\u1ecdi ng\u01b0\u1eddi c\u00f3 th\u1ec3 an t\u00e2m v\u1ec1 \u0111\u1ed9 ch\u1ea5t l\u01b0\u1ee3ng v\u00e0 an to\u00e0n c\u1ee7a c\u00f4ng ty chuy\u00ean v\u1ec1 s\u1ea3n xu\u1ea5t v\u00e0 cung c\u1ea5p c\u00e1c s\u1ea3n ph\u1ea9m b\u1ea3o h\u1ed9 lao \u0111\u1ed9ng, \u0111\u1eb7c bi\u1ec7t l\u00e0 c\u00e1c<strong><a title=\" trang b\u1ecb ph\u00f2ng ch\u00e1y ch\u1eefa ch\u00e1y\" href=\"https:\/\/eco3d.vn\/nganh-hang\/phong-chay-chua-chay\"> trang b\u1ecb ph\u00f2ng ch\u00e1y ch\u1eefa ch\u00e1y<\/a><\/strong>, ch\u1ed1ng nhi\u1ec7t, ch\u1ed1ng \u0111i\u1ec7n v\u00e0 ch\u1ed1ng h\u00f3a ch\u1ea5t.<\/p>\n","protected":false},"featured_media":687,"comment_status":"open","ping_status":"closed","template":"","meta":[],"product_brand":[58,59],"product_cat":[18,78],"product_tag":[79],"class_list":{"0":"post-684","1":"product","2":"type-product","3":"status-publish","4":"has-post-thumbnail","6":"product_brand-han-quoc-ktfsn","7":"product_brand-kt-fire-corporation","8":"product_cat-bao-ho","9":"product_cat-mu-chong-chay","10":"product_tag-mu-chong-chay","12":"first","13":"instock","14":"taxable","15":"shipping-taxable","16":"purchasable","17":"product-type-simple"},"yoast_head":"<!-- This site is optimized with the Yoast SEO plugin v24.3 - https:\/\/yoast.com\/wordpress\/plugins\/seo\/ -->\n<title>M\u0169 ch\u1ed1ng ch\u00e1y c\u1ee9u h\u1ed9 PCCC KTFH1000 Korea - M&amp;E B\u00ccNH MINH<\/title>\n<meta name=\"robots\" content=\"index, follow, max-snippet:-1, max-image-preview:large, max-video-preview:-1\" \/>\n<link rel=\"canonical\" href=\"https:\/\/mebinhminh.fastviet.vn\/?product=mu-chong-chay-cuu-ho-pccc-ktfh1000-korea\" \/>\n<meta property=\"og:locale\" content=\"vi_VN\" \/>\n<meta property=\"og:type\" content=\"article\" \/>\n<meta property=\"og:title\" content=\"M\u0169 ch\u1ed1ng ch\u00e1y c\u1ee9u h\u1ed9 PCCC KTFH1000 Korea - M&amp;E B\u00ccNH MINH\" \/>\n<meta property=\"og:description\" content=\"M\u0169 ch\u1ed1ng ch\u00e1y c\u1ee9u h\u1ed9 KTFH1000 l\u00e0 s\u1ea3n ph\u1ea9m b\u1ea3o h\u1ed9 lao \u0111\u1ed9ng b\u1ea3o v\u1ec7 \u0111\u1ea7u trong c\u00e1c ho\u1ea1t \u0111\u1ed9ng ph\u00f2ng ch\u00e1y ch\u1eefa ch\u00e1y ho\u1eb7c trong c\u00e1c ho\u1ea1t \u0111\u1ed9ng c\u1ee9u h\u1ed9 c\u1ee9u n\u1ea1n li\u00ean quan \u0111\u1ebfn l\u1eeda v\u00e0 nh\u1eefng n\u01a1i c\u00f3 nhi\u1ec7t \u0111\u1ed9 cao. M\u0169 \u0111\u01b0\u1ee3c \u0111\u01b0\u1ee3c thi\u1ebft k\u1ebf \u0111\u1ec3 th\u00edch nghi v\u1edbi nh\u1eefng n\u01a1i c\u00f3 nhi\u1ec7t \u0111\u1ed9 cao l\u00ean \u0111\u1ebfn 1000 \u0111\u1ed9 C v\u00e0 c\u00f3 th\u00eam kh\u1ea3 n\u0103ng ch\u1ed1ng va \u0111\u1eadp r\u1ea5t b\u1ec1n b\u1ec9. S\u1ea3n ph\u1ea9m \u0111\u1ebfn t\u1eeb th\u01b0\u01a1ng hi\u1ec7u KT Fire Corporation n\u00ean m\u1ecdi ng\u01b0\u1eddi c\u00f3 th\u1ec3 an t\u00e2m v\u1ec1 \u0111\u1ed9 ch\u1ea5t l\u01b0\u1ee3ng v\u00e0 an to\u00e0n c\u1ee7a c\u00f4ng ty chuy\u00ean v\u1ec1 s\u1ea3n xu\u1ea5t v\u00e0 cung c\u1ea5p c\u00e1c s\u1ea3n ph\u1ea9m b\u1ea3o h\u1ed9 lao \u0111\u1ed9ng, \u0111\u1eb7c bi\u1ec7t l\u00e0 c\u00e1c trang b\u1ecb ph\u00f2ng ch\u00e1y ch\u1eefa ch\u00e1y, ch\u1ed1ng nhi\u1ec7t, ch\u1ed1ng \u0111i\u1ec7n v\u00e0 ch\u1ed1ng h\u00f3a ch\u1ea5t.\" \/>\n<meta property=\"og:url\" content=\"https:\/\/mebinhminh.fastviet.vn\/?product=mu-chong-chay-cuu-ho-pccc-ktfh1000-korea\" \/>\n<meta property=\"og:site_name\" content=\"M&amp;E B\u00ccNH MINH\" \/>\n<meta property=\"article:modified_time\" content=\"2025-03-06T09:15:12+00:00\" \/>\n<meta property=\"og:image\" content=\"https:\/\/mebinhminh.fastviet.vn\/wp-content\/uploads\/2025\/03\/ktfh1000.webp\" \/>\n\t<meta property=\"og:image:width\" content=\"350\" \/>\n\t<meta property=\"og:image:height\" content=\"350\" \/>\n\t<meta property=\"og:image:type\" content=\"image\/webp\" \/>\n<meta name=\"twitter:card\" content=\"summary_large_image\" \/>\n<meta name=\"twitter:label1\" content=\"\u01af\u1edbc t\u00ednh th\u1eddi gian \u0111\u1ecdc\" \/>\n\t<meta name=\"twitter:data1\" content=\"1 ph\u00fat\" \/>\n<script type=\"application\/ld+json\" class=\"yoast-schema-graph\">{\"@context\":\"https:\/\/schema.org\",\"@graph\":[{\"@type\":\"WebPage\",\"@id\":\"https:\/\/mebinhminh.fastviet.vn\/?product=mu-chong-chay-cuu-ho-pccc-ktfh1000-korea\",\"url\":\"https:\/\/mebinhminh.fastviet.vn\/?product=mu-chong-chay-cuu-ho-pccc-ktfh1000-korea\",\"name\":\"M\u0169 ch\u1ed1ng ch\u00e1y c\u1ee9u h\u1ed9 PCCC KTFH1000 Korea - M&amp;E B\u00ccNH MINH\",\"isPartOf\":{\"@id\":\"https:\/\/mebinhminh.fastviet.vn\/#website\"},\"primaryImageOfPage\":{\"@id\":\"https:\/\/mebinhminh.fastviet.vn\/?product=mu-chong-chay-cuu-ho-pccc-ktfh1000-korea#primaryimage\"},\"image\":{\"@id\":\"https:\/\/mebinhminh.fastviet.vn\/?product=mu-chong-chay-cuu-ho-pccc-ktfh1000-korea#primaryimage\"},\"thumbnailUrl\":\"https:\/\/mebinhminh.fastviet.vn\/wp-content\/uploads\/2025\/03\/ktfh1000.webp\",\"datePublished\":\"2025-03-06T09:14:25+00:00\",\"dateModified\":\"2025-03-06T09:15:12+00:00\",\"breadcrumb\":{\"@id\":\"https:\/\/mebinhminh.fastviet.vn\/?product=mu-chong-chay-cuu-ho-pccc-ktfh1000-korea#breadcrumb\"},\"inLanguage\":\"vi\",\"potentialAction\":[{\"@type\":\"ReadAction\",\"target\":[\"https:\/\/mebinhminh.fastviet.vn\/?product=mu-chong-chay-cuu-ho-pccc-ktfh1000-korea\"]}]},{\"@type\":\"ImageObject\",\"inLanguage\":\"vi\",\"@id\":\"https:\/\/mebinhminh.fastviet.vn\/?product=mu-chong-chay-cuu-ho-pccc-ktfh1000-korea#primaryimage\",\"url\":\"https:\/\/mebinhminh.fastviet.vn\/wp-content\/uploads\/2025\/03\/ktfh1000.webp\",\"contentUrl\":\"https:\/\/mebinhminh.fastviet.vn\/wp-content\/uploads\/2025\/03\/ktfh1000.webp\",\"width\":350,\"height\":350},{\"@type\":\"BreadcrumbList\",\"@id\":\"https:\/\/mebinhminh.fastviet.vn\/?product=mu-chong-chay-cuu-ho-pccc-ktfh1000-korea#breadcrumb\",\"itemListElement\":[{\"@type\":\"ListItem\",\"position\":1,\"name\":\"Home\",\"item\":\"https:\/\/mebinhminh.fastviet.vn\/\"},{\"@type\":\"ListItem\",\"position\":2,\"name\":\"C\u1eeda h\u00e0ng\",\"item\":\"https:\/\/mebinhminh.fastviet.vn\/?page_id=5\"},{\"@type\":\"ListItem\",\"position\":3,\"name\":\"M\u0169 ch\u1ed1ng ch\u00e1y c\u1ee9u h\u1ed9 PCCC KTFH1000 Korea\"}]},{\"@type\":\"WebSite\",\"@id\":\"https:\/\/mebinhminh.fastviet.vn\/#website\",\"url\":\"https:\/\/mebinhminh.fastviet.vn\/\",\"name\":\"M&amp;E B\u00ccNH MINH\",\"description\":\"\",\"potentialAction\":[{\"@type\":\"SearchAction\",\"target\":{\"@type\":\"EntryPoint\",\"urlTemplate\":\"https:\/\/mebinhminh.fastviet.vn\/?s={search_term_string}\"},\"query-input\":{\"@type\":\"PropertyValueSpecification\",\"valueRequired\":true,\"valueName\":\"search_term_string\"}}],\"inLanguage\":\"vi\"}]}<\/script>\n<!-- \/ Yoast SEO plugin. -->","yoast_head_json":{"title":"M\u0169 ch\u1ed1ng ch\u00e1y c\u1ee9u h\u1ed9 PCCC KTFH1000 Korea - M&amp;E B\u00ccNH MINH","robots":{"index":"index","follow":"follow","max-snippet":"max-snippet:-1","max-image-preview":"max-image-preview:large","max-video-preview":"max-video-preview:-1"},"canonical":"https:\/\/mebinhminh.fastviet.vn\/?product=mu-chong-chay-cuu-ho-pccc-ktfh1000-korea","og_locale":"vi_VN","og_type":"article","og_title":"M\u0169 ch\u1ed1ng ch\u00e1y c\u1ee9u h\u1ed9 PCCC KTFH1000 Korea - M&amp;E B\u00ccNH MINH","og_description":"M\u0169 ch\u1ed1ng ch\u00e1y c\u1ee9u h\u1ed9 KTFH1000 l\u00e0 s\u1ea3n ph\u1ea9m b\u1ea3o h\u1ed9 lao \u0111\u1ed9ng b\u1ea3o v\u1ec7 \u0111\u1ea7u trong c\u00e1c ho\u1ea1t \u0111\u1ed9ng ph\u00f2ng ch\u00e1y ch\u1eefa ch\u00e1y ho\u1eb7c trong c\u00e1c ho\u1ea1t \u0111\u1ed9ng c\u1ee9u h\u1ed9 c\u1ee9u n\u1ea1n li\u00ean quan \u0111\u1ebfn l\u1eeda v\u00e0 nh\u1eefng n\u01a1i c\u00f3 nhi\u1ec7t \u0111\u1ed9 cao. M\u0169 \u0111\u01b0\u1ee3c \u0111\u01b0\u1ee3c thi\u1ebft k\u1ebf \u0111\u1ec3 th\u00edch nghi v\u1edbi nh\u1eefng n\u01a1i c\u00f3 nhi\u1ec7t \u0111\u1ed9 cao l\u00ean \u0111\u1ebfn 1000 \u0111\u1ed9 C v\u00e0 c\u00f3 th\u00eam kh\u1ea3 n\u0103ng ch\u1ed1ng va \u0111\u1eadp r\u1ea5t b\u1ec1n b\u1ec9. S\u1ea3n ph\u1ea9m \u0111\u1ebfn t\u1eeb th\u01b0\u01a1ng hi\u1ec7u KT Fire Corporation n\u00ean m\u1ecdi ng\u01b0\u1eddi c\u00f3 th\u1ec3 an t\u00e2m v\u1ec1 \u0111\u1ed9 ch\u1ea5t l\u01b0\u1ee3ng v\u00e0 an to\u00e0n c\u1ee7a c\u00f4ng ty chuy\u00ean v\u1ec1 s\u1ea3n xu\u1ea5t v\u00e0 cung c\u1ea5p c\u00e1c s\u1ea3n ph\u1ea9m b\u1ea3o h\u1ed9 lao \u0111\u1ed9ng, \u0111\u1eb7c bi\u1ec7t l\u00e0 c\u00e1c trang b\u1ecb ph\u00f2ng ch\u00e1y ch\u1eefa ch\u00e1y, ch\u1ed1ng nhi\u1ec7t, ch\u1ed1ng \u0111i\u1ec7n v\u00e0 ch\u1ed1ng h\u00f3a ch\u1ea5t.","og_url":"https:\/\/mebinhminh.fastviet.vn\/?product=mu-chong-chay-cuu-ho-pccc-ktfh1000-korea","og_site_name":"M&amp;E B\u00ccNH MINH","article_modified_time":"2025-03-06T09:15:12+00:00","og_image":[{"width":350,"height":350,"url":"https:\/\/mebinhminh.fastviet.vn\/wp-content\/uploads\/2025\/03\/ktfh1000.webp","type":"image\/webp"}],"twitter_card":"summary_large_image","twitter_misc":{"\u01af\u1edbc t\u00ednh th\u1eddi gian \u0111\u1ecdc":"1 ph\u00fat"},"schema":{"@context":"https:\/\/schema.org","@graph":[{"@type":"WebPage","@id":"https:\/\/mebinhminh.fastviet.vn\/?product=mu-chong-chay-cuu-ho-pccc-ktfh1000-korea","url":"https:\/\/mebinhminh.fastviet.vn\/?product=mu-chong-chay-cuu-ho-pccc-ktfh1000-korea","name":"M\u0169 ch\u1ed1ng ch\u00e1y c\u1ee9u h\u1ed9 PCCC KTFH1000 Korea - M&amp;E B\u00ccNH MINH","isPartOf":{"@id":"https:\/\/mebinhminh.fastviet.vn\/#website"},"primaryImageOfPage":{"@id":"https:\/\/mebinhminh.fastviet.vn\/?product=mu-chong-chay-cuu-ho-pccc-ktfh1000-korea#primaryimage"},"image":{"@id":"https:\/\/mebinhminh.fastviet.vn\/?product=mu-chong-chay-cuu-ho-pccc-ktfh1000-korea#primaryimage"},"thumbnailUrl":"https:\/\/mebinhminh.fastviet.vn\/wp-content\/uploads\/2025\/03\/ktfh1000.webp","datePublished":"2025-03-06T09:14:25+00:00","dateModified":"2025-03-06T09:15:12+00:00","breadcrumb":{"@id":"https:\/\/mebinhminh.fastviet.vn\/?product=mu-chong-chay-cuu-ho-pccc-ktfh1000-korea#breadcrumb"},"inLanguage":"vi","potentialAction":[{"@type":"ReadAction","target":["https:\/\/mebinhminh.fastviet.vn\/?product=mu-chong-chay-cuu-ho-pccc-ktfh1000-korea"]}]},{"@type":"ImageObject","inLanguage":"vi","@id":"https:\/\/mebinhminh.fastviet.vn\/?product=mu-chong-chay-cuu-ho-pccc-ktfh1000-korea#primaryimage","url":"https:\/\/mebinhminh.fastviet.vn\/wp-content\/uploads\/2025\/03\/ktfh1000.webp","contentUrl":"https:\/\/mebinhminh.fastviet.vn\/wp-content\/uploads\/2025\/03\/ktfh1000.webp","width":350,"height":350},{"@type":"BreadcrumbList","@id":"https:\/\/mebinhminh.fastviet.vn\/?product=mu-chong-chay-cuu-ho-pccc-ktfh1000-korea#breadcrumb","itemListElement":[{"@type":"ListItem","position":1,"name":"Home","item":"https:\/\/mebinhminh.fastviet.vn\/"},{"@type":"ListItem","position":2,"name":"C\u1eeda h\u00e0ng","item":"https:\/\/mebinhminh.fastviet.vn\/?page_id=5"},{"@type":"ListItem","position":3,"name":"M\u0169 ch\u1ed1ng ch\u00e1y c\u1ee9u h\u1ed9 PCCC KTFH1000 Korea"}]},{"@type":"WebSite","@id":"https:\/\/mebinhminh.fastviet.vn\/#website","url":"https:\/\/mebinhminh.fastviet.vn\/","name":"M&amp;E B\u00ccNH MINH","description":"","potentialAction":[{"@type":"SearchAction","target":{"@type":"EntryPoint","urlTemplate":"https:\/\/mebinhminh.fastviet.vn\/?s={search_term_string}"},"query-input":{"@type":"PropertyValueSpecification","valueRequired":true,"valueName":"search_term_string"}}],"inLanguage":"vi"}]}},"jetpack_sharing_enabled":true,"_links":{"self":[{"href":"https:\/\/mebinhminh.fastviet.vn\/index.php?rest_route=\/wp\/v2\/product\/684","targetHints":{"allow":["GET"]}}],"collection":[{"href":"https:\/\/mebinhminh.fastviet.vn\/index.php?rest_route=\/wp\/v2\/product"}],"about":[{"href":"https:\/\/mebinhminh.fastviet.vn\/index.php?rest_route=\/wp\/v2\/types\/product"}],"replies":[{"embeddable":true,"href":"https:\/\/mebinhminh.fastviet.vn\/index.php?rest_route=%2Fwp%2Fv2%2Fcomments&post=684"}],"version-history":[{"count":2,"href":"https:\/\/mebinhminh.fastviet.vn\/index.php?rest_route=\/wp\/v2\/product\/684\/revisions"}],"predecessor-version":[{"id":689,"href":"https:\/\/mebinhminh.fastviet.vn\/index.php?rest_route=\/wp\/v2\/product\/684\/revisions\/689"}],"wp:featuredmedia":[{"embeddable":true,"href":"https:\/\/mebinhminh.fastviet.vn\/index.php?rest_route=\/wp\/v2\/media\/687"}],"wp:attachment":[{"href":"https:\/\/mebinhminh.fastviet.vn\/index.php?rest_route=%2Fwp%2Fv2%2Fmedia&parent=684"}],"wp:term":[{"taxonomy":"product_brand","embeddable":true,"href":"https:\/\/mebinhminh.fastviet.vn\/index.php?rest_route=%2Fwp%2Fv2%2Fproduct_brand&post=684"},{"taxonomy":"product_cat","embeddable":true,"href":"https:\/\/mebinhminh.fastviet.vn\/index.php?rest_route=%2Fwp%2Fv2%2Fproduct_cat&post=684"},{"taxonomy":"product_tag","embeddable":true,"href":"https:\/\/mebinhminh.fastviet.vn\/index.php?rest_route=%2Fwp%2Fv2%2Fproduct_tag&post=684"}],"curies":[{"name":"wp","href":"https:\/\/api.w.org\/{rel}","templated":true}]}}