{"id":691,"date":"2025-03-07T07:35:42","date_gmt":"2025-03-07T00:35:42","guid":{"rendered":"https:\/\/mebinhminh.fastviet.vn\/?post_type=product&#038;p=691"},"modified":"2025-03-07T07:35:42","modified_gmt":"2025-03-07T00:35:42","slug":"mu-chong-chay-nomex","status":"publish","type":"product","link":"https:\/\/mebinhminh.fastviet.vn\/?product=mu-chong-chay-nomex","title":{"rendered":"M\u0169 ch\u1ed1ng ch\u00e1y Nomex"},"content":{"rendered":"<p>\u00ean s\u1ea3n ph\u1ea9m:\u00a0<strong>M\u0169 tr\u00f9m ch\u1ed1ng ch\u00e1y Nomex<\/strong><\/p>\n<div>T\u1eeb kh\u00f3a danh m\u1ee5c:\u00a0<strong>M\u0169 tr\u00f9m ch\u1ed1ng ch\u00e1y<\/strong><\/div>\n<div><\/div>\n<div><strong>Gi\u1edbi thi\u1ec7u<\/strong><\/div>\n<div><strong>M\u0169 an to\u00e0n<\/strong>\u00a0c\u00f3 t\u00e1c d\u1ee5ng b\u1ea3o v\u1ec7 ph\u1ea7n \u0111\u1ea7u cho k\u0129 s\u01b0, c\u00f4ng nh\u00e2n trong qu\u00e1 tr\u00ecnh thi c\u00f4ng c\u00f4ng tr\u00ecnh x\u00e2y d\u1ef1ng kh\u1ecfi nh\u1eefng t\u00e1c \u0111\u1ed9ng x\u1ea5u b\u00ean ngo\u00e0i, gi\u1ea3m nguy c\u01a1 g\u00e2y nguy hi\u1ec3m cho n\u00e3o b\u1ed9. V\u1edbi vai tr\u00f2 quan tr\u1ecdng c\u1ee7a m\u0169 an to\u00e0n, n\u00ean ch\u1ea5t l\u01b0\u1ee3ng l\u00e0 \u01b0u ti\u00ean s\u1ed1 m\u1ed9t trong vi\u1ec7c l\u1ef1a ch\u1ecdn s\u1ea3n ph\u1ea9m. V\u1eady b\u1ea1n c\u00f2n ch\u1ea7n ch\u1eeb g\u00ec n\u1eefa, h\u00e3y s\u1edf h\u1eefu cho m\u00ecnh s\u1ea3n ph\u1ea9m m\u0169 tr\u00f9m ch\u1ed1ng ch\u00e1y Nomex v\u1edbi \u0111\u1ed9 b\u1ec1n cao, ch\u1ed1ng ch\u00e1y, nh\u1eb9 nh\u00e0ng v\u00e0 t\u1ea1o c\u1ea3m gi\u00e1c d\u1ec5 ch\u1ecbu cho ng\u01b0\u1eddi s\u1eed d\u1ee5ng.<\/div>\n<div><\/div>\n<div><strong>\u0110\u1eb7c tr\u01b0ng v\u00e0 \u1ee9ng d\u1ee5ng s\u1ea3n ph\u1ea9m<\/strong><\/div>\n<div><strong>M\u0169 tr\u00f9m ch\u1ed1ng ch\u00e1y Nomex<\/strong>\u00a0\u0111\u01b0\u1ee3c l\u00e0m t\u1eeb ch\u1ea5t li\u1ec7u v\u1ea3i ch\u1ed1ng ch\u00e1y Nomex c\u00f3 \u0111\u1eb7c \u0111i\u1ec3m co gi\u00e3n t\u1ed1t, m\u1ec1m m\u1ea1i, tho\u00e1ng m\u00e1t, c\u00f3 t\u00e1c d\u1ee5ng ch\u1ed1ng ch\u00e1y, c\u00e1ch nhi\u1ec7t. \u01afu \u0111i\u1ec3m v\u01b0\u1ee3t tr\u1ed9i c\u1ee7a v\u1ea3i Nomex l\u00e0 kh\u00f4ng b\u1ecb tan ch\u1ea3y khi x\u1ea3y ra ch\u00e1y ng\u1eafn ho\u1eb7c ph\u00f3ng \u0111i\u1ec7n. M\u0169 tr\u00f9m \u0111\u01b0\u1ee3c thi\u1ebft k\u1ebf c\u00f3 2 l\u1edbp d\u1ec7t kim c\u00f3 t\u00ednh \u0111\u00e0n h\u1ed3i. Khi mang m\u0169 v\u00e0o s\u1ebd \u00f4m s\u00e1t ph\u1ea7n \u0111\u1ea7u, ch\u1ea5t li\u1ec7u m\u1ec1m m\u1ea1i, d\u1ec5 ch\u1ecbu, kh\u00f4ng b\u1ecb n\u00f3ng ch\u1ea3y v\u00e0 co l\u1ea1i khi nhi\u1ec7t \u0111\u1ed9 th\u1ea5p. Ph\u1ea7n che b\u1ea3o v\u1ec7: khi m\u1eb7c v\u00e0o ph\u1ea3i \u0111\u1ec3 h\u1edf ph\u1ea7n m\u1eaft, m\u0169i v\u00e0 mi\u1ec7ng, v\u1ea1t tr\u01b0\u1edbc c\u00f3 th\u1ec3 che ph\u1ea7n d\u01b0\u1edbi c\u1ed5.<\/div>\n<div>M\u0169 tr\u00f9m ch\u1ed1ng ch\u00e1y Nomex c\u00f3 t\u00e1c d\u1ee5ng hi\u1ec7u qu\u1ea3 trong vi\u1ec7c b\u1ea3o v\u1ec7 l\u00ednh c\u1ee9u h\u1ecfa, b\u1ea3o v\u1ec7 khu\u00f4n m\u1eb7t kh\u1ecfi ng\u1ecdn l\u1eeda, \u0111\u01b0\u1ee3c s\u1eed d\u1ee5ng r\u1ed9ng r\u00e3i trong c\u00e1c l\u1ef1c l\u01b0\u1ee3ng ch\u1ed1ng ch\u00e1y \u1edf n\u01b0\u1edbc ngo\u00e0i. \u0110\u1ed3ng th\u1eddi, m\u0169 c\u00f2n gi\u00fap b\u1ea3o v\u1ec7 \u0111\u1ea7u kh\u1ecfi c\u00e1c kh\u00ed d\u1ec5 ch\u00e1y, b\u1ee5i, h\u01a1i ch\u00e1y, n\u1ed5 nh\u1edd kh\u1ea3 n\u0103ng ch\u1ecbu nhi\u1ec7t v\u00e0 l\u1eeda. M\u0169 tr\u00f9m c\u00f3 th\u1ec3 d\u00f9ng k\u1ebft h\u1ee3p v\u1edbi m\u0169 c\u1ee9ng ch\u1ed1ng ch\u00e1y ho\u1eb7c m\u1eb7t n\u1ea1 d\u01b0\u1ee1ng kh\u00ed. S\u1ea3n ph\u1ea9m \u0111\u01b0\u1ee3c \u1ee9ng d\u1ee5ng r\u1ed9ng r\u00e3i cho c\u00e1c l\u0129nh v\u1ef1c kh\u00e1c nhau nh\u01b0: l\u00ednh c\u1ee9u h\u1ed9, c\u1ee9u ho\u1ea3, khai th\u00e1c c\u00f4ng nghi\u1ec7p, s\u1ea3n xu\u1ea5t \u0111\u1ed9c h\u1ea1i, m\u00f4i tr\u01b0\u1eddng ho\u00e1 ch\u1ea5t, c\u00f4ng nh\u00e2n x\u00e2y d\u1ef1ng c\u00f4ng nghi\u1ec7p \u2026<\/div>\n<div><\/div>\n<div><strong>Th\u00f4ng s\u1ed1 k\u1ef9 thu\u1eadt<\/strong><\/div>\n<div>T\u00ean s\u1ea3n ph\u1ea9m\u00a0<strong>M\u0169 tr\u00f9m ch\u1ed1ng ch\u00e1y Nomex<\/strong><\/div>\n<div>M\u00e3 s\u1ea3n ph\u1ea9m<\/div>\n<div>Xu\u1ea5t x\u1ee9 H\u00e0n Qu\u1ed1c<\/div>\n<div>Th\u01b0\u01a1ng hi\u1ec7u<\/div>\n<div>D\u00f2ng s\u1ea3n ph\u1ea9m Ph\u1ee5 ki\u1ec7n b\u1ea3o h\u1ed9 lao \u0111\u1ed9ng<\/div>\n<div>M\u00e0u s\u1eafc T\u1ed1i m\u00e0u (\u0111en)<\/div>\n<div>Ki\u1ec3u d\u00e1ng \u0110\u01a1n gi\u1ea3n, d\u1ec5 s\u1eed d\u1ee5ng<\/div>\n<div>Ch\u1ea5t li\u1ec7u Ch\u1ea5t li\u1ec7u v\u1ea3i ch\u1ed1ng ch\u00e1y Nomex<\/div>\n<div><\/div>\n<div><strong>M\u0169 ch\u00f9m Nomex b\u1ea3o v\u1ec7 l\u00ednh c\u1ee9u h\u1ecfa<\/strong><br \/>\nXu\u1ea5t x\u1ee9: Korea<br \/>\nCh\u1ea5t li\u1ec7u Nomex, co gi\u00e3n t\u1ed1t.<br \/>\n\u0110\u1eb7c \u0111i\u1ec3m: Khi m\u1eb7c v\u00e0o s\u1ebd \u00f4m s\u00e1t ph\u1ea7n \u0111\u1ea7u,ch\u1ea5t li\u1ec7u m\u1ec1m m\u1ea1i, d\u1ec5 ch\u1ecbu, kh\u00f4ng b\u1ecb n\u00f3ng ch\u1ea3y v\u00e0 co l\u1ea1i khi nhi\u1ec7t \u0111\u1ed9 th\u1ea5p.<br \/>\nThi\u1ebft k\u1ebf: c\u00f3 2 l\u1edbp, d\u1ec7t kim c\u00f3 t\u00ednh \u0111\u00e0n h\u1ed3i<br \/>\nPh\u1ea7n che b\u1ea3o v\u1ec7: Khi m\u1eb7c v\u00e0o ph\u1ea3i \u0111\u1ec3 h\u1edf ph\u1ea7n m\u1eaft, m\u0169i v\u00e0 mi\u1ec7ng, v\u1ea1t tr\u01b0\u1edbc c\u00f3 th\u1ec3 che ph\u1ea7n d\u01b0\u1edbi c\u1ed5.<\/div>\n<div><\/div>\n<div><strong>M\u1ed9t s\u1ed1 l\u01b0u \u00fd khi s\u1eed d\u1ee5ng v\u00e0 b\u1ea3o qu\u1ea3n s\u1ea3n ph\u1ea9m<\/strong><\/div>\n<div>\uf0b7C\u00e2\u0300n ki\u00ea\u0309m tra k\u1ef9 c\u00e0ng m\u0169 tr\u00f9m ch\u1ed1ng ch\u00e1y tr\u01b0\u1edbc\u00a0 khi s\u1eed d\u1ee5ng. N\u00ea\u0301u ph\u00e1t hi\u00ea\u0323n c\u00f3 v\u00ea\u0301t r\u00e1ch, \u0111\u01b0\u1eddng ch\u1ec9 b\u1ecb \u0111\u1ee9t, c\u00f3 m\u00f9i kh\u00f3 ch\u1ecbu hay c\u00f3 b\u00e2\u0301t c\u1ee9 d\u00e2\u0301u hi\u00ea\u0323u b\u00e2\u0301t th\u01b0\u1eddng n\u00e0o tr\u00ean \u1ecf m\u0169 th\u00ec kh\u00f4ng \u0111\u01b0\u1ee3c s\u1eed d\u1ee5ng m\u00e0 ph\u1ea3i thay th\u00ea\u0301 ngay.<\/div>\n<div>\uf0b7Gi\u1eef g\u00ecn s\u1ea1ch s\u1ebd m\u0169 tr\u00f9m b\u1eb1ng c\u00e1ch v\u1ec7 sinh m\u0169 sau m\u1ed7i l\u1ea7n s\u1eed d\u1ee5ng.<\/div>\n<div>\uf0b7B\u1ea3o qu\u1ea3n m\u0169 \u1edf n\u01a1i s\u1ea1ch s\u1ebd, tho\u00e1ng m\u00e1t tr\u00e1nh xa nhi\u00ea\u0323t, l\u1ea1nh ho\u1eb7c \u00e1nh s\u00e1ng m\u1eb7t tr\u1eddi tr\u1ef1c ti\u00ea\u0301p chi\u00ea\u0301u v\u00e0o.<\/div>\n<div>\uf0b7Kh\u00f4ng n\u00ean d\u00f9ng chung m\u0169 tr\u00f9m. M\u00f4\u0303i m\u00f4\u0323t ng\u01b0\u1eddi lao \u0111\u00f4\u0323ng c\u00e2\u0300n \u0111\u01b0\u1ee3c trang b\u1ecb m\u00f4\u0323t m\u0169 v\u00e0 h\u01b0\u1edbng d\u00e2\u0303n chi ti\u00ea\u0301t cho h\u1ecd c\u00e1ch s\u1eed d\u1ee5ng v\u00e0 b\u1ea3o qu\u1ea3n.<\/div>\n","protected":false},"excerpt":{"rendered":"<p style=\"font-weight: 400;\">Tr\u1ecdng l\u01b0\u1ee3ng: 150g<\/p>\n<p style=\"font-weight: 400;\">L\u00e0m b\u1eb1ng s\u1ee3i d\u1ec7t kim Nomex ch\u1ed1ng ch\u00e1y C\u00f3 t\u00e1c d\u1ee5ng hi\u1ec7u qu\u1ea3 trong vi\u1ec7c b\u1ea3o v\u1ec7 l\u00ednh c\u1ee9u h\u1ecfa, b\u1ea3o v\u1ec7 khu\u00f4n m\u1eb7t kh\u1ecfi ng\u1ecdn l\u1eeda, \u0111\u01b0\u1ee3c s\u1eed d\u1ee5ng r\u1ed9ng r\u00e3i trong c\u00e1c l\u1ef1c l\u01b0\u1ee3ng ch\u1ed1ng ch\u00e1y \u1edf n\u01b0\u1edbc ngo\u00e0i. \u0110\u1ed3ng th\u1eddi b\u1ea3o v\u1ec7 \u0111\u1ea7u kh\u1ecfi c\u00e1c kh\u00ed d\u1ec5 ch\u00e1y, b\u1ee5i, h\u01a1i ch\u00e1y, n\u1ed5. Kh\u1ea3 n\u0103ng ch\u1ecbu nhi\u1ec7t v\u00e0 l\u1eeda, l\u00e0m b\u1eb1ng 100% Nomex III, x\u1ea5p x\u1ec9 550g\/m2 v\u1eadt li\u1ec7u. G\u1ed3m 2 l\u1edbp. B\u1ecdc k\u00edn khu\u00f4n m\u1eb7t, c\u1ea3 tr\u00ean v\u00e0 d\u01b0\u1edbi. D\u00f9ng k\u1ebft h\u1ee3p v\u1edbi m\u0169 c\u1ee9ng ch\u1ed1ng ch\u00e1y ho\u1eb7c m\u1eb7t n\u1ea1 d\u01b0\u1ee1ng kh\u00ed SCBA.<\/p>\n","protected":false},"featured_media":692,"comment_status":"open","ping_status":"closed","template":"","meta":[],"product_brand":[58,59],"product_cat":[18,78],"product_tag":[17,79],"class_list":{"0":"post-691","1":"product","2":"type-product","3":"status-publish","4":"has-post-thumbnail","6":"product_brand-han-quoc-ktfsn","7":"product_brand-kt-fire-corporation","8":"product_cat-bao-ho","9":"product_cat-mu-chong-chay","10":"product_tag-bao-ho","11":"product_tag-mu-chong-chay","13":"first","14":"instock","15":"taxable","16":"shipping-taxable","17":"purchasable","18":"product-type-simple"},"yoast_head":"<!-- This site is optimized with the Yoast SEO plugin v24.3 - https:\/\/yoast.com\/wordpress\/plugins\/seo\/ -->\n<title>M\u0169 ch\u1ed1ng ch\u00e1y Nomex - M&amp;E B\u00ccNH MINH<\/title>\n<meta name=\"robots\" content=\"index, follow, max-snippet:-1, max-image-preview:large, max-video-preview:-1\" \/>\n<link rel=\"canonical\" href=\"https:\/\/mebinhminh.fastviet.vn\/?product=mu-chong-chay-nomex\" \/>\n<meta property=\"og:locale\" content=\"vi_VN\" \/>\n<meta property=\"og:type\" content=\"article\" \/>\n<meta property=\"og:title\" content=\"M\u0169 ch\u1ed1ng ch\u00e1y Nomex - M&amp;E B\u00ccNH MINH\" \/>\n<meta property=\"og:description\" content=\"Tr\u1ecdng l\u01b0\u1ee3ng: 150g L\u00e0m b\u1eb1ng s\u1ee3i d\u1ec7t kim Nomex ch\u1ed1ng ch\u00e1y C\u00f3 t\u00e1c d\u1ee5ng hi\u1ec7u qu\u1ea3 trong vi\u1ec7c b\u1ea3o v\u1ec7 l\u00ednh c\u1ee9u h\u1ecfa, b\u1ea3o v\u1ec7 khu\u00f4n m\u1eb7t kh\u1ecfi ng\u1ecdn l\u1eeda, \u0111\u01b0\u1ee3c s\u1eed d\u1ee5ng r\u1ed9ng r\u00e3i trong c\u00e1c l\u1ef1c l\u01b0\u1ee3ng ch\u1ed1ng ch\u00e1y \u1edf n\u01b0\u1edbc ngo\u00e0i. \u0110\u1ed3ng th\u1eddi b\u1ea3o v\u1ec7 \u0111\u1ea7u kh\u1ecfi c\u00e1c kh\u00ed d\u1ec5 ch\u00e1y, b\u1ee5i, h\u01a1i ch\u00e1y, n\u1ed5. Kh\u1ea3 n\u0103ng ch\u1ecbu nhi\u1ec7t v\u00e0 l\u1eeda, l\u00e0m b\u1eb1ng 100% Nomex III, x\u1ea5p x\u1ec9 550g\/m2 v\u1eadt li\u1ec7u. G\u1ed3m 2 l\u1edbp. B\u1ecdc k\u00edn khu\u00f4n m\u1eb7t, c\u1ea3 tr\u00ean v\u00e0 d\u01b0\u1edbi. D\u00f9ng k\u1ebft h\u1ee3p v\u1edbi m\u0169 c\u1ee9ng ch\u1ed1ng ch\u00e1y ho\u1eb7c m\u1eb7t n\u1ea1 d\u01b0\u1ee1ng kh\u00ed SCBA.\" \/>\n<meta property=\"og:url\" content=\"https:\/\/mebinhminh.fastviet.vn\/?product=mu-chong-chay-nomex\" \/>\n<meta property=\"og:site_name\" content=\"M&amp;E B\u00ccNH MINH\" \/>\n<meta property=\"og:image\" content=\"https:\/\/mebinhminh.fastviet.vn\/wp-content\/uploads\/2025\/03\/42ef3937b979091cf46e2f58109b31fa_L.jpg\" \/>\n\t<meta property=\"og:image:width\" content=\"600\" \/>\n\t<meta property=\"og:image:height\" content=\"505\" \/>\n\t<meta property=\"og:image:type\" content=\"image\/jpeg\" \/>\n<meta name=\"twitter:card\" content=\"summary_large_image\" \/>\n<meta name=\"twitter:label1\" content=\"\u01af\u1edbc t\u00ednh th\u1eddi gian \u0111\u1ecdc\" \/>\n\t<meta name=\"twitter:data1\" content=\"4 ph\u00fat\" \/>\n<script type=\"application\/ld+json\" class=\"yoast-schema-graph\">{\"@context\":\"https:\/\/schema.org\",\"@graph\":[{\"@type\":\"WebPage\",\"@id\":\"https:\/\/mebinhminh.fastviet.vn\/?product=mu-chong-chay-nomex\",\"url\":\"https:\/\/mebinhminh.fastviet.vn\/?product=mu-chong-chay-nomex\",\"name\":\"M\u0169 ch\u1ed1ng ch\u00e1y Nomex - M&amp;E B\u00ccNH MINH\",\"isPartOf\":{\"@id\":\"https:\/\/mebinhminh.fastviet.vn\/#website\"},\"primaryImageOfPage\":{\"@id\":\"https:\/\/mebinhminh.fastviet.vn\/?product=mu-chong-chay-nomex#primaryimage\"},\"image\":{\"@id\":\"https:\/\/mebinhminh.fastviet.vn\/?product=mu-chong-chay-nomex#primaryimage\"},\"thumbnailUrl\":\"https:\/\/mebinhminh.fastviet.vn\/wp-content\/uploads\/2025\/03\/42ef3937b979091cf46e2f58109b31fa_L.jpg\",\"datePublished\":\"2025-03-07T00:35:42+00:00\",\"dateModified\":\"2025-03-07T00:35:42+00:00\",\"breadcrumb\":{\"@id\":\"https:\/\/mebinhminh.fastviet.vn\/?product=mu-chong-chay-nomex#breadcrumb\"},\"inLanguage\":\"vi\",\"potentialAction\":[{\"@type\":\"ReadAction\",\"target\":[\"https:\/\/mebinhminh.fastviet.vn\/?product=mu-chong-chay-nomex\"]}]},{\"@type\":\"ImageObject\",\"inLanguage\":\"vi\",\"@id\":\"https:\/\/mebinhminh.fastviet.vn\/?product=mu-chong-chay-nomex#primaryimage\",\"url\":\"https:\/\/mebinhminh.fastviet.vn\/wp-content\/uploads\/2025\/03\/42ef3937b979091cf46e2f58109b31fa_L.jpg\",\"contentUrl\":\"https:\/\/mebinhminh.fastviet.vn\/wp-content\/uploads\/2025\/03\/42ef3937b979091cf46e2f58109b31fa_L.jpg\",\"width\":600,\"height\":505},{\"@type\":\"BreadcrumbList\",\"@id\":\"https:\/\/mebinhminh.fastviet.vn\/?product=mu-chong-chay-nomex#breadcrumb\",\"itemListElement\":[{\"@type\":\"ListItem\",\"position\":1,\"name\":\"Home\",\"item\":\"https:\/\/mebinhminh.fastviet.vn\/\"},{\"@type\":\"ListItem\",\"position\":2,\"name\":\"C\u1eeda h\u00e0ng\",\"item\":\"https:\/\/mebinhminh.fastviet.vn\/?page_id=5\"},{\"@type\":\"ListItem\",\"position\":3,\"name\":\"M\u0169 ch\u1ed1ng ch\u00e1y Nomex\"}]},{\"@type\":\"WebSite\",\"@id\":\"https:\/\/mebinhminh.fastviet.vn\/#website\",\"url\":\"https:\/\/mebinhminh.fastviet.vn\/\",\"name\":\"M&amp;E B\u00ccNH MINH\",\"description\":\"\",\"potentialAction\":[{\"@type\":\"SearchAction\",\"target\":{\"@type\":\"EntryPoint\",\"urlTemplate\":\"https:\/\/mebinhminh.fastviet.vn\/?s={search_term_string}\"},\"query-input\":{\"@type\":\"PropertyValueSpecification\",\"valueRequired\":true,\"valueName\":\"search_term_string\"}}],\"inLanguage\":\"vi\"}]}<\/script>\n<!-- \/ Yoast SEO plugin. -->","yoast_head_json":{"title":"M\u0169 ch\u1ed1ng ch\u00e1y Nomex - M&amp;E B\u00ccNH MINH","robots":{"index":"index","follow":"follow","max-snippet":"max-snippet:-1","max-image-preview":"max-image-preview:large","max-video-preview":"max-video-preview:-1"},"canonical":"https:\/\/mebinhminh.fastviet.vn\/?product=mu-chong-chay-nomex","og_locale":"vi_VN","og_type":"article","og_title":"M\u0169 ch\u1ed1ng ch\u00e1y Nomex - M&amp;E B\u00ccNH MINH","og_description":"Tr\u1ecdng l\u01b0\u1ee3ng: 150g L\u00e0m b\u1eb1ng s\u1ee3i d\u1ec7t kim Nomex ch\u1ed1ng ch\u00e1y C\u00f3 t\u00e1c d\u1ee5ng hi\u1ec7u qu\u1ea3 trong vi\u1ec7c b\u1ea3o v\u1ec7 l\u00ednh c\u1ee9u h\u1ecfa, b\u1ea3o v\u1ec7 khu\u00f4n m\u1eb7t kh\u1ecfi ng\u1ecdn l\u1eeda, \u0111\u01b0\u1ee3c s\u1eed d\u1ee5ng r\u1ed9ng r\u00e3i trong c\u00e1c l\u1ef1c l\u01b0\u1ee3ng ch\u1ed1ng ch\u00e1y \u1edf n\u01b0\u1edbc ngo\u00e0i. \u0110\u1ed3ng th\u1eddi b\u1ea3o v\u1ec7 \u0111\u1ea7u kh\u1ecfi c\u00e1c kh\u00ed d\u1ec5 ch\u00e1y, b\u1ee5i, h\u01a1i ch\u00e1y, n\u1ed5. Kh\u1ea3 n\u0103ng ch\u1ecbu nhi\u1ec7t v\u00e0 l\u1eeda, l\u00e0m b\u1eb1ng 100% Nomex III, x\u1ea5p x\u1ec9 550g\/m2 v\u1eadt li\u1ec7u. G\u1ed3m 2 l\u1edbp. B\u1ecdc k\u00edn khu\u00f4n m\u1eb7t, c\u1ea3 tr\u00ean v\u00e0 d\u01b0\u1edbi. D\u00f9ng k\u1ebft h\u1ee3p v\u1edbi m\u0169 c\u1ee9ng ch\u1ed1ng ch\u00e1y ho\u1eb7c m\u1eb7t n\u1ea1 d\u01b0\u1ee1ng kh\u00ed SCBA.","og_url":"https:\/\/mebinhminh.fastviet.vn\/?product=mu-chong-chay-nomex","og_site_name":"M&amp;E B\u00ccNH MINH","og_image":[{"width":600,"height":505,"url":"https:\/\/mebinhminh.fastviet.vn\/wp-content\/uploads\/2025\/03\/42ef3937b979091cf46e2f58109b31fa_L.jpg","type":"image\/jpeg"}],"twitter_card":"summary_large_image","twitter_misc":{"\u01af\u1edbc t\u00ednh th\u1eddi gian \u0111\u1ecdc":"4 ph\u00fat"},"schema":{"@context":"https:\/\/schema.org","@graph":[{"@type":"WebPage","@id":"https:\/\/mebinhminh.fastviet.vn\/?product=mu-chong-chay-nomex","url":"https:\/\/mebinhminh.fastviet.vn\/?product=mu-chong-chay-nomex","name":"M\u0169 ch\u1ed1ng ch\u00e1y Nomex - M&amp;E B\u00ccNH MINH","isPartOf":{"@id":"https:\/\/mebinhminh.fastviet.vn\/#website"},"primaryImageOfPage":{"@id":"https:\/\/mebinhminh.fastviet.vn\/?product=mu-chong-chay-nomex#primaryimage"},"image":{"@id":"https:\/\/mebinhminh.fastviet.vn\/?product=mu-chong-chay-nomex#primaryimage"},"thumbnailUrl":"https:\/\/mebinhminh.fastviet.vn\/wp-content\/uploads\/2025\/03\/42ef3937b979091cf46e2f58109b31fa_L.jpg","datePublished":"2025-03-07T00:35:42+00:00","dateModified":"2025-03-07T00:35:42+00:00","breadcrumb":{"@id":"https:\/\/mebinhminh.fastviet.vn\/?product=mu-chong-chay-nomex#breadcrumb"},"inLanguage":"vi","potentialAction":[{"@type":"ReadAction","target":["https:\/\/mebinhminh.fastviet.vn\/?product=mu-chong-chay-nomex"]}]},{"@type":"ImageObject","inLanguage":"vi","@id":"https:\/\/mebinhminh.fastviet.vn\/?product=mu-chong-chay-nomex#primaryimage","url":"https:\/\/mebinhminh.fastviet.vn\/wp-content\/uploads\/2025\/03\/42ef3937b979091cf46e2f58109b31fa_L.jpg","contentUrl":"https:\/\/mebinhminh.fastviet.vn\/wp-content\/uploads\/2025\/03\/42ef3937b979091cf46e2f58109b31fa_L.jpg","width":600,"height":505},{"@type":"BreadcrumbList","@id":"https:\/\/mebinhminh.fastviet.vn\/?product=mu-chong-chay-nomex#breadcrumb","itemListElement":[{"@type":"ListItem","position":1,"name":"Home","item":"https:\/\/mebinhminh.fastviet.vn\/"},{"@type":"ListItem","position":2,"name":"C\u1eeda h\u00e0ng","item":"https:\/\/mebinhminh.fastviet.vn\/?page_id=5"},{"@type":"ListItem","position":3,"name":"M\u0169 ch\u1ed1ng ch\u00e1y Nomex"}]},{"@type":"WebSite","@id":"https:\/\/mebinhminh.fastviet.vn\/#website","url":"https:\/\/mebinhminh.fastviet.vn\/","name":"M&amp;E B\u00ccNH MINH","description":"","potentialAction":[{"@type":"SearchAction","target":{"@type":"EntryPoint","urlTemplate":"https:\/\/mebinhminh.fastviet.vn\/?s={search_term_string}"},"query-input":{"@type":"PropertyValueSpecification","valueRequired":true,"valueName":"search_term_string"}}],"inLanguage":"vi"}]}},"jetpack_sharing_enabled":true,"_links":{"self":[{"href":"https:\/\/mebinhminh.fastviet.vn\/index.php?rest_route=\/wp\/v2\/product\/691","targetHints":{"allow":["GET"]}}],"collection":[{"href":"https:\/\/mebinhminh.fastviet.vn\/index.php?rest_route=\/wp\/v2\/product"}],"about":[{"href":"https:\/\/mebinhminh.fastviet.vn\/index.php?rest_route=\/wp\/v2\/types\/product"}],"replies":[{"embeddable":true,"href":"https:\/\/mebinhminh.fastviet.vn\/index.php?rest_route=%2Fwp%2Fv2%2Fcomments&post=691"}],"version-history":[{"count":1,"href":"https:\/\/mebinhminh.fastviet.vn\/index.php?rest_route=\/wp\/v2\/product\/691\/revisions"}],"predecessor-version":[{"id":694,"href":"https:\/\/mebinhminh.fastviet.vn\/index.php?rest_route=\/wp\/v2\/product\/691\/revisions\/694"}],"wp:featuredmedia":[{"embeddable":true,"href":"https:\/\/mebinhminh.fastviet.vn\/index.php?rest_route=\/wp\/v2\/media\/692"}],"wp:attachment":[{"href":"https:\/\/mebinhminh.fastviet.vn\/index.php?rest_route=%2Fwp%2Fv2%2Fmedia&parent=691"}],"wp:term":[{"taxonomy":"product_brand","embeddable":true,"href":"https:\/\/mebinhminh.fastviet.vn\/index.php?rest_route=%2Fwp%2Fv2%2Fproduct_brand&post=691"},{"taxonomy":"product_cat","embeddable":true,"href":"https:\/\/mebinhminh.fastviet.vn\/index.php?rest_route=%2Fwp%2Fv2%2Fproduct_cat&post=691"},{"taxonomy":"product_tag","embeddable":true,"href":"https:\/\/mebinhminh.fastviet.vn\/index.php?rest_route=%2Fwp%2Fv2%2Fproduct_tag&post=691"}],"curies":[{"name":"wp","href":"https:\/\/api.w.org\/{rel}","templated":true}]}}