{"id":695,"date":"2025-03-07T07:39:31","date_gmt":"2025-03-07T00:39:31","guid":{"rendered":"https:\/\/mebinhminh.fastviet.vn\/?post_type=product&#038;p=695"},"modified":"2025-03-07T07:39:31","modified_gmt":"2025-03-07T00:39:31","slug":"mu-trang-bac-chong-chay-ktfh1000a-korea-930g","status":"publish","type":"product","link":"https:\/\/mebinhminh.fastviet.vn\/?product=mu-trang-bac-chong-chay-ktfh1000a-korea-930g","title":{"rendered":"M\u0169 tr\u00e1ng b\u1ea1c ch\u1ed1ng ch\u00e1y KTFH1000A Korea (930g)"},"content":{"rendered":"<p>Tr\u1ecdng l\u01b0\u1ee3ng: 930g\/chi\u1ebfc<\/p>\n<p>G\u1ed3m 5 l\u1edbp da\u0300y 2mm, \u0111\u00ea\u0301m \u0111\u01b0\u01a1\u0323c t\u01b0\u0300ng l\u01a1\u0301p b\u0103\u0300ng m\u0103\u0301t th\u01b0\u01a1\u0300ng.<\/p>\n<p>+ L\u1edbp 1: B\u1eb1ng v\u1eadt li\u1ec7u m\u1edbi Safal, l\u00e0 s\u1ee3i th\u1ee7y tinh metal- para-aramidic tr\u00e1ng nh\u00f4m b\u00ean ngo\u00e0i 500g\/ m2<\/p>\n<p>+ L\u1edbp 2: s\u1ee3i carbon<\/p>\n<p>+ L\u1edbp 3: L\u1edbp b\u00f4ng ca\u0301ch nhi\u00ea\u0323t \u01a1\u0309 gi\u01b0\u0303a<\/p>\n<p>+ L\u01a1\u0301p 4: s\u1ee3i metaramidic 50%<\/p>\n<p>+ L\u01a1\u0301p 5:\u00a0\u00a0Aramid b\u00ean trong m\u00e0u xanh \u0111en, may hi\u0300nh qua\u0309 tra\u0301m, \u0111\u1ecbnh l\u01b0\u1ee3ng 250g\/m2.<\/p>\n<p>Hoa\u0300n toa\u0300n 100% kh\u00f4ng ch\u01b0\u0301a amiang.<\/p>\n<p>K\u00ednh th\u1ee7y tinh m\u1ea1 v\u00e0ng ch\u1ed1ng tia h\u1ed3 quang<\/p>\n<p>c\u00f3 k\u00ednh ch\u1ed1ng h\u01a1i n\u01b0\u1edbc l\u00e0m b\u1eb1ng polycacbonat, ch\u1ed1ng h\u00f3a ch\u1ea5t, ch\u1ecbu nhi\u1ec7t 1500 \u0111\u1ed9.<\/p>\n<p>+ Ch\u00e2\u0301t li\u00ea\u0323u ki\u0301nh: K\u00ednh quan s\u00e1t m\u1ea1 v\u00e0ng c\u00f3 ta\u0301c du\u0323ng Ch\u1ed1ng h\u01a1i n\u01b0\u1edbc, ch\u1ed1ng h\u00f3a ch\u1ea5t va\u0300 tia h\u00f4\u0300 quang ca\u0309n b\u01b0\u0301c xa\u0323 nhi\u00ea\u0323t\u00a0<b>(loa\u0323i ki\u0301nh tr\u0103\u0301ng kh\u00f4ng co\u0301 ta\u0301c du\u0323ng na\u0300y)<\/b><\/p>\n<p>+ Ki\u0301ch th\u01b0\u01a1\u0301c ki\u0301nh: R\u00e2\u0301t r\u00f4\u0323ng 19x30cm<\/p>\n<p>+ C\u00f3 kh\u00f3a 3 cu\u0301c th\u00e1o l\u1eafp nhanh k\u00ednh ra kh\u1ecfi m\u0169.<\/p>\n<p>+ Thi\u1ebft k\u1ebf \u0111\u1eb7c bi\u1ec7t: Tr\u00ean m\u0169 c\u00f3 2 d\u00e2y \u0111\u1ec3 cho\u00e0ng v\u00e0o c\u00e1nh tay, \u01b0u \u0111i\u1ec3m kh\u00f4ng l\u00e0m r\u01a1i m\u0169 khi c\u00fai ng\u01b0\u1eddi. \u0110i\u1ec1u ch\u1ec9nh \u0111\u01b0\u1ee3c k\u00edch th\u01b0\u1edbc. D\u00e2y choa\u0300ng \u0111\u01b0\u01a1\u0323c gim ch\u0103\u0323t va\u0300o mu\u0303 nh\u01a1\u0300 4 \u0111inh ta\u0301n.<\/p>\n<p>+\u00a0B\u00ean trong mu\u0303 co\u0301 \u0111ai thun \u0111\u00ea\u0309 c\u00f4\u0301 \u0111i\u0323nh mu\u0303 ba\u0309o h\u00f4\u0323\/ mu\u0303 ch\u01b0\u0303a cha\u0301y c\u01b0\u0301ng \u0111\u00f4\u0323i b\u00ean trong.<\/p>\n<p>+ Va\u0300nh mu\u0303 tru\u0300m ki\u0301n ng\u01b0\u0323c va\u0300 vu\u00f4ng go\u0301c v\u01a1\u0301i hai vai, ba\u0309o v\u00ea\u0323 tuy\u00ea\u0323t \u0111\u00f4\u0301i ng\u01b0\u01a1\u0300i s\u01b0\u0309 du\u0323ng.<\/p>\n","protected":false},"excerpt":{"rendered":"<p>G\u1ed3m 5 l\u1edbp d\u00e0y 2mm, \u0111\u1ebfm \u0111\u01b0\u1ee3c t\u1eebng l\u1edbp b\u1eb1ng m\u1eaft th\u01b0\u1eddng. + L\u1edbp 5: Aramid b\u00ean trong m\u00e0u xanh \u0111en, may h\u00ecnh qu\u1ea3 tr\u00e1m, \u0111\u1ecbnh l\u01b0\u1ee3ng 250g\/m2. Ho\u00e0n to\u00e0n 100% kh\u00f4ng ch\u1ee9a amiang. c\u00f3 k\u00ednh\u00a0<b>ch\u1ed1ng<\/b>\u00a0h\u01a1i n\u01b0\u1edbc l\u00e0m b\u1eb1ng polycacbonat,\u00a0<b>ch\u1ed1ng<\/b>\u00a0h\u00f3a ch\u1ea5t, ch\u1ecbu nhi\u1ec7t 1500 \u0111\u1ed9.<\/p>\n","protected":false},"featured_media":696,"comment_status":"open","ping_status":"closed","template":"","meta":[],"product_brand":[58,59],"product_cat":[18,78],"product_tag":[17,60,79],"class_list":{"0":"post-695","1":"product","2":"type-product","3":"status-publish","4":"has-post-thumbnail","6":"product_brand-han-quoc-ktfsn","7":"product_brand-kt-fire-corporation","8":"product_cat-bao-ho","9":"product_cat-mu-chong-chay","10":"product_tag-bao-ho","11":"product_tag-han-quoc-ktfsn700","12":"product_tag-mu-chong-chay","14":"first","15":"instock","16":"taxable","17":"shipping-taxable","18":"purchasable","19":"product-type-simple"},"yoast_head":"<!-- This site is optimized with the Yoast SEO plugin v24.3 - https:\/\/yoast.com\/wordpress\/plugins\/seo\/ -->\n<title>M\u0169 tr\u00e1ng b\u1ea1c ch\u1ed1ng ch\u00e1y KTFH1000A Korea (930g) - M&amp;E B\u00ccNH MINH<\/title>\n<meta name=\"robots\" content=\"index, follow, max-snippet:-1, max-image-preview:large, max-video-preview:-1\" \/>\n<link rel=\"canonical\" href=\"https:\/\/mebinhminh.fastviet.vn\/?product=mu-trang-bac-chong-chay-ktfh1000a-korea-930g\" \/>\n<meta property=\"og:locale\" content=\"vi_VN\" \/>\n<meta property=\"og:type\" content=\"article\" \/>\n<meta property=\"og:title\" content=\"M\u0169 tr\u00e1ng b\u1ea1c ch\u1ed1ng ch\u00e1y KTFH1000A Korea (930g) - M&amp;E B\u00ccNH MINH\" \/>\n<meta property=\"og:description\" content=\"G\u1ed3m 5 l\u1edbp d\u00e0y 2mm, \u0111\u1ebfm \u0111\u01b0\u1ee3c t\u1eebng l\u1edbp b\u1eb1ng m\u1eaft th\u01b0\u1eddng. + L\u1edbp 5: Aramid b\u00ean trong m\u00e0u xanh \u0111en, may h\u00ecnh qu\u1ea3 tr\u00e1m, \u0111\u1ecbnh l\u01b0\u1ee3ng 250g\/m2. Ho\u00e0n to\u00e0n 100% kh\u00f4ng ch\u1ee9a amiang. c\u00f3 k\u00ednh\u00a0ch\u1ed1ng\u00a0h\u01a1i n\u01b0\u1edbc l\u00e0m b\u1eb1ng polycacbonat,\u00a0ch\u1ed1ng\u00a0h\u00f3a ch\u1ea5t, ch\u1ecbu nhi\u1ec7t 1500 \u0111\u1ed9.\" \/>\n<meta property=\"og:url\" content=\"https:\/\/mebinhminh.fastviet.vn\/?product=mu-trang-bac-chong-chay-ktfh1000a-korea-930g\" \/>\n<meta property=\"og:site_name\" content=\"M&amp;E B\u00ccNH MINH\" \/>\n<meta property=\"og:image\" content=\"https:\/\/mebinhminh.fastviet.vn\/wp-content\/uploads\/2025\/03\/images-40.jpg\" \/>\n\t<meta property=\"og:image:width\" content=\"218\" \/>\n\t<meta property=\"og:image:height\" content=\"232\" \/>\n\t<meta property=\"og:image:type\" content=\"image\/jpeg\" \/>\n<meta name=\"twitter:card\" content=\"summary_large_image\" \/>\n<meta name=\"twitter:label1\" content=\"\u01af\u1edbc t\u00ednh th\u1eddi gian \u0111\u1ecdc\" \/>\n\t<meta name=\"twitter:data1\" content=\"2 ph\u00fat\" \/>\n<script type=\"application\/ld+json\" class=\"yoast-schema-graph\">{\"@context\":\"https:\/\/schema.org\",\"@graph\":[{\"@type\":\"WebPage\",\"@id\":\"https:\/\/mebinhminh.fastviet.vn\/?product=mu-trang-bac-chong-chay-ktfh1000a-korea-930g\",\"url\":\"https:\/\/mebinhminh.fastviet.vn\/?product=mu-trang-bac-chong-chay-ktfh1000a-korea-930g\",\"name\":\"M\u0169 tr\u00e1ng b\u1ea1c ch\u1ed1ng ch\u00e1y KTFH1000A Korea (930g) - M&amp;E B\u00ccNH MINH\",\"isPartOf\":{\"@id\":\"https:\/\/mebinhminh.fastviet.vn\/#website\"},\"primaryImageOfPage\":{\"@id\":\"https:\/\/mebinhminh.fastviet.vn\/?product=mu-trang-bac-chong-chay-ktfh1000a-korea-930g#primaryimage\"},\"image\":{\"@id\":\"https:\/\/mebinhminh.fastviet.vn\/?product=mu-trang-bac-chong-chay-ktfh1000a-korea-930g#primaryimage\"},\"thumbnailUrl\":\"https:\/\/mebinhminh.fastviet.vn\/wp-content\/uploads\/2025\/03\/images-40.jpg\",\"datePublished\":\"2025-03-07T00:39:31+00:00\",\"dateModified\":\"2025-03-07T00:39:31+00:00\",\"breadcrumb\":{\"@id\":\"https:\/\/mebinhminh.fastviet.vn\/?product=mu-trang-bac-chong-chay-ktfh1000a-korea-930g#breadcrumb\"},\"inLanguage\":\"vi\",\"potentialAction\":[{\"@type\":\"ReadAction\",\"target\":[\"https:\/\/mebinhminh.fastviet.vn\/?product=mu-trang-bac-chong-chay-ktfh1000a-korea-930g\"]}]},{\"@type\":\"ImageObject\",\"inLanguage\":\"vi\",\"@id\":\"https:\/\/mebinhminh.fastviet.vn\/?product=mu-trang-bac-chong-chay-ktfh1000a-korea-930g#primaryimage\",\"url\":\"https:\/\/mebinhminh.fastviet.vn\/wp-content\/uploads\/2025\/03\/images-40.jpg\",\"contentUrl\":\"https:\/\/mebinhminh.fastviet.vn\/wp-content\/uploads\/2025\/03\/images-40.jpg\",\"width\":218,\"height\":232},{\"@type\":\"BreadcrumbList\",\"@id\":\"https:\/\/mebinhminh.fastviet.vn\/?product=mu-trang-bac-chong-chay-ktfh1000a-korea-930g#breadcrumb\",\"itemListElement\":[{\"@type\":\"ListItem\",\"position\":1,\"name\":\"Home\",\"item\":\"https:\/\/mebinhminh.fastviet.vn\/\"},{\"@type\":\"ListItem\",\"position\":2,\"name\":\"C\u1eeda h\u00e0ng\",\"item\":\"https:\/\/mebinhminh.fastviet.vn\/?page_id=5\"},{\"@type\":\"ListItem\",\"position\":3,\"name\":\"M\u0169 tr\u00e1ng b\u1ea1c ch\u1ed1ng ch\u00e1y KTFH1000A Korea (930g)\"}]},{\"@type\":\"WebSite\",\"@id\":\"https:\/\/mebinhminh.fastviet.vn\/#website\",\"url\":\"https:\/\/mebinhminh.fastviet.vn\/\",\"name\":\"M&amp;E B\u00ccNH MINH\",\"description\":\"\",\"potentialAction\":[{\"@type\":\"SearchAction\",\"target\":{\"@type\":\"EntryPoint\",\"urlTemplate\":\"https:\/\/mebinhminh.fastviet.vn\/?s={search_term_string}\"},\"query-input\":{\"@type\":\"PropertyValueSpecification\",\"valueRequired\":true,\"valueName\":\"search_term_string\"}}],\"inLanguage\":\"vi\"}]}<\/script>\n<!-- \/ Yoast SEO plugin. -->","yoast_head_json":{"title":"M\u0169 tr\u00e1ng b\u1ea1c ch\u1ed1ng ch\u00e1y KTFH1000A Korea (930g) - M&amp;E B\u00ccNH MINH","robots":{"index":"index","follow":"follow","max-snippet":"max-snippet:-1","max-image-preview":"max-image-preview:large","max-video-preview":"max-video-preview:-1"},"canonical":"https:\/\/mebinhminh.fastviet.vn\/?product=mu-trang-bac-chong-chay-ktfh1000a-korea-930g","og_locale":"vi_VN","og_type":"article","og_title":"M\u0169 tr\u00e1ng b\u1ea1c ch\u1ed1ng ch\u00e1y KTFH1000A Korea (930g) - M&amp;E B\u00ccNH MINH","og_description":"G\u1ed3m 5 l\u1edbp d\u00e0y 2mm, \u0111\u1ebfm \u0111\u01b0\u1ee3c t\u1eebng l\u1edbp b\u1eb1ng m\u1eaft th\u01b0\u1eddng. + L\u1edbp 5: Aramid b\u00ean trong m\u00e0u xanh \u0111en, may h\u00ecnh qu\u1ea3 tr\u00e1m, \u0111\u1ecbnh l\u01b0\u1ee3ng 250g\/m2. Ho\u00e0n to\u00e0n 100% kh\u00f4ng ch\u1ee9a amiang. c\u00f3 k\u00ednh\u00a0ch\u1ed1ng\u00a0h\u01a1i n\u01b0\u1edbc l\u00e0m b\u1eb1ng polycacbonat,\u00a0ch\u1ed1ng\u00a0h\u00f3a ch\u1ea5t, ch\u1ecbu nhi\u1ec7t 1500 \u0111\u1ed9.","og_url":"https:\/\/mebinhminh.fastviet.vn\/?product=mu-trang-bac-chong-chay-ktfh1000a-korea-930g","og_site_name":"M&amp;E B\u00ccNH MINH","og_image":[{"width":218,"height":232,"url":"https:\/\/mebinhminh.fastviet.vn\/wp-content\/uploads\/2025\/03\/images-40.jpg","type":"image\/jpeg"}],"twitter_card":"summary_large_image","twitter_misc":{"\u01af\u1edbc t\u00ednh th\u1eddi gian \u0111\u1ecdc":"2 ph\u00fat"},"schema":{"@context":"https:\/\/schema.org","@graph":[{"@type":"WebPage","@id":"https:\/\/mebinhminh.fastviet.vn\/?product=mu-trang-bac-chong-chay-ktfh1000a-korea-930g","url":"https:\/\/mebinhminh.fastviet.vn\/?product=mu-trang-bac-chong-chay-ktfh1000a-korea-930g","name":"M\u0169 tr\u00e1ng b\u1ea1c ch\u1ed1ng ch\u00e1y KTFH1000A Korea (930g) - M&amp;E B\u00ccNH MINH","isPartOf":{"@id":"https:\/\/mebinhminh.fastviet.vn\/#website"},"primaryImageOfPage":{"@id":"https:\/\/mebinhminh.fastviet.vn\/?product=mu-trang-bac-chong-chay-ktfh1000a-korea-930g#primaryimage"},"image":{"@id":"https:\/\/mebinhminh.fastviet.vn\/?product=mu-trang-bac-chong-chay-ktfh1000a-korea-930g#primaryimage"},"thumbnailUrl":"https:\/\/mebinhminh.fastviet.vn\/wp-content\/uploads\/2025\/03\/images-40.jpg","datePublished":"2025-03-07T00:39:31+00:00","dateModified":"2025-03-07T00:39:31+00:00","breadcrumb":{"@id":"https:\/\/mebinhminh.fastviet.vn\/?product=mu-trang-bac-chong-chay-ktfh1000a-korea-930g#breadcrumb"},"inLanguage":"vi","potentialAction":[{"@type":"ReadAction","target":["https:\/\/mebinhminh.fastviet.vn\/?product=mu-trang-bac-chong-chay-ktfh1000a-korea-930g"]}]},{"@type":"ImageObject","inLanguage":"vi","@id":"https:\/\/mebinhminh.fastviet.vn\/?product=mu-trang-bac-chong-chay-ktfh1000a-korea-930g#primaryimage","url":"https:\/\/mebinhminh.fastviet.vn\/wp-content\/uploads\/2025\/03\/images-40.jpg","contentUrl":"https:\/\/mebinhminh.fastviet.vn\/wp-content\/uploads\/2025\/03\/images-40.jpg","width":218,"height":232},{"@type":"BreadcrumbList","@id":"https:\/\/mebinhminh.fastviet.vn\/?product=mu-trang-bac-chong-chay-ktfh1000a-korea-930g#breadcrumb","itemListElement":[{"@type":"ListItem","position":1,"name":"Home","item":"https:\/\/mebinhminh.fastviet.vn\/"},{"@type":"ListItem","position":2,"name":"C\u1eeda h\u00e0ng","item":"https:\/\/mebinhminh.fastviet.vn\/?page_id=5"},{"@type":"ListItem","position":3,"name":"M\u0169 tr\u00e1ng b\u1ea1c ch\u1ed1ng ch\u00e1y KTFH1000A Korea (930g)"}]},{"@type":"WebSite","@id":"https:\/\/mebinhminh.fastviet.vn\/#website","url":"https:\/\/mebinhminh.fastviet.vn\/","name":"M&amp;E B\u00ccNH MINH","description":"","potentialAction":[{"@type":"SearchAction","target":{"@type":"EntryPoint","urlTemplate":"https:\/\/mebinhminh.fastviet.vn\/?s={search_term_string}"},"query-input":{"@type":"PropertyValueSpecification","valueRequired":true,"valueName":"search_term_string"}}],"inLanguage":"vi"}]}},"jetpack_sharing_enabled":true,"_links":{"self":[{"href":"https:\/\/mebinhminh.fastviet.vn\/index.php?rest_route=\/wp\/v2\/product\/695","targetHints":{"allow":["GET"]}}],"collection":[{"href":"https:\/\/mebinhminh.fastviet.vn\/index.php?rest_route=\/wp\/v2\/product"}],"about":[{"href":"https:\/\/mebinhminh.fastviet.vn\/index.php?rest_route=\/wp\/v2\/types\/product"}],"replies":[{"embeddable":true,"href":"https:\/\/mebinhminh.fastviet.vn\/index.php?rest_route=%2Fwp%2Fv2%2Fcomments&post=695"}],"version-history":[{"count":1,"href":"https:\/\/mebinhminh.fastviet.vn\/index.php?rest_route=\/wp\/v2\/product\/695\/revisions"}],"predecessor-version":[{"id":698,"href":"https:\/\/mebinhminh.fastviet.vn\/index.php?rest_route=\/wp\/v2\/product\/695\/revisions\/698"}],"wp:featuredmedia":[{"embeddable":true,"href":"https:\/\/mebinhminh.fastviet.vn\/index.php?rest_route=\/wp\/v2\/media\/696"}],"wp:attachment":[{"href":"https:\/\/mebinhminh.fastviet.vn\/index.php?rest_route=%2Fwp%2Fv2%2Fmedia&parent=695"}],"wp:term":[{"taxonomy":"product_brand","embeddable":true,"href":"https:\/\/mebinhminh.fastviet.vn\/index.php?rest_route=%2Fwp%2Fv2%2Fproduct_brand&post=695"},{"taxonomy":"product_cat","embeddable":true,"href":"https:\/\/mebinhminh.fastviet.vn\/index.php?rest_route=%2Fwp%2Fv2%2Fproduct_cat&post=695"},{"taxonomy":"product_tag","embeddable":true,"href":"https:\/\/mebinhminh.fastviet.vn\/index.php?rest_route=%2Fwp%2Fv2%2Fproduct_tag&post=695"}],"curies":[{"name":"wp","href":"https:\/\/api.w.org\/{rel}","templated":true}]}}