{"id":704,"date":"2025-03-07T11:21:36","date_gmt":"2025-03-07T04:21:36","guid":{"rendered":"https:\/\/mebinhminh.fastviet.vn\/?post_type=product&#038;p=704"},"modified":"2025-03-07T11:21:36","modified_gmt":"2025-03-07T04:21:36","slug":"quan-ao-chua-chay-theo-thong-tu-48","status":"publish","type":"product","link":"https:\/\/mebinhminh.fastviet.vn\/?product=quan-ao-chua-chay-theo-thong-tu-48","title":{"rendered":"Qu\u1ea7n \u00e1o ch\u1eefa ch\u00e1y theo th\u00f4ng t\u01b0 48"},"content":{"rendered":"<p>Theo Th\u00f4ng t\u01b0 48\/2015-BCA, B\u1ed9 Qu\u1ea7n \u00c1o Ch\u1eefa Ch\u00e1y TT48 l\u00e0 m\u1eabu trang ph\u1ee5c ph\u00f2ng ch\u00e1y ch\u1eefa ch\u00e1y c\u1ee7a l\u1ef1c l\u01b0\u1ee3ng d\u00e2n ph\u00f2ng, l\u1ef1c l\u01b0\u1ee3ng ph\u00f2ng ch\u00e1y v\u00e0 ch\u1eefa ch\u00e1y t\u1ea1i c\u01a1 s\u1edf, l\u1ef1c l\u01b0\u1ee3ng\u00a0<a href=\"https:\/\/pccctb.com\/\" target=\"_self\" data-ail=\"265\">PCCC<\/a>\u00a0chuy\u00ean ng\u00e0nh Vi\u1ec7t Nam bao g\u1ed3m c\u00e1c lo\u1ea1i c\u1ee5 th\u1ec3 nh\u01b0 sau: \u00c1o \u2013 Qu\u1ea7n \u2013 M\u0169 \u2013 Gang Tay \u2013 \u1ee6ng \u2013 Kh\u1ea9u Trang.<\/p>\n<figure id=\"attachment_6607\" class=\"wp-caption aligncenter\" aria-describedby=\"caption-attachment-6607\"><img fetchpriority=\"high\" decoding=\"async\" class=\"size-full wp-image-6607\" title=\"B\u1ed9 qu\u1ea7n \u00e1o ch\u1eefa ch\u00e1y TT48 (Theo th\u00f4ng t\u01b0 48\/2015-BCA) 16\" src=\"https:\/\/pccctb.com\/wp-content\/uploads\/2023\/08\/bo-chua-chay-tt48-2015-quan-ao-pccc-jpg.webp\" sizes=\"(max-width: 680px) 100vw, 680px\" srcset=\"https:\/\/pccctb.com\/wp-content\/uploads\/2023\/08\/bo-chua-chay-tt48-2015-quan-ao-pccc-jpg.webp 680w, https:\/\/pccctb.com\/wp-content\/uploads\/2023\/08\/bo-chua-chay-tt48-2015-quan-ao-pccc-300x300.webp 300w, https:\/\/pccctb.com\/wp-content\/uploads\/2023\/08\/bo-chua-chay-tt48-2015-quan-ao-pccc-150x150.webp 150w, https:\/\/pccctb.com\/wp-content\/uploads\/2023\/08\/bo-chua-chay-tt48-2015-quan-ao-pccc-600x600.webp 600w, https:\/\/pccctb.com\/wp-content\/uploads\/2023\/08\/bo-chua-chay-tt48-2015-quan-ao-pccc-100x100.webp 100w\" alt=\"B\u1ed9 qu\u1ea7n \u00e1o ch\u1eefa ch\u00e1y TT48\/2015\" width=\"680\" height=\"680\" \/><figcaption id=\"caption-attachment-6607\" class=\"wp-caption-text\">B\u1ed9 qu\u1ea7n \u00e1o ch\u1eefa ch\u00e1y TT48\/2015<\/figcaption><\/figure>\n<h3><span id=\"thong-tin-bo-quan-ao-chua-chay-tt48\" class=\"ez-toc-section\"><\/span>Th\u00f4ng tin B\u1ed9 qu\u1ea7n \u00e1o ch\u1eefa ch\u00e1y TT48<\/h3>\n<table>\n<tbody>\n<tr>\n<td>M\u00e3 s\u1ea3n ph\u1ea9m<\/td>\n<td>QACC-TT48<\/td>\n<\/tr>\n<tr>\n<td>Xu\u1ea5t x\u1ee9<\/td>\n<td>Vi\u1ec7t Nam<\/td>\n<\/tr>\n<tr>\n<td>Ti\u00eau chu\u1ea9n<\/td>\n<td>Th\u00f4ng t\u01b0 48\/2015-BCA<\/td>\n<\/tr>\n<tr>\n<td>Bao g\u1ed3m<\/td>\n<td>06 m\u00f3n: Qu\u1ea7n, \u00e1o, m\u0169, \u1ee7ng, gang tay, kh\u1ea9u trang<\/td>\n<\/tr>\n<tr>\n<td>M\u00e0u s\u1eafc<\/td>\n<td>V\u00e0ng \u0111\u1eadm, c\u00f3 v\u1ea1ch ph\u1ea3n quang<\/td>\n<\/tr>\n<tr>\n<td>Ch\u1ea5t li\u1ec7u<\/td>\n<td>Polyeste\/cotton<\/td>\n<\/tr>\n<tr>\n<td>Quy c\u00e1ch \u0111\u00f3ng g\u00f3i<\/td>\n<td>01 b\u1ed9\/t\u00fai<\/td>\n<\/tr>\n<tr>\n<td>B\u1ea3o qu\u1ea3n<\/td>\n<td>N\u01a1i tho\u00e1ng m\u00e1t<\/td>\n<\/tr>\n<tr>\n<td>C\u00f4ng d\u1ee5ng<\/td>\n<td>S\u1eed d\u1ee5ng ph\u00f2ng ch\u00e1y ch\u1eefa ch\u00e1y theo TT48<\/td>\n<\/tr>\n<tr>\n<td>S\u1eed d\u1ee5ng<\/td>\n<td>Ph\u00f9 h\u1ee3p y\u00eau c\u1ea7u ki\u1ec3m tra v\u00e0 s\u1eed d\u1ee5ng PCCC<\/td>\n<\/tr>\n<\/tbody>\n<\/table>\n<p>B\u1ed9 TT48 \u0111\u01b0\u1ee3c s\u1eed d\u1ee5ng \u0111\u1ec3 b\u1ea3o v\u1ec7 an to\u00e0n cho l\u00ednh c\u1ee9u h\u1ecfa khi tham gia c\u00f4ng t\u00e1c ch\u1eefa ch\u00e1y v\u00e0 c\u1ee9u h\u1ed9 c\u1ee9u n\u1ea1n. B\u1ed9 qu\u1ea7n \u00e1o gi\u00fap b\u1ea3o v\u1ec7 l\u00ednh c\u1ee9u h\u1ecfa kh\u1ecfi t\u00e1c \u0111\u1ed9ng c\u1ee7a nhi\u1ec7t \u0111\u1ed9 cao, kh\u00f3i \u0111\u1ed9c, h\u00f3a ch\u1ea5t, v\u00e0 c\u00e1c nguy hi\u1ec3m kh\u00e1c trong qu\u00e1 tr\u00ecnh ch\u1eefa ch\u00e1y.<\/p>\n<h3>\u01afu \u0111i\u1ec3m s\u1ea3n ph\u1ea9m<\/h3>\n<ul>\n<li><strong>Ch\u1ecbu nhi\u1ec7t t\u1ed1t<\/strong>: V\u1eadt li\u1ec7u ch\u1ecbu nhi\u1ec7t cao, b\u1ea3o v\u1ec7 hi\u1ec7u qu\u1ea3 trong m\u00f4i tr\u01b0\u1eddng nhi\u1ec7t \u0111\u1ed9 cao.<\/li>\n<li><strong>Ch\u1ed1ng th\u1ea5m n\u01b0\u1edbc<\/strong>: L\u1edbp ngo\u00e0i ch\u1ed1ng th\u1ea5m, gi\u00fap b\u1ea3o v\u1ec7 c\u01a1 th\u1ec3 kh\u1ecfi n\u01b0\u1edbc v\u00e0 c\u00e1c ch\u1ea5t l\u1ecfng kh\u00e1c.<\/li>\n<li><strong>\u0110\u1ed9 b\u1ec1n cao<\/strong>: Ch\u1ea5t li\u1ec7u b\u1ec1n b\u1ec9, ch\u1ecbu \u0111\u01b0\u1ee3c \u0111i\u1ec1u ki\u1ec7n l\u00e0m vi\u1ec7c kh\u1eafc nghi\u1ec7t.<\/li>\n<li><strong>Tho\u00e1ng kh\u00ed<\/strong>: L\u1edbp trong tho\u00e1ng kh\u00ed, gi\u00fap ng\u01b0\u1eddi m\u1eb7c c\u1ea3m th\u1ea5y tho\u1ea3i m\u00e1i trong qu\u00e1 tr\u00ecnh l\u00e0m vi\u1ec7c.<\/li>\n<\/ul>\n<h2><span id=\"cong-dung-trang-phuc-pccc-tt48\" class=\"ez-toc-section\"><\/span>C\u00f4ng d\u1ee5ng trang ph\u1ee5c PCCC TT48<\/h2>\n<ul>\n<li><strong>B\u1ea3o v\u1ec7 c\u01a1 th\u1ec3<\/strong>: Ch\u1ed1ng l\u1ea1i nhi\u1ec7t \u0111\u1ed9 cao, ng\u1ecdn l\u1eeda, v\u00e0 c\u00e1c t\u00e1c nh\u00e2n nguy hi\u1ec3m kh\u00e1c trong qu\u00e1 tr\u00ecnh ch\u1eefa ch\u00e1y.<\/li>\n<li><strong>T\u0103ng kh\u1ea3 n\u0103ng nh\u1eadn di\u1ec7n<\/strong>: M\u00e0u s\u1eafc s\u00e1ng v\u00e0 d\u1ea3i ph\u1ea3n quang gi\u00fap d\u1ec5 nh\u1eadn di\u1ec7n trong \u0111i\u1ec1u ki\u1ec7n \u00e1nh s\u00e1ng y\u1ebfu ho\u1eb7c trong kh\u00f3i d\u00e0y \u0111\u1eb7c.<\/li>\n<li><strong>Tho\u1ea3i m\u00e1i v\u00e0 ti\u1ec7n l\u1ee3i<\/strong>: Thi\u1ebft k\u1ebf tho\u1ea3i m\u00e1i, d\u1ec5 d\u00e0ng m\u1eb7c v\u00e0 c\u1edfi, gi\u00fap linh ho\u1ea1t trong c\u00e1c t\u00ecnh hu\u1ed1ng kh\u1ea9n c\u1ea5p.<\/li>\n<\/ul>\n<figure id=\"attachment_6593\" class=\"wp-caption aligncenter\" aria-describedby=\"caption-attachment-6593\"><img decoding=\"async\" class=\"wp-image-6593 lazy-load-active\" title=\"B\u1ed9 qu\u1ea7n \u00e1o ch\u1eefa ch\u00e1y TT48 (Theo th\u00f4ng t\u01b0 48\/2015-BCA) 20\" src=\"https:\/\/pccctb.com\/wp-content\/uploads\/2023\/08\/quan-ao-pccc-tt48-2-jpg.webp\" sizes=\"(max-width: 533px) 100vw, 533px\" srcset=\"https:\/\/pccctb.com\/wp-content\/uploads\/2023\/08\/quan-ao-pccc-tt48-2-jpg.webp 810w, https:\/\/pccctb.com\/wp-content\/uploads\/2023\/08\/quan-ao-pccc-tt48-2-300x171.webp 300w, https:\/\/pccctb.com\/wp-content\/uploads\/2023\/08\/quan-ao-pccc-tt48-2-768x437.webp 768w, https:\/\/pccctb.com\/wp-content\/uploads\/2023\/08\/quan-ao-pccc-tt48-2-600x341.webp 600w\" alt=\"Qu\u1ea7n \u00e1o ch\u1eefa ch\u00e1y theo Th\u00f4ng t\u01b0 48\" width=\"533\" height=\"303\" data-src=\"https:\/\/pccctb.com\/wp-content\/uploads\/2023\/08\/quan-ao-pccc-tt48-2-jpg.webp\" data-srcset=\"https:\/\/pccctb.com\/wp-content\/uploads\/2023\/08\/quan-ao-pccc-tt48-2-jpg.webp 810w, https:\/\/pccctb.com\/wp-content\/uploads\/2023\/08\/quan-ao-pccc-tt48-2-300x171.webp 300w, https:\/\/pccctb.com\/wp-content\/uploads\/2023\/08\/quan-ao-pccc-tt48-2-768x437.webp 768w, https:\/\/pccctb.com\/wp-content\/uploads\/2023\/08\/quan-ao-pccc-tt48-2-600x341.webp 600w\" \/><figcaption id=\"caption-attachment-6593\" class=\"wp-caption-text\">Qu\u1ea7n \u00e1o ch\u1eefa ch\u00e1y theo Th\u00f4ng t\u01b0 48<\/figcaption><\/figure>\n<h2><span id=\"huong-dan-su-dung\" class=\"ez-toc-section\"><\/span>H\u01b0\u1ee1ng d\u1eabn s\u1eed d\u1ee5ng<\/h2>\n<p>B\u1ed9 qu\u1ea7n \u00e1o ch\u1eefa ch\u00e1y TT48 l\u00e0 trang b\u1ecb kh\u00f4ng th\u1ec3 thi\u1ebfu cho l\u1ef1c l\u01b0\u1ee3ng c\u1ee9u h\u1ecfa, gi\u00fap b\u1ea3o v\u1ec7 an to\u00e0n v\u00e0 hi\u1ec7u qu\u1ea3 cho ng\u01b0\u1eddi s\u1eed d\u1ee5ng trong c\u00e1c t\u00ecnh hu\u1ed1ng ch\u1eefa ch\u00e1y kh\u1ea9n c\u1ea5p.<\/p>\n<h3><span id=\"cach-su-dung-co-ban\" class=\"ez-toc-section\"><\/span>C\u00e1ch s\u1eed d\u1ee5ng c\u01a1 b\u1ea3n<\/h3>\n<ul>\n<li><strong>M\u1eb7c qu\u1ea7n \u00e1o<\/strong>:\n<ul>\n<li>M\u1eb7c l\u1edbp trong c\u00f9ng tr\u01b0\u1edbc, \u0111\u1ea3m b\u1ea3o che k\u00edn c\u01a1 th\u1ec3.<\/li>\n<li>Sau \u0111\u00f3 m\u1eb7c l\u1edbp gi\u1eefa v\u00e0 l\u1edbp ngo\u00e0i c\u00f9ng.<\/li>\n<li>Ki\u1ec3m tra k\u1ef9 c\u00e1c kh\u00f3a, c\u00fac, v\u00e0 d\u1ea3i ph\u1ea3n quang \u0111\u1ec3 \u0111\u1ea3m b\u1ea3o an to\u00e0n.<\/li>\n<\/ul>\n<\/li>\n<li><strong>Ki\u1ec3m tra thi\u1ebft b\u1ecb<\/strong>:\n<ul>\n<li>Tr\u01b0\u1edbc khi s\u1eed d\u1ee5ng, ki\u1ec3m tra k\u1ef9 c\u00e1c ph\u1ea7n c\u1ee7a b\u1ed9 qu\u1ea7n \u00e1o \u0111\u1ec3 \u0111\u1ea3m b\u1ea3o kh\u00f4ng c\u00f3 h\u01b0 h\u1ecfng.<\/li>\n<li>\u0110\u1ea3m b\u1ea3o r\u1eb1ng c\u00e1c d\u1ea3i ph\u1ea3n quang v\u00e0 c\u00e1c ph\u1ea7n ch\u1ecbu nhi\u1ec7t v\u1eabn c\u00f2n ho\u1ea1t \u0111\u1ed9ng t\u1ed1t.<\/li>\n<\/ul>\n<\/li>\n<li><strong>Sau khi s\u1eed d\u1ee5ng<\/strong>:\n<ul>\n<li>L\u00e0m s\u1ea1ch b\u1ed9 qu\u1ea7n \u00e1o b\u1eb1ng c\u00e1ch gi\u1eb7t nh\u1eb9, tr\u00e1nh s\u1eed d\u1ee5ng h\u00f3a ch\u1ea5t m\u1ea1nh.<\/li>\n<li>Ph\u01a1i kh\u00f4 \u1edf n\u01a1i tho\u00e1ng m\u00e1t, tr\u00e1nh \u00e1nh n\u1eafng tr\u1ef1c ti\u1ebfp \u0111\u1ec3 duy tr\u00ec \u0111\u1ed9 b\u1ec1n c\u1ee7a ch\u1ea5t li\u1ec7u.<\/li>\n<\/ul>\n<\/li>\n<\/ul>\n<h3><span id=\"luu-y-khi-su-dung\" class=\"ez-toc-section\"><\/span>L\u01b0u \u00fd khi s\u1eed d\u1ee5ng<\/h3>\n<ul>\n<li data-sourcepos=\"41:1-41:93\">M\u1eb7c \u0111\u1ea7y \u0111\u1ee7 c\u00e1c b\u1ed9 ph\u1eadn c\u1ee7a b\u1ed9 qu\u1ea7n \u00e1o ch\u1eefa ch\u00e1y TT48 tr\u01b0\u1edbc khi tham gia c\u00f4ng t\u00e1c ch\u1eefa ch\u00e1y.<\/li>\n<li data-sourcepos=\"42:1-42:91\">Ki\u1ec3m tra k\u1ef9 l\u01b0\u1ee1ng b\u1ed9 qu\u1ea7n \u00e1o tr\u01b0\u1edbc khi s\u1eed d\u1ee5ng \u0111\u1ec3 \u0111\u1ea3m b\u1ea3o kh\u00f4ng b\u1ecb r\u00e1ch, s\u1eddn hay h\u01b0 h\u1ecfng.<\/li>\n<li data-sourcepos=\"43:1-43:77\">S\u1eed d\u1ee5ng b\u1ed9 qu\u1ea7n \u00e1o ch\u1eefa ch\u00e1y TT48 \u0111\u00fang c\u00e1ch theo h\u01b0\u1edbng d\u1eabn c\u1ee7a c\u00e1n b\u1ed9 PCCC.<\/li>\n<li data-sourcepos=\"44:1-44:41\">V\u1ec7 sinh b\u1ed9 qu\u1ea7n \u00e1o sau m\u1ed7i l\u1ea7n s\u1eed d\u1ee5ng.<\/li>\n<li data-sourcepos=\"45:1-46:0\">B\u1ea3o qu\u1ea3n b\u1ed9 qu\u1ea7n \u00e1o \u1edf n\u01a1i kh\u00f4 r\u00e1o, tho\u00e1ng m\u00e1t, tr\u00e1nh \u00e1nh n\u1eafng tr\u1ef1c ti\u1ebfp.<\/li>\n<\/ul>\n<figure id=\"attachment_6613\" class=\"wp-caption aligncenter\" aria-describedby=\"caption-attachment-6613\"><img decoding=\"async\" class=\"wp-image-6613 lazy-load-active\" title=\"B\u1ed9 qu\u1ea7n \u00e1o ch\u1eefa ch\u00e1y TT48 (Theo th\u00f4ng t\u01b0 48\/2015-BCA) 21\" src=\"https:\/\/pccctb.com\/wp-content\/uploads\/2023\/08\/bo-trang-phuc-pccc-thong-tu-48-jpg.webp\" sizes=\"(max-width: 533px) 100vw, 533px\" srcset=\"https:\/\/pccctb.com\/wp-content\/uploads\/2023\/08\/bo-trang-phuc-pccc-thong-tu-48-jpg.webp 768w, https:\/\/pccctb.com\/wp-content\/uploads\/2023\/08\/bo-trang-phuc-pccc-thong-tu-48-300x225.webp 300w, https:\/\/pccctb.com\/wp-content\/uploads\/2023\/08\/bo-trang-phuc-pccc-thong-tu-48-600x450.webp 600w\" alt=\"B\u1ed9 trang ph\u1ee5c PCCC theo Th\u00f4ng t\u01b0 48\/2015\" width=\"533\" height=\"400\" data-src=\"https:\/\/pccctb.com\/wp-content\/uploads\/2023\/08\/bo-trang-phuc-pccc-thong-tu-48-jpg.webp\" data-srcset=\"https:\/\/pccctb.com\/wp-content\/uploads\/2023\/08\/bo-trang-phuc-pccc-thong-tu-48-jpg.webp 768w, https:\/\/pccctb.com\/wp-content\/uploads\/2023\/08\/bo-trang-phuc-pccc-thong-tu-48-300x225.webp 300w, https:\/\/pccctb.com\/wp-content\/uploads\/2023\/08\/bo-trang-phuc-pccc-thong-tu-48-600x450.webp 600w\" \/><figcaption id=\"caption-attachment-6613\" class=\"wp-caption-text\">B\u1ed9 trang ph\u1ee5c PCCC theo Th\u00f4ng t\u01b0 48\/2015<\/figcaption><\/figure>\n<h2><span id=\"huong-dan-bao-quan-quan-ao\" class=\"ez-toc-section\"><\/span>H\u01b0\u1edbng d\u1eabn b\u1ea3o qu\u1ea3n qu\u1ea7n \u00e1o<\/h2>\n<div>B\u1ed9 qu\u1ea7n \u00e1o ch\u1eefa ch\u00e1y TT48 l\u00e0 m\u1ed9t ph\u1ea7n quan tr\u1ecdng c\u1ee7a trang thi\u1ebft b\u1ecb ph\u00f2ng ch\u00e1y ch\u1eefa ch\u00e1y. Vi\u1ec7c b\u1ea3o qu\u1ea3n ch\u00fang \u0111\u00fang c\u00e1ch gi\u00fap \u0111\u1ea3m b\u1ea3o t\u00ednh an to\u00e0n v\u00e0 hi\u1ec7u qu\u1ea3 khi s\u1eed d\u1ee5ng trong tr\u01b0\u1eddng h\u1ee3p c\u1ea7n thi\u1ebft. D\u01b0\u1edbi \u0111\u00e2y l\u00e0 h\u01b0\u1edbng d\u1eabn b\u1ea3o qu\u1ea3n b\u1ed9 qu\u1ea7n \u00e1o ch\u1eefa ch\u00e1y TT48:<\/div>\n<ul>\n<li><strong>L\u01b0u tr\u1eef \u0111\u00fang c\u00e1ch<\/strong>: B\u1ea3o qu\u1ea3n b\u1ed9 qu\u1ea7n \u00e1o ch\u1eefa ch\u00e1y TT48 \u1edf n\u01a1i kh\u00f4 r\u00e1o, tho\u00e1ng m\u00e1t v\u00e0 tr\u00e1nh ti\u1ebfp x\u00fac v\u1edbi \u00e1nh n\u1eafng m\u1eb7t tr\u1eddi tr\u1ef1c ti\u1ebfp. \u0110i\u1ec1u n\u00e0y gi\u00fap tr\u00e1nh l\u00e0m m\u1ea5t t\u00ednh n\u0103ng b\u1ea3o v\u1ec7 ch\u1ed1ng ch\u00e1y c\u1ee7a v\u1ea3i v\u00e0 v\u1eadt li\u1ec7u.<\/li>\n<li><strong>B\u1ea3o v\u1ec7 kh\u1ecfi b\u1ee5i b\u1ea9n v\u00e0 h\u00f3a ch\u1ea5t<\/strong>: B\u1ed9 qu\u1ea7n \u00e1o ch\u1eefa ch\u00e1y TT48 c\u1ea7n \u0111\u01b0\u1ee3c b\u1ea3o v\u1ec7 kh\u1ecfi b\u1ee5i b\u1ea9n v\u00e0 c\u00e1c ch\u1ea5t h\u00f3a h\u1ecdc c\u00f3 th\u1ec3 \u1ea3nh h\u01b0\u1edfng \u0111\u1ebfn t\u00ednh n\u0103ng ch\u1ed1ng ch\u00e1y c\u1ee7a v\u1eadt li\u1ec7u. Tr\u00e1nh ti\u1ebfp x\u00fac v\u1edbi c\u00e1c ch\u1ea5t t\u1ea9y r\u1eeda m\u1ea1nh ho\u1eb7c h\u00f3a ch\u1ea5t c\u00f3 th\u1ec3 l\u00e0m h\u1ecfng v\u1ea3i.<\/li>\n<li><strong>Th\u01b0\u1eddng xuy\u00ean ki\u1ec3m tra<\/strong>: Th\u01b0\u1eddng xuy\u00ean ki\u1ec3m tra b\u1ed9 qu\u1ea7n \u00e1o ch\u1eefa ch\u00e1y TT48 \u0111\u1ec3 \u0111\u1ea3m b\u1ea3o kh\u00f4ng c\u00f3 h\u1ecfng h\u00f3c n\u00e0o tr\u00ean v\u1ea3i, c\u00e1c ph\u1ee5 ki\u1ec7n nh\u01b0 d\u00e2y \u0111eo, kh\u00f3a, n\u00fat b\u1ea5m, vv. N\u1ebfu ph\u00e1t hi\u1ec7n h\u1ecfng h\u00f3c, h\u00e3y thay th\u1ebf ngay l\u1eadp t\u1ee9c.<\/li>\n<li><strong>R\u1eeda v\u00e0 b\u1ea3o qu\u1ea3n theo h\u01b0\u1edbng d\u1eabn<\/strong>: N\u1ebfu c\u1ea7n r\u1eeda b\u1ed9 qu\u1ea7n \u00e1o ch\u1eefa ch\u00e1y TT48, h\u00e3y tu\u00e2n th\u1ee7 h\u01b0\u1edbng d\u1eabn c\u1ee5 th\u1ec3 t\u1eeb nh\u00e0 s\u1ea3n xu\u1ea5t. Tr\u00e1nh s\u1eed d\u1ee5ng ch\u1ea5t t\u1ea9y r\u1eeda m\u1ea1nh, v\u00ec \u0111i\u1ec1u n\u00e0y c\u00f3 th\u1ec3 l\u00e0m m\u1ea5t t\u00ednh n\u0103ng b\u1ea3o v\u1ec7 ch\u1ed1ng ch\u00e1y c\u1ee7a v\u1eadt li\u1ec7u.<\/li>\n<li><strong>Thay th\u1ebf khi c\u1ea7n<\/strong>: N\u1ebfu b\u1ed9 qu\u1ea7n \u00e1o ch\u1eefa ch\u00e1y TT48 \u0111\u00e3 qua s\u1eed d\u1ee5ng nhi\u1ec1u l\u1ea7n ho\u1eb7c c\u00f3 d\u1ea5u hi\u1ec7u h\u1ecfng h\u00f3c, thay th\u1ebf b\u1eb1ng b\u1ed9 m\u1edbi \u0111\u1ec3 \u0111\u1ea3m b\u1ea3o an to\u00e0n khi s\u1eed d\u1ee5ng.<\/li>\n<\/ul>\n","protected":false},"excerpt":{"rendered":"<p>B\u1ed9\u00a0<a href=\"https:\/\/pccctb.com\/quan-ao-chua-chay-tt48-tt150\/\" data-mil=\"265\">qu\u1ea7n \u00e1o ch\u1eefa ch\u00e1y<\/a>\u00a0TT48 l\u00e0 trang ph\u1ee5c b\u1ea3o h\u1ed9 chuy\u00ean d\u1ee5ng cho l\u1ef1c l\u01b0\u1ee3ng ph\u00f2ng ch\u00e1y ch\u1eefa ch\u00e1y (<a href=\"https:\/\/pccctb.com\/\" target=\"_self\" data-ail=\"265\">PCCC<\/a>) t\u1ea1i Vi\u1ec7t Nam, \u0111\u01b0\u1ee3c s\u1ea3n xu\u1ea5t theo\u00a0<a href=\"https:\/\/luatvietnam.vn\/an-ninh-trat-tu\/thong-tu-48-2015-tt-bca-ve-trang-phuc-chua-chay-cua-luc-luong-dan-phong-99214-d1.html\" target=\"_blank\" rel=\"nofollow noopener\">Th\u00f4ng t\u01b0 s\u1ed1 48\/2015<\/a>\u00a0c\u1ee7a B\u1ed9 C\u00f4ng an quy \u0111\u1ecbnh v\u1ec1 trang ph\u1ee5c\u00a0<a href=\"https:\/\/pccctb.com\/\" target=\"_self\" data-ail=\"265\">PCCC<\/a>.<\/p>\n","protected":false},"featured_media":705,"comment_status":"open","ping_status":"closed","template":"","meta":[],"product_brand":[81],"product_cat":[18,80],"product_tag":[17,82,83],"class_list":{"0":"post-704","1":"product","2":"type-product","3":"status-publish","4":"has-post-thumbnail","6":"product_brand-viet-nam","7":"product_cat-bao-ho","8":"product_cat-quan-ao-chong-chay","9":"product_tag-bao-ho","10":"product_tag-quan-ao-chong-chay","11":"product_tag-tt48","13":"first","14":"instock","15":"taxable","16":"shipping-taxable","17":"purchasable","18":"product-type-simple"},"yoast_head":"<!-- This site is optimized with the Yoast SEO plugin v24.3 - https:\/\/yoast.com\/wordpress\/plugins\/seo\/ -->\n<title>Qu\u1ea7n \u00e1o ch\u1eefa ch\u00e1y theo th\u00f4ng t\u01b0 48 - M&amp;E B\u00ccNH MINH<\/title>\n<meta name=\"robots\" content=\"index, follow, max-snippet:-1, max-image-preview:large, max-video-preview:-1\" \/>\n<link rel=\"canonical\" href=\"https:\/\/mebinhminh.fastviet.vn\/?product=quan-ao-chua-chay-theo-thong-tu-48\" \/>\n<meta property=\"og:locale\" content=\"vi_VN\" \/>\n<meta property=\"og:type\" content=\"article\" \/>\n<meta property=\"og:title\" content=\"Qu\u1ea7n \u00e1o ch\u1eefa ch\u00e1y theo th\u00f4ng t\u01b0 48 - M&amp;E B\u00ccNH MINH\" \/>\n<meta property=\"og:description\" content=\"B\u1ed9\u00a0qu\u1ea7n \u00e1o ch\u1eefa ch\u00e1y\u00a0TT48 l\u00e0 trang ph\u1ee5c b\u1ea3o h\u1ed9 chuy\u00ean d\u1ee5ng cho l\u1ef1c l\u01b0\u1ee3ng ph\u00f2ng ch\u00e1y ch\u1eefa ch\u00e1y (PCCC) t\u1ea1i Vi\u1ec7t Nam, \u0111\u01b0\u1ee3c s\u1ea3n xu\u1ea5t theo\u00a0Th\u00f4ng t\u01b0 s\u1ed1 48\/2015\u00a0c\u1ee7a B\u1ed9 C\u00f4ng an quy \u0111\u1ecbnh v\u1ec1 trang ph\u1ee5c\u00a0PCCC.\" \/>\n<meta property=\"og:url\" content=\"https:\/\/mebinhminh.fastviet.vn\/?product=quan-ao-chua-chay-theo-thong-tu-48\" \/>\n<meta property=\"og:site_name\" content=\"M&amp;E B\u00ccNH MINH\" \/>\n<meta property=\"og:image\" content=\"https:\/\/mebinhminh.fastviet.vn\/wp-content\/uploads\/2025\/03\/bo-chua-chay-tt48-2015-quan-ao-pccc-jpg.webp\" \/>\n\t<meta property=\"og:image:width\" content=\"680\" \/>\n\t<meta property=\"og:image:height\" content=\"680\" \/>\n\t<meta property=\"og:image:type\" content=\"image\/webp\" \/>\n<meta name=\"twitter:card\" content=\"summary_large_image\" \/>\n<meta name=\"twitter:label1\" content=\"\u01af\u1edbc t\u00ednh th\u1eddi gian \u0111\u1ecdc\" \/>\n\t<meta name=\"twitter:data1\" content=\"6 ph\u00fat\" \/>\n<script type=\"application\/ld+json\" class=\"yoast-schema-graph\">{\"@context\":\"https:\/\/schema.org\",\"@graph\":[{\"@type\":\"WebPage\",\"@id\":\"https:\/\/mebinhminh.fastviet.vn\/?product=quan-ao-chua-chay-theo-thong-tu-48\",\"url\":\"https:\/\/mebinhminh.fastviet.vn\/?product=quan-ao-chua-chay-theo-thong-tu-48\",\"name\":\"Qu\u1ea7n \u00e1o ch\u1eefa ch\u00e1y theo th\u00f4ng t\u01b0 48 - M&amp;E B\u00ccNH MINH\",\"isPartOf\":{\"@id\":\"https:\/\/mebinhminh.fastviet.vn\/#website\"},\"primaryImageOfPage\":{\"@id\":\"https:\/\/mebinhminh.fastviet.vn\/?product=quan-ao-chua-chay-theo-thong-tu-48#primaryimage\"},\"image\":{\"@id\":\"https:\/\/mebinhminh.fastviet.vn\/?product=quan-ao-chua-chay-theo-thong-tu-48#primaryimage\"},\"thumbnailUrl\":\"https:\/\/mebinhminh.fastviet.vn\/wp-content\/uploads\/2025\/03\/bo-chua-chay-tt48-2015-quan-ao-pccc-jpg.webp\",\"datePublished\":\"2025-03-07T04:21:36+00:00\",\"dateModified\":\"2025-03-07T04:21:36+00:00\",\"breadcrumb\":{\"@id\":\"https:\/\/mebinhminh.fastviet.vn\/?product=quan-ao-chua-chay-theo-thong-tu-48#breadcrumb\"},\"inLanguage\":\"vi\",\"potentialAction\":[{\"@type\":\"ReadAction\",\"target\":[\"https:\/\/mebinhminh.fastviet.vn\/?product=quan-ao-chua-chay-theo-thong-tu-48\"]}]},{\"@type\":\"ImageObject\",\"inLanguage\":\"vi\",\"@id\":\"https:\/\/mebinhminh.fastviet.vn\/?product=quan-ao-chua-chay-theo-thong-tu-48#primaryimage\",\"url\":\"https:\/\/mebinhminh.fastviet.vn\/wp-content\/uploads\/2025\/03\/bo-chua-chay-tt48-2015-quan-ao-pccc-jpg.webp\",\"contentUrl\":\"https:\/\/mebinhminh.fastviet.vn\/wp-content\/uploads\/2025\/03\/bo-chua-chay-tt48-2015-quan-ao-pccc-jpg.webp\",\"width\":680,\"height\":680},{\"@type\":\"BreadcrumbList\",\"@id\":\"https:\/\/mebinhminh.fastviet.vn\/?product=quan-ao-chua-chay-theo-thong-tu-48#breadcrumb\",\"itemListElement\":[{\"@type\":\"ListItem\",\"position\":1,\"name\":\"Home\",\"item\":\"https:\/\/mebinhminh.fastviet.vn\/\"},{\"@type\":\"ListItem\",\"position\":2,\"name\":\"C\u1eeda h\u00e0ng\",\"item\":\"https:\/\/mebinhminh.fastviet.vn\/?page_id=5\"},{\"@type\":\"ListItem\",\"position\":3,\"name\":\"Qu\u1ea7n \u00e1o ch\u1eefa ch\u00e1y theo th\u00f4ng t\u01b0 48\"}]},{\"@type\":\"WebSite\",\"@id\":\"https:\/\/mebinhminh.fastviet.vn\/#website\",\"url\":\"https:\/\/mebinhminh.fastviet.vn\/\",\"name\":\"M&amp;E B\u00ccNH MINH\",\"description\":\"\",\"potentialAction\":[{\"@type\":\"SearchAction\",\"target\":{\"@type\":\"EntryPoint\",\"urlTemplate\":\"https:\/\/mebinhminh.fastviet.vn\/?s={search_term_string}\"},\"query-input\":{\"@type\":\"PropertyValueSpecification\",\"valueRequired\":true,\"valueName\":\"search_term_string\"}}],\"inLanguage\":\"vi\"}]}<\/script>\n<!-- \/ Yoast SEO plugin. -->","yoast_head_json":{"title":"Qu\u1ea7n \u00e1o ch\u1eefa ch\u00e1y theo th\u00f4ng t\u01b0 48 - M&amp;E B\u00ccNH MINH","robots":{"index":"index","follow":"follow","max-snippet":"max-snippet:-1","max-image-preview":"max-image-preview:large","max-video-preview":"max-video-preview:-1"},"canonical":"https:\/\/mebinhminh.fastviet.vn\/?product=quan-ao-chua-chay-theo-thong-tu-48","og_locale":"vi_VN","og_type":"article","og_title":"Qu\u1ea7n \u00e1o ch\u1eefa ch\u00e1y theo th\u00f4ng t\u01b0 48 - M&amp;E B\u00ccNH MINH","og_description":"B\u1ed9\u00a0qu\u1ea7n \u00e1o ch\u1eefa ch\u00e1y\u00a0TT48 l\u00e0 trang ph\u1ee5c b\u1ea3o h\u1ed9 chuy\u00ean d\u1ee5ng cho l\u1ef1c l\u01b0\u1ee3ng ph\u00f2ng ch\u00e1y ch\u1eefa ch\u00e1y (PCCC) t\u1ea1i Vi\u1ec7t Nam, \u0111\u01b0\u1ee3c s\u1ea3n xu\u1ea5t theo\u00a0Th\u00f4ng t\u01b0 s\u1ed1 48\/2015\u00a0c\u1ee7a B\u1ed9 C\u00f4ng an quy \u0111\u1ecbnh v\u1ec1 trang ph\u1ee5c\u00a0PCCC.","og_url":"https:\/\/mebinhminh.fastviet.vn\/?product=quan-ao-chua-chay-theo-thong-tu-48","og_site_name":"M&amp;E B\u00ccNH MINH","og_image":[{"width":680,"height":680,"url":"https:\/\/mebinhminh.fastviet.vn\/wp-content\/uploads\/2025\/03\/bo-chua-chay-tt48-2015-quan-ao-pccc-jpg.webp","type":"image\/webp"}],"twitter_card":"summary_large_image","twitter_misc":{"\u01af\u1edbc t\u00ednh th\u1eddi gian \u0111\u1ecdc":"6 ph\u00fat"},"schema":{"@context":"https:\/\/schema.org","@graph":[{"@type":"WebPage","@id":"https:\/\/mebinhminh.fastviet.vn\/?product=quan-ao-chua-chay-theo-thong-tu-48","url":"https:\/\/mebinhminh.fastviet.vn\/?product=quan-ao-chua-chay-theo-thong-tu-48","name":"Qu\u1ea7n \u00e1o ch\u1eefa ch\u00e1y theo th\u00f4ng t\u01b0 48 - M&amp;E B\u00ccNH MINH","isPartOf":{"@id":"https:\/\/mebinhminh.fastviet.vn\/#website"},"primaryImageOfPage":{"@id":"https:\/\/mebinhminh.fastviet.vn\/?product=quan-ao-chua-chay-theo-thong-tu-48#primaryimage"},"image":{"@id":"https:\/\/mebinhminh.fastviet.vn\/?product=quan-ao-chua-chay-theo-thong-tu-48#primaryimage"},"thumbnailUrl":"https:\/\/mebinhminh.fastviet.vn\/wp-content\/uploads\/2025\/03\/bo-chua-chay-tt48-2015-quan-ao-pccc-jpg.webp","datePublished":"2025-03-07T04:21:36+00:00","dateModified":"2025-03-07T04:21:36+00:00","breadcrumb":{"@id":"https:\/\/mebinhminh.fastviet.vn\/?product=quan-ao-chua-chay-theo-thong-tu-48#breadcrumb"},"inLanguage":"vi","potentialAction":[{"@type":"ReadAction","target":["https:\/\/mebinhminh.fastviet.vn\/?product=quan-ao-chua-chay-theo-thong-tu-48"]}]},{"@type":"ImageObject","inLanguage":"vi","@id":"https:\/\/mebinhminh.fastviet.vn\/?product=quan-ao-chua-chay-theo-thong-tu-48#primaryimage","url":"https:\/\/mebinhminh.fastviet.vn\/wp-content\/uploads\/2025\/03\/bo-chua-chay-tt48-2015-quan-ao-pccc-jpg.webp","contentUrl":"https:\/\/mebinhminh.fastviet.vn\/wp-content\/uploads\/2025\/03\/bo-chua-chay-tt48-2015-quan-ao-pccc-jpg.webp","width":680,"height":680},{"@type":"BreadcrumbList","@id":"https:\/\/mebinhminh.fastviet.vn\/?product=quan-ao-chua-chay-theo-thong-tu-48#breadcrumb","itemListElement":[{"@type":"ListItem","position":1,"name":"Home","item":"https:\/\/mebinhminh.fastviet.vn\/"},{"@type":"ListItem","position":2,"name":"C\u1eeda h\u00e0ng","item":"https:\/\/mebinhminh.fastviet.vn\/?page_id=5"},{"@type":"ListItem","position":3,"name":"Qu\u1ea7n \u00e1o ch\u1eefa ch\u00e1y theo th\u00f4ng t\u01b0 48"}]},{"@type":"WebSite","@id":"https:\/\/mebinhminh.fastviet.vn\/#website","url":"https:\/\/mebinhminh.fastviet.vn\/","name":"M&amp;E B\u00ccNH MINH","description":"","potentialAction":[{"@type":"SearchAction","target":{"@type":"EntryPoint","urlTemplate":"https:\/\/mebinhminh.fastviet.vn\/?s={search_term_string}"},"query-input":{"@type":"PropertyValueSpecification","valueRequired":true,"valueName":"search_term_string"}}],"inLanguage":"vi"}]}},"jetpack_sharing_enabled":true,"_links":{"self":[{"href":"https:\/\/mebinhminh.fastviet.vn\/index.php?rest_route=\/wp\/v2\/product\/704","targetHints":{"allow":["GET"]}}],"collection":[{"href":"https:\/\/mebinhminh.fastviet.vn\/index.php?rest_route=\/wp\/v2\/product"}],"about":[{"href":"https:\/\/mebinhminh.fastviet.vn\/index.php?rest_route=\/wp\/v2\/types\/product"}],"replies":[{"embeddable":true,"href":"https:\/\/mebinhminh.fastviet.vn\/index.php?rest_route=%2Fwp%2Fv2%2Fcomments&post=704"}],"version-history":[{"count":1,"href":"https:\/\/mebinhminh.fastviet.vn\/index.php?rest_route=\/wp\/v2\/product\/704\/revisions"}],"predecessor-version":[{"id":708,"href":"https:\/\/mebinhminh.fastviet.vn\/index.php?rest_route=\/wp\/v2\/product\/704\/revisions\/708"}],"wp:featuredmedia":[{"embeddable":true,"href":"https:\/\/mebinhminh.fastviet.vn\/index.php?rest_route=\/wp\/v2\/media\/705"}],"wp:attachment":[{"href":"https:\/\/mebinhminh.fastviet.vn\/index.php?rest_route=%2Fwp%2Fv2%2Fmedia&parent=704"}],"wp:term":[{"taxonomy":"product_brand","embeddable":true,"href":"https:\/\/mebinhminh.fastviet.vn\/index.php?rest_route=%2Fwp%2Fv2%2Fproduct_brand&post=704"},{"taxonomy":"product_cat","embeddable":true,"href":"https:\/\/mebinhminh.fastviet.vn\/index.php?rest_route=%2Fwp%2Fv2%2Fproduct_cat&post=704"},{"taxonomy":"product_tag","embeddable":true,"href":"https:\/\/mebinhminh.fastviet.vn\/index.php?rest_route=%2Fwp%2Fv2%2Fproduct_tag&post=704"}],"curies":[{"name":"wp","href":"https:\/\/api.w.org\/{rel}","templated":true}]}}