{"id":721,"date":"2025-03-09T09:56:26","date_gmt":"2025-03-09T02:56:26","guid":{"rendered":"https:\/\/mebinhminh.fastviet.vn\/?post_type=product&#038;p=721"},"modified":"2025-03-09T09:56:27","modified_gmt":"2025-03-09T02:56:27","slug":"may-nen-khi-may-nap-khi-tho-cotri-chay-dien","status":"publish","type":"product","link":"https:\/\/mebinhminh.fastviet.vn\/?product=may-nen-khi-may-nap-khi-tho-cotri-chay-dien","title":{"rendered":"M\u00e1y n\u00e9n kh\u00ed\/ m\u00e1y n\u1ea1p kh\u00ed th\u1edf\u00a0Cotri (ch\u1ea1y \u0111i\u1ec7n)"},"content":{"rendered":"<p><strong>M\u00e1y n\u00e9n kh\u00ed\/ m\u00e1y n\u1ea1p kh\u00ed th\u1edf\u00a0Cotri (ch\u1ea1y \u0111i\u1ec7n)<\/strong><\/p>\n<p><strong>Model: MCH-6 \/ET ch\u1ea1y \u0111i\u1ec7n 3 pha\u00a0<\/strong><strong>Coltri<\/strong><\/p>\n<p><strong>Xu\u1ea5t x\u1ee9: Italia<\/strong><\/p>\n<p>&#8211;\u00a0\u00a0\u00a0\u00a0\u00a0\u00a0\u00a0C\u00f4ng su\u1ea5t: 100L\/ph\u00fat &#8211; 6m3\/h (3,5 CFM)<\/p>\n<p>&#8211;\u00a0\u00a0\u00a0\u00a0\u00a0\u00a0\u00a0Th\u1eddi gian n\u1ea1p \u0111\u1ea7y xilanh 10L t\u1ea1i \u00e1p su\u1ea5t 200 bar: 20\u00a0ph\u00fat<\/p>\n<p>&#8211;\u00a0\u00a0\u00a0\u00a0\u00a0\u00a0\u00a0K\u00edch th\u01b0\u1edbc: Cao 35cm\/13.7&#8243; , D\u00e0i 65cm\/25.5&#8243;, R\u1ed9ng 39cm\/15.3&#8243;<\/p>\n<p>&#8211;\u00a0\u00a0\u00a0\u00a0\u00a0\u00a0\u00a0\u00c1p su\u1ea5t l\u00e0m vi\u1ec7c: 30 MPA<\/p>\n<p>&#8211;\u00a0\u00a0\u00a0\u00a0\u00a0\u00a0\u00a0\u0110\u1ed9ng c\u01a1 3 pha, \u0111i\u1ec7n \u00e1p: 3Kw<\/p>\n<p>&#8211;\u00a0\u00a0\u00a0\u00a0\u00a0\u00a0\u00a0\u0110\u1ed9 \u1ed3n: 83db<\/p>\n<p>&#8211;\u00a0\u00a0\u00a0\u00a0\u00a0\u00a0\u00a0Tr\u1ecdng l\u01b0\u1ee3ng m\u00e1y: 39kg<\/p>\n<p>&#8211;\u00a0\u00a0\u00a0\u00a0\u00a0\u00a0\u00a0K\u00edch th\u01b0\u1edbc: 37 x 68 x 40cm<\/p>\n<p>&#8211;\u00a0\u00a0\u00a0\u00a0\u00a0\u00a0\u00a0Cung c\u1ea5p \u0111\u1ea7y \u0111\u1ee7 van n\u1ea1p kh\u00ed.<\/p>\n","protected":false},"excerpt":{"rendered":"<p style=\"font-weight: 400;\"><strong><em>Xu\u1ea5t x\u1ee9: Italia<\/em><\/strong><\/p>\n<p style=\"font-weight: 400;\">&#8211;\u00a0\u00a0\u00a0C\u00f4ng su\u1ea5t: 100L\/ph\u00fat &#8211; 6m<sup>3<\/sup>\/h (3,5 CFM)<\/p>\n<p style=\"font-weight: 400;\">&#8211;\u00a0\u00a0\u00a0Th\u1eddi gian n\u1ea1p \u0111\u1ea7y xilanh 6L t\u1ea1i \u00e1p su\u1ea5t 200 bar: 19 ph\u00fat<\/p>\n<p style=\"font-weight: 400;\">&#8211;\u00a0\u00a0\u00a0K\u00edch th\u01b0\u1edbc: Cao 35cm\/13.7&#8243; , D\u00e0i 65cm\/25.5&#8243;, R\u1ed9ng 39cm\/15.3&#8243;<\/p>\n<p style=\"font-weight: 400;\">&#8211;\u00a0\u00a0\u00a0\u00c1p su\u1ea5t l\u00e0m vi\u1ec7c: 30 MPA<\/p>\n<p style=\"font-weight: 400;\">&#8211;\u00a0\u00a0\u00a0\u0110\u1ed9ng c\u01a1 3 pha, \u0111i\u1ec7n \u00e1p: 3Kw<\/p>\n<p style=\"font-weight: 400;\">&#8211;\u00a0\u00a0\u00a0\u0110\u1ed9 \u1ed3n: 83db<\/p>\n<p style=\"font-weight: 400;\">&#8211;\u00a0\u00a0\u00a0Tr\u1ecdng l\u01b0\u1ee3ng m\u00e1y: 39kg<\/p>\n<p style=\"font-weight: 400;\">&#8211;\u00a0\u00a0\u00a0K\u00edch th\u01b0\u1edbc: 37 x 68 x 40cm<\/p>\n<p style=\"font-weight: 400;\">&#8211;\u00a0\u00a0\u00a0<em>Cung c\u1ea5p \u0111\u1ea7y \u0111\u1ee7 van n\u1ea1p kh\u00ed, 1 can nh\u1edbt<\/em><\/p>\n<p style=\"font-weight: 400;\">&#8211;\u00a0\u00a0\u00a0<em>B\u1ea3o h\u00e0nh 1 n\u0103m<\/em><\/p>\n","protected":false},"featured_media":722,"comment_status":"open","ping_status":"closed","template":"","meta":[],"product_brand":[86],"product_cat":[31],"product_tag":[],"class_list":{"0":"post-721","1":"product","2":"type-product","3":"status-publish","4":"has-post-thumbnail","6":"product_brand-coltri","7":"product_cat-san-pham-khac","9":"first","10":"instock","11":"taxable","12":"shipping-taxable","13":"purchasable","14":"product-type-simple"},"yoast_head":"<!-- This site is optimized with the Yoast SEO plugin v24.3 - https:\/\/yoast.com\/wordpress\/plugins\/seo\/ -->\n<title>M\u00e1y n\u00e9n kh\u00ed\/ m\u00e1y n\u1ea1p kh\u00ed th\u1edf\u00a0Cotri (ch\u1ea1y \u0111i\u1ec7n) - M&amp;E B\u00ccNH MINH<\/title>\n<meta name=\"robots\" content=\"index, follow, max-snippet:-1, max-image-preview:large, max-video-preview:-1\" \/>\n<link rel=\"canonical\" href=\"https:\/\/mebinhminh.fastviet.vn\/?product=may-nen-khi-may-nap-khi-tho-cotri-chay-dien\" \/>\n<meta property=\"og:locale\" content=\"vi_VN\" \/>\n<meta property=\"og:type\" content=\"article\" \/>\n<meta property=\"og:title\" content=\"M\u00e1y n\u00e9n kh\u00ed\/ m\u00e1y n\u1ea1p kh\u00ed th\u1edf\u00a0Cotri (ch\u1ea1y \u0111i\u1ec7n) - M&amp;E B\u00ccNH MINH\" \/>\n<meta property=\"og:description\" content=\"Xu\u1ea5t x\u1ee9: Italia -\u00a0\u00a0\u00a0C\u00f4ng su\u1ea5t: 100L\/ph\u00fat - 6m3\/h (3,5 CFM) -\u00a0\u00a0\u00a0Th\u1eddi gian n\u1ea1p \u0111\u1ea7y xilanh 6L t\u1ea1i \u00e1p su\u1ea5t 200 bar: 19 ph\u00fat -\u00a0\u00a0\u00a0K\u00edch th\u01b0\u1edbc: Cao 35cm\/13.7&quot; , D\u00e0i 65cm\/25.5&quot;, R\u1ed9ng 39cm\/15.3&quot; -\u00a0\u00a0\u00a0\u00c1p su\u1ea5t l\u00e0m vi\u1ec7c: 30 MPA -\u00a0\u00a0\u00a0\u0110\u1ed9ng c\u01a1 3 pha, \u0111i\u1ec7n \u00e1p: 3Kw -\u00a0\u00a0\u00a0\u0110\u1ed9 \u1ed3n: 83db -\u00a0\u00a0\u00a0Tr\u1ecdng l\u01b0\u1ee3ng m\u00e1y: 39kg -\u00a0\u00a0\u00a0K\u00edch th\u01b0\u1edbc: 37 x 68 x 40cm -\u00a0\u00a0\u00a0Cung c\u1ea5p \u0111\u1ea7y \u0111\u1ee7 van n\u1ea1p kh\u00ed, 1 can nh\u1edbt -\u00a0\u00a0\u00a0B\u1ea3o h\u00e0nh 1 n\u0103m\" \/>\n<meta property=\"og:url\" content=\"https:\/\/mebinhminh.fastviet.vn\/?product=may-nen-khi-may-nap-khi-tho-cotri-chay-dien\" \/>\n<meta property=\"og:site_name\" content=\"M&amp;E B\u00ccNH MINH\" \/>\n<meta property=\"article:modified_time\" content=\"2025-03-09T02:56:27+00:00\" \/>\n<meta property=\"og:image\" content=\"https:\/\/mebinhminh.fastviet.vn\/wp-content\/uploads\/2025\/03\/may-nen-khi-coltri-chay-dien-854.jpg\" \/>\n\t<meta property=\"og:image:width\" content=\"597\" \/>\n\t<meta property=\"og:image:height\" content=\"416\" \/>\n\t<meta property=\"og:image:type\" content=\"image\/jpeg\" \/>\n<meta name=\"twitter:card\" content=\"summary_large_image\" \/>\n<script type=\"application\/ld+json\" class=\"yoast-schema-graph\">{\"@context\":\"https:\/\/schema.org\",\"@graph\":[{\"@type\":\"WebPage\",\"@id\":\"https:\/\/mebinhminh.fastviet.vn\/?product=may-nen-khi-may-nap-khi-tho-cotri-chay-dien\",\"url\":\"https:\/\/mebinhminh.fastviet.vn\/?product=may-nen-khi-may-nap-khi-tho-cotri-chay-dien\",\"name\":\"M\u00e1y n\u00e9n kh\u00ed\/ m\u00e1y n\u1ea1p kh\u00ed th\u1edf\u00a0Cotri (ch\u1ea1y \u0111i\u1ec7n) - M&amp;E B\u00ccNH MINH\",\"isPartOf\":{\"@id\":\"https:\/\/mebinhminh.fastviet.vn\/#website\"},\"primaryImageOfPage\":{\"@id\":\"https:\/\/mebinhminh.fastviet.vn\/?product=may-nen-khi-may-nap-khi-tho-cotri-chay-dien#primaryimage\"},\"image\":{\"@id\":\"https:\/\/mebinhminh.fastviet.vn\/?product=may-nen-khi-may-nap-khi-tho-cotri-chay-dien#primaryimage\"},\"thumbnailUrl\":\"https:\/\/mebinhminh.fastviet.vn\/wp-content\/uploads\/2025\/03\/may-nen-khi-coltri-chay-dien-854.jpg\",\"datePublished\":\"2025-03-09T02:56:26+00:00\",\"dateModified\":\"2025-03-09T02:56:27+00:00\",\"breadcrumb\":{\"@id\":\"https:\/\/mebinhminh.fastviet.vn\/?product=may-nen-khi-may-nap-khi-tho-cotri-chay-dien#breadcrumb\"},\"inLanguage\":\"vi\",\"potentialAction\":[{\"@type\":\"ReadAction\",\"target\":[\"https:\/\/mebinhminh.fastviet.vn\/?product=may-nen-khi-may-nap-khi-tho-cotri-chay-dien\"]}]},{\"@type\":\"ImageObject\",\"inLanguage\":\"vi\",\"@id\":\"https:\/\/mebinhminh.fastviet.vn\/?product=may-nen-khi-may-nap-khi-tho-cotri-chay-dien#primaryimage\",\"url\":\"https:\/\/mebinhminh.fastviet.vn\/wp-content\/uploads\/2025\/03\/may-nen-khi-coltri-chay-dien-854.jpg\",\"contentUrl\":\"https:\/\/mebinhminh.fastviet.vn\/wp-content\/uploads\/2025\/03\/may-nen-khi-coltri-chay-dien-854.jpg\",\"width\":597,\"height\":416},{\"@type\":\"BreadcrumbList\",\"@id\":\"https:\/\/mebinhminh.fastviet.vn\/?product=may-nen-khi-may-nap-khi-tho-cotri-chay-dien#breadcrumb\",\"itemListElement\":[{\"@type\":\"ListItem\",\"position\":1,\"name\":\"Home\",\"item\":\"https:\/\/mebinhminh.fastviet.vn\/\"},{\"@type\":\"ListItem\",\"position\":2,\"name\":\"C\u1eeda h\u00e0ng\",\"item\":\"https:\/\/mebinhminh.fastviet.vn\/?page_id=5\"},{\"@type\":\"ListItem\",\"position\":3,\"name\":\"M\u00e1y n\u00e9n kh\u00ed\/ m\u00e1y n\u1ea1p kh\u00ed th\u1edf\u00a0Cotri (ch\u1ea1y \u0111i\u1ec7n)\"}]},{\"@type\":\"WebSite\",\"@id\":\"https:\/\/mebinhminh.fastviet.vn\/#website\",\"url\":\"https:\/\/mebinhminh.fastviet.vn\/\",\"name\":\"M&amp;E B\u00ccNH MINH\",\"description\":\"\",\"potentialAction\":[{\"@type\":\"SearchAction\",\"target\":{\"@type\":\"EntryPoint\",\"urlTemplate\":\"https:\/\/mebinhminh.fastviet.vn\/?s={search_term_string}\"},\"query-input\":{\"@type\":\"PropertyValueSpecification\",\"valueRequired\":true,\"valueName\":\"search_term_string\"}}],\"inLanguage\":\"vi\"}]}<\/script>\n<!-- \/ Yoast SEO plugin. -->","yoast_head_json":{"title":"M\u00e1y n\u00e9n kh\u00ed\/ m\u00e1y n\u1ea1p kh\u00ed th\u1edf\u00a0Cotri (ch\u1ea1y \u0111i\u1ec7n) - M&amp;E B\u00ccNH MINH","robots":{"index":"index","follow":"follow","max-snippet":"max-snippet:-1","max-image-preview":"max-image-preview:large","max-video-preview":"max-video-preview:-1"},"canonical":"https:\/\/mebinhminh.fastviet.vn\/?product=may-nen-khi-may-nap-khi-tho-cotri-chay-dien","og_locale":"vi_VN","og_type":"article","og_title":"M\u00e1y n\u00e9n kh\u00ed\/ m\u00e1y n\u1ea1p kh\u00ed th\u1edf\u00a0Cotri (ch\u1ea1y \u0111i\u1ec7n) - M&amp;E B\u00ccNH MINH","og_description":"Xu\u1ea5t x\u1ee9: Italia -\u00a0\u00a0\u00a0C\u00f4ng su\u1ea5t: 100L\/ph\u00fat - 6m3\/h (3,5 CFM) -\u00a0\u00a0\u00a0Th\u1eddi gian n\u1ea1p \u0111\u1ea7y xilanh 6L t\u1ea1i \u00e1p su\u1ea5t 200 bar: 19 ph\u00fat -\u00a0\u00a0\u00a0K\u00edch th\u01b0\u1edbc: Cao 35cm\/13.7\" , D\u00e0i 65cm\/25.5\", R\u1ed9ng 39cm\/15.3\" -\u00a0\u00a0\u00a0\u00c1p su\u1ea5t l\u00e0m vi\u1ec7c: 30 MPA -\u00a0\u00a0\u00a0\u0110\u1ed9ng c\u01a1 3 pha, \u0111i\u1ec7n \u00e1p: 3Kw -\u00a0\u00a0\u00a0\u0110\u1ed9 \u1ed3n: 83db -\u00a0\u00a0\u00a0Tr\u1ecdng l\u01b0\u1ee3ng m\u00e1y: 39kg -\u00a0\u00a0\u00a0K\u00edch th\u01b0\u1edbc: 37 x 68 x 40cm -\u00a0\u00a0\u00a0Cung c\u1ea5p \u0111\u1ea7y \u0111\u1ee7 van n\u1ea1p kh\u00ed, 1 can nh\u1edbt -\u00a0\u00a0\u00a0B\u1ea3o h\u00e0nh 1 n\u0103m","og_url":"https:\/\/mebinhminh.fastviet.vn\/?product=may-nen-khi-may-nap-khi-tho-cotri-chay-dien","og_site_name":"M&amp;E B\u00ccNH MINH","article_modified_time":"2025-03-09T02:56:27+00:00","og_image":[{"width":597,"height":416,"url":"https:\/\/mebinhminh.fastviet.vn\/wp-content\/uploads\/2025\/03\/may-nen-khi-coltri-chay-dien-854.jpg","type":"image\/jpeg"}],"twitter_card":"summary_large_image","schema":{"@context":"https:\/\/schema.org","@graph":[{"@type":"WebPage","@id":"https:\/\/mebinhminh.fastviet.vn\/?product=may-nen-khi-may-nap-khi-tho-cotri-chay-dien","url":"https:\/\/mebinhminh.fastviet.vn\/?product=may-nen-khi-may-nap-khi-tho-cotri-chay-dien","name":"M\u00e1y n\u00e9n kh\u00ed\/ m\u00e1y n\u1ea1p kh\u00ed th\u1edf\u00a0Cotri (ch\u1ea1y \u0111i\u1ec7n) - M&amp;E B\u00ccNH MINH","isPartOf":{"@id":"https:\/\/mebinhminh.fastviet.vn\/#website"},"primaryImageOfPage":{"@id":"https:\/\/mebinhminh.fastviet.vn\/?product=may-nen-khi-may-nap-khi-tho-cotri-chay-dien#primaryimage"},"image":{"@id":"https:\/\/mebinhminh.fastviet.vn\/?product=may-nen-khi-may-nap-khi-tho-cotri-chay-dien#primaryimage"},"thumbnailUrl":"https:\/\/mebinhminh.fastviet.vn\/wp-content\/uploads\/2025\/03\/may-nen-khi-coltri-chay-dien-854.jpg","datePublished":"2025-03-09T02:56:26+00:00","dateModified":"2025-03-09T02:56:27+00:00","breadcrumb":{"@id":"https:\/\/mebinhminh.fastviet.vn\/?product=may-nen-khi-may-nap-khi-tho-cotri-chay-dien#breadcrumb"},"inLanguage":"vi","potentialAction":[{"@type":"ReadAction","target":["https:\/\/mebinhminh.fastviet.vn\/?product=may-nen-khi-may-nap-khi-tho-cotri-chay-dien"]}]},{"@type":"ImageObject","inLanguage":"vi","@id":"https:\/\/mebinhminh.fastviet.vn\/?product=may-nen-khi-may-nap-khi-tho-cotri-chay-dien#primaryimage","url":"https:\/\/mebinhminh.fastviet.vn\/wp-content\/uploads\/2025\/03\/may-nen-khi-coltri-chay-dien-854.jpg","contentUrl":"https:\/\/mebinhminh.fastviet.vn\/wp-content\/uploads\/2025\/03\/may-nen-khi-coltri-chay-dien-854.jpg","width":597,"height":416},{"@type":"BreadcrumbList","@id":"https:\/\/mebinhminh.fastviet.vn\/?product=may-nen-khi-may-nap-khi-tho-cotri-chay-dien#breadcrumb","itemListElement":[{"@type":"ListItem","position":1,"name":"Home","item":"https:\/\/mebinhminh.fastviet.vn\/"},{"@type":"ListItem","position":2,"name":"C\u1eeda h\u00e0ng","item":"https:\/\/mebinhminh.fastviet.vn\/?page_id=5"},{"@type":"ListItem","position":3,"name":"M\u00e1y n\u00e9n kh\u00ed\/ m\u00e1y n\u1ea1p kh\u00ed th\u1edf\u00a0Cotri (ch\u1ea1y \u0111i\u1ec7n)"}]},{"@type":"WebSite","@id":"https:\/\/mebinhminh.fastviet.vn\/#website","url":"https:\/\/mebinhminh.fastviet.vn\/","name":"M&amp;E B\u00ccNH MINH","description":"","potentialAction":[{"@type":"SearchAction","target":{"@type":"EntryPoint","urlTemplate":"https:\/\/mebinhminh.fastviet.vn\/?s={search_term_string}"},"query-input":{"@type":"PropertyValueSpecification","valueRequired":true,"valueName":"search_term_string"}}],"inLanguage":"vi"}]}},"jetpack_sharing_enabled":true,"_links":{"self":[{"href":"https:\/\/mebinhminh.fastviet.vn\/index.php?rest_route=\/wp\/v2\/product\/721","targetHints":{"allow":["GET"]}}],"collection":[{"href":"https:\/\/mebinhminh.fastviet.vn\/index.php?rest_route=\/wp\/v2\/product"}],"about":[{"href":"https:\/\/mebinhminh.fastviet.vn\/index.php?rest_route=\/wp\/v2\/types\/product"}],"replies":[{"embeddable":true,"href":"https:\/\/mebinhminh.fastviet.vn\/index.php?rest_route=%2Fwp%2Fv2%2Fcomments&post=721"}],"version-history":[{"count":1,"href":"https:\/\/mebinhminh.fastviet.vn\/index.php?rest_route=\/wp\/v2\/product\/721\/revisions"}],"predecessor-version":[{"id":725,"href":"https:\/\/mebinhminh.fastviet.vn\/index.php?rest_route=\/wp\/v2\/product\/721\/revisions\/725"}],"wp:featuredmedia":[{"embeddable":true,"href":"https:\/\/mebinhminh.fastviet.vn\/index.php?rest_route=\/wp\/v2\/media\/722"}],"wp:attachment":[{"href":"https:\/\/mebinhminh.fastviet.vn\/index.php?rest_route=%2Fwp%2Fv2%2Fmedia&parent=721"}],"wp:term":[{"taxonomy":"product_brand","embeddable":true,"href":"https:\/\/mebinhminh.fastviet.vn\/index.php?rest_route=%2Fwp%2Fv2%2Fproduct_brand&post=721"},{"taxonomy":"product_cat","embeddable":true,"href":"https:\/\/mebinhminh.fastviet.vn\/index.php?rest_route=%2Fwp%2Fv2%2Fproduct_cat&post=721"},{"taxonomy":"product_tag","embeddable":true,"href":"https:\/\/mebinhminh.fastviet.vn\/index.php?rest_route=%2Fwp%2Fv2%2Fproduct_tag&post=721"}],"curies":[{"name":"wp","href":"https:\/\/api.w.org\/{rel}","templated":true}]}}