{"id":726,"date":"2025-03-09T10:03:19","date_gmt":"2025-03-09T03:03:19","guid":{"rendered":"https:\/\/mebinhminh.fastviet.vn\/?post_type=product&#038;p=726"},"modified":"2025-03-09T10:03:20","modified_gmt":"2025-03-09T03:03:20","slug":"may-nen-khi-tho-nardi-italy","status":"publish","type":"product","link":"https:\/\/mebinhminh.fastviet.vn\/?product=may-nen-khi-tho-nardi-italy","title":{"rendered":"M\u00e1y N\u00e9n Kh\u00ed Th\u1edf NARDI Italy"},"content":{"rendered":"<h3>Nguy\u00ean l\u00fd ho\u1ea1t \u0111\u1ed9ng M\u00e1y n\u00e9n kh\u00ed Nardi<\/h3>\n<p>Kh\u00ed t\u1ef1 nhi\u00ean \u0111i qua b\u1ed9 l\u1ecdc \u0111\u1ea7u v\u00e0o, sau \u0111\u00f3 v\u00e0o c\u1ee5m n\u00e9n 3 c\u1ea5p \u0111\u1ec3 t\u0103ng \u00e1p t\u1eeb \u00e1p su\u1ea5t kh\u00ed quy\u1ec3n l\u00ean \u00e1p su\u1ea5t 225 bar ho\u1eb7c 330bar. Sau khi qua b\u1ed9 \u1ed1ng l\u00e0m m\u00e1t kh\u00ed s\u1ebd \u0111\u01b0\u1ee3c \u0111\u01b0a \u0111\u1ebfn b\u1ed9 t\u00e1ch n\u01b0\u1edbc \u0111\u1ec3 lo\u1ea1i b\u1ecf n\u01b0\u1edbc, ti\u1ebfp \u0111\u1ebfn kh\u00ed s\u1ebd \u0111\u01b0\u1ee3c d\u1eabn t\u1edbi b\u1ed9 l\u1ecdc t\u1ea1i \u0111\u00e2y kh\u00ed n\u00e9n s\u1ebd \u0111\u01b0\u1ee3c l\u1ecdc c\u00e1c th\u00e0nh ph\u1ea7n nh\u01b0 d\u1ea7u, n\u01b0\u1edbc, b\u1ee5i, CO, CO2 \u2026 \u0111\u1ec3 cho ra ch\u1ea5t l\u01b0\u1ee3ng kh\u00ed th\u1edf theo ti\u00eau chu\u1ea9n EN 12021 v\u00e0 \u0111\u01b0\u1ee3c d\u1eabn t\u1edbi c\u00e1c \u0111i\u1ec3m x\u1ea3 (\u0111i\u1ec3m ch\u1edd k\u1ebft n\u1ed1i d\u00e2y v\u00e0 van n\u1ea1p kh\u00ed th\u1edfT\u00ednh n\u0103ng c\u1ee7a M\u00e1y n\u00e9n kh\u00ed Nardi<\/p>\n<h3>T\u00ednh n\u0103ng c\u1ee7a M\u00e1y n\u00e9n kh\u00ed Nardi<\/h3>\n<ul>\n<li>M\u00e1y \u0111\u01b0\u1ee3c t\u1ed5 h\u1ee3p ho\u00e0n ch\u1ec9nh tr\u00ean b\u1ed9 khung gi\u00e1 ch\u1eafc ch\u1eafn b\u1eb1ng th\u00e9p kh\u00f4ng g\u1ec9 ch\u1ed1ng g\u1ec9 s\u00e9t v\u00e0 \u0103n m\u00f2n trong m\u00f4i tr\u01b0\u1eddng kh\u1eafc nghi\u1ec7t.<\/li>\n<li>C\u1ee5m n\u00e9n cho kh\u1ea3 n\u0103ng n\u1ea1p kh\u00ed th\u1edf t\u1eeb 100 l\/ph\u00fat cho \u0111\u1ebfn 850 l\u00edt\/ph\u00fat \u00e1p su\u1ea5t \u0111\u1ea7u ra t\u00f9y ch\u1ecdn t\u1eeb 150bar\/ 225bar\/ 330bar\/420bar<\/li>\n<li>\u0110\u1ed9ng c\u01a1 cho ph\u00e9p l\u1ef1a ch\u1ecdn lo\u1ea1i \u0111i\u1ec7n \u00e1p 3pha\/50Hz v\u00e0 3phase\/60Hz ho\u1eb7c \u0111\u1ed9ng c\u01a1 Diesel \u0111\u1ed9ng c\u01a1 x\u0103ng theo y\u00eau c\u1ea7u.<\/li>\n<li>Trang b\u1ecb h\u1ec7 th\u1ed1ng \u0111i\u1ec1u khi\u1ec3n ki\u1ec3m so\u00e1t \u00e1p su\u1ea5t n\u1ea1p kh\u00ed th\u1edf ch\u00ednh x\u00e1c v\u00e0 thi\u1ebft l\u1eadp \u0111\u01b0\u1ee3c theo y\u00eau c\u1ea7u, c\u00e1c th\u00f4ng tin v\u1ec1 \u00e1p su\u1ea5t n\u1ea1p, th\u1eddi gian service \u0111\u01b0\u1ee3c hi\u1ec3n th\u1ecb r\u00f5 rang chi ti\u1ebft tr\u00ean m\u00e0n h\u00ecnh LCD<\/li>\n<li>H\u1ed9p \u0111i\u1ec7n \u0111\u1ed9ng l\u1ef1c v\u1edbi c\u00f4ng t\u1eafc b\u1eadt\/ t\u1eaft \u0111\u00e3 bao g\u1ed3m gi\u00fap kh\u00e1ch h\u00e0ng t\u1ed1i \u01b0u vi\u1ec7c l\u1eafp \u0111\u1eb7t ch\u1ec9 vi\u1ec7c \u0111\u1ea5u \u0111i\u1ec7n \u00e1p ph\u00f9 h\u1ee3p v\u00e0 ch\u1ea1y m\u00e1y<\/li>\n<li>Trang b\u1ecb van an to\u00e0n cho c\u00e1c c\u1ea5p n\u00e9n v\u00e0 \u0111\u1ed3ng h\u1ed3 hi\u1ec3n th\u1ecb \u00e1p su\u1ea5t<\/li>\n<li>B\u1ed9 x\u1ea3 n\u01b0\u1edbc t\u1ef1 \u0111\u1ed9ng c\u00f3 th\u1ec3 thi\u1ebft l\u1eadp \u0111\u01b0\u1ee3c th\u1eddi gian x\u1ea3 thu\u1eadn ti\u1ec7n, v\u00e0 an to\u00e0n cho qu\u00e1 tr\u00ecnh v\u1eadn h\u00e0nh<\/li>\n<li>K\u00e8m theo b\u1ed9 02 d\u00e2y n\u1ea1p ti\u00eau chu\u1ea9n \u0111\u01b0\u1ee3c c\u1ea5p \u0111\u1ed3ng b\u1ed9 theo m\u00e1y ph\u00f9 h\u1ee3p v\u1edbi h\u1ea7u h\u1ebft c\u00e1c ti\u00eau chu\u1ea9n b\u00ecnh ch\u1ee9a kh\u00ed th\u1edf tr\u00ean th\u1ecb tr\u01b0\u1eddng.<\/li>\n<li>B\u00e1nh xe v\u00e0 tay k\u00e9o (t\u00f9y ch\u1ecdn th\u00eam) thu\u1eadn ti\u1ec7n cho vi\u1ec7c di chuy\u1ec3n c\u01a1 \u0111\u1ed9ng m\u00e1y \u0111\u1ebfn c\u00e1c v\u1ecb tr\u00ed n\u1ea1p kh\u00e1c nhau.<\/li>\n<\/ul>\n<h3>Ti\u00eau chu\u1ea9n ch\u1ea5t l\u01b0\u1ee3ng<\/h3>\n<ul>\n<li>M\u00e1y n\u00e9n kh\u00ed Nardi \u0111\u01b0\u1ee3c s\u1ea3n xu\u1ea5t theo ti\u00eau chu\u1ea9n ISO 9001:2001, ISO 45001, EN 12021<\/li>\n<\/ul>\n<h3>\u1ee8ng d\u1ee5ng<\/h3>\n<ul>\n<li>M\u00e1y n\u00e9n kh\u00ed th\u1edf Nardi gi\u00fap t\u1ea1o ra kh\u00ed th\u1edf ph\u00f9 h\u1ee3p chu\u1ea9n kh\u00ed th\u1edf EN 12021 \u1edf \u00e1p su\u1ea5t cao 150bar\/ 225bar \/ 330bar\/ 420bar \u0111\u1ec3 n\u1ea1p v\u00e0o c\u00e1c b\u00ecnh kh\u00ed th\u1edf SCBA s\u1eed d\u1ee5ng r\u1ed9ng r\u00e3i trong c\u00e1c \u1ee9ng d\u1ee5ng n\u1ea1p kh\u00ed th\u1edf v\u00e0o b\u00ecnh l\u1eb7n bi\u1ec3n, n\u1ea1p chai tr\u1ee3 th\u1edf tr\u00ean t\u00e0u ng\u1ea7m, n\u1ea1p kh\u00ed th\u1edf v\u00e0o b\u00ecnh th\u1edf ph\u1ee5c v\u1ee5 c\u1ee9u h\u1ed9 ph\u00f2ng ch\u00e1y, c\u1ee9u h\u1ed9 h\u00f3a ch\u1ea5t, n\u1ea1p kh\u00ed th\u1edf v\u00e0o b\u00ecnh ph\u1ee5c v\u1ee5 b\u1ea3o tr\u00ec h\u1ec7 th\u1ed1ng b\u1ed3n b\u1ec3 ho\u1eb7c c\u00e1c \u1ee9ng d\u1ee5ng c\u1ea7n ki\u1ec3m tra, ki\u1ec3m chu\u1ea9n c\u1ea7n \u00e1p su\u1ea5t cao.<\/li>\n<\/ul>\n<h3>\u01afu \u0111i\u1ec3m c\u1ee7a m\u00e1y n\u00e9n kh\u00ed NARDI<\/h3>\n<ul>\n<li>D\u1ec5 d\u00e0ng v\u00e0 thu\u1eadn ti\u1ec7n khi s\u1eed d\u1ee5ng<\/li>\n<li>Thu\u1eadn ti\u1ec7n trong vi\u1ec7c thi\u1ebft l\u1eadp c\u00e1c ch\u1ebf \u0111\u1ed9 n\u1ea1p<\/li>\n<li>Th\u1eddi gian n\u1ea1p nhanh<\/li>\n<li>\u0110\u00e1p \u1ee9ng ti\u00eau chu\u1ea9n ch\u1ea5t l\u01b0\u1ee3ng kh\u00ed th\u1edf theo EN 12021<\/li>\n<li>Ho\u1ea1t \u0111\u1ed9ng \u00eam \u00e1i v\u00e0 \u1ed5n \u0111\u1ecbnh v\u00e0 b\u1ec1n b\u1ec9<\/li>\n<li>T\u00ednh c\u01a1 \u0111\u1ed9ng cao d\u1ec5 d\u00e0ng di chuy\u1ec3n \u0111\u1ebfn c\u00e1c \u0111\u1ecba \u0111i\u1ec3m s\u1eed d\u1ee5ng kh\u00e1c nhau<\/li>\n<li>Nhi\u1ec1u t\u00f9y ch\u1ecdn ngu\u1ed3n \u0111\u1ed9ng c\u01a1 nh\u01b0: \u0110\u1ed9ng c\u01a1 \u0111i\u1ec7n\/ \u0111\u1ed9ng c\u01a1 Diesel\/ \u0110\u1ed9ng c\u01a1 x\u0103ng<\/li>\n<li>D\u1ec5 b\u1ea3o d\u01b0\u1ee1ng, b\u1ea3o tr\u00ec<\/li>\n<li>An to\u00e0n v\u00e0 tin c\u1eady.<\/li>\n<\/ul>\n<h3>Ch\u1ebf \u0111\u1ed9 b\u1ea3o h\u00e0nh v\u00e0 h\u1eadu m\u00e3i<\/h3>\n<ul>\n<li>M\u00e1y \u0111\u01b0\u1ee3c ch\u00fang t\u00f4i b\u1ea3o h\u00e0nh 12 th\u00e1ng theo ti\u00eau chu\u1ea9n c\u1ee7a nh\u00e0 cung c\u1ea5p<\/li>\n<li>C\u00e1c v\u1eadt t\u01b0 ti\u00eau hao \u0111\u01b0\u1ee3c ch\u00fang t\u00f4i t\u1ed3n kho s\u1eb5n thu\u1eadn ti\u1ec7n cho vi\u1ec7c b\u1ea3o tr\u00ec s\u1eeda ch\u1eefa<\/li>\n<li>\u0110\u1ed9i ng\u0169 k\u1ef9 thu\u1eadt chuy\u00ean s\u00e2u gi\u00e0u kinh nghi\u1ec7m trong ng\u00e0nh kh\u00ed n\u00e9n h\u1ed7 tr\u1ee3 24\/7<\/li>\n<\/ul>\n","protected":false},"excerpt":{"rendered":"<p style=\"font-weight: 400;\"><strong>M\u00e1y n\u1ea1p kh\u00ed Italia<\/strong><\/p>\n<p style=\"font-weight: 400;\"><strong><em>Model:\u00a0<\/em><\/strong>ATLANTIC P 100\/1<\/p>\n<p style=\"font-weight: 400;\"><strong><em>H\u00e3ng s\u1ea3n xu\u1ea5t: Nardi Compressor<\/em><\/strong><\/p>\n<p style=\"font-weight: 400;\"><strong><em>Xu\u1ea5t x\u1ee9: Italia<\/em><\/strong><\/p>\n<p style=\"font-weight: 400;\">&#8211;\u00a0\u00a0\u00a0C\u00f4ng su\u1ea5t: 100L\/ph\u00fat &#8211; 6m<sup>3<\/sup>\/h (3,5 CFM)<\/p>\n<p style=\"font-weight: 400;\">&#8211;\u00a0\u00a0\u00a0Th\u1eddi gian n\u1ea1p \u0111\u1ea7y xilanh 6L t\u1ea1i \u00e1p su\u1ea5t 200 bar: 19 ph\u00fat<\/p>\n<p style=\"font-weight: 400;\">&#8211;\u00a0\u00a0\u00a0\u00c1p su\u1ea5t van an to\u00e0n: 225-3200<\/p>\n<p style=\"font-weight: 400;\">&#8211;\u00a0\u00a0\u00a0T\u1ed1c \u0111\u1ed9 quay: 2100 v\u00f2ng\/ph\u00fat<\/p>\n<p style=\"font-weight: 400;\">&#8211;\u00a0\u00a0\u00a0\u00c1p su\u1ea5t l\u00e0m vi\u1ec7c: 225\/330bar<\/p>\n<p style=\"font-weight: 400;\">&#8211;\u00a0\u00a0\u00a0\u0110\u1ed9 \u1ed3n: &lt;78 dB<\/p>\n<p style=\"font-weight: 400;\">&#8211;\u00a0\u00a0\u00a0Tr\u1ecdng l\u01b0\u1ee3ng m\u00e1y: 42.5kg<\/p>\n<p style=\"font-weight: 400;\">&#8211;\u00a0\u00a0\u00a0K\u00edch th\u01b0\u1edbc: 58 x 41 x 41cm<\/p>\n<p style=\"font-weight: 400;\">&#8211;\u00a0\u00a0\u00a0<em>Cung c\u1ea5p \u0111\u1ea7y \u0111\u1ee7 van n\u1ea1p kh\u00ed<\/em><\/p>\n<p style=\"font-weight: 400;\">&#8211;\u00a0\u00a0\u00a0<em>B\u1ea3o h\u00e0nh 1 n\u0103m<\/em><\/p>\n","protected":false},"featured_media":727,"comment_status":"open","ping_status":"closed","template":"","meta":[],"product_brand":[87],"product_cat":[31],"product_tag":[88],"class_list":{"0":"post-726","1":"product","2":"type-product","3":"status-publish","4":"has-post-thumbnail","6":"product_brand-italy","7":"product_cat-san-pham-khac","8":"product_tag-nardi","10":"first","11":"instock","12":"taxable","13":"shipping-taxable","14":"purchasable","15":"product-type-simple"},"yoast_head":"<!-- This site is optimized with the Yoast SEO plugin v24.3 - https:\/\/yoast.com\/wordpress\/plugins\/seo\/ -->\n<title>M\u00e1y N\u00e9n Kh\u00ed Th\u1edf NARDI Italy - M&amp;E B\u00ccNH MINH<\/title>\n<meta name=\"robots\" content=\"index, follow, max-snippet:-1, max-image-preview:large, max-video-preview:-1\" \/>\n<link rel=\"canonical\" href=\"https:\/\/mebinhminh.fastviet.vn\/?product=may-nen-khi-tho-nardi-italy\" \/>\n<meta property=\"og:locale\" content=\"vi_VN\" \/>\n<meta property=\"og:type\" content=\"article\" \/>\n<meta property=\"og:title\" content=\"M\u00e1y N\u00e9n Kh\u00ed Th\u1edf NARDI Italy - M&amp;E B\u00ccNH MINH\" \/>\n<meta property=\"og:description\" content=\"M\u00e1y n\u1ea1p kh\u00ed Italia Model:\u00a0ATLANTIC P 100\/1 H\u00e3ng s\u1ea3n xu\u1ea5t: Nardi Compressor Xu\u1ea5t x\u1ee9: Italia -\u00a0\u00a0\u00a0C\u00f4ng su\u1ea5t: 100L\/ph\u00fat - 6m3\/h (3,5 CFM) -\u00a0\u00a0\u00a0Th\u1eddi gian n\u1ea1p \u0111\u1ea7y xilanh 6L t\u1ea1i \u00e1p su\u1ea5t 200 bar: 19 ph\u00fat -\u00a0\u00a0\u00a0\u00c1p su\u1ea5t van an to\u00e0n: 225-3200 -\u00a0\u00a0\u00a0T\u1ed1c \u0111\u1ed9 quay: 2100 v\u00f2ng\/ph\u00fat -\u00a0\u00a0\u00a0\u00c1p su\u1ea5t l\u00e0m vi\u1ec7c: 225\/330bar -\u00a0\u00a0\u00a0\u0110\u1ed9 \u1ed3n: &lt;78 dB -\u00a0\u00a0\u00a0Tr\u1ecdng l\u01b0\u1ee3ng m\u00e1y: 42.5kg -\u00a0\u00a0\u00a0K\u00edch th\u01b0\u1edbc: 58 x 41 x 41cm -\u00a0\u00a0\u00a0Cung c\u1ea5p \u0111\u1ea7y \u0111\u1ee7 van n\u1ea1p kh\u00ed -\u00a0\u00a0\u00a0B\u1ea3o h\u00e0nh 1 n\u0103m\" \/>\n<meta property=\"og:url\" content=\"https:\/\/mebinhminh.fastviet.vn\/?product=may-nen-khi-tho-nardi-italy\" \/>\n<meta property=\"og:site_name\" content=\"M&amp;E B\u00ccNH MINH\" \/>\n<meta property=\"article:modified_time\" content=\"2025-03-09T03:03:20+00:00\" \/>\n<meta property=\"og:image\" content=\"https:\/\/mebinhminh.fastviet.vn\/wp-content\/uploads\/2025\/03\/ATLANTICP100_1.webp\" \/>\n\t<meta property=\"og:image:width\" content=\"800\" \/>\n\t<meta property=\"og:image:height\" content=\"469\" \/>\n\t<meta property=\"og:image:type\" content=\"image\/webp\" \/>\n<meta name=\"twitter:card\" content=\"summary_large_image\" \/>\n<meta name=\"twitter:label1\" content=\"\u01af\u1edbc t\u00ednh th\u1eddi gian \u0111\u1ecdc\" \/>\n\t<meta name=\"twitter:data1\" content=\"4 ph\u00fat\" \/>\n<script type=\"application\/ld+json\" class=\"yoast-schema-graph\">{\"@context\":\"https:\/\/schema.org\",\"@graph\":[{\"@type\":\"WebPage\",\"@id\":\"https:\/\/mebinhminh.fastviet.vn\/?product=may-nen-khi-tho-nardi-italy\",\"url\":\"https:\/\/mebinhminh.fastviet.vn\/?product=may-nen-khi-tho-nardi-italy\",\"name\":\"M\u00e1y N\u00e9n Kh\u00ed Th\u1edf NARDI Italy - M&amp;E B\u00ccNH MINH\",\"isPartOf\":{\"@id\":\"https:\/\/mebinhminh.fastviet.vn\/#website\"},\"primaryImageOfPage\":{\"@id\":\"https:\/\/mebinhminh.fastviet.vn\/?product=may-nen-khi-tho-nardi-italy#primaryimage\"},\"image\":{\"@id\":\"https:\/\/mebinhminh.fastviet.vn\/?product=may-nen-khi-tho-nardi-italy#primaryimage\"},\"thumbnailUrl\":\"https:\/\/mebinhminh.fastviet.vn\/wp-content\/uploads\/2025\/03\/ATLANTICP100_1.webp\",\"datePublished\":\"2025-03-09T03:03:19+00:00\",\"dateModified\":\"2025-03-09T03:03:20+00:00\",\"breadcrumb\":{\"@id\":\"https:\/\/mebinhminh.fastviet.vn\/?product=may-nen-khi-tho-nardi-italy#breadcrumb\"},\"inLanguage\":\"vi\",\"potentialAction\":[{\"@type\":\"ReadAction\",\"target\":[\"https:\/\/mebinhminh.fastviet.vn\/?product=may-nen-khi-tho-nardi-italy\"]}]},{\"@type\":\"ImageObject\",\"inLanguage\":\"vi\",\"@id\":\"https:\/\/mebinhminh.fastviet.vn\/?product=may-nen-khi-tho-nardi-italy#primaryimage\",\"url\":\"https:\/\/mebinhminh.fastviet.vn\/wp-content\/uploads\/2025\/03\/ATLANTICP100_1.webp\",\"contentUrl\":\"https:\/\/mebinhminh.fastviet.vn\/wp-content\/uploads\/2025\/03\/ATLANTICP100_1.webp\",\"width\":800,\"height\":469},{\"@type\":\"BreadcrumbList\",\"@id\":\"https:\/\/mebinhminh.fastviet.vn\/?product=may-nen-khi-tho-nardi-italy#breadcrumb\",\"itemListElement\":[{\"@type\":\"ListItem\",\"position\":1,\"name\":\"Home\",\"item\":\"https:\/\/mebinhminh.fastviet.vn\/\"},{\"@type\":\"ListItem\",\"position\":2,\"name\":\"C\u1eeda h\u00e0ng\",\"item\":\"https:\/\/mebinhminh.fastviet.vn\/?page_id=5\"},{\"@type\":\"ListItem\",\"position\":3,\"name\":\"M\u00e1y N\u00e9n Kh\u00ed Th\u1edf NARDI Italy\"}]},{\"@type\":\"WebSite\",\"@id\":\"https:\/\/mebinhminh.fastviet.vn\/#website\",\"url\":\"https:\/\/mebinhminh.fastviet.vn\/\",\"name\":\"M&amp;E B\u00ccNH MINH\",\"description\":\"\",\"potentialAction\":[{\"@type\":\"SearchAction\",\"target\":{\"@type\":\"EntryPoint\",\"urlTemplate\":\"https:\/\/mebinhminh.fastviet.vn\/?s={search_term_string}\"},\"query-input\":{\"@type\":\"PropertyValueSpecification\",\"valueRequired\":true,\"valueName\":\"search_term_string\"}}],\"inLanguage\":\"vi\"}]}<\/script>\n<!-- \/ Yoast SEO plugin. -->","yoast_head_json":{"title":"M\u00e1y N\u00e9n Kh\u00ed Th\u1edf NARDI Italy - M&amp;E B\u00ccNH MINH","robots":{"index":"index","follow":"follow","max-snippet":"max-snippet:-1","max-image-preview":"max-image-preview:large","max-video-preview":"max-video-preview:-1"},"canonical":"https:\/\/mebinhminh.fastviet.vn\/?product=may-nen-khi-tho-nardi-italy","og_locale":"vi_VN","og_type":"article","og_title":"M\u00e1y N\u00e9n Kh\u00ed Th\u1edf NARDI Italy - M&amp;E B\u00ccNH MINH","og_description":"M\u00e1y n\u1ea1p kh\u00ed Italia Model:\u00a0ATLANTIC P 100\/1 H\u00e3ng s\u1ea3n xu\u1ea5t: Nardi Compressor Xu\u1ea5t x\u1ee9: Italia -\u00a0\u00a0\u00a0C\u00f4ng su\u1ea5t: 100L\/ph\u00fat - 6m3\/h (3,5 CFM) -\u00a0\u00a0\u00a0Th\u1eddi gian n\u1ea1p \u0111\u1ea7y xilanh 6L t\u1ea1i \u00e1p su\u1ea5t 200 bar: 19 ph\u00fat -\u00a0\u00a0\u00a0\u00c1p su\u1ea5t van an to\u00e0n: 225-3200 -\u00a0\u00a0\u00a0T\u1ed1c \u0111\u1ed9 quay: 2100 v\u00f2ng\/ph\u00fat -\u00a0\u00a0\u00a0\u00c1p su\u1ea5t l\u00e0m vi\u1ec7c: 225\/330bar -\u00a0\u00a0\u00a0\u0110\u1ed9 \u1ed3n: &lt;78 dB -\u00a0\u00a0\u00a0Tr\u1ecdng l\u01b0\u1ee3ng m\u00e1y: 42.5kg -\u00a0\u00a0\u00a0K\u00edch th\u01b0\u1edbc: 58 x 41 x 41cm -\u00a0\u00a0\u00a0Cung c\u1ea5p \u0111\u1ea7y \u0111\u1ee7 van n\u1ea1p kh\u00ed -\u00a0\u00a0\u00a0B\u1ea3o h\u00e0nh 1 n\u0103m","og_url":"https:\/\/mebinhminh.fastviet.vn\/?product=may-nen-khi-tho-nardi-italy","og_site_name":"M&amp;E B\u00ccNH MINH","article_modified_time":"2025-03-09T03:03:20+00:00","og_image":[{"width":800,"height":469,"url":"https:\/\/mebinhminh.fastviet.vn\/wp-content\/uploads\/2025\/03\/ATLANTICP100_1.webp","type":"image\/webp"}],"twitter_card":"summary_large_image","twitter_misc":{"\u01af\u1edbc t\u00ednh th\u1eddi gian \u0111\u1ecdc":"4 ph\u00fat"},"schema":{"@context":"https:\/\/schema.org","@graph":[{"@type":"WebPage","@id":"https:\/\/mebinhminh.fastviet.vn\/?product=may-nen-khi-tho-nardi-italy","url":"https:\/\/mebinhminh.fastviet.vn\/?product=may-nen-khi-tho-nardi-italy","name":"M\u00e1y N\u00e9n Kh\u00ed Th\u1edf NARDI Italy - M&amp;E B\u00ccNH MINH","isPartOf":{"@id":"https:\/\/mebinhminh.fastviet.vn\/#website"},"primaryImageOfPage":{"@id":"https:\/\/mebinhminh.fastviet.vn\/?product=may-nen-khi-tho-nardi-italy#primaryimage"},"image":{"@id":"https:\/\/mebinhminh.fastviet.vn\/?product=may-nen-khi-tho-nardi-italy#primaryimage"},"thumbnailUrl":"https:\/\/mebinhminh.fastviet.vn\/wp-content\/uploads\/2025\/03\/ATLANTICP100_1.webp","datePublished":"2025-03-09T03:03:19+00:00","dateModified":"2025-03-09T03:03:20+00:00","breadcrumb":{"@id":"https:\/\/mebinhminh.fastviet.vn\/?product=may-nen-khi-tho-nardi-italy#breadcrumb"},"inLanguage":"vi","potentialAction":[{"@type":"ReadAction","target":["https:\/\/mebinhminh.fastviet.vn\/?product=may-nen-khi-tho-nardi-italy"]}]},{"@type":"ImageObject","inLanguage":"vi","@id":"https:\/\/mebinhminh.fastviet.vn\/?product=may-nen-khi-tho-nardi-italy#primaryimage","url":"https:\/\/mebinhminh.fastviet.vn\/wp-content\/uploads\/2025\/03\/ATLANTICP100_1.webp","contentUrl":"https:\/\/mebinhminh.fastviet.vn\/wp-content\/uploads\/2025\/03\/ATLANTICP100_1.webp","width":800,"height":469},{"@type":"BreadcrumbList","@id":"https:\/\/mebinhminh.fastviet.vn\/?product=may-nen-khi-tho-nardi-italy#breadcrumb","itemListElement":[{"@type":"ListItem","position":1,"name":"Home","item":"https:\/\/mebinhminh.fastviet.vn\/"},{"@type":"ListItem","position":2,"name":"C\u1eeda h\u00e0ng","item":"https:\/\/mebinhminh.fastviet.vn\/?page_id=5"},{"@type":"ListItem","position":3,"name":"M\u00e1y N\u00e9n Kh\u00ed Th\u1edf NARDI Italy"}]},{"@type":"WebSite","@id":"https:\/\/mebinhminh.fastviet.vn\/#website","url":"https:\/\/mebinhminh.fastviet.vn\/","name":"M&amp;E B\u00ccNH MINH","description":"","potentialAction":[{"@type":"SearchAction","target":{"@type":"EntryPoint","urlTemplate":"https:\/\/mebinhminh.fastviet.vn\/?s={search_term_string}"},"query-input":{"@type":"PropertyValueSpecification","valueRequired":true,"valueName":"search_term_string"}}],"inLanguage":"vi"}]}},"jetpack_sharing_enabled":true,"_links":{"self":[{"href":"https:\/\/mebinhminh.fastviet.vn\/index.php?rest_route=\/wp\/v2\/product\/726","targetHints":{"allow":["GET"]}}],"collection":[{"href":"https:\/\/mebinhminh.fastviet.vn\/index.php?rest_route=\/wp\/v2\/product"}],"about":[{"href":"https:\/\/mebinhminh.fastviet.vn\/index.php?rest_route=\/wp\/v2\/types\/product"}],"replies":[{"embeddable":true,"href":"https:\/\/mebinhminh.fastviet.vn\/index.php?rest_route=%2Fwp%2Fv2%2Fcomments&post=726"}],"version-history":[{"count":1,"href":"https:\/\/mebinhminh.fastviet.vn\/index.php?rest_route=\/wp\/v2\/product\/726\/revisions"}],"predecessor-version":[{"id":729,"href":"https:\/\/mebinhminh.fastviet.vn\/index.php?rest_route=\/wp\/v2\/product\/726\/revisions\/729"}],"wp:featuredmedia":[{"embeddable":true,"href":"https:\/\/mebinhminh.fastviet.vn\/index.php?rest_route=\/wp\/v2\/media\/727"}],"wp:attachment":[{"href":"https:\/\/mebinhminh.fastviet.vn\/index.php?rest_route=%2Fwp%2Fv2%2Fmedia&parent=726"}],"wp:term":[{"taxonomy":"product_brand","embeddable":true,"href":"https:\/\/mebinhminh.fastviet.vn\/index.php?rest_route=%2Fwp%2Fv2%2Fproduct_brand&post=726"},{"taxonomy":"product_cat","embeddable":true,"href":"https:\/\/mebinhminh.fastviet.vn\/index.php?rest_route=%2Fwp%2Fv2%2Fproduct_cat&post=726"},{"taxonomy":"product_tag","embeddable":true,"href":"https:\/\/mebinhminh.fastviet.vn\/index.php?rest_route=%2Fwp%2Fv2%2Fproduct_tag&post=726"}],"curies":[{"name":"wp","href":"https:\/\/api.w.org\/{rel}","templated":true}]}}