{"id":730,"date":"2025-03-09T10:09:05","date_gmt":"2025-03-09T03:09:05","guid":{"rendered":"https:\/\/mebinhminh.fastviet.vn\/?post_type=product&#038;p=730"},"modified":"2025-03-09T10:10:49","modified_gmt":"2025-03-09T03:10:49","slug":"thang-day-chong-chay-bac-nhom-ktfel-s","status":"publish","type":"product","link":"https:\/\/mebinhminh.fastviet.vn\/?product=thang-day-chong-chay-bac-nhom-ktfel-s","title":{"rendered":"Thang d\u00e2y ch\u1ed1ng ch\u00e1y b\u1eadc nh\u00f4m KTFEL-S"},"content":{"rendered":"<p><strong><em>Thang d\u00e2y tho\u00e1t hi\u1ec3m H\u00e0n Qu\u1ed1c ch\u1ed1ng ch\u00e1y ch\u1ecbu nhi\u1ec7t \u0111\u1ed9 cao<\/em><\/strong>, thang d\u00e2y tho\u00e1t hi\u1ec3m c\u00e1ch \u0111i\u1ec7n, d\u00e2y tho\u00e1t hi\u1ec3m ch\u1ed1ng ch\u00e1y KT FIRE H\u00e0n Qu\u1ed1c \u0111\u01b0\u1ee3c \u0111\u01a1n v\u1ecb b\u1ea3o h\u1ed9 lao \u0111\u1ed9ng HANKO \u2013 Nh\u00e0 nh\u1eadp kh\u1ea9u v\u00e0 ph\u00e2n ph\u1ed1i b\u00e1n bu\u00f4n &amp; b\u00e1n l\u1ebb, cam k\u1ebft b\u00e1n gi\u00e1 r\u1ebb nh\u1ea5t th\u1ecb tr\u01b0\u1eddng.<\/p>\n<p><img fetchpriority=\"high\" decoding=\"async\" class=\"wp-image-5729 aligncenter\" src=\"https:\/\/baoholaodonghanko.com\/wp-content\/uploads\/2019\/08\/bc61c35998920c79a57e03ad91265e8b_XL.jpg\" sizes=\"(max-width: 500px) 100vw, 500px\" srcset=\"https:\/\/baoholaodonghanko.com\/wp-content\/uploads\/2019\/08\/bc61c35998920c79a57e03ad91265e8b_XL.jpg 900w, https:\/\/baoholaodonghanko.com\/wp-content\/uploads\/2019\/08\/bc61c35998920c79a57e03ad91265e8b_XL-600x449.jpg 600w, https:\/\/baoholaodonghanko.com\/wp-content\/uploads\/2019\/08\/bc61c35998920c79a57e03ad91265e8b_XL-64x48.jpg 64w\" alt=\"thang-day-cap-thap-kt-fire-han-quoc-01\" width=\"500\" height=\"374\" \/><\/p>\n<p>S\u1ea3n ph\u1ea9m:<em><strong>\u00a0Thang d\u00e2y c\u00e1p th\u00e9p KT-FIRE H\u00e0n Qu\u1ed1c (KTFEL-S)<\/strong><\/em><\/p>\n<p>G\u1ed3m tem +bi\u00ean b\u1ea3n ki\u1ec3m \u0111\u1ecbnh c\u1ee5c PCCC b\u1ea3n c\u00f4ng ch\u1ee9ng UBND ph\u01b0\u1eddng (l\u01b0u \u00fd kh\u00f4ng ph\u1ea3i ph\u00f2ng c\u00f4ng ch\u1ee9ng t\u01b0 nh\u00e2n)<\/p>\n<p>M\u00e3 SP: BH-DAT-69<\/p>\n<p>Thang ch\u1eefa ch\u00e1y KTFEL-S<\/p>\n<p>Model: KTFEL-S<\/p>\n<p>Xu\u1ea5t x\u1ee9: KT Fire, c\u00f4ng ngh\u1ec7 M\u1ef9, S\u1ea3n xu\u1ea5t t\u1ea1i Korea H\u00e0n Qu\u1ed1c<\/p>\n<p>C\u00f3 ki\u1ec3m \u0111\u1ecbnh PCCC<\/p>\n<p>+ CO, CQ: C\u00f4ng ch\u1ee9ng\/\u0111\u00f3ng d\u1ea5u.<\/p>\n<p>+ ch\u1ee9ng ch\u1ec9 ISO c\u00f3 \u0111\u00f3ng d\u1ea5u c\u1ee7a h\u00e3ng s\u1ea3n xu\u1ea5t.<\/p>\n<ul>\n<li>Hi\u1ec7n c\u00f3 s\u1eb5n 10m, 15, 20m, c\u00e1c chi\u1ec1u d\u00e0i kh\u00e1c \u0111\u1eb7t h\u00e0ng<\/li>\n<li>Chi\u1ec1u r\u1ed9ng: 300mm<\/li>\n<li>Kho\u1ea3ng c\u00e1ch gi\u1eefa hai b\u1eadc: 335mm<\/li>\n<li>Tr\u1ecdng l\u01b0\u1ee3ng: 0.68kg\/m<\/li>\n<li>Chi\u1ec1u d\u00e0y th\u00e0nh c\u1ee7a b\u1eadc: 2.9mm<\/li>\n<li>\u0110\u01b0\u1eddng k\u00ednh b\u1eadc: 22.5mm<\/li>\n<li>B\u1eadc: Nh\u00f4m ch\u1ed1ng g\u1ec9, thi\u1ebft k\u1ebf ch\u1ed1ng tr\u01a1n tr\u1ee3t, gi\u1ea3m t\u1ed1i \u0111a kh\u1ea3 n\u0103ng b\u1ecb tu\u1ed9t tay ho\u1eb7c tr\u01b0\u1ee3t ch\u00e2n khi leo xu\u1ed1ng.<\/li>\n<li>C\u00e1p th\u00e9p: 5mm, ch\u1ed1ng ch\u00e1y, ch\u1ed1ng h\u00f3a ch\u1ea5t.<\/li>\n<li>C\u00f3 2 m\u00f3c \u0111\u1ec3 m\u00f3c v\u00e0o c\u1eeda s\u1ed5, ban c\u00f4ng.<\/li>\n<li>Hai v\u1ea1ch \u0111\u1ecf ph\u1ea3n quang \u1edf hai b\u00ean thang.<\/li>\n<li>M\u00f3c b\u1eb1ng \u1ed1ng th\u00e9p ch\u1ecbu carbon ch\u1ecbu l\u1ef1c, \u0111\u01b0\u1ee3c s\u01a1n t\u0129nh \u0111i\u1ec7n m\u00e0u \u0111\u1ecf, c\u00f3 t\u00ean h\u00e3ng s\u1ea3n xu\u1ea5t r\u00f5 r\u00e0ng tr\u00ean m\u00f3c, hai \u0111\u1ea7u m\u00f3c b\u1ecbt k\u00edn b\u1eb1ng th\u00e9p carbon. D\u00f9ng \u0111\u1ec3 m\u00f3c v\u00e0o t\u01b0\u1eddng 110 ho\u1eb7c 220.<\/li>\n<li>Thanh ch\u1ed1ng t\u01b0\u1eddng: 11cm, h\u1ea1n ch\u1ebf \u0111ung \u0111\u01b0a v\u00e0 xo\u1eafn thang.<\/li>\n<li>Ch\u1ecbu l\u1ef1c m\u1ed7i b\u1eadc: 250kg, t\u1ed5ng t\u1ea3i tr\u1ecdng 2000kg cho to\u00e0n b\u1ed9 thang.<\/li>\n<\/ul>\n","protected":false},"excerpt":{"rendered":"<p style=\"font-weight: 400;\"><em>H\u00e3ng s\u1ea3n xu\u1ea5t: KT VI\u1ec6T NAM<\/em><\/p>\n<p style=\"font-weight: 400;\">K\u00e8m theo gi\u1ea5y xu\u1ea5t x\u01b0\u1edfng, c\u00f3 ki\u1ec3m \u0111\u1ecbnh vinacontrol<\/p>\n","protected":false},"featured_media":734,"comment_status":"open","ping_status":"closed","template":"","meta":[],"product_brand":[59,81],"product_cat":[31,89],"product_tag":[90,91,92],"class_list":{"0":"post-730","1":"product","2":"type-product","3":"status-publish","4":"has-post-thumbnail","6":"product_brand-kt-fire-corporation","7":"product_brand-viet-nam","8":"product_cat-san-pham-khac","9":"product_cat-thang-day","10":"product_tag-thang-day","11":"product_tag-thang-nhom","12":"product_tag-viet-nam","14":"first","15":"instock","16":"taxable","17":"shipping-taxable","18":"purchasable","19":"product-type-simple"},"yoast_head":"<!-- This site is optimized with the Yoast SEO plugin v24.3 - https:\/\/yoast.com\/wordpress\/plugins\/seo\/ -->\n<title>Thang d\u00e2y ch\u1ed1ng ch\u00e1y b\u1eadc nh\u00f4m KTFEL-S - M&amp;E B\u00ccNH MINH<\/title>\n<meta name=\"robots\" content=\"index, follow, max-snippet:-1, max-image-preview:large, max-video-preview:-1\" \/>\n<link rel=\"canonical\" href=\"https:\/\/mebinhminh.fastviet.vn\/?product=thang-day-chong-chay-bac-nhom-ktfel-s\" \/>\n<meta property=\"og:locale\" content=\"vi_VN\" \/>\n<meta property=\"og:type\" content=\"article\" \/>\n<meta property=\"og:title\" content=\"Thang d\u00e2y ch\u1ed1ng ch\u00e1y b\u1eadc nh\u00f4m KTFEL-S - M&amp;E B\u00ccNH MINH\" \/>\n<meta property=\"og:description\" content=\"H\u00e3ng s\u1ea3n xu\u1ea5t: KT VI\u1ec6T NAM K\u00e8m theo gi\u1ea5y xu\u1ea5t x\u01b0\u1edfng, c\u00f3 ki\u1ec3m \u0111\u1ecbnh vinacontrol\" \/>\n<meta property=\"og:url\" content=\"https:\/\/mebinhminh.fastviet.vn\/?product=thang-day-chong-chay-bac-nhom-ktfel-s\" \/>\n<meta property=\"og:site_name\" content=\"M&amp;E B\u00ccNH MINH\" \/>\n<meta property=\"article:modified_time\" content=\"2025-03-09T03:10:49+00:00\" \/>\n<meta property=\"og:image\" content=\"https:\/\/mebinhminh.fastviet.vn\/wp-content\/uploads\/2025\/03\/thangdaynhom-1232.jpg\" \/>\n\t<meta property=\"og:image:width\" content=\"577\" \/>\n\t<meta property=\"og:image:height\" content=\"475\" \/>\n\t<meta property=\"og:image:type\" content=\"image\/jpeg\" \/>\n<meta name=\"twitter:card\" content=\"summary_large_image\" \/>\n<meta name=\"twitter:label1\" content=\"\u01af\u1edbc t\u00ednh th\u1eddi gian \u0111\u1ecdc\" \/>\n\t<meta name=\"twitter:data1\" content=\"2 ph\u00fat\" \/>\n<script type=\"application\/ld+json\" class=\"yoast-schema-graph\">{\"@context\":\"https:\/\/schema.org\",\"@graph\":[{\"@type\":\"WebPage\",\"@id\":\"https:\/\/mebinhminh.fastviet.vn\/?product=thang-day-chong-chay-bac-nhom-ktfel-s\",\"url\":\"https:\/\/mebinhminh.fastviet.vn\/?product=thang-day-chong-chay-bac-nhom-ktfel-s\",\"name\":\"Thang d\u00e2y ch\u1ed1ng ch\u00e1y b\u1eadc nh\u00f4m KTFEL-S - M&amp;E B\u00ccNH MINH\",\"isPartOf\":{\"@id\":\"https:\/\/mebinhminh.fastviet.vn\/#website\"},\"primaryImageOfPage\":{\"@id\":\"https:\/\/mebinhminh.fastviet.vn\/?product=thang-day-chong-chay-bac-nhom-ktfel-s#primaryimage\"},\"image\":{\"@id\":\"https:\/\/mebinhminh.fastviet.vn\/?product=thang-day-chong-chay-bac-nhom-ktfel-s#primaryimage\"},\"thumbnailUrl\":\"https:\/\/mebinhminh.fastviet.vn\/wp-content\/uploads\/2025\/03\/thangdaynhom-1232.jpg\",\"datePublished\":\"2025-03-09T03:09:05+00:00\",\"dateModified\":\"2025-03-09T03:10:49+00:00\",\"breadcrumb\":{\"@id\":\"https:\/\/mebinhminh.fastviet.vn\/?product=thang-day-chong-chay-bac-nhom-ktfel-s#breadcrumb\"},\"inLanguage\":\"vi\",\"potentialAction\":[{\"@type\":\"ReadAction\",\"target\":[\"https:\/\/mebinhminh.fastviet.vn\/?product=thang-day-chong-chay-bac-nhom-ktfel-s\"]}]},{\"@type\":\"ImageObject\",\"inLanguage\":\"vi\",\"@id\":\"https:\/\/mebinhminh.fastviet.vn\/?product=thang-day-chong-chay-bac-nhom-ktfel-s#primaryimage\",\"url\":\"https:\/\/mebinhminh.fastviet.vn\/wp-content\/uploads\/2025\/03\/thangdaynhom-1232.jpg\",\"contentUrl\":\"https:\/\/mebinhminh.fastviet.vn\/wp-content\/uploads\/2025\/03\/thangdaynhom-1232.jpg\",\"width\":577,\"height\":475},{\"@type\":\"BreadcrumbList\",\"@id\":\"https:\/\/mebinhminh.fastviet.vn\/?product=thang-day-chong-chay-bac-nhom-ktfel-s#breadcrumb\",\"itemListElement\":[{\"@type\":\"ListItem\",\"position\":1,\"name\":\"Home\",\"item\":\"https:\/\/mebinhminh.fastviet.vn\/\"},{\"@type\":\"ListItem\",\"position\":2,\"name\":\"C\u1eeda h\u00e0ng\",\"item\":\"https:\/\/mebinhminh.fastviet.vn\/?page_id=5\"},{\"@type\":\"ListItem\",\"position\":3,\"name\":\"Thang d\u00e2y ch\u1ed1ng ch\u00e1y b\u1eadc nh\u00f4m KTFEL-S\"}]},{\"@type\":\"WebSite\",\"@id\":\"https:\/\/mebinhminh.fastviet.vn\/#website\",\"url\":\"https:\/\/mebinhminh.fastviet.vn\/\",\"name\":\"M&amp;E B\u00ccNH MINH\",\"description\":\"\",\"potentialAction\":[{\"@type\":\"SearchAction\",\"target\":{\"@type\":\"EntryPoint\",\"urlTemplate\":\"https:\/\/mebinhminh.fastviet.vn\/?s={search_term_string}\"},\"query-input\":{\"@type\":\"PropertyValueSpecification\",\"valueRequired\":true,\"valueName\":\"search_term_string\"}}],\"inLanguage\":\"vi\"}]}<\/script>\n<!-- \/ Yoast SEO plugin. -->","yoast_head_json":{"title":"Thang d\u00e2y ch\u1ed1ng ch\u00e1y b\u1eadc nh\u00f4m KTFEL-S - M&amp;E B\u00ccNH MINH","robots":{"index":"index","follow":"follow","max-snippet":"max-snippet:-1","max-image-preview":"max-image-preview:large","max-video-preview":"max-video-preview:-1"},"canonical":"https:\/\/mebinhminh.fastviet.vn\/?product=thang-day-chong-chay-bac-nhom-ktfel-s","og_locale":"vi_VN","og_type":"article","og_title":"Thang d\u00e2y ch\u1ed1ng ch\u00e1y b\u1eadc nh\u00f4m KTFEL-S - M&amp;E B\u00ccNH MINH","og_description":"H\u00e3ng s\u1ea3n xu\u1ea5t: KT VI\u1ec6T NAM K\u00e8m theo gi\u1ea5y xu\u1ea5t x\u01b0\u1edfng, c\u00f3 ki\u1ec3m \u0111\u1ecbnh vinacontrol","og_url":"https:\/\/mebinhminh.fastviet.vn\/?product=thang-day-chong-chay-bac-nhom-ktfel-s","og_site_name":"M&amp;E B\u00ccNH MINH","article_modified_time":"2025-03-09T03:10:49+00:00","og_image":[{"width":577,"height":475,"url":"https:\/\/mebinhminh.fastviet.vn\/wp-content\/uploads\/2025\/03\/thangdaynhom-1232.jpg","type":"image\/jpeg"}],"twitter_card":"summary_large_image","twitter_misc":{"\u01af\u1edbc t\u00ednh th\u1eddi gian \u0111\u1ecdc":"2 ph\u00fat"},"schema":{"@context":"https:\/\/schema.org","@graph":[{"@type":"WebPage","@id":"https:\/\/mebinhminh.fastviet.vn\/?product=thang-day-chong-chay-bac-nhom-ktfel-s","url":"https:\/\/mebinhminh.fastviet.vn\/?product=thang-day-chong-chay-bac-nhom-ktfel-s","name":"Thang d\u00e2y ch\u1ed1ng ch\u00e1y b\u1eadc nh\u00f4m KTFEL-S - M&amp;E B\u00ccNH MINH","isPartOf":{"@id":"https:\/\/mebinhminh.fastviet.vn\/#website"},"primaryImageOfPage":{"@id":"https:\/\/mebinhminh.fastviet.vn\/?product=thang-day-chong-chay-bac-nhom-ktfel-s#primaryimage"},"image":{"@id":"https:\/\/mebinhminh.fastviet.vn\/?product=thang-day-chong-chay-bac-nhom-ktfel-s#primaryimage"},"thumbnailUrl":"https:\/\/mebinhminh.fastviet.vn\/wp-content\/uploads\/2025\/03\/thangdaynhom-1232.jpg","datePublished":"2025-03-09T03:09:05+00:00","dateModified":"2025-03-09T03:10:49+00:00","breadcrumb":{"@id":"https:\/\/mebinhminh.fastviet.vn\/?product=thang-day-chong-chay-bac-nhom-ktfel-s#breadcrumb"},"inLanguage":"vi","potentialAction":[{"@type":"ReadAction","target":["https:\/\/mebinhminh.fastviet.vn\/?product=thang-day-chong-chay-bac-nhom-ktfel-s"]}]},{"@type":"ImageObject","inLanguage":"vi","@id":"https:\/\/mebinhminh.fastviet.vn\/?product=thang-day-chong-chay-bac-nhom-ktfel-s#primaryimage","url":"https:\/\/mebinhminh.fastviet.vn\/wp-content\/uploads\/2025\/03\/thangdaynhom-1232.jpg","contentUrl":"https:\/\/mebinhminh.fastviet.vn\/wp-content\/uploads\/2025\/03\/thangdaynhom-1232.jpg","width":577,"height":475},{"@type":"BreadcrumbList","@id":"https:\/\/mebinhminh.fastviet.vn\/?product=thang-day-chong-chay-bac-nhom-ktfel-s#breadcrumb","itemListElement":[{"@type":"ListItem","position":1,"name":"Home","item":"https:\/\/mebinhminh.fastviet.vn\/"},{"@type":"ListItem","position":2,"name":"C\u1eeda h\u00e0ng","item":"https:\/\/mebinhminh.fastviet.vn\/?page_id=5"},{"@type":"ListItem","position":3,"name":"Thang d\u00e2y ch\u1ed1ng ch\u00e1y b\u1eadc nh\u00f4m KTFEL-S"}]},{"@type":"WebSite","@id":"https:\/\/mebinhminh.fastviet.vn\/#website","url":"https:\/\/mebinhminh.fastviet.vn\/","name":"M&amp;E B\u00ccNH MINH","description":"","potentialAction":[{"@type":"SearchAction","target":{"@type":"EntryPoint","urlTemplate":"https:\/\/mebinhminh.fastviet.vn\/?s={search_term_string}"},"query-input":{"@type":"PropertyValueSpecification","valueRequired":true,"valueName":"search_term_string"}}],"inLanguage":"vi"}]}},"jetpack_sharing_enabled":true,"_links":{"self":[{"href":"https:\/\/mebinhminh.fastviet.vn\/index.php?rest_route=\/wp\/v2\/product\/730","targetHints":{"allow":["GET"]}}],"collection":[{"href":"https:\/\/mebinhminh.fastviet.vn\/index.php?rest_route=\/wp\/v2\/product"}],"about":[{"href":"https:\/\/mebinhminh.fastviet.vn\/index.php?rest_route=\/wp\/v2\/types\/product"}],"replies":[{"embeddable":true,"href":"https:\/\/mebinhminh.fastviet.vn\/index.php?rest_route=%2Fwp%2Fv2%2Fcomments&post=730"}],"version-history":[{"count":1,"href":"https:\/\/mebinhminh.fastviet.vn\/index.php?rest_route=\/wp\/v2\/product\/730\/revisions"}],"predecessor-version":[{"id":735,"href":"https:\/\/mebinhminh.fastviet.vn\/index.php?rest_route=\/wp\/v2\/product\/730\/revisions\/735"}],"wp:featuredmedia":[{"embeddable":true,"href":"https:\/\/mebinhminh.fastviet.vn\/index.php?rest_route=\/wp\/v2\/media\/734"}],"wp:attachment":[{"href":"https:\/\/mebinhminh.fastviet.vn\/index.php?rest_route=%2Fwp%2Fv2%2Fmedia&parent=730"}],"wp:term":[{"taxonomy":"product_brand","embeddable":true,"href":"https:\/\/mebinhminh.fastviet.vn\/index.php?rest_route=%2Fwp%2Fv2%2Fproduct_brand&post=730"},{"taxonomy":"product_cat","embeddable":true,"href":"https:\/\/mebinhminh.fastviet.vn\/index.php?rest_route=%2Fwp%2Fv2%2Fproduct_cat&post=730"},{"taxonomy":"product_tag","embeddable":true,"href":"https:\/\/mebinhminh.fastviet.vn\/index.php?rest_route=%2Fwp%2Fv2%2Fproduct_tag&post=730"}],"curies":[{"name":"wp","href":"https:\/\/api.w.org\/{rel}","templated":true}]}}