{"id":743,"date":"2025-03-09T15:24:35","date_gmt":"2025-03-09T08:24:35","guid":{"rendered":"https:\/\/mebinhminh.fastviet.vn\/?post_type=product&#038;p=743"},"modified":"2025-03-09T15:24:35","modified_gmt":"2025-03-09T08:24:35","slug":"binh-duong-khi-mat-na-phong-doc-cach-ly","status":"publish","type":"product","link":"https:\/\/mebinhminh.fastviet.vn\/?product=binh-duong-khi-mat-na-phong-doc-cach-ly","title":{"rendered":"B\u00ecnh D\u01b0\u1ee1ng Kh\u00ed &#8211; M\u1eb7t N\u1ea1 Ph\u00f2ng \u0110\u1ed9c C\u00e1ch Ly"},"content":{"rendered":"<p data-start=\"0\" data-end=\"262\">B\u00ecnh d\u01b0\u1ee1ng kh\u00ed &#8211; M\u1eb7t n\u1ea1 ph\u00f2ng \u0111\u1ed9c c\u00e1ch ly l\u00e0 thi\u1ebft b\u1ecb b\u1ea3o v\u1ec7 h\u00f4 h\u1ea5p, \u0111\u01b0\u1ee3c s\u1eed d\u1ee5ng trong c\u00e1c m\u00f4i tr\u01b0\u1eddng thi\u1ebfu oxy, c\u00f3 kh\u00f3i ho\u1eb7c kh\u00ed \u0111\u1ed9c h\u1ea1i, nh\u01b0 h\u1ea7m m\u1ecf, c\u00f4ng nghi\u1ec7p h\u00f3a ch\u1ea5t, luy\u1ec7n kim, d\u1ea7u m\u1ecf v\u00e0 c\u00e1c t\u00ecnh hu\u1ed1ng kh\u1ea9n c\u1ea5p kh\u00e1c.<\/p>\n<div class=\"relative inline-flex items-center\"><strong data-start=\"264\" data-end=\"286\">Th\u00f4ng s\u1ed1 k\u1ef9 thu\u1eadt:<\/strong><\/div>\n<ul data-start=\"288\" data-end=\"504\">\n<li data-start=\"288\" data-end=\"319\"><strong data-start=\"290\" data-end=\"311\">Th\u1ec3 t\u00edch xi lanh:<\/strong> 6.8 l\u00edt<\/li>\n<li data-start=\"320\" data-end=\"350\"><strong data-start=\"322\" data-end=\"343\">\u00c1p su\u1ea5t l\u00e0m vi\u1ec7c:<\/strong> 30 MPa<\/li>\n<li data-start=\"351\" data-end=\"389\"><strong data-start=\"353\" data-end=\"380\">L\u01b0\u1ee3ng kh\u00f4ng kh\u00ed d\u1ef1 tr\u1eef:<\/strong> 2040 l\u00edt<\/li>\n<li data-start=\"390\" data-end=\"434\"><strong data-start=\"392\" data-end=\"423\">Th\u1eddi gian s\u1eed d\u1ee5ng li\u00ean t\u1ee5c:<\/strong> 50-60 ph\u00fat<\/li>\n<li data-start=\"435\" data-end=\"470\"><strong data-start=\"437\" data-end=\"459\">Ch\u1ea5t li\u1ec7u v\u1ecf b\u00ecnh:<\/strong> S\u1ee3i carbon<\/li>\n<li data-start=\"471\" data-end=\"504\"><strong data-start=\"473\" data-end=\"498\">Tr\u1ecdng l\u01b0\u1ee3ng t\u1ed5ng th\u1ec3:<\/strong> 15 kg<\/li>\n<\/ul>\n<p data-start=\"506\" data-end=\"530\"><strong data-start=\"506\" data-end=\"530\">C\u1ea5u t\u1ea1o b\u1ed9 s\u1ea3n ph\u1ea9m:<\/strong><\/p>\n<ul data-start=\"532\" data-end=\"727\">\n<li data-start=\"532\" data-end=\"546\">D\u00e2y \u0111eo l\u01b0ng<\/li>\n<li data-start=\"547\" data-end=\"563\">\u0110\u1ed3ng h\u1ed3 \u0111o kh\u00ed<\/li>\n<li data-start=\"564\" data-end=\"577\">Van c\u1ea5p kh\u00ed<\/li>\n<li data-start=\"578\" data-end=\"595\">B\u1ed9 ph\u1eadn gi\u1ea3m \u00e1p<\/li>\n<li data-start=\"596\" data-end=\"604\">M\u1eb7t n\u1ea1<\/li>\n<li data-start=\"605\" data-end=\"642\">Xi lanh kh\u00ed 6.8 l\u00edt b\u1eb1ng s\u1ee3i carbon<\/li>\n<li data-start=\"643\" data-end=\"656\">D\u00e2y d\u1eabn kh\u00ed<\/li>\n<li data-start=\"657\" data-end=\"694\">H\u1ed9p \u0111\u1ef1ng nh\u1ef1a ch\u1ed1ng s\u1ed1c m\u00e0u cam\/\u0111en<\/li>\n<li data-start=\"695\" data-end=\"727\">Ch\u1ee9ng ch\u1ec9 g\u1ed1c c\u1ee7a nh\u00e0 s\u1ea3n xu\u1ea5t<\/li>\n<\/ul>\n<p data-start=\"729\" data-end=\"746\"><strong data-start=\"729\" data-end=\"746\">H\u1ed3 s\u01a1 \u0111i k\u00e8m:<\/strong><\/p>\n<ul data-start=\"748\" data-end=\"1183\">\n<li data-start=\"748\" data-end=\"809\">Ch\u1ee9ng nh\u1eadn ch\u1ea5t l\u01b0\u1ee3ng (CQ) b\u1ea3n g\u1ed1c cho s\u1ed1 seri c\u1ee7a m\u1ed7i b\u00ecnh<\/li>\n<li data-start=\"810\" data-end=\"1070\">Ch\u1ee9ng nh\u1eadn xu\u1ea5t x\u1ee9 (CO) \u0111i\u1ec7n t\u1eed, ki\u1ec3m tra h\u00e0ng ch\u00ednh h\u00e3ng v\u00e0 ngu\u1ed3n g\u1ed1c xu\u1ea5t x\u1ee9 b\u1eb1ng c\u00e1ch nh\u1eadp s\u1ed1 tham chi\u1ebfu tr\u00ean CO v\u00e0o website <a target=\"_new\" rel=\"noopener\" data-start=\"940\" data-end=\"1004\">http:\/\/cert.korcham.net\/search<\/a> ho\u1eb7c s\u1eed d\u1ee5ng ph\u1ea7n m\u1ec1m qu\u00e9t m\u00e3 v\u1ea1ch tr\u00ean \u0111i\u1ec7n tho\u1ea1i \u0111\u1ec3 ki\u1ec3m tra CO<\/li>\n<li data-start=\"1071\" data-end=\"1135\">B\u1ea3n CO c\u00f4ng ch\u1ee9ng ho\u1eb7c b\u1ea3n sao y c\u00f3 \u0111\u00f3ng d\u1ea5u c\u1ee7a nh\u00e0 nh\u1eadp kh\u1ea9u<\/li>\n<li data-start=\"1136\" data-end=\"1183\">Ch\u1ee9ng ch\u1ec9 ISO 9001:2008 sao y t\u1eeb nh\u00e0 s\u1ea3n xu\u1ea5t<\/li>\n<\/ul>\n<p data-start=\"1185\" data-end=\"1391\">S\u1ea3n ph\u1ea9m n\u00e0y \u0111\u00e1p \u1ee9ng c\u00e1c ti\u00eau chu\u1ea9n an to\u00e0n v\u00e0 ch\u1ea5t l\u01b0\u1ee3ng, ph\u00f9 h\u1ee3p s\u1eed d\u1ee5ng trong c\u00e1c m\u00f4i tr\u01b0\u1eddng l\u00e0m vi\u1ec7c nguy hi\u1ec3m, gi\u00fap b\u1ea3o v\u1ec7 hi\u1ec7u qu\u1ea3 \u0111\u01b0\u1eddng h\u00f4 h\u1ea5p c\u1ee7a ng\u01b0\u1eddi s\u1eed d\u1ee5ng<\/p>\n","protected":false},"excerpt":{"rendered":"<p>S\u1ea3n ph\u1ea9m <strong data-start=\"9\" data-end=\"54\">B\u00ecnh D\u01b0\u1ee1ng Kh\u00ed &#8211; M\u1eb7t N\u1ea1 Ph\u00f2ng \u0110\u1ed9c C\u00e1ch Ly<\/strong> \u0111\u01b0\u1ee3c s\u1eed d\u1ee5ng trong c\u00e1c m\u00f4i tr\u01b0\u1eddng thi\u1ebfu oxy, c\u00f3 kh\u00f3i, kh\u00ed \u0111\u1ed9c nh\u01b0 h\u1ea7m m\u1ecf, c\u00f4ng nghi\u1ec7p h\u00f3a ch\u1ea5t, luy\u1ec7n kim, d\u1ea7u m\u1ecf, nh\u00e0 kho&#8230; gi\u00fap b\u1ea3o v\u1ec7 \u0111\u01b0\u1eddng h\u00f4 h\u1ea5p. C\u00f3 hai lo\u1ea1i: b\u00ecnh th\u00e9p (5L, 6L, 9L) v\u00e0 b\u00ecnh s\u1ee3i carbon (6.8L, 6.8Lx2, 9L, 12L). B\u1ed9 s\u1ea3n ph\u1ea9m g\u1ed3m m\u1eb7t n\u1ea1, xi lanh kh\u00ed, van c\u1ea5p kh\u00ed, d\u00e2y \u0111eo l\u01b0ng, h\u1ed9p \u0111\u1ef1ng ch\u1ed1ng s\u1ed1c\u2026<\/p>\n","protected":false},"featured_media":744,"comment_status":"open","ping_status":"closed","template":"","meta":[],"product_brand":[59,81],"product_cat":[18,78],"product_tag":[],"class_list":{"0":"post-743","1":"product","2":"type-product","3":"status-publish","4":"has-post-thumbnail","6":"product_brand-kt-fire-corporation","7":"product_brand-viet-nam","8":"product_cat-bao-ho","9":"product_cat-mu-chong-chay","11":"first","12":"instock","13":"taxable","14":"shipping-taxable","15":"purchasable","16":"product-type-simple"},"yoast_head":"<!-- This site is optimized with the Yoast SEO plugin v24.3 - https:\/\/yoast.com\/wordpress\/plugins\/seo\/ -->\n<title>B\u00ecnh D\u01b0\u1ee1ng Kh\u00ed - M\u1eb7t N\u1ea1 Ph\u00f2ng \u0110\u1ed9c C\u00e1ch Ly - M&amp;E B\u00ccNH MINH<\/title>\n<meta name=\"robots\" content=\"index, follow, max-snippet:-1, max-image-preview:large, max-video-preview:-1\" \/>\n<link rel=\"canonical\" href=\"https:\/\/mebinhminh.fastviet.vn\/?product=binh-duong-khi-mat-na-phong-doc-cach-ly\" \/>\n<meta property=\"og:locale\" content=\"vi_VN\" \/>\n<meta property=\"og:type\" content=\"article\" \/>\n<meta property=\"og:title\" content=\"B\u00ecnh D\u01b0\u1ee1ng Kh\u00ed - M\u1eb7t N\u1ea1 Ph\u00f2ng \u0110\u1ed9c C\u00e1ch Ly - M&amp;E B\u00ccNH MINH\" \/>\n<meta property=\"og:description\" content=\"S\u1ea3n ph\u1ea9m B\u00ecnh D\u01b0\u1ee1ng Kh\u00ed - M\u1eb7t N\u1ea1 Ph\u00f2ng \u0110\u1ed9c C\u00e1ch Ly \u0111\u01b0\u1ee3c s\u1eed d\u1ee5ng trong c\u00e1c m\u00f4i tr\u01b0\u1eddng thi\u1ebfu oxy, c\u00f3 kh\u00f3i, kh\u00ed \u0111\u1ed9c nh\u01b0 h\u1ea7m m\u1ecf, c\u00f4ng nghi\u1ec7p h\u00f3a ch\u1ea5t, luy\u1ec7n kim, d\u1ea7u m\u1ecf, nh\u00e0 kho... gi\u00fap b\u1ea3o v\u1ec7 \u0111\u01b0\u1eddng h\u00f4 h\u1ea5p. C\u00f3 hai lo\u1ea1i: b\u00ecnh th\u00e9p (5L, 6L, 9L) v\u00e0 b\u00ecnh s\u1ee3i carbon (6.8L, 6.8Lx2, 9L, 12L). B\u1ed9 s\u1ea3n ph\u1ea9m g\u1ed3m m\u1eb7t n\u1ea1, xi lanh kh\u00ed, van c\u1ea5p kh\u00ed, d\u00e2y \u0111eo l\u01b0ng, h\u1ed9p \u0111\u1ef1ng ch\u1ed1ng s\u1ed1c\u2026\" \/>\n<meta property=\"og:url\" content=\"https:\/\/mebinhminh.fastviet.vn\/?product=binh-duong-khi-mat-na-phong-doc-cach-ly\" \/>\n<meta property=\"og:site_name\" content=\"M&amp;E B\u00ccNH MINH\" \/>\n<meta property=\"og:image\" content=\"https:\/\/mebinhminh.fastviet.vn\/wp-content\/uploads\/2025\/03\/matna-binh.jpg\" \/>\n\t<meta property=\"og:image:width\" content=\"600\" \/>\n\t<meta property=\"og:image:height\" content=\"800\" \/>\n\t<meta property=\"og:image:type\" content=\"image\/jpeg\" \/>\n<meta name=\"twitter:card\" content=\"summary_large_image\" \/>\n<meta name=\"twitter:label1\" content=\"\u01af\u1edbc t\u00ednh th\u1eddi gian \u0111\u1ecdc\" \/>\n\t<meta name=\"twitter:data1\" content=\"2 ph\u00fat\" \/>\n<script type=\"application\/ld+json\" class=\"yoast-schema-graph\">{\"@context\":\"https:\/\/schema.org\",\"@graph\":[{\"@type\":\"WebPage\",\"@id\":\"https:\/\/mebinhminh.fastviet.vn\/?product=binh-duong-khi-mat-na-phong-doc-cach-ly\",\"url\":\"https:\/\/mebinhminh.fastviet.vn\/?product=binh-duong-khi-mat-na-phong-doc-cach-ly\",\"name\":\"B\u00ecnh D\u01b0\u1ee1ng Kh\u00ed - M\u1eb7t N\u1ea1 Ph\u00f2ng \u0110\u1ed9c C\u00e1ch Ly - M&amp;E B\u00ccNH MINH\",\"isPartOf\":{\"@id\":\"https:\/\/mebinhminh.fastviet.vn\/#website\"},\"primaryImageOfPage\":{\"@id\":\"https:\/\/mebinhminh.fastviet.vn\/?product=binh-duong-khi-mat-na-phong-doc-cach-ly#primaryimage\"},\"image\":{\"@id\":\"https:\/\/mebinhminh.fastviet.vn\/?product=binh-duong-khi-mat-na-phong-doc-cach-ly#primaryimage\"},\"thumbnailUrl\":\"https:\/\/mebinhminh.fastviet.vn\/wp-content\/uploads\/2025\/03\/matna-binh.jpg\",\"datePublished\":\"2025-03-09T08:24:35+00:00\",\"dateModified\":\"2025-03-09T08:24:35+00:00\",\"breadcrumb\":{\"@id\":\"https:\/\/mebinhminh.fastviet.vn\/?product=binh-duong-khi-mat-na-phong-doc-cach-ly#breadcrumb\"},\"inLanguage\":\"vi\",\"potentialAction\":[{\"@type\":\"ReadAction\",\"target\":[\"https:\/\/mebinhminh.fastviet.vn\/?product=binh-duong-khi-mat-na-phong-doc-cach-ly\"]}]},{\"@type\":\"ImageObject\",\"inLanguage\":\"vi\",\"@id\":\"https:\/\/mebinhminh.fastviet.vn\/?product=binh-duong-khi-mat-na-phong-doc-cach-ly#primaryimage\",\"url\":\"https:\/\/mebinhminh.fastviet.vn\/wp-content\/uploads\/2025\/03\/matna-binh.jpg\",\"contentUrl\":\"https:\/\/mebinhminh.fastviet.vn\/wp-content\/uploads\/2025\/03\/matna-binh.jpg\",\"width\":600,\"height\":800},{\"@type\":\"BreadcrumbList\",\"@id\":\"https:\/\/mebinhminh.fastviet.vn\/?product=binh-duong-khi-mat-na-phong-doc-cach-ly#breadcrumb\",\"itemListElement\":[{\"@type\":\"ListItem\",\"position\":1,\"name\":\"Home\",\"item\":\"https:\/\/mebinhminh.fastviet.vn\/\"},{\"@type\":\"ListItem\",\"position\":2,\"name\":\"C\u1eeda h\u00e0ng\",\"item\":\"https:\/\/mebinhminh.fastviet.vn\/?page_id=5\"},{\"@type\":\"ListItem\",\"position\":3,\"name\":\"B\u00ecnh D\u01b0\u1ee1ng Kh\u00ed &#8211; M\u1eb7t N\u1ea1 Ph\u00f2ng \u0110\u1ed9c C\u00e1ch Ly\"}]},{\"@type\":\"WebSite\",\"@id\":\"https:\/\/mebinhminh.fastviet.vn\/#website\",\"url\":\"https:\/\/mebinhminh.fastviet.vn\/\",\"name\":\"M&amp;E B\u00ccNH MINH\",\"description\":\"\",\"potentialAction\":[{\"@type\":\"SearchAction\",\"target\":{\"@type\":\"EntryPoint\",\"urlTemplate\":\"https:\/\/mebinhminh.fastviet.vn\/?s={search_term_string}\"},\"query-input\":{\"@type\":\"PropertyValueSpecification\",\"valueRequired\":true,\"valueName\":\"search_term_string\"}}],\"inLanguage\":\"vi\"}]}<\/script>\n<!-- \/ Yoast SEO plugin. -->","yoast_head_json":{"title":"B\u00ecnh D\u01b0\u1ee1ng Kh\u00ed - M\u1eb7t N\u1ea1 Ph\u00f2ng \u0110\u1ed9c C\u00e1ch Ly - M&amp;E B\u00ccNH MINH","robots":{"index":"index","follow":"follow","max-snippet":"max-snippet:-1","max-image-preview":"max-image-preview:large","max-video-preview":"max-video-preview:-1"},"canonical":"https:\/\/mebinhminh.fastviet.vn\/?product=binh-duong-khi-mat-na-phong-doc-cach-ly","og_locale":"vi_VN","og_type":"article","og_title":"B\u00ecnh D\u01b0\u1ee1ng Kh\u00ed - M\u1eb7t N\u1ea1 Ph\u00f2ng \u0110\u1ed9c C\u00e1ch Ly - M&amp;E B\u00ccNH MINH","og_description":"S\u1ea3n ph\u1ea9m B\u00ecnh D\u01b0\u1ee1ng Kh\u00ed - M\u1eb7t N\u1ea1 Ph\u00f2ng \u0110\u1ed9c C\u00e1ch Ly \u0111\u01b0\u1ee3c s\u1eed d\u1ee5ng trong c\u00e1c m\u00f4i tr\u01b0\u1eddng thi\u1ebfu oxy, c\u00f3 kh\u00f3i, kh\u00ed \u0111\u1ed9c nh\u01b0 h\u1ea7m m\u1ecf, c\u00f4ng nghi\u1ec7p h\u00f3a ch\u1ea5t, luy\u1ec7n kim, d\u1ea7u m\u1ecf, nh\u00e0 kho... gi\u00fap b\u1ea3o v\u1ec7 \u0111\u01b0\u1eddng h\u00f4 h\u1ea5p. C\u00f3 hai lo\u1ea1i: b\u00ecnh th\u00e9p (5L, 6L, 9L) v\u00e0 b\u00ecnh s\u1ee3i carbon (6.8L, 6.8Lx2, 9L, 12L). B\u1ed9 s\u1ea3n ph\u1ea9m g\u1ed3m m\u1eb7t n\u1ea1, xi lanh kh\u00ed, van c\u1ea5p kh\u00ed, d\u00e2y \u0111eo l\u01b0ng, h\u1ed9p \u0111\u1ef1ng ch\u1ed1ng s\u1ed1c\u2026","og_url":"https:\/\/mebinhminh.fastviet.vn\/?product=binh-duong-khi-mat-na-phong-doc-cach-ly","og_site_name":"M&amp;E B\u00ccNH MINH","og_image":[{"width":600,"height":800,"url":"https:\/\/mebinhminh.fastviet.vn\/wp-content\/uploads\/2025\/03\/matna-binh.jpg","type":"image\/jpeg"}],"twitter_card":"summary_large_image","twitter_misc":{"\u01af\u1edbc t\u00ednh th\u1eddi gian \u0111\u1ecdc":"2 ph\u00fat"},"schema":{"@context":"https:\/\/schema.org","@graph":[{"@type":"WebPage","@id":"https:\/\/mebinhminh.fastviet.vn\/?product=binh-duong-khi-mat-na-phong-doc-cach-ly","url":"https:\/\/mebinhminh.fastviet.vn\/?product=binh-duong-khi-mat-na-phong-doc-cach-ly","name":"B\u00ecnh D\u01b0\u1ee1ng Kh\u00ed - M\u1eb7t N\u1ea1 Ph\u00f2ng \u0110\u1ed9c C\u00e1ch Ly - M&amp;E B\u00ccNH MINH","isPartOf":{"@id":"https:\/\/mebinhminh.fastviet.vn\/#website"},"primaryImageOfPage":{"@id":"https:\/\/mebinhminh.fastviet.vn\/?product=binh-duong-khi-mat-na-phong-doc-cach-ly#primaryimage"},"image":{"@id":"https:\/\/mebinhminh.fastviet.vn\/?product=binh-duong-khi-mat-na-phong-doc-cach-ly#primaryimage"},"thumbnailUrl":"https:\/\/mebinhminh.fastviet.vn\/wp-content\/uploads\/2025\/03\/matna-binh.jpg","datePublished":"2025-03-09T08:24:35+00:00","dateModified":"2025-03-09T08:24:35+00:00","breadcrumb":{"@id":"https:\/\/mebinhminh.fastviet.vn\/?product=binh-duong-khi-mat-na-phong-doc-cach-ly#breadcrumb"},"inLanguage":"vi","potentialAction":[{"@type":"ReadAction","target":["https:\/\/mebinhminh.fastviet.vn\/?product=binh-duong-khi-mat-na-phong-doc-cach-ly"]}]},{"@type":"ImageObject","inLanguage":"vi","@id":"https:\/\/mebinhminh.fastviet.vn\/?product=binh-duong-khi-mat-na-phong-doc-cach-ly#primaryimage","url":"https:\/\/mebinhminh.fastviet.vn\/wp-content\/uploads\/2025\/03\/matna-binh.jpg","contentUrl":"https:\/\/mebinhminh.fastviet.vn\/wp-content\/uploads\/2025\/03\/matna-binh.jpg","width":600,"height":800},{"@type":"BreadcrumbList","@id":"https:\/\/mebinhminh.fastviet.vn\/?product=binh-duong-khi-mat-na-phong-doc-cach-ly#breadcrumb","itemListElement":[{"@type":"ListItem","position":1,"name":"Home","item":"https:\/\/mebinhminh.fastviet.vn\/"},{"@type":"ListItem","position":2,"name":"C\u1eeda h\u00e0ng","item":"https:\/\/mebinhminh.fastviet.vn\/?page_id=5"},{"@type":"ListItem","position":3,"name":"B\u00ecnh D\u01b0\u1ee1ng Kh\u00ed &#8211; M\u1eb7t N\u1ea1 Ph\u00f2ng \u0110\u1ed9c C\u00e1ch Ly"}]},{"@type":"WebSite","@id":"https:\/\/mebinhminh.fastviet.vn\/#website","url":"https:\/\/mebinhminh.fastviet.vn\/","name":"M&amp;E B\u00ccNH MINH","description":"","potentialAction":[{"@type":"SearchAction","target":{"@type":"EntryPoint","urlTemplate":"https:\/\/mebinhminh.fastviet.vn\/?s={search_term_string}"},"query-input":{"@type":"PropertyValueSpecification","valueRequired":true,"valueName":"search_term_string"}}],"inLanguage":"vi"}]}},"jetpack_sharing_enabled":true,"_links":{"self":[{"href":"https:\/\/mebinhminh.fastviet.vn\/index.php?rest_route=\/wp\/v2\/product\/743","targetHints":{"allow":["GET"]}}],"collection":[{"href":"https:\/\/mebinhminh.fastviet.vn\/index.php?rest_route=\/wp\/v2\/product"}],"about":[{"href":"https:\/\/mebinhminh.fastviet.vn\/index.php?rest_route=\/wp\/v2\/types\/product"}],"replies":[{"embeddable":true,"href":"https:\/\/mebinhminh.fastviet.vn\/index.php?rest_route=%2Fwp%2Fv2%2Fcomments&post=743"}],"version-history":[{"count":1,"href":"https:\/\/mebinhminh.fastviet.vn\/index.php?rest_route=\/wp\/v2\/product\/743\/revisions"}],"predecessor-version":[{"id":745,"href":"https:\/\/mebinhminh.fastviet.vn\/index.php?rest_route=\/wp\/v2\/product\/743\/revisions\/745"}],"wp:featuredmedia":[{"embeddable":true,"href":"https:\/\/mebinhminh.fastviet.vn\/index.php?rest_route=\/wp\/v2\/media\/744"}],"wp:attachment":[{"href":"https:\/\/mebinhminh.fastviet.vn\/index.php?rest_route=%2Fwp%2Fv2%2Fmedia&parent=743"}],"wp:term":[{"taxonomy":"product_brand","embeddable":true,"href":"https:\/\/mebinhminh.fastviet.vn\/index.php?rest_route=%2Fwp%2Fv2%2Fproduct_brand&post=743"},{"taxonomy":"product_cat","embeddable":true,"href":"https:\/\/mebinhminh.fastviet.vn\/index.php?rest_route=%2Fwp%2Fv2%2Fproduct_cat&post=743"},{"taxonomy":"product_tag","embeddable":true,"href":"https:\/\/mebinhminh.fastviet.vn\/index.php?rest_route=%2Fwp%2Fv2%2Fproduct_tag&post=743"}],"curies":[{"name":"wp","href":"https:\/\/api.w.org\/{rel}","templated":true}]}}