{"id":769,"date":"2025-03-10T07:58:16","date_gmt":"2025-03-10T00:58:16","guid":{"rendered":"https:\/\/mebinhminh.fastviet.vn\/?post_type=product&#038;p=769"},"modified":"2025-03-10T07:58:16","modified_gmt":"2025-03-10T00:58:16","slug":"binh-chua-chay-khi-co2-5kg-dragon-powder-mt5","status":"publish","type":"product","link":"https:\/\/mebinhminh.fastviet.vn\/?product=binh-chua-chay-khi-co2-5kg-dragon-powder-mt5","title":{"rendered":"B\u00ecnh ch\u1eefa ch\u00e1y kh\u00ed CO2 5kg Dragon Powder MT5"},"content":{"rendered":"<p><a href=\"https:\/\/pccctb.com\/binh-chua-chay\/\" target=\"_self\" data-ail=\"233\">B\u00ecnh ch\u1eefa ch\u00e1y<\/a>\u00a0kh\u00ed\u00a0<a href=\"https:\/\/pccctb.com\/thuong-hieu\/dragon\/\" target=\"_self\" data-ail=\"233\">Dragon<\/a>\u00a0MT5 c\u00f3 tem ki\u1ec3m \u0111\u1ecbnh, l\u00e0 lo\u1ea1i b\u00ecnh x\u00e1ch tay c\u00f3 th\u1ec3 nhanh g\u1ecdn d\u1eadp t\u1eaft \u0111\u00e1m ch\u00e1y \u0111\u01b0\u1ee3c s\u1eed d\u1ee5ng r\u1ed9ng r\u00e3i trong c\u00e1c c\u00f4ng tr\u00ecnh nh\u01b0 nh\u00e0 \u1edf, v\u0103n ph\u00f2ng, c\u00f4ng ty, x\u00ed nghi\u1ec7p.. quy m\u00f4 nh\u1ecf. V\u1ecf b\u00ecnh l\u00e0m b\u1eb1ng th\u00e9p \u0111\u00fac ch\u1ecbu l\u1ef1c, trong b\u00ecnh ch\u1ee9a kh\u00ed CO2 nguy\u00ean ch\u1ea5t \u1edf d\u1ea1ng l\u1ecfng \u0111\u01b0\u1ee3c n\u00e9n v\u1edbi \u00e1p su\u1ea5t cao.<\/p>\n<p><a href=\"https:\/\/pccctb.com\/binh-chua-chay-khi-co2\/\" data-mil=\"233\">B\u00ecnh ch\u1eefa ch\u00e1y kh\u00ed<\/a>\u00a0<a href=\"https:\/\/pccctb.com\/thuong-hieu\/dragon\/\" target=\"_self\" data-ail=\"233\">Dragon<\/a>\u00a0MT5 l\u00e0 lo\u1ea1i b\u00ecnh ch\u1eefa ch\u00e1y x\u00e1ch tay s\u1eed d\u1ee5ng kh\u00ed CO2 \u0111\u1ec3 d\u1eadp t\u1eaft c\u00e1c \u0111\u00e1m ch\u00e1y do ch\u1ea5t l\u1ecfng d\u1ec5 ch\u00e1y v\u00e0 kh\u00ed \u0111\u1ed1t. B\u00ecnh c\u00f3 dung t\u00edch 5kg kh\u00ed CO2, \u0111\u01b0\u1ee3c n\u1ea1p \u0111\u1ea7y d\u01b0\u1edbi \u00e1p su\u1ea5t cao.<\/p>\n<div>\n<h3><span id=\"thong-tin-san-pham\" class=\"ez-toc-section\"><\/span>Th\u00f4ng tin s\u1ea3n ph\u1ea9m<\/h3>\n<table>\n<tbody>\n<tr>\n<td>M\u00e3 s\u1ea3n ph\u1ea9m<\/td>\n<td>MT5<\/td>\n<\/tr>\n<tr>\n<td>H\u00e3ng s\u1ea3n xu\u1ea5t<\/td>\n<td><a href=\"https:\/\/pccctb.com\/thuong-hieu\/dragon\/\" target=\"_self\" data-ail=\"233\">Dragon<\/a>\u00a0Powder<\/td>\n<\/tr>\n<tr>\n<td>Xu\u1ea5t x\u1ee9<\/td>\n<td>Vi\u1ec7t Nam<\/td>\n<\/tr>\n<tr>\n<td>Dung t\u00edch<\/td>\n<td>5kg<\/td>\n<\/tr>\n<tr>\n<td>Tr\u1ecdng l\u01b0\u1ee3ng<\/td>\n<td>17 \u00b1 0.2kg (V\u1ecf b\u00ecnh b\u1eb1ng th\u00e9p \u0111\u00fac)<\/td>\n<\/tr>\n<tr>\n<td>Lo\u1ea1i b\u00ecnh<\/td>\n<td><a href=\"https:\/\/pccctb.com\/binh-chua-chay\/\" target=\"_self\" data-ail=\"233\">B\u00ecnh ch\u1eefa ch\u00e1y<\/a>\u00a0kh\u00ed CO2<\/td>\n<\/tr>\n<tr>\n<td>\u00c1p su\u1ea5t l\u00e0m vi\u1ec7c<\/td>\n<td>15 Mpa<\/td>\n<\/tr>\n<tr>\n<td>Th\u1eddi gian phun<\/td>\n<td>\u2265 30 gi\u00e2y<\/td>\n<\/tr>\n<tr>\n<td>C\u1ef1 ly phun<\/td>\n<td>\u2265 4 m\u00e9t<\/td>\n<\/tr>\n<tr>\n<td>K\u00edch th\u01b0\u1edbc<\/td>\n<td>Cao 540mm, \u00d8 160mm<\/td>\n<\/tr>\n<tr>\n<td>Ph\u1ee5 ki\u1ec7n<\/td>\n<td>V\u00f2i phun + loa phun<\/td>\n<\/tr>\n<tr>\n<td>Ch\u1ee9ng nh\u1eadn<\/td>\n<td>Ki\u1ec3m \u0111\u1ecbnh an to\u00e0n\u00a0<a href=\"https:\/\/pccctb.com\/\" target=\"_self\" data-ail=\"233\">PCCC<\/a><\/td>\n<\/tr>\n<tr>\n<td>B\u1ea3o h\u00e0nh<\/td>\n<td>12 th\u00e1ng<\/td>\n<\/tr>\n<\/tbody>\n<\/table>\n<h3><span id=\"cong-dung-binh-chua-chay-mt5\" class=\"ez-toc-section\"><\/span>C\u00f4ng d\u1ee5ng b\u00ecnh ch\u1eefa ch\u00e1y MT5<\/h3>\n<p>\u0110\u01b0\u1ee3c s\u1eed d\u1ee5ng r\u1ed9ng r\u00e3i trong c\u00e1c c\u00f4ng tr\u00ecnh nh\u01b0 nh\u00e0 \u1edf, v\u0103n ph\u00f2ng c\u00f4ng s\u1edf, c\u00f4ng ty, x\u00ed nghi\u1ec7p, tr\u1ea1m x\u0103ng, kh\u00e1ch s\u1ea1n v\u1edbi quy m\u00f4 v\u1eeba ph\u1ea3i<\/p>\n<ul data-sourcepos=\"23:1-26:0\">\n<li data-sourcepos=\"23:1-23:60\">D\u1eadp t\u1eaft \u0111\u00e1m ch\u00e1y do ch\u1ea5t l\u1ecfng d\u1ec5 ch\u00e1y nh\u01b0 x\u0103ng, d\u1ea7u, c\u1ed3n,\u2026<\/li>\n<li data-sourcepos=\"24:1-24:36\">D\u1eadp t\u1eaft \u0111\u00e1m ch\u00e1y do kh\u00ed \u0111\u1ed1t, gas,\u2026<\/li>\n<li data-sourcepos=\"25:1-26:0\">S\u1eed d\u1ee5ng hi\u1ec7u qu\u1ea3 cho c\u00e1c \u0111\u00e1m ch\u00e1y nh\u1ecf v\u00e0 v\u1eeba<\/li>\n<\/ul>\n<h3><span id=\"dac-diem-binh-dragon-powder-mt5\" class=\"ez-toc-section\"><\/span>\u0110\u1eb7c \u0111i\u1ec3m b\u00ecnh Dragon Powder MT5<\/h3>\n<ul data-sourcepos=\"23:1-28:0\">\n<li data-sourcepos=\"23:1-23:175\"><strong>D\u1ec5 s\u1eed d\u1ee5ng, an to\u00e0n cho ng\u01b0\u1eddi s\u1eed d\u1ee5ng:<\/strong>\u00a0B\u00ecnh c\u00f3 c\u1ea5u t\u1ea1o \u0111\u01a1n gi\u1ea3n, d\u1ec5 d\u00e0ng thao t\u00e1c s\u1eed d\u1ee5ng. Kh\u00ed CO2 kh\u00f4ng g\u00e2y \u0111\u1ed9c h\u1ea1i, an to\u00e0n cho ng\u01b0\u1eddi s\u1eed d\u1ee5ng v\u00e0 m\u00f4i tr\u01b0\u1eddng xung quanh.<\/li>\n<li data-sourcepos=\"24:1-24:91\"><strong>Hi\u1ec7u qu\u1ea3 ch\u1eefa ch\u00e1y cao:<\/strong>\u00a0Kh\u00ed CO2 c\u00f3 kh\u1ea3 n\u0103ng d\u1eadp t\u1eaft \u0111\u00e1m ch\u00e1y nhanh ch\u00f3ng v\u00e0 hi\u1ec7u qu\u1ea3.<\/li>\n<li data-sourcepos=\"25:1-25:126\"><strong>Kh\u00f4ng g\u00e2y h\u01b0 h\u1ea1i cho v\u1eadt d\u1ee5ng:<\/strong>\u00a0Kh\u00ed CO2 kh\u00f4ng d\u1eabn \u0111i\u1ec7n, kh\u00f4ng g\u00e2y h\u01b0 h\u1ea1i cho c\u00e1c thi\u1ebft b\u1ecb \u0111i\u1ec7n t\u1eed v\u00e0 v\u1eadt d\u1ee5ng xung quanh.<\/li>\n<li data-sourcepos=\"26:1-26:106\"><strong>Gi\u00e1 th\u00e0nh h\u1ee3p l\u00fd:<\/strong>\u00a0B\u00ecnh Dragon MT5 5kg c\u00f3 gi\u00e1 th\u00e0nh t\u01b0\u01a1ng \u0111\u1ed1i r\u1ebb so v\u1edbi c\u00e1c lo\u1ea1i b\u00ecnh ch\u1eefa ch\u00e1y kh\u00e1c.<\/li>\n<li data-sourcepos=\"27:1-28:0\"><strong>Ph\u00f9 h\u1ee3p s\u1eed d\u1ee5ng cho nhi\u1ec1u khu v\u1ef1c:<\/strong>\u00a0B\u00ecnh c\u00f3 th\u1ec3 s\u1eed d\u1ee5ng cho nhi\u1ec1u khu v\u1ef1c kh\u00e1c nhau nh\u01b0 nh\u00e0 \u1edf, v\u0103n ph\u00f2ng, nh\u00e0 m\u00e1y, x\u00ed nghi\u1ec7p,\u2026<\/li>\n<\/ul>\n<p>B\u00ecnh Dragon MT5 5kg l\u00e0 m\u1ed9t thi\u1ebft b\u1ecb ph\u00f2ng ch\u00e1y ch\u1eefa ch\u00e1y c\u1ea7n thi\u1ebft cho m\u1ecdi gia \u0111\u00ecnh, v\u0103n ph\u00f2ng v\u00e0 doanh nghi\u1ec7p. S\u1eed d\u1ee5ng b\u00ecnh ch\u1eefa ch\u00e1y \u0111\u00fang c\u00e1ch c\u00f3 th\u1ec3 gi\u00fap d\u1eadp t\u1eaft \u0111\u00e1m ch\u00e1y nhanh ch\u00f3ng, h\u1ea1n ch\u1ebf thi\u1ec7t h\u1ea1i v\u1ec1 ng\u01b0\u1eddi v\u00e0 t\u00e0i s\u1ea3n.<\/p>\n<p>Ngo\u00e0i ra, b\u1ea1n c\u0169ng n\u00ean tham kh\u1ea3o th\u00eam c\u00e1c lo\u1ea1i b\u00ecnh ch\u1eefa ch\u00e1y kh\u00e1c nh\u01b0 b\u00ecnh ch\u1eefa ch\u00e1y b\u1ed9t ABC, b\u00ecnh ch\u1eefa ch\u00e1y foam,\u2026 \u0111\u1ec3 l\u1ef1a ch\u1ecdn lo\u1ea1i b\u00ecnh ph\u00f9 h\u1ee3p nh\u1ea5t v\u1edbi nhu c\u1ea7u s\u1eed d\u1ee5ng c\u1ee7a m\u00ecnh.<\/p>\n<h2><span id=\"huong-dan-su-dung\" class=\"ez-toc-section\"><\/span>H\u01b0\u1edbng d\u1eabn s\u1eed d\u1ee5ng<\/h2>\n<ol>\n<li>Khi c\u00f3 ch\u00e1y x\u1ea3y ra, x\u00e1ch b\u00ecnh t\u1edbi g\u1ea7n \u0111\u1ecba \u0111i\u1ec3m ch\u00e1y. L\u1eafc x\u00f3c b\u00ecnh t\u1eeb 3-4 l\u1ea7n tr\u01b0\u1edbc khi d\u00f9ng<\/li>\n<li>C\u1ea7m b\u00ecnh ch\u1eefa ch\u00e1y: D\u00f9ng m\u1ed9t tay c\u1ea7m ph\u1ea7n van, tay kia \u0111\u1ee1 d\u01b0\u1edbi \u0111\u00e1y b\u00ecnh.<\/li>\n<li>R\u00fat ch\u1ed1t an to\u00e0n: D\u00f9ng tay k\u1eb9p v\u00e0 r\u00fat ch\u1ed1t an to\u00e0n ra kh\u1ecfi van.<\/li>\n<li>H\u01b0\u1edbng v\u00f2i phun: H\u01b0\u1edbng v\u00f2i phun v\u00e0o g\u1ed1c c\u1ee7a \u0111\u00e1m ch\u00e1y.<\/li>\n<li>B\u00f3p van: B\u00f3p van \u0111\u1ec3 phun b\u1ed9t ch\u1eefa ch\u00e1y v\u00e0o \u0111\u00e1m ch\u00e1y.<\/li>\n<li>Di chuy\u1ec3n: Di chuy\u1ec3n b\u00ecnh ch\u1eefa ch\u00e1y \u0111\u1ec3 qu\u00e9t to\u00e0n b\u1ed9 \u0111\u00e1m ch\u00e1y.<\/li>\n<\/ol>\n<h3><span id=\"luu-y-khi-su-dung\" class=\"ez-toc-section\"><\/span>L\u01b0u \u00fd khi s\u1eed d\u1ee5ng<\/h3>\n<ul>\n<li>Khi phun \u0111\u00e1m ch\u00e1y ph\u1ea3i t\u1eaft h\u1eb3n m\u01b0\u1edbi ng\u1eebng phun.<\/li>\n<li>Khi d\u1eadp c\u00e1c \u0111\u00e1m ch\u00e1y ch\u1ea5t l\u1ecfng ph\u1ea3i phun bao ph\u1ee7 l\u00ean b\u1ec1 m\u1eb7t ch\u00e1y, tr\u00e1nh phun x\u1ee5c tr\u1ef1c ti\u1ebfp xu\u1ed1ng ch\u1ea5t l\u1ecfng \u0111\u1ec1 ph\u00f2ng ch\u00fang b\u1eafn ra ngo\u00e0i, ch\u00e1y to h\u01a1n.<\/li>\n<li>Khi phun tu\u1ef3 thu\u1ed9c v\u00e0o t\u1eebng \u0111\u00e1m ch\u00e1y v\u00e0 l\u01b0\u1ee3ng kh\u00ed \u0111\u1ea9y c\u00f2n l\u1ea1i trong b\u00ecnh m\u00e0 ch\u1ecdn v\u1ecb tr\u00ed, kho\u1ea3ng c\u00e1ch \u0111\u1ee9ng phun cho ph\u00f9 h\u1ee3p.<\/li>\n<li><a href=\"https:\/\/pccctb.com\/binh-chua-chay\/\" target=\"_self\" data-ail=\"233\">B\u00ecnh ch\u1eefa ch\u00e1y<\/a>\u00a0\u0111\u00e3 qua s\u1eed d\u1ee5ng c\u1ea7n \u0111\u1ec3 ri\u00eang tr\u00e1nh nh\u1ea7m l\u1eabn.<\/li>\n<li>Khi phun gi\u1eef b\u00ecnh \u1edf t\u01b0 th\u1ebf th\u1eb3ng \u0111\u1ee9ng.<\/li>\n<li>Thay th\u1ebf b\u00ecnh ch\u1eefa ch\u00e1y sau 5 n\u0103m s\u1eed d\u1ee5ng ho\u1eb7c sau khi s\u1eed d\u1ee5ng \u0111\u1ec3 d\u1eadp t\u1eaft \u0111\u00e1m ch\u00e1y.<\/li>\n<\/ul>\n<figure id=\"attachment_5845\" class=\"wp-caption aligncenter\" aria-describedby=\"caption-attachment-5845\"><img fetchpriority=\"high\" decoding=\"async\" class=\"size-full wp-image-5845 lazy-load-active\" title=\"B\u00ecnh ch\u1eefa ch\u00e1y kh\u00ed CO2 5kg Dragon Powder MT5 10\" src=\"https:\/\/pccctb.com\/wp-content\/uploads\/2023\/08\/cach-su-dung-binh-chua-chay-jpg.webp\" sizes=\"(max-width: 778px) 100vw, 778px\" srcset=\"https:\/\/pccctb.com\/wp-content\/uploads\/2023\/08\/cach-su-dung-binh-chua-chay-jpg.webp 778w, https:\/\/pccctb.com\/wp-content\/uploads\/2023\/08\/cach-su-dung-binh-chua-chay-300x109.webp 300w, https:\/\/pccctb.com\/wp-content\/uploads\/2023\/08\/cach-su-dung-binh-chua-chay-768x279.webp 768w, https:\/\/pccctb.com\/wp-content\/uploads\/2023\/08\/cach-su-dung-binh-chua-chay-600x218.webp 600w\" alt=\"C\u00e1ch s\u1eed d\u1ee5ng b\u00ecnh ch\u1eefa ch\u00e1y\" width=\"778\" height=\"283\" data-src=\"https:\/\/pccctb.com\/wp-content\/uploads\/2023\/08\/cach-su-dung-binh-chua-chay-jpg.webp\" data-srcset=\"https:\/\/pccctb.com\/wp-content\/uploads\/2023\/08\/cach-su-dung-binh-chua-chay-jpg.webp 778w, https:\/\/pccctb.com\/wp-content\/uploads\/2023\/08\/cach-su-dung-binh-chua-chay-300x109.webp 300w, https:\/\/pccctb.com\/wp-content\/uploads\/2023\/08\/cach-su-dung-binh-chua-chay-768x279.webp 768w, https:\/\/pccctb.com\/wp-content\/uploads\/2023\/08\/cach-su-dung-binh-chua-chay-600x218.webp 600w\" \/><figcaption id=\"caption-attachment-5845\" class=\"wp-caption-text\">C\u00e1ch s\u1eed d\u1ee5ng b\u00ecnh ch\u1eefa ch\u00e1y<\/figcaption><\/figure>\n<\/div>\n<h2><span id=\"kiem-tra-dinh-ky-va-bao-quan-binh\" class=\"ez-toc-section\"><\/span>Ki\u1ec3m tra \u0111\u1ecbnh k\u1ef3 v\u00e0 b\u1ea3o qu\u1ea3n b\u00ecnh<\/h2>\n<p>Vi\u1ec7c ki\u1ec3m tra v\u00e0 b\u1ea3o qu\u1ea3n b\u00ecnh ch\u1eefa ch\u00e1y kh\u00ed r\u1ea5t quan tr\u1ecdng \u0111\u1ec3 \u0111\u1ea3m b\u1ea3o r\u1eb1ng n\u00f3 lu\u00f4n s\u1eb5n s\u00e0ng ho\u1ea1t \u0111\u1ed9ng trong tr\u01b0\u1eddng h\u1ee3p kh\u1ea9n c\u1ea5p. D\u01b0\u1edbi \u0111\u00e2y l\u00e0 m\u1ed9t s\u1ed1 h\u01b0\u1edbng d\u1eabn c\u01a1 b\u1ea3n \u0111\u1ec3 ki\u1ec3m tra v\u00e0 b\u1ea3o qu\u1ea3n b\u00ecnh ch\u1eefa ch\u00e1y kh\u00ed<\/p>\n<h3><span id=\"kiem-tra-dinh-ky\" class=\"ez-toc-section\"><\/span>Ki\u1ec3m tra \u0111\u1ecbnh k\u1ef3<\/h3>\n<ol>\n<li><strong>Ki\u1ec3m tra v\u1ecf b\u00ean ngo\u00e0i<\/strong>: Ki\u1ec3m tra v\u1ecf b\u00ean ngo\u00e0i c\u1ee7a b\u00ecnh ch\u1eefa ch\u00e1y \u0111\u1ec3 \u0111\u1ea3m b\u1ea3o r\u1eb1ng kh\u00f4ng c\u00f3 v\u1ebft bong tr\u00f3c, r\u1ec9 s\u00e9t ho\u1eb7c h\u1ecfng h\u00f3c n\u00e0o.<\/li>\n<li><strong>Ki\u1ec3m tra van an to\u00e0n<\/strong>: \u0110\u1ea3m b\u1ea3o van an to\u00e0n ho\u1ea1t \u0111\u1ed9ng b\u00ecnh th\u01b0\u1eddng b\u1eb1ng c\u00e1ch x\u00e1c \u0111\u1ecbnh d\u1ea5u hi\u1ec7u v\u00f2ng quay ho\u1eb7c k\u00edch ho\u1ea1t m\u1edf.<\/li>\n<li><strong>Ki\u1ec3m tra manometer<\/strong>: Ki\u1ec3m tra \u0111\u1ed3ng h\u1ed3 \u00e1p su\u1ea5t (manometer) tr\u00ean b\u00ecnh \u0111\u1ec3 \u0111\u1ea3m b\u1ea3o \u00e1p su\u1ea5t \u1edf m\u1ee9c an to\u00e0n. Th\u01b0\u1eddng th\u00ec \u00e1p su\u1ea5t ho\u1ea1t \u0111\u1ed9ng ph\u1ea3i \u1edf m\u1ee9c \u0111\u01b0\u1ee3c ch\u1ec9 \u0111\u1ecbnh tr\u00ean nh\u00e3n c\u1ee7a b\u00ecnh ch\u1eefa ch\u00e1y.<\/li>\n<li><strong>Ki\u1ec3m tra d\u00e2y an to\u00e0n<\/strong>: \u0110\u1ea3m b\u1ea3o d\u00e2y an to\u00e0n kh\u00f4ng b\u1ecb h\u1ecfng ho\u1eb7c \u0111\u1ee9t.<\/li>\n<li><strong>Ki\u1ec3m tra n\u1eafp \u0111\u1eady v\u00e0 mi\u1ec7ng van<\/strong>: \u0110\u1ea3m b\u1ea3o n\u1eafp \u0111\u1eady v\u00e0 mi\u1ec7ng van \u0111\u01b0\u1ee3c \u0111\u00f3ng ch\u1eb7t.<\/li>\n<li><strong>Ki\u1ec3m tra tu\u1ea7n ho\u00e0n<\/strong>: Th\u1ef1c hi\u1ec7n ki\u1ec3m tra \u0111\u1ecbnh k\u1ef3 theo h\u01b0\u1edbng d\u1eabn c\u1ee7a nh\u00e0 s\u1ea3n xu\u1ea5t ho\u1eb7c theo quy \u0111\u1ecbnh c\u1ee7a c\u01a1 quan ch\u1ee9ng nh\u1eadn.<\/li>\n<\/ol>\n<h3><span id=\"cach-bao-quan-binh-chua-chay\" class=\"ez-toc-section\"><\/span>C\u00e1ch b\u1ea3o qu\u1ea3n b\u00ecnh ch\u1eefa ch\u00e1y<\/h3>\n<ol>\n<li><strong>B\u1ea3o qu\u1ea3n \u1edf n\u01a1i kh\u00f4 r\u00e1o v\u00e0 tho\u00e1ng m\u00e1t<\/strong>: Tr\u00e1nh \u0111\u1ec3 b\u00ecnh ch\u1eefa ch\u00e1y kh\u00ed ti\u1ebfp x\u00fac v\u1edbi nhi\u1ec7t \u0111\u1ed9 cao ho\u1eb7c \u0111\u1ed9 \u1ea9m.<\/li>\n<li><strong>Tr\u00e1nh ti\u1ebfp x\u00fac v\u1edbi c\u00e1c ch\u1ea5t \u0103n m\u00f2n<\/strong>: \u0110\u1ea3m b\u1ea3o b\u00ecnh kh\u00f4ng ti\u1ebfp x\u00fac v\u1edbi c\u00e1c ch\u1ea5t \u0103n m\u00f2n ho\u1eb7c h\u00f3a ch\u1ea5t c\u00f3 th\u1ec3 g\u00e2y h\u1ea1i cho v\u1ecf b\u00ecnh.<\/li>\n<li><strong>L\u00e0m s\u1ea1ch \u0111\u1ecbnh k\u1ef3<\/strong>: L\u00e0m s\u1ea1ch b\u00ecnh ch\u1eefa ch\u00e1y \u0111\u1ecbnh k\u1ef3 \u0111\u1ec3 lo\u1ea1i b\u1ecf b\u1ee5i b\u1ea9n ho\u1eb7c b\u1ea5t k\u1ef3 t\u1ea1p ch\u1ea5t n\u00e0o c\u00f3 th\u1ec3 l\u00e0m h\u1ecfng b\u00ecnh.<\/li>\n<li><strong>\u0110i\u1ec1u ki\u1ec7n l\u01b0u tr\u1eef<\/strong>: B\u1ea3o qu\u1ea3n b\u00ecnh ch\u1eefa ch\u00e1y kh\u00ed \u1edf v\u1ecb tr\u00ed d\u1ec5 ti\u1ebfp c\u1eadn v\u00e0 d\u1ec5 nh\u00ecn th\u1ea5y, tr\u00e1nh \u0111\u1eb7t \u1edf n\u01a1i c\u00f3 nguy c\u01a1 va \u0111\u1eadp ho\u1eb7c t\u1ed5n th\u01b0\u01a1ng.<\/li>\n<\/ol>\n","protected":false},"excerpt":{"rendered":"<p>B\u00ecnh ch\u1eefa ch\u00e1y kh\u00ed Dragon MT5 c\u00f3 tem ki\u1ec3m \u0111\u1ecbnh c\u00f3 th\u1ec3 nhanh g\u1ecdn d\u1eadp t\u1eaft \u0111\u00e1m ch\u00e1y \u0111\u01b0\u1ee3c s\u1eed d\u1ee5ng r\u1ed9ng r\u00e3i trong c\u00e1c c\u00f4ng tr\u00ecnh nh\u01b0 nh\u00e0 \u1edf, chung c\u01b0, v\u0103n ph\u00f2ng l\u00e0m vi\u1ec7c\u2026 quy m\u00f4 nh\u1ecf. V\u1ecf b\u00ecnh l\u00e0m b\u1eb1ng th\u00e9p \u0111\u00fac nguy\u00ean kh\u1ed1i<\/p>\n<ul>\n<li>H\u00e3ng s\u1ea3n xu\u1ea5t: Dragon Powder<\/li>\n<li>Xu\u1ea5t x\u1ee9: Vi\u1ec7t Nam<\/li>\n<li>Dung t\u00edch: 5kg<\/li>\n<li>C\u00f3 tem ki\u1ec3m \u0111\u1ecbnh PCCC<\/li>\n<li>C\u00f3 h\u00f3a \u0111\u01a1n VAT<\/li>\n<li>B\u1ea3o h\u00e0nh: 12 th\u00e1ng<\/li>\n<\/ul>\n","protected":false},"featured_media":771,"comment_status":"open","ping_status":"closed","template":"","meta":[],"product_brand":[54,81],"product_cat":[19],"product_tag":[94,21,55],"class_list":{"0":"post-769","1":"product","2":"type-product","3":"status-publish","4":"has-post-thumbnail","6":"product_brand-dragon-carbon-dioxide","7":"product_brand-viet-nam","8":"product_cat-binh-chua-chay","9":"product_tag-5kg","10":"product_tag-binh-chua-chay","11":"product_tag-dragon-carbon-dioxide","13":"first","14":"instock","15":"taxable","16":"shipping-taxable","17":"purchasable","18":"product-type-simple"},"yoast_head":"<!-- This site is optimized with the Yoast SEO plugin v24.3 - https:\/\/yoast.com\/wordpress\/plugins\/seo\/ -->\n<title>B\u00ecnh ch\u1eefa ch\u00e1y kh\u00ed CO2 5kg Dragon Powder MT5 - M&amp;E B\u00ccNH MINH<\/title>\n<meta name=\"robots\" content=\"index, follow, max-snippet:-1, max-image-preview:large, max-video-preview:-1\" \/>\n<link rel=\"canonical\" href=\"https:\/\/mebinhminh.fastviet.vn\/?product=binh-chua-chay-khi-co2-5kg-dragon-powder-mt5\" \/>\n<meta property=\"og:locale\" content=\"vi_VN\" \/>\n<meta property=\"og:type\" content=\"article\" \/>\n<meta property=\"og:title\" content=\"B\u00ecnh ch\u1eefa ch\u00e1y kh\u00ed CO2 5kg Dragon Powder MT5 - M&amp;E B\u00ccNH MINH\" \/>\n<meta property=\"og:description\" content=\"B\u00ecnh ch\u1eefa ch\u00e1y kh\u00ed Dragon MT5 c\u00f3 tem ki\u1ec3m \u0111\u1ecbnh c\u00f3 th\u1ec3 nhanh g\u1ecdn d\u1eadp t\u1eaft \u0111\u00e1m ch\u00e1y \u0111\u01b0\u1ee3c s\u1eed d\u1ee5ng r\u1ed9ng r\u00e3i trong c\u00e1c c\u00f4ng tr\u00ecnh nh\u01b0 nh\u00e0 \u1edf, chung c\u01b0, v\u0103n ph\u00f2ng l\u00e0m vi\u1ec7c\u2026 quy m\u00f4 nh\u1ecf. V\u1ecf b\u00ecnh l\u00e0m b\u1eb1ng th\u00e9p \u0111\u00fac nguy\u00ean kh\u1ed1i   H\u00e3ng s\u1ea3n xu\u1ea5t: Dragon Powder  Xu\u1ea5t x\u1ee9: Vi\u1ec7t Nam  Dung t\u00edch: 5kg  C\u00f3 tem ki\u1ec3m \u0111\u1ecbnh PCCC  C\u00f3 h\u00f3a \u0111\u01a1n VAT  B\u1ea3o h\u00e0nh: 12 th\u00e1ng\" \/>\n<meta property=\"og:url\" content=\"https:\/\/mebinhminh.fastviet.vn\/?product=binh-chua-chay-khi-co2-5kg-dragon-powder-mt5\" \/>\n<meta property=\"og:site_name\" content=\"M&amp;E B\u00ccNH MINH\" \/>\n<meta property=\"og:image\" content=\"https:\/\/mebinhminh.fastviet.vn\/wp-content\/uploads\/2025\/03\/binh-chua-chay-khi-co2-5kg-dragon-powder-MT5-UP3-600x600-1.webp\" \/>\n\t<meta property=\"og:image:width\" content=\"600\" \/>\n\t<meta property=\"og:image:height\" content=\"600\" \/>\n\t<meta property=\"og:image:type\" content=\"image\/webp\" \/>\n<meta name=\"twitter:card\" content=\"summary_large_image\" \/>\n<meta name=\"twitter:label1\" content=\"\u01af\u1edbc t\u00ednh th\u1eddi gian \u0111\u1ecdc\" \/>\n\t<meta name=\"twitter:data1\" content=\"7 ph\u00fat\" \/>\n<script type=\"application\/ld+json\" class=\"yoast-schema-graph\">{\"@context\":\"https:\/\/schema.org\",\"@graph\":[{\"@type\":\"WebPage\",\"@id\":\"https:\/\/mebinhminh.fastviet.vn\/?product=binh-chua-chay-khi-co2-5kg-dragon-powder-mt5\",\"url\":\"https:\/\/mebinhminh.fastviet.vn\/?product=binh-chua-chay-khi-co2-5kg-dragon-powder-mt5\",\"name\":\"B\u00ecnh ch\u1eefa ch\u00e1y kh\u00ed CO2 5kg Dragon Powder MT5 - M&amp;E B\u00ccNH MINH\",\"isPartOf\":{\"@id\":\"https:\/\/mebinhminh.fastviet.vn\/#website\"},\"primaryImageOfPage\":{\"@id\":\"https:\/\/mebinhminh.fastviet.vn\/?product=binh-chua-chay-khi-co2-5kg-dragon-powder-mt5#primaryimage\"},\"image\":{\"@id\":\"https:\/\/mebinhminh.fastviet.vn\/?product=binh-chua-chay-khi-co2-5kg-dragon-powder-mt5#primaryimage\"},\"thumbnailUrl\":\"https:\/\/mebinhminh.fastviet.vn\/wp-content\/uploads\/2025\/03\/binh-chua-chay-khi-co2-5kg-dragon-powder-MT5-UP3-600x600-1.webp\",\"datePublished\":\"2025-03-10T00:58:16+00:00\",\"dateModified\":\"2025-03-10T00:58:16+00:00\",\"breadcrumb\":{\"@id\":\"https:\/\/mebinhminh.fastviet.vn\/?product=binh-chua-chay-khi-co2-5kg-dragon-powder-mt5#breadcrumb\"},\"inLanguage\":\"vi\",\"potentialAction\":[{\"@type\":\"ReadAction\",\"target\":[\"https:\/\/mebinhminh.fastviet.vn\/?product=binh-chua-chay-khi-co2-5kg-dragon-powder-mt5\"]}]},{\"@type\":\"ImageObject\",\"inLanguage\":\"vi\",\"@id\":\"https:\/\/mebinhminh.fastviet.vn\/?product=binh-chua-chay-khi-co2-5kg-dragon-powder-mt5#primaryimage\",\"url\":\"https:\/\/mebinhminh.fastviet.vn\/wp-content\/uploads\/2025\/03\/binh-chua-chay-khi-co2-5kg-dragon-powder-MT5-UP3-600x600-1.webp\",\"contentUrl\":\"https:\/\/mebinhminh.fastviet.vn\/wp-content\/uploads\/2025\/03\/binh-chua-chay-khi-co2-5kg-dragon-powder-MT5-UP3-600x600-1.webp\",\"width\":600,\"height\":600},{\"@type\":\"BreadcrumbList\",\"@id\":\"https:\/\/mebinhminh.fastviet.vn\/?product=binh-chua-chay-khi-co2-5kg-dragon-powder-mt5#breadcrumb\",\"itemListElement\":[{\"@type\":\"ListItem\",\"position\":1,\"name\":\"Home\",\"item\":\"https:\/\/mebinhminh.fastviet.vn\/\"},{\"@type\":\"ListItem\",\"position\":2,\"name\":\"C\u1eeda h\u00e0ng\",\"item\":\"https:\/\/mebinhminh.fastviet.vn\/?page_id=5\"},{\"@type\":\"ListItem\",\"position\":3,\"name\":\"B\u00ecnh ch\u1eefa ch\u00e1y kh\u00ed CO2 5kg Dragon Powder MT5\"}]},{\"@type\":\"WebSite\",\"@id\":\"https:\/\/mebinhminh.fastviet.vn\/#website\",\"url\":\"https:\/\/mebinhminh.fastviet.vn\/\",\"name\":\"M&amp;E B\u00ccNH MINH\",\"description\":\"\",\"potentialAction\":[{\"@type\":\"SearchAction\",\"target\":{\"@type\":\"EntryPoint\",\"urlTemplate\":\"https:\/\/mebinhminh.fastviet.vn\/?s={search_term_string}\"},\"query-input\":{\"@type\":\"PropertyValueSpecification\",\"valueRequired\":true,\"valueName\":\"search_term_string\"}}],\"inLanguage\":\"vi\"}]}<\/script>\n<!-- \/ Yoast SEO plugin. -->","yoast_head_json":{"title":"B\u00ecnh ch\u1eefa ch\u00e1y kh\u00ed CO2 5kg Dragon Powder MT5 - M&amp;E B\u00ccNH MINH","robots":{"index":"index","follow":"follow","max-snippet":"max-snippet:-1","max-image-preview":"max-image-preview:large","max-video-preview":"max-video-preview:-1"},"canonical":"https:\/\/mebinhminh.fastviet.vn\/?product=binh-chua-chay-khi-co2-5kg-dragon-powder-mt5","og_locale":"vi_VN","og_type":"article","og_title":"B\u00ecnh ch\u1eefa ch\u00e1y kh\u00ed CO2 5kg Dragon Powder MT5 - M&amp;E B\u00ccNH MINH","og_description":"B\u00ecnh ch\u1eefa ch\u00e1y kh\u00ed Dragon MT5 c\u00f3 tem ki\u1ec3m \u0111\u1ecbnh c\u00f3 th\u1ec3 nhanh g\u1ecdn d\u1eadp t\u1eaft \u0111\u00e1m ch\u00e1y \u0111\u01b0\u1ee3c s\u1eed d\u1ee5ng r\u1ed9ng r\u00e3i trong c\u00e1c c\u00f4ng tr\u00ecnh nh\u01b0 nh\u00e0 \u1edf, chung c\u01b0, v\u0103n ph\u00f2ng l\u00e0m vi\u1ec7c\u2026 quy m\u00f4 nh\u1ecf. V\u1ecf b\u00ecnh l\u00e0m b\u1eb1ng th\u00e9p \u0111\u00fac nguy\u00ean kh\u1ed1i   H\u00e3ng s\u1ea3n xu\u1ea5t: Dragon Powder  Xu\u1ea5t x\u1ee9: Vi\u1ec7t Nam  Dung t\u00edch: 5kg  C\u00f3 tem ki\u1ec3m \u0111\u1ecbnh PCCC  C\u00f3 h\u00f3a \u0111\u01a1n VAT  B\u1ea3o h\u00e0nh: 12 th\u00e1ng","og_url":"https:\/\/mebinhminh.fastviet.vn\/?product=binh-chua-chay-khi-co2-5kg-dragon-powder-mt5","og_site_name":"M&amp;E B\u00ccNH MINH","og_image":[{"width":600,"height":600,"url":"https:\/\/mebinhminh.fastviet.vn\/wp-content\/uploads\/2025\/03\/binh-chua-chay-khi-co2-5kg-dragon-powder-MT5-UP3-600x600-1.webp","type":"image\/webp"}],"twitter_card":"summary_large_image","twitter_misc":{"\u01af\u1edbc t\u00ednh th\u1eddi gian \u0111\u1ecdc":"7 ph\u00fat"},"schema":{"@context":"https:\/\/schema.org","@graph":[{"@type":"WebPage","@id":"https:\/\/mebinhminh.fastviet.vn\/?product=binh-chua-chay-khi-co2-5kg-dragon-powder-mt5","url":"https:\/\/mebinhminh.fastviet.vn\/?product=binh-chua-chay-khi-co2-5kg-dragon-powder-mt5","name":"B\u00ecnh ch\u1eefa ch\u00e1y kh\u00ed CO2 5kg Dragon Powder MT5 - M&amp;E B\u00ccNH MINH","isPartOf":{"@id":"https:\/\/mebinhminh.fastviet.vn\/#website"},"primaryImageOfPage":{"@id":"https:\/\/mebinhminh.fastviet.vn\/?product=binh-chua-chay-khi-co2-5kg-dragon-powder-mt5#primaryimage"},"image":{"@id":"https:\/\/mebinhminh.fastviet.vn\/?product=binh-chua-chay-khi-co2-5kg-dragon-powder-mt5#primaryimage"},"thumbnailUrl":"https:\/\/mebinhminh.fastviet.vn\/wp-content\/uploads\/2025\/03\/binh-chua-chay-khi-co2-5kg-dragon-powder-MT5-UP3-600x600-1.webp","datePublished":"2025-03-10T00:58:16+00:00","dateModified":"2025-03-10T00:58:16+00:00","breadcrumb":{"@id":"https:\/\/mebinhminh.fastviet.vn\/?product=binh-chua-chay-khi-co2-5kg-dragon-powder-mt5#breadcrumb"},"inLanguage":"vi","potentialAction":[{"@type":"ReadAction","target":["https:\/\/mebinhminh.fastviet.vn\/?product=binh-chua-chay-khi-co2-5kg-dragon-powder-mt5"]}]},{"@type":"ImageObject","inLanguage":"vi","@id":"https:\/\/mebinhminh.fastviet.vn\/?product=binh-chua-chay-khi-co2-5kg-dragon-powder-mt5#primaryimage","url":"https:\/\/mebinhminh.fastviet.vn\/wp-content\/uploads\/2025\/03\/binh-chua-chay-khi-co2-5kg-dragon-powder-MT5-UP3-600x600-1.webp","contentUrl":"https:\/\/mebinhminh.fastviet.vn\/wp-content\/uploads\/2025\/03\/binh-chua-chay-khi-co2-5kg-dragon-powder-MT5-UP3-600x600-1.webp","width":600,"height":600},{"@type":"BreadcrumbList","@id":"https:\/\/mebinhminh.fastviet.vn\/?product=binh-chua-chay-khi-co2-5kg-dragon-powder-mt5#breadcrumb","itemListElement":[{"@type":"ListItem","position":1,"name":"Home","item":"https:\/\/mebinhminh.fastviet.vn\/"},{"@type":"ListItem","position":2,"name":"C\u1eeda h\u00e0ng","item":"https:\/\/mebinhminh.fastviet.vn\/?page_id=5"},{"@type":"ListItem","position":3,"name":"B\u00ecnh ch\u1eefa ch\u00e1y kh\u00ed CO2 5kg Dragon Powder MT5"}]},{"@type":"WebSite","@id":"https:\/\/mebinhminh.fastviet.vn\/#website","url":"https:\/\/mebinhminh.fastviet.vn\/","name":"M&amp;E B\u00ccNH MINH","description":"","potentialAction":[{"@type":"SearchAction","target":{"@type":"EntryPoint","urlTemplate":"https:\/\/mebinhminh.fastviet.vn\/?s={search_term_string}"},"query-input":{"@type":"PropertyValueSpecification","valueRequired":true,"valueName":"search_term_string"}}],"inLanguage":"vi"}]}},"jetpack_sharing_enabled":true,"_links":{"self":[{"href":"https:\/\/mebinhminh.fastviet.vn\/index.php?rest_route=\/wp\/v2\/product\/769","targetHints":{"allow":["GET"]}}],"collection":[{"href":"https:\/\/mebinhminh.fastviet.vn\/index.php?rest_route=\/wp\/v2\/product"}],"about":[{"href":"https:\/\/mebinhminh.fastviet.vn\/index.php?rest_route=\/wp\/v2\/types\/product"}],"replies":[{"embeddable":true,"href":"https:\/\/mebinhminh.fastviet.vn\/index.php?rest_route=%2Fwp%2Fv2%2Fcomments&post=769"}],"version-history":[{"count":1,"href":"https:\/\/mebinhminh.fastviet.vn\/index.php?rest_route=\/wp\/v2\/product\/769\/revisions"}],"predecessor-version":[{"id":773,"href":"https:\/\/mebinhminh.fastviet.vn\/index.php?rest_route=\/wp\/v2\/product\/769\/revisions\/773"}],"wp:featuredmedia":[{"embeddable":true,"href":"https:\/\/mebinhminh.fastviet.vn\/index.php?rest_route=\/wp\/v2\/media\/771"}],"wp:attachment":[{"href":"https:\/\/mebinhminh.fastviet.vn\/index.php?rest_route=%2Fwp%2Fv2%2Fmedia&parent=769"}],"wp:term":[{"taxonomy":"product_brand","embeddable":true,"href":"https:\/\/mebinhminh.fastviet.vn\/index.php?rest_route=%2Fwp%2Fv2%2Fproduct_brand&post=769"},{"taxonomy":"product_cat","embeddable":true,"href":"https:\/\/mebinhminh.fastviet.vn\/index.php?rest_route=%2Fwp%2Fv2%2Fproduct_cat&post=769"},{"taxonomy":"product_tag","embeddable":true,"href":"https:\/\/mebinhminh.fastviet.vn\/index.php?rest_route=%2Fwp%2Fv2%2Fproduct_tag&post=769"}],"curies":[{"name":"wp","href":"https:\/\/api.w.org\/{rel}","templated":true}]}}