{"id":774,"date":"2025-03-10T08:27:37","date_gmt":"2025-03-10T01:27:37","guid":{"rendered":"https:\/\/mebinhminh.fastviet.vn\/?post_type=product&#038;p=774"},"modified":"2025-03-10T08:27:37","modified_gmt":"2025-03-10T01:27:37","slug":"binh-chua-chay-xe-day-khi-co2-dragon-24kg-mtt24","status":"publish","type":"product","link":"https:\/\/mebinhminh.fastviet.vn\/?product=binh-chua-chay-xe-day-khi-co2-dragon-24kg-mtt24","title":{"rendered":"B\u00ecnh ch\u1eefa ch\u00e1y xe \u0111\u1ea9y kh\u00ed CO2 Dragon 24Kg MTT24"},"content":{"rendered":"<p><a href=\"https:\/\/pccctb.com\/binh-chua-chay\/\" target=\"_self\" data-ail=\"242\">B\u00ecnh ch\u1eefa ch\u00e1y<\/a>\u00a0xe \u0111\u1ea9y DRAGON lo\u1ea1i kh\u00ed CO2 MTT24 c\u00f3 tem ki\u1ec3m \u0111\u1ecbnh, th\u01b0\u1eddng \u0111\u01b0\u1ee3c trang b\u1ecb trong c\u00e1c b\u1ec7nh vi\u1ec7n, ph\u00f2ng th\u00ed nghi\u1ec7m, tr\u01b0\u1eddng h\u1ecdc, s\u00e2n bay. B\u00ecnh c\u00f3 tr\u1ecdng l\u01b0\u1ee3ng l\u1edbn n\u00ean th\u01b0\u1eddng \u0111\u01b0\u1ee3c \u0111\u1eb7t c\u1ed1 \u0111\u1ecbnh. V\u00ec th\u1ebf b\u00ecnh \u0111\u01b0\u1ee3c trang b\u1ecb v\u00f2i phun \u0111\u1ee7 d\u00e0i v\u00e0 t\u1ea7m phun xa n\u00ean c\u00f3 th\u1ec3 thu\u1eadn ti\u1ec7n d\u1eadp t\u1eaft nh\u1eefng \u0111\u00e1m ch\u00e1y ph\u00eda xa ho\u1eb7c \u1edf n\u01a1i c\u00f3 di\u1ec7n t\u00edch h\u1eb9p. Dung t\u00edch kh\u00ed trong b\u00ecnh l\u1edbn d\u1ec5 d\u00e0ng d\u1eadp nh\u1eefng \u0111\u00e1m ch\u00e1y to m\u1ed9t c\u00e1ch nhanh ch\u00f3ng.<\/p>\n<h3><span id=\"1-thong-tin-san-pham-binh-chua-chay-xe-day-dragon-loai-khi-co2-mtt24\" class=\"ez-toc-section\"><\/span>1. Th\u00f4ng tin s\u1ea3n ph\u1ea9m b\u00ecnh ch\u1eefa ch\u00e1y xe \u0111\u1ea9y DRAGON lo\u1ea1i kh\u00ed CO2 MTT24<\/h3>\n<ul>\n<li>S\u1ea3n ph\u1ea9m:\u00a0<a href=\"https:\/\/pccctb.com\/binh-chua-chay\/\" target=\"_self\" data-ail=\"242\">B\u00ecnh ch\u1eefa ch\u00e1y<\/a>\u00a0xe \u0111\u1ea9y DRAGON lo\u1ea1i kh\u00ed CO2 MTT24 c\u00f3 tem ki\u1ec3m \u0111\u1ecbnh\u00a0<a href=\"https:\/\/pccctb.com\/\" target=\"_self\" data-ail=\"242\">PCCC<\/a>.<\/li>\n<li>M\u00e3 s\u1ea3n ph\u1ea9m: MTT24<\/li>\n<li>H\u00e3ng s\u1ea3n xu\u1ea5t:\u00a0<a href=\"https:\/\/pccctb.com\/thuong-hieu\/dragon\/\" target=\"_self\" data-ail=\"242\">Dragon<\/a><\/li>\n<li>Xu\u1ea5t x\u1ee9: Vi\u1ec7t Nam<\/li>\n<li>Lo\u1ea1i b\u00ecnh:\u00a0<a href=\"https:\/\/pccctb.com\/binh-chua-chay\/\" target=\"_self\" data-ail=\"242\">B\u00ecnh ch\u1eefa ch\u00e1y<\/a>\u00a0xe \u0111\u1ea9y lo\u1ea1i kh\u00ed<\/li>\n<li>Ph\u1ea1m vi ch\u1eefa ch\u00e1y: Bao g\u1ed3m c\u00e1c ch\u1ea5t l\u1ecfng d\u1ec5 ch\u00e1y nh\u01b0 x\u0103ng, d\u1ea7u, c\u1ed3n, \u0111i\u1ec7n\u2026 v\u00e0 sau khi d\u1eadp t\u1eaft \u0111\u00e1m ch\u00e1y ch\u1ea5t ch\u1eefa ch\u00e1y s\u1ebd t\u1ef1 bay h\u01a1i ph\u00f9 h\u1ee3p trang b\u1ecb \u1edf nh\u1eefng n\u01a1i c\u00f3 y\u00eau c\u1ea7u ch\u1eefa ch\u00e1y cao, c\u00e1c thi\u1ebft b\u1ecb \u0111i\u1ec7n t\u1eed c\u00f3 vi m\u1ea1ch y\u00eau c\u1ea7u \u0111\u1ed9 ch\u00ednh x\u00e1c cao.<\/li>\n<li>\u0110\u01b0\u1ee3c s\u1eed d\u1ee5ng r\u1ed9ng r\u00e3i trong c\u00e1c c\u00f4ng tr\u00ecnh nh\u01b0 chung c\u01b0, v\u0103n ph\u00f2ng l\u00e0m vi\u1ec7c, c\u00f4ng ty, tr\u1ea1m x\u0103ng, th\u01b0\u1eddng \u0111\u01b0\u1ee3c trang b\u1ecb trong c\u00e1c b\u1ec7nh vi\u1ec7n, ph\u00f2ng th\u00ed nghi\u1ec7m, tr\u01b0\u1eddng h\u1ecdc, s\u00e2n bay\u2026. v\u1edbi quy m\u00f4 l\u1edbn.<\/li>\n<li>B\u1ea3o h\u00e0nh: 12 th\u00e1ng<\/li>\n<\/ul>\n<figure id=\"attachment_5172\" class=\"wp-caption aligncenter\" aria-describedby=\"caption-attachment-5172\"><img fetchpriority=\"high\" decoding=\"async\" class=\"wp-image-5172 size-full\" title=\"B\u00ecnh ch\u1eefa ch\u00e1y xe \u0111\u1ea9y kh\u00ed CO2 Dragon 24Kg MTT24 4\" src=\"https:\/\/pccctb.com\/wp-content\/uploads\/2023\/08\/binh-chua-chay-co2-24kg-dragon-MTT24-up1-jpg.webp\" sizes=\"(max-width: 1338px) 100vw, 1338px\" srcset=\"https:\/\/pccctb.com\/wp-content\/uploads\/2023\/08\/binh-chua-chay-co2-24kg-dragon-MTT24-up1-jpg.webp 1338w, https:\/\/pccctb.com\/wp-content\/uploads\/2023\/08\/binh-chua-chay-co2-24kg-dragon-MTT24-up1-300x300.webp 300w, https:\/\/pccctb.com\/wp-content\/uploads\/2023\/08\/binh-chua-chay-co2-24kg-dragon-MTT24-up1-1024x1024.webp 1024w, https:\/\/pccctb.com\/wp-content\/uploads\/2023\/08\/binh-chua-chay-co2-24kg-dragon-MTT24-up1-150x150.webp 150w, https:\/\/pccctb.com\/wp-content\/uploads\/2023\/08\/binh-chua-chay-co2-24kg-dragon-MTT24-up1-768x768.webp 768w, https:\/\/pccctb.com\/wp-content\/uploads\/2023\/08\/binh-chua-chay-co2-24kg-dragon-MTT24-up1-600x600.webp 600w, https:\/\/pccctb.com\/wp-content\/uploads\/2023\/08\/binh-chua-chay-co2-24kg-dragon-MTT24-up1-100x100.webp 100w\" alt=\"B\u00ecnh ch\u1eefa ch\u00e1y xe \u0111\u1ea9y DRAGON lo\u1ea1i kh\u00ed CO2 MTT24\" width=\"1338\" height=\"1338\" \/><figcaption id=\"caption-attachment-5172\" class=\"wp-caption-text\">B\u00ecnh ch\u1eefa ch\u00e1y xe \u0111\u1ea9y DRAGON lo\u1ea1i kh\u00ed CO2 MTT24<\/figcaption><\/figure>\n<h4>Th\u00f4ng s\u1ed1 k\u1ef9 thu\u1eadt c\u1ee7a b\u00ecnh ch\u1eefa ch\u00e1y xe \u0111\u1ea9y DRAGON lo\u1ea1i kh\u00ed CO2 MTT24:<\/h4>\n<table>\n<tbody>\n<tr>\n<td>C\u00f4ng su\u1ea5t ch\u1eefa ch\u00e1y<\/td>\n<td>55B<\/td>\n<\/tr>\n<tr>\n<td>Kho\u1ea3ng c\u00e1ch phun ( m\u00e9t)<\/td>\n<td>&gt; 6.0<\/td>\n<\/tr>\n<tr>\n<td>Th\u1eddi gian phun hi\u1ec7u qu\u1ea3 20\u00b0C (S)<\/td>\n<td>&gt; 20.0<\/td>\n<\/tr>\n<tr>\n<td>Tr\u1ecdng l\u01b0\u1ee3ng ch\u1ea5t ch\u1eefa ch\u00e1y (kg)<\/td>\n<td>24 \u00b1 5%<\/td>\n<\/tr>\n<tr>\n<td>Tr\u1ecdng l\u01b0\u1ee3ng c\u1ee7a thi\u1ebft b\u1ecb (kg)<\/td>\n<td>80 \u00b1 5%<\/td>\n<\/tr>\n<tr>\n<td>\u00c1p su\u1ea5t kh\u00ed (Mpa)<\/td>\n<td>15.0<\/td>\n<\/tr>\n<tr>\n<td>\u00c1p su\u1ea5t l\u00e0m vi\u1ec7c l\u1edbn nh\u1ea5t (Mpa)<\/td>\n<td>15.0 \u2013 16.0<\/td>\n<\/tr>\n<tr>\n<td>Ki\u1ec3m tra th\u1ee7y l\u1ef1c (Mpa)<\/td>\n<td>22.5<\/td>\n<\/tr>\n<tr>\n<td>\u00c1p su\u1ea5t n\u1ed5 nh\u1ecf nh\u1ea5t (Mpa)<\/td>\n<td>38.0<\/td>\n<\/tr>\n<tr>\n<td>\u0110\u1ed9 d\u00e0y th\u00e2n b\u00ecnh (mm)<\/td>\n<td>5.0<\/td>\n<\/tr>\n<tr>\n<td>Chi\u1ec1u cao (mm)<\/td>\n<td>1620<\/td>\n<\/tr>\n<tr>\n<td>\u0110\u01b0\u1eddng k\u00ednh (mm)<\/td>\n<td>230<\/td>\n<\/tr>\n<tr>\n<td>Th\u00e0nh ph\u1ea7n ch\u1ea5t ch\u1eefa ch\u00e1y trong b\u00ecnh<\/td>\n<td>CO2<\/td>\n<\/tr>\n<tr>\n<td>Nhi\u1ec7t \u0111\u1ed9 l\u00e0m vi\u1ec7c \u1ed5n \u0111\u1ecbnh<\/td>\n<td>-20\u00b0C ++ 60\u00b0C<\/td>\n<\/tr>\n<tr>\n<td>V\u1eadt li\u1ec7u v\u1ecf b\u00ecnh<\/td>\n<td>Th\u00e9p<\/td>\n<\/tr>\n<tr>\n<td>Van<\/td>\n<td>\u0110\u1ed3ng<\/td>\n<\/tr>\n<tr>\n<td>K\u1ef9 thu\u1eadt s\u1ea3n xu\u1ea5t v\u1ecf b\u00ecnh<\/td>\n<td>\u0110\u00fac li\u1ec1n kh\u1ed1i<\/td>\n<\/tr>\n<tr>\n<td>M\u00e0u v\u1ecf b\u00ecnh<\/td>\n<td>\u0110\u1ecf<\/td>\n<\/tr>\n<tr>\n<td>B\u1ea3o h\u00e0nh ( th\u00e1ng )<\/td>\n<td>12<\/td>\n<\/tr>\n<\/tbody>\n<\/table>\n<h4>H\u01b0\u1edbng d\u1eabn s\u1eed d\u1ee5ng b\u00ecnh ch\u1eefa ch\u00e1y xe \u0111\u1ea9y DRAGON lo\u1ea1i kh\u00ed CO2 MTT24:<\/h4>\n<ul>\n<li>Khi c\u00f3 ch\u00e1y x\u1ea3y ra, \u0111\u1ea9y b\u00ecnh t\u1edbi g\u1ea7n \u0111\u1ecba \u0111i\u1ec3m ch\u00e1y.<\/li>\n<li>K\u00e9o loa phun v\u00e0 h\u01b0\u1edbng v\u00e0o g\u1ed1c \u0111\u00e1m ch\u00e1y.<\/li>\n<li>Gi\u1eadt ch\u1ed1t h\u00e3m k\u1eb9p ch\u00ec tr\u00ean mi\u1ec7ng b\u00ecnh, k\u00e9o van ch\u00ednh vu\u00f4ng g\u00f3c v\u1edbi m\u1eb7t \u0111\u1ea5t (m\u1edf kho\u00e1 an to\u00e0n).<\/li>\n<li>M\u1ed9t tay c\u1ea7m c\u1ee5m van, 1 tay \u0111\u1ee1 \u0111\u00e1y b\u00ecnh ( l\u01b0u \u00fd: tuy\u1ec7t \u0111\u1ed1i kh\u00f4ng c\u1ea7m v\u00e0o loa phun, tr\u00e1nh b\u1ecb b\u1ecfng l\u1ea1nh)<\/li>\n<li>Ch\u1ecdn \u0111\u1ea7u h\u01b0\u1edbng gi\u00f3 h\u01b0\u1edbng loa phun v\u00e0o g\u1ed1c l\u1eeda. Khi phun ph\u1ea3i \u0111\u1ee9ng \u1edf \u0111\u1ea7u h\u01b0\u1edbng gi\u00f3 (ch\u00e1y ngo\u00e0i); \u0111\u1ee9ng g\u1ea7n c\u1eeda ra v\u00e0o (ch\u00e1y trong).<\/li>\n<li>C\u1ea7m ch\u1eb7t loa phun, ch\u1ecdn thu\u1eadn chi\u1ec1u gi\u00f3 r\u1ed3i b\u00f3p c\u00f2, kh\u00ed CO2 trong b\u00ecnh s\u1ebd \u0111\u01b0\u1ee3c phun ra kh\u1ecfi b\u00ecnh.<\/li>\n<li>Khi kh\u00ed y\u1ebfu th\u00ec ti\u1ebfn l\u1ea1i g\u1ea7n v\u00e0 \u0111\u01b0a loa phun qua l\u1ea1i \u0111\u1ec3 d\u1eadp t\u1eaft ho\u00e0n to\u00e0n \u0111\u00e1m ch\u00e1y.<\/li>\n<li><strong>L\u01b0u \u00fd:<\/strong><\/li>\n<li>Khi phun \u0111\u00e1m ch\u00e1y ph\u1ea3i t\u1eaft h\u1eb3n m\u1edbi ng\u1eebng phun.<\/li>\n<li>Khi d\u1eadp c\u00e1c \u0111\u00e1m ch\u00e1y ch\u1ea5t l\u1ecfng, ph\u1ea3i phun bao ph\u1ee7 l\u00ean b\u1ec1 m\u1eb7t ch\u00e1y.<\/li>\n<li>B\u00ecnh ch\u1eefa ch\u00e1y \u0111\u00e3 qua s\u1eed d\u1ee5ng c\u1ea7n \u0111\u1ec3 ri\u00eang tr\u00e1nh nh\u1ea7m l\u1eabn.<\/li>\n<li>Khi phun gi\u1eef b\u00ecnh \u1edf t\u01b0 th\u1ebf th\u1eb3ng \u0111\u1ee9ng.<\/li>\n<\/ul>\n<figure id=\"attachment_5173\" class=\"wp-caption aligncenter\" aria-describedby=\"caption-attachment-5173\"><img decoding=\"async\" class=\"wp-image-5173 size-full lazy-load-active\" title=\"B\u00ecnh ch\u1eefa ch\u00e1y xe \u0111\u1ea9y kh\u00ed CO2 Dragon 24Kg MTT24 5\" src=\"https:\/\/pccctb.com\/wp-content\/uploads\/2023\/08\/binh-chua-chay-co2-24kg-dragon-MTT24-up2-jpg.webp\" sizes=\"(max-width: 800px) 100vw, 800px\" srcset=\"https:\/\/pccctb.com\/wp-content\/uploads\/2023\/08\/binh-chua-chay-co2-24kg-dragon-MTT24-up2-jpg.webp 800w, https:\/\/pccctb.com\/wp-content\/uploads\/2023\/08\/binh-chua-chay-co2-24kg-dragon-MTT24-up2-300x300.webp 300w, https:\/\/pccctb.com\/wp-content\/uploads\/2023\/08\/binh-chua-chay-co2-24kg-dragon-MTT24-up2-150x150.webp 150w, https:\/\/pccctb.com\/wp-content\/uploads\/2023\/08\/binh-chua-chay-co2-24kg-dragon-MTT24-up2-768x768.webp 768w, https:\/\/pccctb.com\/wp-content\/uploads\/2023\/08\/binh-chua-chay-co2-24kg-dragon-MTT24-up2-600x600.webp 600w, https:\/\/pccctb.com\/wp-content\/uploads\/2023\/08\/binh-chua-chay-co2-24kg-dragon-MTT24-up2-100x100.webp 100w\" alt=\"B\u00ecnh ch\u1eefa ch\u00e1y xe \u0111\u1ea9y DRAGON lo\u1ea1i kh\u00ed CO2 MTT24\" width=\"800\" height=\"800\" data-src=\"https:\/\/pccctb.com\/wp-content\/uploads\/2023\/08\/binh-chua-chay-co2-24kg-dragon-MTT24-up2-jpg.webp\" data-srcset=\"https:\/\/pccctb.com\/wp-content\/uploads\/2023\/08\/binh-chua-chay-co2-24kg-dragon-MTT24-up2-jpg.webp 800w, https:\/\/pccctb.com\/wp-content\/uploads\/2023\/08\/binh-chua-chay-co2-24kg-dragon-MTT24-up2-300x300.webp 300w, https:\/\/pccctb.com\/wp-content\/uploads\/2023\/08\/binh-chua-chay-co2-24kg-dragon-MTT24-up2-150x150.webp 150w, https:\/\/pccctb.com\/wp-content\/uploads\/2023\/08\/binh-chua-chay-co2-24kg-dragon-MTT24-up2-768x768.webp 768w, https:\/\/pccctb.com\/wp-content\/uploads\/2023\/08\/binh-chua-chay-co2-24kg-dragon-MTT24-up2-600x600.webp 600w, https:\/\/pccctb.com\/wp-content\/uploads\/2023\/08\/binh-chua-chay-co2-24kg-dragon-MTT24-up2-100x100.webp 100w\" \/><\/figure>\n","protected":false},"excerpt":{"rendered":"<p>B\u00ecnh ch\u1eefa ch\u00e1y xe \u0111\u1ea9y DRAGON lo\u1ea1i kh\u00ed CO2 MTT24 c\u00f3 tem ki\u1ec3m \u0111\u1ecbnh, th\u01b0\u1eddng \u0111\u01b0\u1ee3c trang b\u1ecb trong c\u00e1c b\u1ec7nh vi\u1ec7n, ph\u00f2ng th\u00ed nghi\u1ec7m, tr\u01b0\u1eddng h\u1ecdc, s\u00e2n bay. B\u00ecnh c\u00f3 tr\u1ecdng l\u01b0\u1ee3ng l\u1edbn n\u00ean th\u01b0\u1eddng \u0111\u01b0\u1ee3c \u0111\u1eb7t c\u1ed1 \u0111\u1ecbnh. V\u00ec th\u1ebf b\u00ecnh \u0111\u01b0\u1ee3c trang b\u1ecb v\u00f2i phun \u0111\u1ee7 d\u00e0i v\u00e0 t\u1ea7m phun xa n\u00ean c\u00f3 th\u1ec3 thu\u1eadn ti\u1ec7n d\u1eadp t\u1eaft nh\u1eefng \u0111\u00e1m ch\u00e1y ph\u00eda xa ho\u1eb7c \u1edf n\u01a1i c\u00f3 di\u1ec7n t\u00edch h\u1eb9p. Dung t\u00edch kh\u00ed trong b\u00ecnh l\u1edbn d\u1ec5 d\u00e0ng d\u1eadp nh\u1eefng \u0111\u00e1m ch\u00e1y to m\u1ed9t c\u00e1ch nhanh ch\u00f3ng<\/p>\n","protected":false},"featured_media":775,"comment_status":"open","ping_status":"closed","template":"","meta":[],"product_brand":[54,81],"product_cat":[19],"product_tag":[95,21,55],"class_list":{"0":"post-774","1":"product","2":"type-product","3":"status-publish","4":"has-post-thumbnail","6":"product_brand-dragon-carbon-dioxide","7":"product_brand-viet-nam","8":"product_cat-binh-chua-chay","9":"product_tag-24kg","10":"product_tag-binh-chua-chay","11":"product_tag-dragon-carbon-dioxide","13":"first","14":"instock","15":"taxable","16":"shipping-taxable","17":"purchasable","18":"product-type-simple"},"yoast_head":"<!-- This site is optimized with the Yoast SEO plugin v24.3 - https:\/\/yoast.com\/wordpress\/plugins\/seo\/ -->\n<title>B\u00ecnh ch\u1eefa ch\u00e1y xe \u0111\u1ea9y kh\u00ed CO2 Dragon 24Kg MTT24 - M&amp;E B\u00ccNH MINH<\/title>\n<meta name=\"robots\" content=\"index, follow, max-snippet:-1, max-image-preview:large, max-video-preview:-1\" \/>\n<link rel=\"canonical\" href=\"https:\/\/mebinhminh.fastviet.vn\/?product=binh-chua-chay-xe-day-khi-co2-dragon-24kg-mtt24\" \/>\n<meta property=\"og:locale\" content=\"vi_VN\" \/>\n<meta property=\"og:type\" content=\"article\" \/>\n<meta property=\"og:title\" content=\"B\u00ecnh ch\u1eefa ch\u00e1y xe \u0111\u1ea9y kh\u00ed CO2 Dragon 24Kg MTT24 - M&amp;E B\u00ccNH MINH\" \/>\n<meta property=\"og:description\" content=\"B\u00ecnh ch\u1eefa ch\u00e1y xe \u0111\u1ea9y DRAGON lo\u1ea1i kh\u00ed CO2 MTT24 c\u00f3 tem ki\u1ec3m \u0111\u1ecbnh, th\u01b0\u1eddng \u0111\u01b0\u1ee3c trang b\u1ecb trong c\u00e1c b\u1ec7nh vi\u1ec7n, ph\u00f2ng th\u00ed nghi\u1ec7m, tr\u01b0\u1eddng h\u1ecdc, s\u00e2n bay. B\u00ecnh c\u00f3 tr\u1ecdng l\u01b0\u1ee3ng l\u1edbn n\u00ean th\u01b0\u1eddng \u0111\u01b0\u1ee3c \u0111\u1eb7t c\u1ed1 \u0111\u1ecbnh. V\u00ec th\u1ebf b\u00ecnh \u0111\u01b0\u1ee3c trang b\u1ecb v\u00f2i phun \u0111\u1ee7 d\u00e0i v\u00e0 t\u1ea7m phun xa n\u00ean c\u00f3 th\u1ec3 thu\u1eadn ti\u1ec7n d\u1eadp t\u1eaft nh\u1eefng \u0111\u00e1m ch\u00e1y ph\u00eda xa ho\u1eb7c \u1edf n\u01a1i c\u00f3 di\u1ec7n t\u00edch h\u1eb9p. Dung t\u00edch kh\u00ed trong b\u00ecnh l\u1edbn d\u1ec5 d\u00e0ng d\u1eadp nh\u1eefng \u0111\u00e1m ch\u00e1y to m\u1ed9t c\u00e1ch nhanh ch\u00f3ng\" \/>\n<meta property=\"og:url\" content=\"https:\/\/mebinhminh.fastviet.vn\/?product=binh-chua-chay-xe-day-khi-co2-dragon-24kg-mtt24\" \/>\n<meta property=\"og:site_name\" content=\"M&amp;E B\u00ccNH MINH\" \/>\n<meta property=\"og:image\" content=\"https:\/\/mebinhminh.fastviet.vn\/wp-content\/uploads\/2025\/03\/binh-chua-chay-co2-24kg-dragon-MTT24-up1-jpg.webp\" \/>\n\t<meta property=\"og:image:width\" content=\"1338\" \/>\n\t<meta property=\"og:image:height\" content=\"1338\" \/>\n\t<meta property=\"og:image:type\" content=\"image\/webp\" \/>\n<meta name=\"twitter:card\" content=\"summary_large_image\" \/>\n<script type=\"application\/ld+json\" class=\"yoast-schema-graph\">{\"@context\":\"https:\/\/schema.org\",\"@graph\":[{\"@type\":\"WebPage\",\"@id\":\"https:\/\/mebinhminh.fastviet.vn\/?product=binh-chua-chay-xe-day-khi-co2-dragon-24kg-mtt24\",\"url\":\"https:\/\/mebinhminh.fastviet.vn\/?product=binh-chua-chay-xe-day-khi-co2-dragon-24kg-mtt24\",\"name\":\"B\u00ecnh ch\u1eefa ch\u00e1y xe \u0111\u1ea9y kh\u00ed CO2 Dragon 24Kg MTT24 - M&amp;E B\u00ccNH MINH\",\"isPartOf\":{\"@id\":\"https:\/\/mebinhminh.fastviet.vn\/#website\"},\"primaryImageOfPage\":{\"@id\":\"https:\/\/mebinhminh.fastviet.vn\/?product=binh-chua-chay-xe-day-khi-co2-dragon-24kg-mtt24#primaryimage\"},\"image\":{\"@id\":\"https:\/\/mebinhminh.fastviet.vn\/?product=binh-chua-chay-xe-day-khi-co2-dragon-24kg-mtt24#primaryimage\"},\"thumbnailUrl\":\"https:\/\/mebinhminh.fastviet.vn\/wp-content\/uploads\/2025\/03\/binh-chua-chay-co2-24kg-dragon-MTT24-up1-jpg.webp\",\"datePublished\":\"2025-03-10T01:27:37+00:00\",\"dateModified\":\"2025-03-10T01:27:37+00:00\",\"breadcrumb\":{\"@id\":\"https:\/\/mebinhminh.fastviet.vn\/?product=binh-chua-chay-xe-day-khi-co2-dragon-24kg-mtt24#breadcrumb\"},\"inLanguage\":\"vi\",\"potentialAction\":[{\"@type\":\"ReadAction\",\"target\":[\"https:\/\/mebinhminh.fastviet.vn\/?product=binh-chua-chay-xe-day-khi-co2-dragon-24kg-mtt24\"]}]},{\"@type\":\"ImageObject\",\"inLanguage\":\"vi\",\"@id\":\"https:\/\/mebinhminh.fastviet.vn\/?product=binh-chua-chay-xe-day-khi-co2-dragon-24kg-mtt24#primaryimage\",\"url\":\"https:\/\/mebinhminh.fastviet.vn\/wp-content\/uploads\/2025\/03\/binh-chua-chay-co2-24kg-dragon-MTT24-up1-jpg.webp\",\"contentUrl\":\"https:\/\/mebinhminh.fastviet.vn\/wp-content\/uploads\/2025\/03\/binh-chua-chay-co2-24kg-dragon-MTT24-up1-jpg.webp\",\"width\":1338,\"height\":1338},{\"@type\":\"BreadcrumbList\",\"@id\":\"https:\/\/mebinhminh.fastviet.vn\/?product=binh-chua-chay-xe-day-khi-co2-dragon-24kg-mtt24#breadcrumb\",\"itemListElement\":[{\"@type\":\"ListItem\",\"position\":1,\"name\":\"Home\",\"item\":\"https:\/\/mebinhminh.fastviet.vn\/\"},{\"@type\":\"ListItem\",\"position\":2,\"name\":\"C\u1eeda h\u00e0ng\",\"item\":\"https:\/\/mebinhminh.fastviet.vn\/?page_id=5\"},{\"@type\":\"ListItem\",\"position\":3,\"name\":\"B\u00ecnh ch\u1eefa ch\u00e1y xe \u0111\u1ea9y kh\u00ed CO2 Dragon 24Kg MTT24\"}]},{\"@type\":\"WebSite\",\"@id\":\"https:\/\/mebinhminh.fastviet.vn\/#website\",\"url\":\"https:\/\/mebinhminh.fastviet.vn\/\",\"name\":\"M&amp;E B\u00ccNH MINH\",\"description\":\"\",\"potentialAction\":[{\"@type\":\"SearchAction\",\"target\":{\"@type\":\"EntryPoint\",\"urlTemplate\":\"https:\/\/mebinhminh.fastviet.vn\/?s={search_term_string}\"},\"query-input\":{\"@type\":\"PropertyValueSpecification\",\"valueRequired\":true,\"valueName\":\"search_term_string\"}}],\"inLanguage\":\"vi\"}]}<\/script>\n<!-- \/ Yoast SEO plugin. -->","yoast_head_json":{"title":"B\u00ecnh ch\u1eefa ch\u00e1y xe \u0111\u1ea9y kh\u00ed CO2 Dragon 24Kg MTT24 - M&amp;E B\u00ccNH MINH","robots":{"index":"index","follow":"follow","max-snippet":"max-snippet:-1","max-image-preview":"max-image-preview:large","max-video-preview":"max-video-preview:-1"},"canonical":"https:\/\/mebinhminh.fastviet.vn\/?product=binh-chua-chay-xe-day-khi-co2-dragon-24kg-mtt24","og_locale":"vi_VN","og_type":"article","og_title":"B\u00ecnh ch\u1eefa ch\u00e1y xe \u0111\u1ea9y kh\u00ed CO2 Dragon 24Kg MTT24 - M&amp;E B\u00ccNH MINH","og_description":"B\u00ecnh ch\u1eefa ch\u00e1y xe \u0111\u1ea9y DRAGON lo\u1ea1i kh\u00ed CO2 MTT24 c\u00f3 tem ki\u1ec3m \u0111\u1ecbnh, th\u01b0\u1eddng \u0111\u01b0\u1ee3c trang b\u1ecb trong c\u00e1c b\u1ec7nh vi\u1ec7n, ph\u00f2ng th\u00ed nghi\u1ec7m, tr\u01b0\u1eddng h\u1ecdc, s\u00e2n bay. B\u00ecnh c\u00f3 tr\u1ecdng l\u01b0\u1ee3ng l\u1edbn n\u00ean th\u01b0\u1eddng \u0111\u01b0\u1ee3c \u0111\u1eb7t c\u1ed1 \u0111\u1ecbnh. V\u00ec th\u1ebf b\u00ecnh \u0111\u01b0\u1ee3c trang b\u1ecb v\u00f2i phun \u0111\u1ee7 d\u00e0i v\u00e0 t\u1ea7m phun xa n\u00ean c\u00f3 th\u1ec3 thu\u1eadn ti\u1ec7n d\u1eadp t\u1eaft nh\u1eefng \u0111\u00e1m ch\u00e1y ph\u00eda xa ho\u1eb7c \u1edf n\u01a1i c\u00f3 di\u1ec7n t\u00edch h\u1eb9p. Dung t\u00edch kh\u00ed trong b\u00ecnh l\u1edbn d\u1ec5 d\u00e0ng d\u1eadp nh\u1eefng \u0111\u00e1m ch\u00e1y to m\u1ed9t c\u00e1ch nhanh ch\u00f3ng","og_url":"https:\/\/mebinhminh.fastviet.vn\/?product=binh-chua-chay-xe-day-khi-co2-dragon-24kg-mtt24","og_site_name":"M&amp;E B\u00ccNH MINH","og_image":[{"width":1338,"height":1338,"url":"https:\/\/mebinhminh.fastviet.vn\/wp-content\/uploads\/2025\/03\/binh-chua-chay-co2-24kg-dragon-MTT24-up1-jpg.webp","type":"image\/webp"}],"twitter_card":"summary_large_image","schema":{"@context":"https:\/\/schema.org","@graph":[{"@type":"WebPage","@id":"https:\/\/mebinhminh.fastviet.vn\/?product=binh-chua-chay-xe-day-khi-co2-dragon-24kg-mtt24","url":"https:\/\/mebinhminh.fastviet.vn\/?product=binh-chua-chay-xe-day-khi-co2-dragon-24kg-mtt24","name":"B\u00ecnh ch\u1eefa ch\u00e1y xe \u0111\u1ea9y kh\u00ed CO2 Dragon 24Kg MTT24 - M&amp;E B\u00ccNH MINH","isPartOf":{"@id":"https:\/\/mebinhminh.fastviet.vn\/#website"},"primaryImageOfPage":{"@id":"https:\/\/mebinhminh.fastviet.vn\/?product=binh-chua-chay-xe-day-khi-co2-dragon-24kg-mtt24#primaryimage"},"image":{"@id":"https:\/\/mebinhminh.fastviet.vn\/?product=binh-chua-chay-xe-day-khi-co2-dragon-24kg-mtt24#primaryimage"},"thumbnailUrl":"https:\/\/mebinhminh.fastviet.vn\/wp-content\/uploads\/2025\/03\/binh-chua-chay-co2-24kg-dragon-MTT24-up1-jpg.webp","datePublished":"2025-03-10T01:27:37+00:00","dateModified":"2025-03-10T01:27:37+00:00","breadcrumb":{"@id":"https:\/\/mebinhminh.fastviet.vn\/?product=binh-chua-chay-xe-day-khi-co2-dragon-24kg-mtt24#breadcrumb"},"inLanguage":"vi","potentialAction":[{"@type":"ReadAction","target":["https:\/\/mebinhminh.fastviet.vn\/?product=binh-chua-chay-xe-day-khi-co2-dragon-24kg-mtt24"]}]},{"@type":"ImageObject","inLanguage":"vi","@id":"https:\/\/mebinhminh.fastviet.vn\/?product=binh-chua-chay-xe-day-khi-co2-dragon-24kg-mtt24#primaryimage","url":"https:\/\/mebinhminh.fastviet.vn\/wp-content\/uploads\/2025\/03\/binh-chua-chay-co2-24kg-dragon-MTT24-up1-jpg.webp","contentUrl":"https:\/\/mebinhminh.fastviet.vn\/wp-content\/uploads\/2025\/03\/binh-chua-chay-co2-24kg-dragon-MTT24-up1-jpg.webp","width":1338,"height":1338},{"@type":"BreadcrumbList","@id":"https:\/\/mebinhminh.fastviet.vn\/?product=binh-chua-chay-xe-day-khi-co2-dragon-24kg-mtt24#breadcrumb","itemListElement":[{"@type":"ListItem","position":1,"name":"Home","item":"https:\/\/mebinhminh.fastviet.vn\/"},{"@type":"ListItem","position":2,"name":"C\u1eeda h\u00e0ng","item":"https:\/\/mebinhminh.fastviet.vn\/?page_id=5"},{"@type":"ListItem","position":3,"name":"B\u00ecnh ch\u1eefa ch\u00e1y xe \u0111\u1ea9y kh\u00ed CO2 Dragon 24Kg MTT24"}]},{"@type":"WebSite","@id":"https:\/\/mebinhminh.fastviet.vn\/#website","url":"https:\/\/mebinhminh.fastviet.vn\/","name":"M&amp;E B\u00ccNH MINH","description":"","potentialAction":[{"@type":"SearchAction","target":{"@type":"EntryPoint","urlTemplate":"https:\/\/mebinhminh.fastviet.vn\/?s={search_term_string}"},"query-input":{"@type":"PropertyValueSpecification","valueRequired":true,"valueName":"search_term_string"}}],"inLanguage":"vi"}]}},"jetpack_sharing_enabled":true,"_links":{"self":[{"href":"https:\/\/mebinhminh.fastviet.vn\/index.php?rest_route=\/wp\/v2\/product\/774","targetHints":{"allow":["GET"]}}],"collection":[{"href":"https:\/\/mebinhminh.fastviet.vn\/index.php?rest_route=\/wp\/v2\/product"}],"about":[{"href":"https:\/\/mebinhminh.fastviet.vn\/index.php?rest_route=\/wp\/v2\/types\/product"}],"replies":[{"embeddable":true,"href":"https:\/\/mebinhminh.fastviet.vn\/index.php?rest_route=%2Fwp%2Fv2%2Fcomments&post=774"}],"version-history":[{"count":1,"href":"https:\/\/mebinhminh.fastviet.vn\/index.php?rest_route=\/wp\/v2\/product\/774\/revisions"}],"predecessor-version":[{"id":777,"href":"https:\/\/mebinhminh.fastviet.vn\/index.php?rest_route=\/wp\/v2\/product\/774\/revisions\/777"}],"wp:featuredmedia":[{"embeddable":true,"href":"https:\/\/mebinhminh.fastviet.vn\/index.php?rest_route=\/wp\/v2\/media\/775"}],"wp:attachment":[{"href":"https:\/\/mebinhminh.fastviet.vn\/index.php?rest_route=%2Fwp%2Fv2%2Fmedia&parent=774"}],"wp:term":[{"taxonomy":"product_brand","embeddable":true,"href":"https:\/\/mebinhminh.fastviet.vn\/index.php?rest_route=%2Fwp%2Fv2%2Fproduct_brand&post=774"},{"taxonomy":"product_cat","embeddable":true,"href":"https:\/\/mebinhminh.fastviet.vn\/index.php?rest_route=%2Fwp%2Fv2%2Fproduct_cat&post=774"},{"taxonomy":"product_tag","embeddable":true,"href":"https:\/\/mebinhminh.fastviet.vn\/index.php?rest_route=%2Fwp%2Fv2%2Fproduct_tag&post=774"}],"curies":[{"name":"wp","href":"https:\/\/api.w.org\/{rel}","templated":true}]}}